{"id":4801,"date":"2025-10-19T09:11:58","date_gmt":"2025-10-19T09:11:58","guid":{"rendered":"https:\/\/wavexia.com\/product\/medicube-zero-pore-capsule-cleansing-foam-120g\/"},"modified":"2026-03-10T07:31:05","modified_gmt":"2026-03-10T07:31:05","slug":"medicube-zero-pore-capsule-cleansing-foam-120g","status":"publish","type":"product","link":"https:\/\/wavexia.com\/?product=medicube-zero-pore-capsule-cleansing-foam-120g","title":{"rendered":"medicube Zero Pore Capsule Cleansing Foam 120g"},"content":{"rendered":"<h2>Description<\/h2>\n<ul>\n<li>Mousse nettoyante remplie d\u2019eau sp\u00e9cialis\u00e9e pour le nettoyage en profondeur des pores avec des capsules d\u2019exosomes<\/li>\n<li>G\u00e9lules d\u2019exosomes anti-s\u00e9bum extr\u00eamement rafra\u00eechissantes (exosomes int\u00e9gr\u00e9s dans des g\u00e9lules contenant du s\u00e9bum cible naturel concentr\u00e9 de BHA fermement ancr\u00e9 dans les pores)<\/li>\n<li>ANA+BHA+PHA : Formule de remplissage d\u2019eau profonde \u00e0 faible irritation qui corrige m\u00eame les pores rouges et fonc\u00e9s<\/li>\n<li>Il n\u2019obstrue pas les pores, il peut donc \u00eatre utilis\u00e9 en toute s\u00e9curit\u00e9 sur les peaux \u00e0 tendance acn\u00e9ique.<\/li>\n<li>Formulation de mousse douce : Compos\u00e9 d\u2019ingr\u00e9dients nettoyants \u00e0 base d\u2019acides amin\u00e9s qui sont des composants de la peau, il offre un nettoyage propre en profondeur ainsi qu\u2019une finition humide sans tiraillement apr\u00e8s le lavage.<\/li>\n<\/ul>\n<p><strong>mode d\u2019emploi:<\/strong><\/p>\n<p>Prenez une quantit\u00e9 appropri\u00e9e sur les mains mouill\u00e9es, faites bien mousser, massez doucement sur le visage et d\u2019autres zones et rincez abondamment \u00e0 l\u2019eau ti\u00e8de.<\/p>\n<h5>ingr\u00e9dients:<\/h5>\n<section class=\"Product Product--medium\" data-section-id=\"product-template\" data-section-type=\"product\" data-section-settings=\"{  &quot;enableHistoryState&quot;: true,  &quot;templateSuffix&quot;: &quot;&quot;,  &quot;showInventoryQuantity&quot;: true,  &quot;showSku&quot;: false,  &quot;stackProductImages&quot;: false,  &quot;showThumbnails&quot;: true,  &quot;enableVideoLooping&quot;: false,  &quot;inventoryQuantityThreshold&quot;: 9,  &quot;showPriceInButton&quot;: true,  &quot;enableImageZoom&quot;: false,  &quot;showPaymentButton&quot;: true,  &quot;useAjaxCart&quot;: true}\">\n<div class=\"Product__Wrapper\">\n<div class=\"Product__InfoWrapper\">\n<div class=\"Product__Info \">\n<div class=\"Container\">\n<div class=\"ProductMeta__Description\">\n<div class=\"Rte\">\n<div class=\"is-initialized is-ready\" data-station-tabs-app=\"\" data-station-tabs-product=\"medicube-zero-pore-clearing-capsule-cleansing-foam-120g\">\n<div id=\"station-tabs-0\" class=\"station-tabs mod-hide-focus is-ready\">\n<div id=\"st-ingredients_0-2\" class=\"station-tabs-content is-active\" role=\"tabpanel\" aria-labelledby=\"st-link-ingredients_0-2\" aria-hidden=\"false\">\n<div class=\"station-tabs-content-inner\">\n<p>Eau, glyc\u00e9rine, cocoylglycinate de sodium, lauryl glutamate de sodium, laurylhydroxysultaine, coco-glucoside, d\u00e9cyl glucoside, 1,2-hexanediol, acide salicylique, chlorure de sodium, caprylyl glycol, phosphate d\u2019amidon hydroxypropylique, silice, parfum, acrylates\/polym\u00e8re crois\u00e9 d\u2019acrylate d\u2019alkyle C10-30, acide citrique, polyquaternium-67, dextrine, amidon de ma\u00efs Zea Mays, cellulose microcristalline, mannitol, EDTA disodique, saccharose, extrait de fruit de Gardenia Florida, ac\u00e9tate de sodium, outremers (CI 77007), tocoph\u00e9rol Ac\u00e9tate, alcool isopropylique, butyl\u00e8ne glycol, gluconolactone, acide mand\u00e9lique, extrait d\u2019\u00e9corce de saule blanc, v\u00e9sicules de feuilles de Centella Asiatica, extrait de Camellia Sinensis, feuille de Centella Asiatica, extrait de Cladosiphon Okamuranus, extrait de feuille de Camellia Sinensis, extrait de Houttuynia Cordata, extrait de graines de Coffea Arabica (caf\u00e9), extrait de racine de Pueraria Lobata, extrait de feuille de Pinus Palustris, extrait de fleur d\u2019Oenothera Biennis (onagre), extrait de racine d\u2019Ulmus Davidiana, Citrus Aurantium Bergamia (Bergamote) Extrait de feuille, extrait de feuille de Pinus densiflora.<\/p>\n<div id=\":R3d3kkf6:\" role=\"region\">\n<div class=\"productDetailPage_accordionContent__tZh8X\">\n<p class=\"grey-text\">\n<\/div>\n<\/div>\n<\/div>\n<\/div>\n<\/div>\n<\/div>\n<\/div>\n<\/div>\n<\/div>\n<\/div>\n<\/div>\n<div class=\"Product__OffScreen\"><\/div>\n<\/section>\n<div class=\"Container\">\n<div class=\"yotpo-widget-instance\" data-yotpo-instance-id=\"1158013\" data-yotpo-product-id=\"8896019824876\" data-yotpo-name=\"Medicube Zero Pore Clearing Capsule Cleansing Foam (120g)\" data-yotpo-url=\"https:\/\/kiyoko.ca\/products\/medicube-zero-pore-clearing-capsule-cleansing-foam-120g\" data-yotpo-image-url=\"https:\/\/kiyoko.ca\/cdn\/shop\/files\/medicube_500078-464x464_large.jpg%3Fv=1746821649\" data-yotpo-price=\"24.95\" data-yotpo-currency=\"CAD\" data-yotpo-description=\"&lt;h1&gt;Kiyoko's Notes&lt;\/h1&gt;&lt;p&gt;&lt;span style=&quot;color: #169599;&quot;&gt;&lt;strong&gt;&lt;span&gt;A foam cleanser that gently exfoliates dead skin cells with natural BHA&lt;\/span&gt;&lt;\/strong&gt;&lt;\/span&gt;&lt;\/p&gt;&lt;p&gt;Medicube Zero Pore Clearing Capsule Cleansing Foam delivers deep pore cleansing with&nbsp;exosome capsules that are 500 times smaller than pores, allowing them to intensively remove sebum and exfoliate from within. Formulated with natural BHA from white willow bark extract (salicylic acid) and cica exosomes, it provides a powerful yet soothing effect on sensitive and acne-prone skin. The formula includes silica, mandelic acid, and gluconolactone for enhanced pore-clearing action and smooths out textured skin. Featuring a soft, amino acid-based foam, it offers a thorough cleanse with a moist, non-stripping finish. Clinically tested for both acne-prone skin and skin irritation, this cleanser also helps improve the appearance of red and dark pores for a clearer, more even complexion.&lt;\/p&gt;&lt;table width=&quot;100%&quot;&gt;&lt;tbody&gt;&lt;tr&gt;&lt;td width=&quot;148&quot; style=&quot;width: 28.2288%;&quot;&gt;Features&lt;\/td&gt;&lt;td width=&quot;381&quot; style=&quot;width: 71.4022%;&quot;&gt;&lt;p&gt;&lt;span&gt;Clinically proven to remove up to 99.78% of pore-clogging impurities&lt;br&gt;Powered by Amino Acid-based cleansing agents&lt;br&gt;Controls excess oil, cares for pores and maintains moisture&lt;br&gt;Soothes skin irritation and hydrates&lt;br&gt;Non-comedogenic, supporting the skin's moisture barrier&lt;\/span&gt;&lt;\/p&gt;&lt;\/td&gt;&lt;\/tr&gt;&lt;tr&gt;&lt;td width=&quot;148&quot; style=&quot;width: 28.2288%;&quot;&gt;&lt;p&gt;Skin Concerns&lt;\/p&gt;&lt;\/td&gt;&lt;td width=&quot;381&quot; style=&quot;width: 71.4022%;&quot;&gt;&lt;p&gt;Black Heads&lt;br&gt;Clogged Pores&lt;br&gt;Acne&lt;br&gt;Irritation&lt;br&gt;Uneven Skin&lt;br&gt;Rough Skin&lt;br&gt;Dullness&lt;\/p&gt;&lt;\/td&gt;&lt;\/tr&gt;&lt;tr&gt;&lt;td width=&quot;148&quot; style=&quot;width: 28.2288%;&quot;&gt;&lt;p&gt;Skin Types&lt;\/p&gt;&lt;\/td&gt;&lt;td width=&quot;381&quot; style=&quot;width: 71.4022%;&quot;&gt;Suitable for all skin types, including sensitive skin&nbsp;&lt;br&gt;&lt;\/td&gt;&lt;\/tr&gt;&lt;tr&gt;&lt;td width=&quot;148&quot; style=&quot;width: 28.2288%;&quot;&gt;&lt;p&gt;Made In&lt;\/p&gt;&lt;\/td&gt;&lt;td width=&quot;381&quot; style=&quot;width: 71.4022%;&quot;&gt;&lt;p&gt;&lt;strong&gt;South Korea&lt;\/strong&gt;&lt;\/p&gt;&lt;\/td&gt;&lt;\/tr&gt;&lt;\/tbody&gt;&lt;\/table&gt;&lt;h1&gt;How to use&lt;br&gt;&lt;\/h1&gt;&lt;ol&gt;&lt;li&gt;&lt;span&gt;&lt;span&gt;Take an appropriate amount of product onto wet hands and lather gently. Massage it on to a damp face in circular motions, paying particular attention to zones with enlarged pores.&lt;\/span&gt;&lt;\/span&gt;&lt;\/li&gt;&lt;li&gt;&lt;span&gt;&lt;span&gt;Finally, rinse thoroughly with lukewarm water.&lt;\/span&gt;&lt;\/span&gt;&lt;br&gt;&lt;\/li&gt;&lt;\/ol&gt;&lt;h1&gt;Ingredients&lt;\/h1&gt;&lt;table width=&quot;588&quot; style=&quot;height: 416px; width: 100.342%;&quot;&gt;&lt;tbody&gt;&lt;tr&gt;&lt;td style=&quot;width: 33.6484%;&quot;&gt;&lt;p&gt;&lt;span&gt;Key Ingredients&lt;\/span&gt;&lt;\/p&gt;&lt;\/td&gt;&lt;td style=&quot;width: 66.0097%;&quot;&gt;&lt;div class=&quot;desc_tit&quot;&gt;&lt;strong&gt;&lt;span&gt;AHA + BHA + PHA&lt;\/span&gt;&lt;\/strong&gt;&lt;span&gt;: AHA to refine rough skin texture, PHA for gently exfoliate and radiant skin care, and BHA to control excess oil and care for pores, leaving the skin smooth and glowing.&lt;br&gt;&lt;strong&gt;Cica Exosome and Natural BHA&lt;\/strong&gt;: Help to soften excess sebum while exfoliating.&lt;\/span&gt;&lt;strong&gt;&lt;\/strong&gt;&lt;\/div&gt;&lt;\/td&gt;&lt;\/tr&gt;&lt;tr style=&quot;height: 26.8854px;&quot;&gt;&lt;td style=&quot;height: 26.8854px; width: 33.6484%;&quot; width=&quot;178&quot;&gt;&lt;p&gt;&lt;span&gt;Ingredient Highlights&lt;\/span&gt;&lt;\/p&gt;&lt;\/td&gt;&lt;td style=&quot;height: 26.8854px; width: 66.0097%;&quot; width=&quot;351&quot;&gt;Sulfate-Free&lt;br&gt;Silicone-Free&lt;br&gt;Paraben-Free&lt;br&gt;Mineral Oil-Free&lt;\/td&gt;&lt;\/tr&gt;&lt;\/tbody&gt;&lt;\/table&gt;&lt;h6&gt;Full list of ingredients&lt;\/h6&gt;&lt;p&gt;&lt;span&gt;Water, Glycerin, Sodium Cocoyl Glycinate, Sodium Lauroyl Glutamate, Lauryl Hydroxysultaine, Coco-Glucoside, Decyl Glucoside, 1,2-Hexanediol, Salicylic Acid, Sodium Chloride, Caprylyl Glycol, Hydroxypropyl Starch Phosphate, Silica, Fragrance, Acrylates\/C10-30 Alkyl Acrylate Crosspolymer, Citric Acid, Polyquaternium-67, Dextrin, Zea Mays Corn Starch, Microcrystalline Cellulose, Mannitol, Disodium EDTA, Sucrose, Gardenia Florida Fruit Extract, Sodium Acetate, Ultramarines (CI 77007), Tocopheryl Acetate, Isopropyl Alcohol, Butylene Glycol, Gluconolactone, Mandelic Acid, White Willow Bark Extract, Centella Asiatica Leaf Vesicles, Camellia Sinensis Extract, Centella Asiatica Leaf, Cladosiphon Okamuranus Extract, Camellia Sinensis Leaf Extract, Houttuynia Cordata Extract, Coffea Arabica (Coffee) Seed Extract, Pueraria Lobata Root Extract, Pinus Palustris Leaf Extract, Oenothera Biennis (Evening Primrose) Flower Extract, Ulmus Davidiana Root Extract, Citrus Aurantium Bergamia (Bergamot) Leaf Extract, Pinus Densiflora Leaf Extract..&lt;\/span&gt;&lt;\/p&gt;&lt;div role=&quot;region&quot; id=&quot;:R3d3kkf6:&quot;&gt;&lt;div class=&quot;productDetailPage_accordionContent__tZh8X&quot;&gt;&lt;p class=&quot;grey-text&quot;&gt;&lt;em&gt;Ingredients subject to change at manufacturer's discretion. For the most complete and up-to-date list of ingredients, please refer to product packaging.&lt;\/em&gt;&lt;\/p&gt;&lt;\/div&gt;&lt;\/div&gt;\" data-yotpo-element-loaded=\"true\" data-v-app=\"\">\n<div id=\"yotpo-reviews-main-widget\" class=\"yotpo-reviews-main-widget yotpo-widget-override-css yotpo-device-laptop yotpo-display-m\" tabindex=\"-1\">\n<section class=\"yotpo-widget-clear\" aria-labelledby=\"yotpo-headline-reviews\">\n<div id=\"yotpo-app\">\n<div class=\"yotpo-main-widget-layout yotpo-align-text\">\n<div class=\"yotpo-base-layout\">\n<div id=\"yotpo-tabs-main-widget-tab-panel-0\" class=\"yotpo-main-layout yotpo-main-reviews-widget\" tabindex=\"-1\" role=\"tabpanel\" aria-labelledby=\"yotpo-tabs-main-widget-tab-0\"><\/div>\n<\/div>\n<\/div>\n<\/div>\n<\/section>\n<\/div>\n<\/div>\n<\/div>\n<\/div>\n","protected":false},"excerpt":{"rendered":"<p>Description Mousse nettoyante remplie d\u2019eau sp\u00e9cialis\u00e9e pour le nettoyage en profondeur des pores avec des capsules d\u2019exosomes G\u00e9lules d\u2019exosomes anti-s\u00e9bum extr\u00eamement rafra\u00eechissantes (exosomes int\u00e9gr\u00e9s dans des g\u00e9lules contenant du s\u00e9bum cible naturel concentr\u00e9 de BHA fermement ancr\u00e9 dans les pores) ANA+BHA+PHA : Formule de remplissage d\u2019eau profonde \u00e0 faible irritation qui corrige m\u00eame les pores [&hellip;]<\/p>\n","protected":false},"featured_media":4800,"comment_status":"open","ping_status":"closed","template":"","meta":{"content-type":"","_uag_custom_page_level_css":""},"pwb-brand":[],"product_brand":[],"product_cat":[349,336,328,334],"product_tag":[],"class_list":{"0":"post-4801","1":"product","2":"type-product","3":"status-publish","4":"has-post-thumbnail","6":"product_cat-medicube","7":"product_cat-nettoyant","8":"product_cat-nouveautes","9":"product_cat-produits-coreens","11":"first","12":"instock","13":"sale","14":"shipping-taxable","15":"purchasable","16":"product-type-simple"},"aioseo_notices":[],"uagb_featured_image_src":{"full":["https:\/\/wavexia.com\/wp-content\/uploads\/2025\/10\/s-l1200-1.jpg",1000,1000,false],"thumbnail":["https:\/\/wavexia.com\/wp-content\/uploads\/2025\/10\/s-l1200-1-150x150.jpg",150,150,true],"medium":["https:\/\/wavexia.com\/wp-content\/uploads\/2025\/10\/s-l1200-1-300x300.jpg",300,300,true],"medium_large":["https:\/\/wavexia.com\/wp-content\/uploads\/2025\/10\/s-l1200-1-768x768.jpg",768,768,true],"large":["https:\/\/wavexia.com\/wp-content\/uploads\/2025\/10\/s-l1200-1.jpg",1000,1000,false],"1536x1536":["https:\/\/wavexia.com\/wp-content\/uploads\/2025\/10\/s-l1200-1.jpg",1000,1000,false],"2048x2048":["https:\/\/wavexia.com\/wp-content\/uploads\/2025\/10\/s-l1200-1.jpg",1000,1000,false],"woocommerce_archive_thumbnail":["https:\/\/wavexia.com\/wp-content\/uploads\/2025\/10\/s-l1200-1-300x300.jpg",300,300,true],"woocommerce_thumbnail":["https:\/\/wavexia.com\/wp-content\/uploads\/2025\/10\/s-l1200-1-300x300.jpg",300,300,true],"woocommerce_single":["https:\/\/wavexia.com\/wp-content\/uploads\/2025\/10\/s-l1200-1-600x600.jpg",600,600,true],"woocommerce_gallery_thumbnail":["https:\/\/wavexia.com\/wp-content\/uploads\/2025\/10\/s-l1200-1-100x100.jpg",100,100,true]},"uagb_author_info":{"display_name":"zineddine.ayoub98@gmail.com","author_link":"https:\/\/wavexia.com\/?author=0"},"uagb_comment_info":0,"uagb_excerpt":"Description Mousse nettoyante remplie d\u2019eau sp\u00e9cialis\u00e9e pour le nettoyage en profondeur des pores avec des capsules d\u2019exosomes G\u00e9lules d\u2019exosomes anti-s\u00e9bum extr\u00eamement rafra\u00eechissantes (exosomes int\u00e9gr\u00e9s dans des g\u00e9lules contenant du s\u00e9bum cible naturel concentr\u00e9 de BHA fermement ancr\u00e9 dans les pores) ANA+BHA+PHA : Formule de remplissage d\u2019eau profonde \u00e0 faible irritation qui corrige m\u00eame les pores&hellip;","brands":[],"_links":{"self":[{"href":"https:\/\/wavexia.com\/index.php?rest_route=\/wp\/v2\/product\/4801","targetHints":{"allow":["GET"]}}],"collection":[{"href":"https:\/\/wavexia.com\/index.php?rest_route=\/wp\/v2\/product"}],"about":[{"href":"https:\/\/wavexia.com\/index.php?rest_route=\/wp\/v2\/types\/product"}],"replies":[{"embeddable":true,"href":"https:\/\/wavexia.com\/index.php?rest_route=%2Fwp%2Fv2%2Fcomments&post=4801"}],"wp:featuredmedia":[{"embeddable":true,"href":"https:\/\/wavexia.com\/index.php?rest_route=\/wp\/v2\/media\/4800"}],"wp:attachment":[{"href":"https:\/\/wavexia.com\/index.php?rest_route=%2Fwp%2Fv2%2Fmedia&parent=4801"}],"wp:term":[{"taxonomy":"pwb-brand","embeddable":true,"href":"https:\/\/wavexia.com\/index.php?rest_route=%2Fwp%2Fv2%2Fpwb-brand&post=4801"},{"taxonomy":"product_brand","embeddable":true,"href":"https:\/\/wavexia.com\/index.php?rest_route=%2Fwp%2Fv2%2Fproduct_brand&post=4801"},{"taxonomy":"product_cat","embeddable":true,"href":"https:\/\/wavexia.com\/index.php?rest_route=%2Fwp%2Fv2%2Fproduct_cat&post=4801"},{"taxonomy":"product_tag","embeddable":true,"href":"https:\/\/wavexia.com\/index.php?rest_route=%2Fwp%2Fv2%2Fproduct_tag&post=4801"}],"curies":[{"name":"wp","href":"https:\/\/api.w.org\/{rel}","templated":true}]}}