{"id":4796,"date":"2025-10-19T09:11:53","date_gmt":"2025-10-19T09:11:53","guid":{"rendered":"https:\/\/wavexia.com\/product\/skin1004-zombie-beauty-pumpkin-pack-gift-set\/"},"modified":"2026-03-10T07:31:05","modified_gmt":"2026-03-10T07:31:05","slug":"skin1004-zombie-beauty-pumpkin-pack-gift-set","status":"publish","type":"product","link":"https:\/\/wavexia.com\/?product=skin1004-zombie-beauty-pumpkin-pack-gift-set","title":{"rendered":"SKIN1004 Zombie Beauty Pumpkin Pack Gift Set"},"content":{"rendered":"<h2>Description<\/h2>\n<p>Le&nbsp;<strong>Skin1004<\/strong>&nbsp;Pumpkin Pack est un pack de masque polyvalent sp\u00e9cialement formul\u00e9 pour les peaux s\u00e8ches et rel\u00e2ch\u00e9es. Enrichi \u00e0 61 % d\u2019extrait de citrouille, il procure une hydratation en profondeur, des propri\u00e9t\u00e9s apaisantes et nourrissantes. De plus, l\u2019inclusion d\u2019extrait de miel, d\u2019extrait de gel\u00e9e royale et d\u2019extrait de propolis aide \u00e0 am\u00e9liorer la texture de la peau, tandis que la poudre de th\u00e9 vert et l\u2019huile de th\u00e9 vert contribuent \u00e0 des bienfaits revitalisants exceptionnels pour la peau.<\/p>\n<p><strong>Caract\u00e9ristiques du pack de citrouilles SKIN1004 Zombie Beauty :<\/strong><\/p>\n<p><em>\u2013 Le miel nourrit et hydrate activement la peau .<\/em><br \/><em>\u2013 L\u2019eau de rose tonifie et apaise la peau .<\/em><br \/><em>\u2013 La mousse am\u00e9liore le teint, ajoutant de la fra\u00eecheur .<\/em><br \/><em>\u2013 Les vitamines et min\u00e9raux de la citrouille enrichissent la peau .<\/em><br \/><em>\u2013 Convient aussi bien aux traitements amateurs que professionnels .<\/em><br \/><em>\u2013 Texture onctueuse, le masque est facile \u00e0 appliquer .<\/em><br \/><em>\u2013 L\u2019emballage contient suffisamment de masque pour de multiples utilisations.<\/em><\/p>\n<h5>mode d\u2019emploi:<\/h5>\n<ol>\n<li>Retirez le film et appliquez le masque sur le visage nettoy\u00e9.<\/li>\n<li>Laisser agir 15&nbsp;<strong>\u00e0<\/strong>&nbsp;20 minutes, puis retirer d\u00e9licatement. Ne pas rincer.<\/li>\n<li>Tapotez le s\u00e9rum restant dans la peau jusqu\u2019\u00e0 absorption compl\u00e8te.<\/li>\n<\/ol>\n<h5>ingr\u00e9dients:<\/h5>\n<p>Extrait de fruit de Cucurbita Pepo (citrouille) (61&nbsp;%), eau, succinate de di\u00e9thoxy\u00e9thyle, butyl\u00e8ne glycol, glyc\u00e9rine, 1,2-hexanediol, b\u00e9ta\u00efne, tr\u00e9halose, arginine, polyglyc\u00e9ryl-10 laurate, polyglyc\u00e9ryl-10 myristate, extrait de racine de Coptis Chinensis, carbom\u00e8re, acrylates\/copolym\u00e8re crois\u00e9 d\u2019acrylate d\u2019alkyle C10-30, acryloyldim\u00e9thyltaurate d\u2019ammonium\/copolym\u00e8re VP, \u00e9thylhexylglyc\u00e9rine, ac\u00e9tate de tocoph\u00e9ryle, polyacrylate de sodium, gomme xanthane, parfum, extrait de miel, copolym\u00e8re d\u2019acrylate de glyc\u00e9ryle\/acide acrylique, ad\u00e9nosine, Coco-glucoside, miel, extrait de gel\u00e9e royale, EDTA disodique, caramel, extrait de propolis, hyaluronate de sodium, extrait de Centella Asiatica, eau florale de Rosa Damascena, triglyc\u00e9ride caprylique\/caprique, huile de fruit d\u2019Olea Europaea (olive), l\u00e9cithine hydrog\u00e9n\u00e9e, squalane, beurre de karit\u00e9, cholest\u00e9rol, c\u00e9ramide NP, ac\u00e9tylphytosphingosine, phytosphingosine<\/p>\n","protected":false},"excerpt":{"rendered":"<p>Description Le&nbsp;Skin1004&nbsp;Pumpkin Pack est un pack de masque polyvalent sp\u00e9cialement formul\u00e9 pour les peaux s\u00e8ches et rel\u00e2ch\u00e9es. Enrichi \u00e0 61 % d\u2019extrait de citrouille, il procure une hydratation en profondeur, des propri\u00e9t\u00e9s apaisantes et nourrissantes. De plus, l\u2019inclusion d\u2019extrait de miel, d\u2019extrait de gel\u00e9e royale et d\u2019extrait de propolis aide \u00e0 am\u00e9liorer la texture de [&hellip;]<\/p>\n","protected":false},"featured_media":4795,"comment_status":"open","ping_status":"closed","template":"","meta":{"content-type":"","_uag_custom_page_level_css":""},"pwb-brand":[],"product_brand":[],"product_cat":[343,328,334,350],"product_tag":[],"class_list":{"0":"post-4796","1":"product","2":"type-product","3":"status-publish","4":"has-post-thumbnail","6":"product_cat-masque","7":"product_cat-nouveautes","8":"product_cat-produits-coreens","9":"product_cat-skin1004","11":"first","12":"instock","13":"sale","14":"shipping-taxable","15":"purchasable","16":"product-type-simple"},"aioseo_notices":[],"uagb_featured_image_src":{"full":["https:\/\/wavexia.com\/wp-content\/uploads\/2025\/10\/31f998af-6bc0-4906-8c5c-a49cbe249006.webp",1500,1500,false],"thumbnail":["https:\/\/wavexia.com\/wp-content\/uploads\/2025\/10\/31f998af-6bc0-4906-8c5c-a49cbe249006-150x150.webp",150,150,true],"medium":["https:\/\/wavexia.com\/wp-content\/uploads\/2025\/10\/31f998af-6bc0-4906-8c5c-a49cbe249006-300x300.webp",300,300,true],"medium_large":["https:\/\/wavexia.com\/wp-content\/uploads\/2025\/10\/31f998af-6bc0-4906-8c5c-a49cbe249006-768x768.webp",768,768,true],"large":["https:\/\/wavexia.com\/wp-content\/uploads\/2025\/10\/31f998af-6bc0-4906-8c5c-a49cbe249006-1024x1024.webp",1024,1024,true],"1536x1536":["https:\/\/wavexia.com\/wp-content\/uploads\/2025\/10\/31f998af-6bc0-4906-8c5c-a49cbe249006.webp",1500,1500,false],"2048x2048":["https:\/\/wavexia.com\/wp-content\/uploads\/2025\/10\/31f998af-6bc0-4906-8c5c-a49cbe249006.webp",1500,1500,false],"woocommerce_archive_thumbnail":["https:\/\/wavexia.com\/wp-content\/uploads\/2025\/10\/31f998af-6bc0-4906-8c5c-a49cbe249006-300x300.webp",300,300,true],"woocommerce_thumbnail":["https:\/\/wavexia.com\/wp-content\/uploads\/2025\/10\/31f998af-6bc0-4906-8c5c-a49cbe249006-300x300.webp",300,300,true],"woocommerce_single":["https:\/\/wavexia.com\/wp-content\/uploads\/2025\/10\/31f998af-6bc0-4906-8c5c-a49cbe249006-600x600.webp",600,600,true],"woocommerce_gallery_thumbnail":["https:\/\/wavexia.com\/wp-content\/uploads\/2025\/10\/31f998af-6bc0-4906-8c5c-a49cbe249006-100x100.webp",100,100,true]},"uagb_author_info":{"display_name":"zineddine.ayoub98@gmail.com","author_link":"https:\/\/wavexia.com\/?author=0"},"uagb_comment_info":0,"uagb_excerpt":"Description Le&nbsp;Skin1004&nbsp;Pumpkin Pack est un pack de masque polyvalent sp\u00e9cialement formul\u00e9 pour les peaux s\u00e8ches et rel\u00e2ch\u00e9es. Enrichi \u00e0 61 % d\u2019extrait de citrouille, il procure une hydratation en profondeur, des propri\u00e9t\u00e9s apaisantes et nourrissantes. De plus, l\u2019inclusion d\u2019extrait de miel, d\u2019extrait de gel\u00e9e royale et d\u2019extrait de propolis aide \u00e0 am\u00e9liorer la texture de&hellip;","brands":[],"_links":{"self":[{"href":"https:\/\/wavexia.com\/index.php?rest_route=\/wp\/v2\/product\/4796","targetHints":{"allow":["GET"]}}],"collection":[{"href":"https:\/\/wavexia.com\/index.php?rest_route=\/wp\/v2\/product"}],"about":[{"href":"https:\/\/wavexia.com\/index.php?rest_route=\/wp\/v2\/types\/product"}],"replies":[{"embeddable":true,"href":"https:\/\/wavexia.com\/index.php?rest_route=%2Fwp%2Fv2%2Fcomments&post=4796"}],"wp:featuredmedia":[{"embeddable":true,"href":"https:\/\/wavexia.com\/index.php?rest_route=\/wp\/v2\/media\/4795"}],"wp:attachment":[{"href":"https:\/\/wavexia.com\/index.php?rest_route=%2Fwp%2Fv2%2Fmedia&parent=4796"}],"wp:term":[{"taxonomy":"pwb-brand","embeddable":true,"href":"https:\/\/wavexia.com\/index.php?rest_route=%2Fwp%2Fv2%2Fpwb-brand&post=4796"},{"taxonomy":"product_brand","embeddable":true,"href":"https:\/\/wavexia.com\/index.php?rest_route=%2Fwp%2Fv2%2Fproduct_brand&post=4796"},{"taxonomy":"product_cat","embeddable":true,"href":"https:\/\/wavexia.com\/index.php?rest_route=%2Fwp%2Fv2%2Fproduct_cat&post=4796"},{"taxonomy":"product_tag","embeddable":true,"href":"https:\/\/wavexia.com\/index.php?rest_route=%2Fwp%2Fv2%2Fproduct_tag&post=4796"}],"curies":[{"name":"wp","href":"https:\/\/api.w.org\/{rel}","templated":true}]}}