{"id":4787,"date":"2025-10-19T09:11:45","date_gmt":"2025-10-19T09:11:45","guid":{"rendered":"https:\/\/wavexia.com\/product\/dr-althea-natural-brightening-velvet-mask-6pcs\/"},"modified":"2026-03-10T07:31:05","modified_gmt":"2026-03-10T07:31:05","slug":"dr-althea-natural-brightening-velvet-mask-6pcs","status":"publish","type":"product","link":"https:\/\/wavexia.com\/?product=dr-althea-natural-brightening-velvet-mask-6pcs","title":{"rendered":"Dr ALTHEA Natural Brightening Velvet Mask ( 6pcs)"},"content":{"rendered":"<h2>Description<\/h2>\n<p><strong>Description :<\/strong><\/p>\n<p>Le Natural Brightening Velvet Mask Dr. Althea est id\u00e9al pour unifier le teint. Revitalise ta peau terne gr\u00e2ce \u00e0 ce masque tissu \u00e0 nanomicrofibres formul\u00e9 avec des ingr\u00e9dients comme l\u2019avoine et l\u2019extrait de riz qui \u00e9claircissent et unifient le teint. Son autre ingr\u00e9dient phare est la prot\u00e9ine de lait riche en nutriments qui stimule l\u2019\u00e9lasticit\u00e9 et la sant\u00e9 g\u00e9n\u00e9rale de la peau.<\/p>\n<p><strong>Conseils d\u2019utilisation :<\/strong><\/p>\n<ul>\n<li>Retire le masque de son emballage.<\/li>\n<li>D\u00e9plie le masque tissu et place-le sur ton visage en faisant correspondre les d\u00e9coupes avec tes yeux, ton nez et ta bouche.<\/li>\n<li>Assieds-toi et d\u00e9tends-toi pendant 15 \u00e0 25 minutes.<\/li>\n<li>Retire le masque et jette-le.<\/li>\n<li>Fais p\u00e9n\u00e9trer d\u00e9licatement l\u2019exc\u00e9dent d\u2019essence dans ton visage pour une absorption optimale.<\/li>\n<\/ul>\n<p><strong>Ingr\u00e9dients :<\/strong><\/p>\n<p>Eau, Glyc\u00e9rine, Dipropyl\u00e8ne Glycol, M\u00e9thylpropanediol, Triglyc\u00e9ride Caprylique\/Caprique, Polysorbate 60, St\u00e9arate de Sorbitane, Huile de Fruit d\u2019Olea Europaea (Olive), Hexyl\u00e8ne Glycol, Butyl\u00e8ne Glycol, Arginine, Carbom\u00e8re, Hydroxy\u00e9thylcellulose, Hydroxyac\u00e9toph\u00e9none, Allanto\u00efne, Tr\u00e9halose, Isost\u00e9arate de Sorbitane, Huile de Ricin Hydrog\u00e9n\u00e9e PEG-20, 1,2-Hexanediol, Cocoate de Saccharose, Squalane, Lysat de Ferment de Lactobacillus, Extrait de Racine de Glycyrrhiza Glabra (R\u00e9glisse), Extrait de Feuille de Camellia Sinensis, Dipotassium Glycyrrhizate, Lysat de Ferment de Bifida, Extrait de Racine de Zingiber Officinale (Gingembre), Extrait de Fruit de Schizandra Chinensis, Extrait de Racine de Coptis Japonica, Filtrat de Lysat de Ferment de Saccharomyces, Extrait de Graine de Citrus Grandis (Pamplemousse), Disodium EDTA, Ac\u00e9tate de Tocoph\u00e9ryle, Panth\u00e9nol, Extrait de Oryza Sativa (Riz), Extrait de Racine d\u2019Acorus Calamus, Extrait de Farine d\u2019Avena Sativa (Avoine), Extrait de Prot\u00e9ine de Lait, Caprylate de Glyc\u00e9ryle, Hyaluronate de Sodium, Caprylyl Glycol, Extrait de Miel, Extrait de Fruit de Cocos Nucifera (Noix de Coco), Beurre de Butyrospermum Parkii (Karit\u00e9), Extrait de Feuille de Perilla Ocymoides, Parfum.<\/p>\n","protected":false},"excerpt":{"rendered":"<p>Description Description : Le Natural Brightening Velvet Mask Dr. Althea est id\u00e9al pour unifier le teint. Revitalise ta peau terne gr\u00e2ce \u00e0 ce masque tissu \u00e0 nanomicrofibres formul\u00e9 avec des ingr\u00e9dients comme l\u2019avoine et l\u2019extrait de riz qui \u00e9claircissent et unifient le teint. Son autre ingr\u00e9dient phare est la prot\u00e9ine de lait riche en nutriments [&hellip;]<\/p>\n","protected":false},"featured_media":4786,"comment_status":"open","ping_status":"closed","template":"","meta":{"content-type":"","_uag_custom_page_level_css":""},"pwb-brand":[],"product_brand":[],"product_cat":[366,343,328,334],"product_tag":[],"class_list":{"0":"post-4787","1":"product","2":"type-product","3":"status-publish","4":"has-post-thumbnail","6":"product_cat-dr-althea","7":"product_cat-masque","8":"product_cat-nouveautes","9":"product_cat-produits-coreens","11":"first","12":"instock","13":"sale","14":"shipping-taxable","15":"purchasable","16":"product-type-simple"},"aioseo_notices":[],"uagb_featured_image_src":{"full":["https:\/\/wavexia.com\/wp-content\/uploads\/2025\/10\/2019_MAY________4_800x.webp",800,800,false],"thumbnail":["https:\/\/wavexia.com\/wp-content\/uploads\/2025\/10\/2019_MAY________4_800x-150x150.webp",150,150,true],"medium":["https:\/\/wavexia.com\/wp-content\/uploads\/2025\/10\/2019_MAY________4_800x-300x300.webp",300,300,true],"medium_large":["https:\/\/wavexia.com\/wp-content\/uploads\/2025\/10\/2019_MAY________4_800x-768x768.webp",768,768,true],"large":["https:\/\/wavexia.com\/wp-content\/uploads\/2025\/10\/2019_MAY________4_800x.webp",800,800,false],"1536x1536":["https:\/\/wavexia.com\/wp-content\/uploads\/2025\/10\/2019_MAY________4_800x.webp",800,800,false],"2048x2048":["https:\/\/wavexia.com\/wp-content\/uploads\/2025\/10\/2019_MAY________4_800x.webp",800,800,false],"woocommerce_archive_thumbnail":["https:\/\/wavexia.com\/wp-content\/uploads\/2025\/10\/2019_MAY________4_800x-300x300.webp",300,300,true],"woocommerce_thumbnail":["https:\/\/wavexia.com\/wp-content\/uploads\/2025\/10\/2019_MAY________4_800x-300x300.webp",300,300,true],"woocommerce_single":["https:\/\/wavexia.com\/wp-content\/uploads\/2025\/10\/2019_MAY________4_800x-600x600.webp",600,600,true],"woocommerce_gallery_thumbnail":["https:\/\/wavexia.com\/wp-content\/uploads\/2025\/10\/2019_MAY________4_800x-100x100.webp",100,100,true]},"uagb_author_info":{"display_name":"zineddine.ayoub98@gmail.com","author_link":"https:\/\/wavexia.com\/?author=0"},"uagb_comment_info":0,"uagb_excerpt":"Description Description : Le Natural Brightening Velvet Mask Dr. Althea est id\u00e9al pour unifier le teint. Revitalise ta peau terne gr\u00e2ce \u00e0 ce masque tissu \u00e0 nanomicrofibres formul\u00e9 avec des ingr\u00e9dients comme l\u2019avoine et l\u2019extrait de riz qui \u00e9claircissent et unifient le teint. Son autre ingr\u00e9dient phare est la prot\u00e9ine de lait riche en nutriments&hellip;","brands":[],"_links":{"self":[{"href":"https:\/\/wavexia.com\/index.php?rest_route=\/wp\/v2\/product\/4787","targetHints":{"allow":["GET"]}}],"collection":[{"href":"https:\/\/wavexia.com\/index.php?rest_route=\/wp\/v2\/product"}],"about":[{"href":"https:\/\/wavexia.com\/index.php?rest_route=\/wp\/v2\/types\/product"}],"replies":[{"embeddable":true,"href":"https:\/\/wavexia.com\/index.php?rest_route=%2Fwp%2Fv2%2Fcomments&post=4787"}],"wp:featuredmedia":[{"embeddable":true,"href":"https:\/\/wavexia.com\/index.php?rest_route=\/wp\/v2\/media\/4786"}],"wp:attachment":[{"href":"https:\/\/wavexia.com\/index.php?rest_route=%2Fwp%2Fv2%2Fmedia&parent=4787"}],"wp:term":[{"taxonomy":"pwb-brand","embeddable":true,"href":"https:\/\/wavexia.com\/index.php?rest_route=%2Fwp%2Fv2%2Fpwb-brand&post=4787"},{"taxonomy":"product_brand","embeddable":true,"href":"https:\/\/wavexia.com\/index.php?rest_route=%2Fwp%2Fv2%2Fproduct_brand&post=4787"},{"taxonomy":"product_cat","embeddable":true,"href":"https:\/\/wavexia.com\/index.php?rest_route=%2Fwp%2Fv2%2Fproduct_cat&post=4787"},{"taxonomy":"product_tag","embeddable":true,"href":"https:\/\/wavexia.com\/index.php?rest_route=%2Fwp%2Fv2%2Fproduct_tag&post=4787"}],"curies":[{"name":"wp","href":"https:\/\/api.w.org\/{rel}","templated":true}]}}