{"id":4783,"date":"2025-10-19T09:11:43","date_gmt":"2025-10-19T09:11:43","guid":{"rendered":"https:\/\/wavexia.com\/product\/numbuzin-no-4-toner-hydrating-glow-mineral-toner-200ml\/"},"modified":"2026-03-10T07:31:05","modified_gmt":"2026-03-10T07:31:05","slug":"numbuzin-no-4-toner-hydrating-glow-mineral-toner-200ml","status":"publish","type":"product","link":"https:\/\/wavexia.com\/?product=numbuzin-no-4-toner-hydrating-glow-mineral-toner-200ml","title":{"rendered":"Numbuzin No.4 Toner | Hydrating Glow Mineral Toner 200ML"},"content":{"rendered":"<h2>Description<\/h2>\n<p>Numbuzin No.4 Hydration Glow Mineral Toner est un toner hydratant con\u00e7u pour pr\u00e9parer la peau \u00e0 l\u2019application de soins ou de maquillage.<br \/>Il contient 89 % d\u2019eau thermale et 5 couches d\u2019acide hyaluronique pour une hydratation en profondeur.<br \/>La pr\u00e9sence de PHA permet une exfoliation en douceur et la niacinamide illumine le teint.<\/p>\n<p>CONSEILS D\u2019utilisation :<\/p>\n<p>1- Nettoyez votre visage avant l\u2019utilisation du toner<br \/>2- Appliquez une quantit\u00e9 suffisante sur votre main ou sur votre coton<br \/>3- Tapotez l\u00e9g\u00e8rement sur votre visage ou passez le coton l\u00e9g\u00e8rement sur votre visage<br \/>4- Attendez 1 min environ pour que le produit s\u2019absorbe et passer \u00e0 l\u2019\u00e9tape suivante: l\u2019essence<\/p>\n<p>ingr\u00e9dients :<\/p>\n<p>Onsen-Sui, 1,2-Hexanediol, Methylpropanediol, Glycerin, Niacinamide, Sorbitol, Xylitol, Hydrory ethyl Urea, Sodium Polystyrene Sulfonate, Sodium Hyaluronate, Sodium Hyaluronate Crosspolymer, Hydrolyzed Hyaluronic Acid, Hyaluronic Acid, Hydrolyzed Sodium Hyaluronate, Morinda Citrifolia Extract, Carican Papaya Fruit Extract, Butylene Glycol, Madecassoside, Centella Asiatica Extract, Chamomilla Recutita Flower Extract, RosmarinusOfficinalis Leaf Extract, Glycyrrhiza Glabra Root Extract, Pentylene Glycol, Polygonum Cuspidatum Root Extract, Scutellaria Baicalensis Root Extract, Camellia Sinensis Leaf Extract, Gluconolactone, Water, Hydroryethylcellulose, Polyglyceryl-10 Laurate, Betaine Salicylate, Polyquaternium-51, Disodium EDTA<\/p>\n","protected":false},"excerpt":{"rendered":"<p>Description Numbuzin No.4 Hydration Glow Mineral Toner est un toner hydratant con\u00e7u pour pr\u00e9parer la peau \u00e0 l\u2019application de soins ou de maquillage.Il contient 89 % d\u2019eau thermale et 5 couches d\u2019acide hyaluronique pour une hydratation en profondeur.La pr\u00e9sence de PHA permet une exfoliation en douceur et la niacinamide illumine le teint. CONSEILS D\u2019utilisation : [&hellip;]<\/p>\n","protected":false},"featured_media":4782,"comment_status":"open","ping_status":"closed","template":"","meta":{"content-type":"","_uag_custom_page_level_css":""},"pwb-brand":[],"product_brand":[],"product_cat":[346,334,345],"product_tag":[],"class_list":{"0":"post-4783","1":"product","2":"type-product","3":"status-publish","4":"has-post-thumbnail","6":"product_cat-numbuzin","7":"product_cat-produits-coreens","8":"product_cat-toner-pads","10":"first","11":"instock","12":"sale","13":"shipping-taxable","14":"purchasable","15":"product-type-simple"},"aioseo_notices":[],"uagb_featured_image_src":{"full":["https:\/\/wavexia.com\/wp-content\/uploads\/2025\/10\/Daisy-Essence-100mL-5.webp",1200,1200,false],"thumbnail":["https:\/\/wavexia.com\/wp-content\/uploads\/2025\/10\/Daisy-Essence-100mL-5-150x150.webp",150,150,true],"medium":["https:\/\/wavexia.com\/wp-content\/uploads\/2025\/10\/Daisy-Essence-100mL-5-300x300.webp",300,300,true],"medium_large":["https:\/\/wavexia.com\/wp-content\/uploads\/2025\/10\/Daisy-Essence-100mL-5-768x768.webp",768,768,true],"large":["https:\/\/wavexia.com\/wp-content\/uploads\/2025\/10\/Daisy-Essence-100mL-5-1024x1024.webp",1024,1024,true],"1536x1536":["https:\/\/wavexia.com\/wp-content\/uploads\/2025\/10\/Daisy-Essence-100mL-5.webp",1200,1200,false],"2048x2048":["https:\/\/wavexia.com\/wp-content\/uploads\/2025\/10\/Daisy-Essence-100mL-5.webp",1200,1200,false],"woocommerce_archive_thumbnail":["https:\/\/wavexia.com\/wp-content\/uploads\/2025\/10\/Daisy-Essence-100mL-5-300x300.webp",300,300,true],"woocommerce_thumbnail":["https:\/\/wavexia.com\/wp-content\/uploads\/2025\/10\/Daisy-Essence-100mL-5-300x300.webp",300,300,true],"woocommerce_single":["https:\/\/wavexia.com\/wp-content\/uploads\/2025\/10\/Daisy-Essence-100mL-5-600x600.webp",600,600,true],"woocommerce_gallery_thumbnail":["https:\/\/wavexia.com\/wp-content\/uploads\/2025\/10\/Daisy-Essence-100mL-5-100x100.webp",100,100,true]},"uagb_author_info":{"display_name":"zineddine.ayoub98@gmail.com","author_link":"https:\/\/wavexia.com\/?author=0"},"uagb_comment_info":0,"uagb_excerpt":"Description Numbuzin No.4 Hydration Glow Mineral Toner est un toner hydratant con\u00e7u pour pr\u00e9parer la peau \u00e0 l\u2019application de soins ou de maquillage.Il contient 89 % d\u2019eau thermale et 5 couches d\u2019acide hyaluronique pour une hydratation en profondeur.La pr\u00e9sence de PHA permet une exfoliation en douceur et la niacinamide illumine le teint. CONSEILS D\u2019utilisation :&hellip;","brands":[],"_links":{"self":[{"href":"https:\/\/wavexia.com\/index.php?rest_route=\/wp\/v2\/product\/4783","targetHints":{"allow":["GET"]}}],"collection":[{"href":"https:\/\/wavexia.com\/index.php?rest_route=\/wp\/v2\/product"}],"about":[{"href":"https:\/\/wavexia.com\/index.php?rest_route=\/wp\/v2\/types\/product"}],"replies":[{"embeddable":true,"href":"https:\/\/wavexia.com\/index.php?rest_route=%2Fwp%2Fv2%2Fcomments&post=4783"}],"wp:featuredmedia":[{"embeddable":true,"href":"https:\/\/wavexia.com\/index.php?rest_route=\/wp\/v2\/media\/4782"}],"wp:attachment":[{"href":"https:\/\/wavexia.com\/index.php?rest_route=%2Fwp%2Fv2%2Fmedia&parent=4783"}],"wp:term":[{"taxonomy":"pwb-brand","embeddable":true,"href":"https:\/\/wavexia.com\/index.php?rest_route=%2Fwp%2Fv2%2Fpwb-brand&post=4783"},{"taxonomy":"product_brand","embeddable":true,"href":"https:\/\/wavexia.com\/index.php?rest_route=%2Fwp%2Fv2%2Fproduct_brand&post=4783"},{"taxonomy":"product_cat","embeddable":true,"href":"https:\/\/wavexia.com\/index.php?rest_route=%2Fwp%2Fv2%2Fproduct_cat&post=4783"},{"taxonomy":"product_tag","embeddable":true,"href":"https:\/\/wavexia.com\/index.php?rest_route=%2Fwp%2Fv2%2Fproduct_tag&post=4783"}],"curies":[{"name":"wp","href":"https:\/\/api.w.org\/{rel}","templated":true}]}}