{"id":4781,"date":"2025-10-19T09:11:41","date_gmt":"2025-10-19T09:11:41","guid":{"rendered":"https:\/\/wavexia.com\/product\/clarins-uv-plus-anti-pollution-ecran-multi-protection-spf50-30ml\/"},"modified":"2026-03-10T07:31:05","modified_gmt":"2026-03-10T07:31:05","slug":"clarins-uv-plus-anti-pollution-ecran-multi-protection-spf50-30ml","status":"publish","type":"product","link":"https:\/\/wavexia.com\/?product=clarins-uv-plus-anti-pollution-ecran-multi-protection-spf50-30ml","title":{"rendered":"Clarins UV Plus Anti-Pollution Ecran Multi-Protection SPF50 30ML"},"content":{"rendered":"<h2>Description<\/h2>\n<p>La multi-protection de ville id\u00e9ale : efficace et imperceptible sur la peau, UV Plus Anti-Pollution SPF 50 prot\u00e8ge des m\u00e9faits des UV, des radicaux libres et de la pollution pour pr\u00e9server la jeunesse, la luminosit\u00e9 et l\u2019homog\u00e9n\u00e9it\u00e9 de la peau.<\/p>\n<p>Forme sur la peau un film qui pr\u00e9serve du photovieillissement et des taches brunes dues au soleil.<br \/>Action anti-oxydante renforc\u00e9e.<br \/>Protection anti-pollution.<br \/>Pr\u00e9serve la jeunesse, l\u2019homog\u00e9n\u00e9it\u00e9 et la luminosit\u00e9 de la peau.<\/p>\n","protected":false},"excerpt":{"rendered":"<p>Description La multi-protection de ville id\u00e9ale : efficace et imperceptible sur la peau, UV Plus Anti-Pollution SPF 50 prot\u00e8ge des m\u00e9faits des UV, des radicaux libres et de la pollution pour pr\u00e9server la jeunesse, la luminosit\u00e9 et l\u2019homog\u00e9n\u00e9it\u00e9 de la peau. Forme sur la peau un film qui pr\u00e9serve du photovieillissement et des taches brunes [&hellip;]<\/p>\n","protected":false},"featured_media":4780,"comment_status":"open","ping_status":"closed","template":"","meta":{"content-type":"","_uag_custom_page_level_css":""},"pwb-brand":[],"product_brand":[],"product_cat":[382,340],"product_tag":[],"class_list":{"0":"post-4781","1":"product","2":"type-product","3":"status-publish","4":"has-post-thumbnail","6":"product_cat-derniere-chance","7":"product_cat-protection-solaire","9":"first","10":"instock","11":"sale","12":"shipping-taxable","13":"purchasable","14":"product-type-simple"},"aioseo_notices":[],"uagb_featured_image_src":{"full":["https:\/\/wavexia.com\/wp-content\/uploads\/2025\/10\/51Oz0WctKdL._SL1000_.jpg",1000,1000,false],"thumbnail":["https:\/\/wavexia.com\/wp-content\/uploads\/2025\/10\/51Oz0WctKdL._SL1000_-150x150.jpg",150,150,true],"medium":["https:\/\/wavexia.com\/wp-content\/uploads\/2025\/10\/51Oz0WctKdL._SL1000_-300x300.jpg",300,300,true],"medium_large":["https:\/\/wavexia.com\/wp-content\/uploads\/2025\/10\/51Oz0WctKdL._SL1000_-768x768.jpg",768,768,true],"large":["https:\/\/wavexia.com\/wp-content\/uploads\/2025\/10\/51Oz0WctKdL._SL1000_.jpg",1000,1000,false],"1536x1536":["https:\/\/wavexia.com\/wp-content\/uploads\/2025\/10\/51Oz0WctKdL._SL1000_.jpg",1000,1000,false],"2048x2048":["https:\/\/wavexia.com\/wp-content\/uploads\/2025\/10\/51Oz0WctKdL._SL1000_.jpg",1000,1000,false],"woocommerce_archive_thumbnail":["https:\/\/wavexia.com\/wp-content\/uploads\/2025\/10\/51Oz0WctKdL._SL1000_-300x300.jpg",300,300,true],"woocommerce_thumbnail":["https:\/\/wavexia.com\/wp-content\/uploads\/2025\/10\/51Oz0WctKdL._SL1000_-300x300.jpg",300,300,true],"woocommerce_single":["https:\/\/wavexia.com\/wp-content\/uploads\/2025\/10\/51Oz0WctKdL._SL1000_-600x600.jpg",600,600,true],"woocommerce_gallery_thumbnail":["https:\/\/wavexia.com\/wp-content\/uploads\/2025\/10\/51Oz0WctKdL._SL1000_-100x100.jpg",100,100,true]},"uagb_author_info":{"display_name":"zineddine.ayoub98@gmail.com","author_link":"https:\/\/wavexia.com\/?author=0"},"uagb_comment_info":0,"uagb_excerpt":"Description La multi-protection de ville id\u00e9ale : efficace et imperceptible sur la peau, UV Plus Anti-Pollution SPF 50 prot\u00e8ge des m\u00e9faits des UV, des radicaux libres et de la pollution pour pr\u00e9server la jeunesse, la luminosit\u00e9 et l\u2019homog\u00e9n\u00e9it\u00e9 de la peau. Forme sur la peau un film qui pr\u00e9serve du photovieillissement et des taches brunes&hellip;","brands":[],"_links":{"self":[{"href":"https:\/\/wavexia.com\/index.php?rest_route=\/wp\/v2\/product\/4781","targetHints":{"allow":["GET"]}}],"collection":[{"href":"https:\/\/wavexia.com\/index.php?rest_route=\/wp\/v2\/product"}],"about":[{"href":"https:\/\/wavexia.com\/index.php?rest_route=\/wp\/v2\/types\/product"}],"replies":[{"embeddable":true,"href":"https:\/\/wavexia.com\/index.php?rest_route=%2Fwp%2Fv2%2Fcomments&post=4781"}],"wp:featuredmedia":[{"embeddable":true,"href":"https:\/\/wavexia.com\/index.php?rest_route=\/wp\/v2\/media\/4780"}],"wp:attachment":[{"href":"https:\/\/wavexia.com\/index.php?rest_route=%2Fwp%2Fv2%2Fmedia&parent=4781"}],"wp:term":[{"taxonomy":"pwb-brand","embeddable":true,"href":"https:\/\/wavexia.com\/index.php?rest_route=%2Fwp%2Fv2%2Fpwb-brand&post=4781"},{"taxonomy":"product_brand","embeddable":true,"href":"https:\/\/wavexia.com\/index.php?rest_route=%2Fwp%2Fv2%2Fproduct_brand&post=4781"},{"taxonomy":"product_cat","embeddable":true,"href":"https:\/\/wavexia.com\/index.php?rest_route=%2Fwp%2Fv2%2Fproduct_cat&post=4781"},{"taxonomy":"product_tag","embeddable":true,"href":"https:\/\/wavexia.com\/index.php?rest_route=%2Fwp%2Fv2%2Fproduct_tag&post=4781"}],"curies":[{"name":"wp","href":"https:\/\/api.w.org\/{rel}","templated":true}]}}