{"id":4771,"date":"2025-10-19T09:11:30","date_gmt":"2025-10-19T09:11:30","guid":{"rendered":"https:\/\/wavexia.com\/product\/iunik-rose-galactomyces-essential-toner-200ml\/"},"modified":"2026-03-10T07:31:05","modified_gmt":"2026-03-10T07:31:05","slug":"iunik-rose-galactomyces-essential-toner-200ml","status":"publish","type":"product","link":"https:\/\/wavexia.com\/?product=iunik-rose-galactomyces-essential-toner-200ml","title":{"rendered":"IUNIK Rose Galactomyces Essential Toner 200ml"},"content":{"rendered":"<h2>Description<\/h2>\n<p>Le Rose Galactomyces Essential Toner iUNIK est un tonique hydratant qui apaise la peau tout en contr\u00f4lant l\u2019exc\u00e8s de s\u00e9bum et les probl\u00e8mes de pores. Compos\u00e9 \u00e0 70 % d\u2019eau florale de rose de Damas pour hydrater et r\u00e9\u00e9quilibrer la peau en profondeur, et \u00e0 10 % de filtrat de ferment galactomyces pour aider \u00e0 contr\u00f4ler l\u2019exc\u00e8s de s\u00e9bum, lifter et \u00e9claircir la peau, c\u2019est le tonique parfait pour les peaux grasses, d\u00e9shydrat\u00e9es ou sensibles.<\/p>\n<p><strong>Conseils d\u2019utilisation :<\/strong><\/p>\n<ul>\n<li>Distribue une quantit\u00e9 de produit suffisante sur un coton.<\/li>\n<li>Passe-le sur l\u2019ensemble de ton visage en suivant ton grain de peau.<\/li>\n<li>Retourne le coton et tapote doucement pour absorber l\u2019exc\u00e9dent de produit.<\/li>\n<\/ul>\n<p><strong>Ingr\u00e9dients :<\/strong><\/p>\n<p>Eau de Fleur de Rosa Damascena, Butyl\u00e8ne Glycol, Filtrat de Ferment de Galactomyces, Eau, Glyc\u00e9th-26, Glyc\u00e9rine, 1,2-Hexanediol, Caprylyl Glycol, Pentyl\u00e8ne Glycol, Hyaluronate de Sodium, Caprate de Polyglyc\u00e9ryl-4, Allanto\u00efne, Ad\u00e9nosine, Ethylhexylglyc\u00e9rine, Huile de Fleur de Rose, Extrait de Fruit de Ficus Carica (Figue), Extrait de Fruit de Morus Alba, Extrait de Fruit de Punica Granatum (Grenade), Extrait de Noix de Ginkgo Biloba, Extrait d\u2019Aspalathus Linearis, Extrait de Racine de Glycyrrhiza Glabra (R\u00e9glisse), Extrait de Racine de Yucca Schidigera, Extrait de R\u00e9sine de Commiphora Myrrha, Extrait de Feuille de Perilla Frutescens.<\/p>\n","protected":false},"excerpt":{"rendered":"<p>Description Le Rose Galactomyces Essential Toner iUNIK est un tonique hydratant qui apaise la peau tout en contr\u00f4lant l\u2019exc\u00e8s de s\u00e9bum et les probl\u00e8mes de pores. Compos\u00e9 \u00e0 70 % d\u2019eau florale de rose de Damas pour hydrater et r\u00e9\u00e9quilibrer la peau en profondeur, et \u00e0 10 % de filtrat de ferment galactomyces pour aider [&hellip;]<\/p>\n","protected":false},"featured_media":4770,"comment_status":"open","ping_status":"closed","template":"","meta":{"content-type":"","_uag_custom_page_level_css":""},"pwb-brand":[],"product_brand":[],"product_cat":[436,334,345],"product_tag":[],"class_list":{"0":"post-4771","1":"product","2":"type-product","3":"status-publish","4":"has-post-thumbnail","6":"product_cat-iunik","7":"product_cat-produits-coreens","8":"product_cat-toner-pads","10":"first","11":"instock","12":"sale","13":"shipping-taxable","14":"purchasable","15":"product-type-simple"},"aioseo_notices":[],"uagb_featured_image_src":{"full":["https:\/\/wavexia.com\/wp-content\/uploads\/2025\/10\/Rose-Galactomyces-Essential-Toner-200ml_SINGLE_e520fd17-9e44-49ca-9dc8-fc1cfcbda288.webp",800,800,false],"thumbnail":["https:\/\/wavexia.com\/wp-content\/uploads\/2025\/10\/Rose-Galactomyces-Essential-Toner-200ml_SINGLE_e520fd17-9e44-49ca-9dc8-fc1cfcbda288-150x150.webp",150,150,true],"medium":["https:\/\/wavexia.com\/wp-content\/uploads\/2025\/10\/Rose-Galactomyces-Essential-Toner-200ml_SINGLE_e520fd17-9e44-49ca-9dc8-fc1cfcbda288-300x300.webp",300,300,true],"medium_large":["https:\/\/wavexia.com\/wp-content\/uploads\/2025\/10\/Rose-Galactomyces-Essential-Toner-200ml_SINGLE_e520fd17-9e44-49ca-9dc8-fc1cfcbda288-768x768.webp",768,768,true],"large":["https:\/\/wavexia.com\/wp-content\/uploads\/2025\/10\/Rose-Galactomyces-Essential-Toner-200ml_SINGLE_e520fd17-9e44-49ca-9dc8-fc1cfcbda288.webp",800,800,false],"1536x1536":["https:\/\/wavexia.com\/wp-content\/uploads\/2025\/10\/Rose-Galactomyces-Essential-Toner-200ml_SINGLE_e520fd17-9e44-49ca-9dc8-fc1cfcbda288.webp",800,800,false],"2048x2048":["https:\/\/wavexia.com\/wp-content\/uploads\/2025\/10\/Rose-Galactomyces-Essential-Toner-200ml_SINGLE_e520fd17-9e44-49ca-9dc8-fc1cfcbda288.webp",800,800,false],"woocommerce_archive_thumbnail":["https:\/\/wavexia.com\/wp-content\/uploads\/2025\/10\/Rose-Galactomyces-Essential-Toner-200ml_SINGLE_e520fd17-9e44-49ca-9dc8-fc1cfcbda288-300x300.webp",300,300,true],"woocommerce_thumbnail":["https:\/\/wavexia.com\/wp-content\/uploads\/2025\/10\/Rose-Galactomyces-Essential-Toner-200ml_SINGLE_e520fd17-9e44-49ca-9dc8-fc1cfcbda288-300x300.webp",300,300,true],"woocommerce_single":["https:\/\/wavexia.com\/wp-content\/uploads\/2025\/10\/Rose-Galactomyces-Essential-Toner-200ml_SINGLE_e520fd17-9e44-49ca-9dc8-fc1cfcbda288-600x600.webp",600,600,true],"woocommerce_gallery_thumbnail":["https:\/\/wavexia.com\/wp-content\/uploads\/2025\/10\/Rose-Galactomyces-Essential-Toner-200ml_SINGLE_e520fd17-9e44-49ca-9dc8-fc1cfcbda288-100x100.webp",100,100,true]},"uagb_author_info":{"display_name":"zineddine.ayoub98@gmail.com","author_link":"https:\/\/wavexia.com\/?author=0"},"uagb_comment_info":0,"uagb_excerpt":"Description Le Rose Galactomyces Essential Toner iUNIK est un tonique hydratant qui apaise la peau tout en contr\u00f4lant l\u2019exc\u00e8s de s\u00e9bum et les probl\u00e8mes de pores. Compos\u00e9 \u00e0 70 % d\u2019eau florale de rose de Damas pour hydrater et r\u00e9\u00e9quilibrer la peau en profondeur, et \u00e0 10 % de filtrat de ferment galactomyces pour aider&hellip;","brands":[],"_links":{"self":[{"href":"https:\/\/wavexia.com\/index.php?rest_route=\/wp\/v2\/product\/4771","targetHints":{"allow":["GET"]}}],"collection":[{"href":"https:\/\/wavexia.com\/index.php?rest_route=\/wp\/v2\/product"}],"about":[{"href":"https:\/\/wavexia.com\/index.php?rest_route=\/wp\/v2\/types\/product"}],"replies":[{"embeddable":true,"href":"https:\/\/wavexia.com\/index.php?rest_route=%2Fwp%2Fv2%2Fcomments&post=4771"}],"wp:featuredmedia":[{"embeddable":true,"href":"https:\/\/wavexia.com\/index.php?rest_route=\/wp\/v2\/media\/4770"}],"wp:attachment":[{"href":"https:\/\/wavexia.com\/index.php?rest_route=%2Fwp%2Fv2%2Fmedia&parent=4771"}],"wp:term":[{"taxonomy":"pwb-brand","embeddable":true,"href":"https:\/\/wavexia.com\/index.php?rest_route=%2Fwp%2Fv2%2Fpwb-brand&post=4771"},{"taxonomy":"product_brand","embeddable":true,"href":"https:\/\/wavexia.com\/index.php?rest_route=%2Fwp%2Fv2%2Fproduct_brand&post=4771"},{"taxonomy":"product_cat","embeddable":true,"href":"https:\/\/wavexia.com\/index.php?rest_route=%2Fwp%2Fv2%2Fproduct_cat&post=4771"},{"taxonomy":"product_tag","embeddable":true,"href":"https:\/\/wavexia.com\/index.php?rest_route=%2Fwp%2Fv2%2Fproduct_tag&post=4771"}],"curies":[{"name":"wp","href":"https:\/\/api.w.org\/{rel}","templated":true}]}}