{"id":4768,"date":"2025-10-19T09:11:29","date_gmt":"2025-10-19T09:11:29","guid":{"rendered":"https:\/\/wavexia.com\/product\/iunik-tea-tree-relief-toner-200ml\/"},"modified":"2026-03-10T07:31:04","modified_gmt":"2026-03-10T07:31:04","slug":"iunik-tea-tree-relief-toner-200ml","status":"publish","type":"product","link":"https:\/\/wavexia.com\/?product=iunik-tea-tree-relief-toner-200ml","title":{"rendered":"IUNIK Tea Tree Relief Toner 200ml"},"content":{"rendered":"<h2>Description<\/h2>\n<p>Le Tea Tree Relief Toner iUNIK est tr\u00e8s hydratant, calmant et id\u00e9al pour les peaux grasses ou sensibles. Il est compos\u00e9 \u00e0 67 % d\u2019eau de feuilles d\u2019arbre \u00e0 th\u00e9 connue pour ses bienfaits anti-inflammatoires et antimicrobiens et sa capacit\u00e9 \u00e0 gu\u00e9rir les peaux \u00e0 probl\u00e8mes, et \u00e0 20 % d\u2019extrait de Centella Asiatica pour apaiser les rougeurs ou les peaux irrit\u00e9es. Le complexe brevet\u00e9 Fresh Bud No.6 (contenant 6 extraits de germes : colza, brocoli, bl\u00e9, alafalfa, radis et chou) fournit une hydratation et une nutrition abondantes tandis que le niacinamide et l\u2019ad\u00e9nosine renforcent les effets \u00e9claircissants et antirides de ce tonique.<\/p>\n<p><strong>Conseils d\u2019utilisation :<\/strong><\/p>\n<ul>\n<li>Pr\u00e9l\u00e8ve une quantit\u00e9 ad\u00e9quate de produit \u00e0 l\u2019aide du compte-gouttes.<\/li>\n<li>Masse d\u00e9licatement ta peau en suivant son grain.<\/li>\n<li>Renouvelle l\u2019application sur le contour des yeux secs.<\/li>\n<\/ul>\n<p><strong>Ingr\u00e9dients :<\/strong><\/p>\n<p>Melaleuca Alternifolia (Eau de feuille de Tea Tree), Eau de feuille de Centella Asiatica, Butyl\u00e8ne Glycol, Glyc\u00e9rine, Niacinamide, Eau, 1,2-Hexanediol, Caprylyl Glycol, Glycol Pentyl\u00e8ne, B\u00e9taine, Caprate de Polyglyc\u00e9ryl-4, Extrait de Portulaca Oleracea, Extrait de Centella Asiatica, Allanto\u00efne, \u00c9thylhexylglyc\u00e9rine, Dipotassium Glycyrrhizate, Huile d\u2019Ormenis Multicaulis, Extrait de Germe de Triticum Vulgare (Bl\u00e9), Extrait de Brocoli (Brassica Oleracea Italica), Extrait de Feuille de Chou (Brassica Oleracea Capitata), Extrait de Luzerne (Medicago Sativa), Extrait de Rooibos (Aspalathus Linearis), Extrait de Racine de R\u00e9glisse (Glycyrrhiza Glabra), Extrait de Graine de Radis (Raphanus Sativus), Hyaluronate de Sodium, Extrait de Colza (Brassica Campestris), Extrait de Feuille d\u2019Aloe Barbadensis, Extrait de Racine de Yucca Schidigera, Extrait de R\u00e9sine de Myrrhe (Commiphora Myrrha), Extrait de Feuille de Perilla Frutescens.<\/p>\n","protected":false},"excerpt":{"rendered":"<p>Description Le Tea Tree Relief Toner iUNIK est tr\u00e8s hydratant, calmant et id\u00e9al pour les peaux grasses ou sensibles. Il est compos\u00e9 \u00e0 67 % d\u2019eau de feuilles d\u2019arbre \u00e0 th\u00e9 connue pour ses bienfaits anti-inflammatoires et antimicrobiens et sa capacit\u00e9 \u00e0 gu\u00e9rir les peaux \u00e0 probl\u00e8mes, et \u00e0 20 % d\u2019extrait de Centella Asiatica [&hellip;]<\/p>\n","protected":false},"featured_media":4767,"comment_status":"open","ping_status":"closed","template":"","meta":{"content-type":"","_uag_custom_page_level_css":""},"pwb-brand":[],"product_brand":[],"product_cat":[436,334,345],"product_tag":[],"class_list":{"0":"post-4768","1":"product","2":"type-product","3":"status-publish","4":"has-post-thumbnail","6":"product_cat-iunik","7":"product_cat-produits-coreens","8":"product_cat-toner-pads","10":"first","11":"instock","12":"sale","13":"shipping-taxable","14":"purchasable","15":"product-type-simple"},"aioseo_notices":[],"uagb_featured_image_src":{"full":["https:\/\/wavexia.com\/wp-content\/uploads\/2025\/10\/Tea-Tree-Relief-Toner-200ml_SINGLE_ba4b1cb3-9c22-4db7-afb9-a15b0812cf05.webp",800,800,false],"thumbnail":["https:\/\/wavexia.com\/wp-content\/uploads\/2025\/10\/Tea-Tree-Relief-Toner-200ml_SINGLE_ba4b1cb3-9c22-4db7-afb9-a15b0812cf05-150x150.webp",150,150,true],"medium":["https:\/\/wavexia.com\/wp-content\/uploads\/2025\/10\/Tea-Tree-Relief-Toner-200ml_SINGLE_ba4b1cb3-9c22-4db7-afb9-a15b0812cf05-300x300.webp",300,300,true],"medium_large":["https:\/\/wavexia.com\/wp-content\/uploads\/2025\/10\/Tea-Tree-Relief-Toner-200ml_SINGLE_ba4b1cb3-9c22-4db7-afb9-a15b0812cf05-768x768.webp",768,768,true],"large":["https:\/\/wavexia.com\/wp-content\/uploads\/2025\/10\/Tea-Tree-Relief-Toner-200ml_SINGLE_ba4b1cb3-9c22-4db7-afb9-a15b0812cf05.webp",800,800,false],"1536x1536":["https:\/\/wavexia.com\/wp-content\/uploads\/2025\/10\/Tea-Tree-Relief-Toner-200ml_SINGLE_ba4b1cb3-9c22-4db7-afb9-a15b0812cf05.webp",800,800,false],"2048x2048":["https:\/\/wavexia.com\/wp-content\/uploads\/2025\/10\/Tea-Tree-Relief-Toner-200ml_SINGLE_ba4b1cb3-9c22-4db7-afb9-a15b0812cf05.webp",800,800,false],"woocommerce_archive_thumbnail":["https:\/\/wavexia.com\/wp-content\/uploads\/2025\/10\/Tea-Tree-Relief-Toner-200ml_SINGLE_ba4b1cb3-9c22-4db7-afb9-a15b0812cf05-300x300.webp",300,300,true],"woocommerce_thumbnail":["https:\/\/wavexia.com\/wp-content\/uploads\/2025\/10\/Tea-Tree-Relief-Toner-200ml_SINGLE_ba4b1cb3-9c22-4db7-afb9-a15b0812cf05-300x300.webp",300,300,true],"woocommerce_single":["https:\/\/wavexia.com\/wp-content\/uploads\/2025\/10\/Tea-Tree-Relief-Toner-200ml_SINGLE_ba4b1cb3-9c22-4db7-afb9-a15b0812cf05-600x600.webp",600,600,true],"woocommerce_gallery_thumbnail":["https:\/\/wavexia.com\/wp-content\/uploads\/2025\/10\/Tea-Tree-Relief-Toner-200ml_SINGLE_ba4b1cb3-9c22-4db7-afb9-a15b0812cf05-100x100.webp",100,100,true]},"uagb_author_info":{"display_name":"zineddine.ayoub98@gmail.com","author_link":"https:\/\/wavexia.com\/?author=0"},"uagb_comment_info":0,"uagb_excerpt":"Description Le Tea Tree Relief Toner iUNIK est tr\u00e8s hydratant, calmant et id\u00e9al pour les peaux grasses ou sensibles. Il est compos\u00e9 \u00e0 67 % d\u2019eau de feuilles d\u2019arbre \u00e0 th\u00e9 connue pour ses bienfaits anti-inflammatoires et antimicrobiens et sa capacit\u00e9 \u00e0 gu\u00e9rir les peaux \u00e0 probl\u00e8mes, et \u00e0 20 % d\u2019extrait de Centella Asiatica&hellip;","brands":[],"_links":{"self":[{"href":"https:\/\/wavexia.com\/index.php?rest_route=\/wp\/v2\/product\/4768","targetHints":{"allow":["GET"]}}],"collection":[{"href":"https:\/\/wavexia.com\/index.php?rest_route=\/wp\/v2\/product"}],"about":[{"href":"https:\/\/wavexia.com\/index.php?rest_route=\/wp\/v2\/types\/product"}],"replies":[{"embeddable":true,"href":"https:\/\/wavexia.com\/index.php?rest_route=%2Fwp%2Fv2%2Fcomments&post=4768"}],"wp:featuredmedia":[{"embeddable":true,"href":"https:\/\/wavexia.com\/index.php?rest_route=\/wp\/v2\/media\/4767"}],"wp:attachment":[{"href":"https:\/\/wavexia.com\/index.php?rest_route=%2Fwp%2Fv2%2Fmedia&parent=4768"}],"wp:term":[{"taxonomy":"pwb-brand","embeddable":true,"href":"https:\/\/wavexia.com\/index.php?rest_route=%2Fwp%2Fv2%2Fpwb-brand&post=4768"},{"taxonomy":"product_brand","embeddable":true,"href":"https:\/\/wavexia.com\/index.php?rest_route=%2Fwp%2Fv2%2Fproduct_brand&post=4768"},{"taxonomy":"product_cat","embeddable":true,"href":"https:\/\/wavexia.com\/index.php?rest_route=%2Fwp%2Fv2%2Fproduct_cat&post=4768"},{"taxonomy":"product_tag","embeddable":true,"href":"https:\/\/wavexia.com\/index.php?rest_route=%2Fwp%2Fv2%2Fproduct_tag&post=4768"}],"curies":[{"name":"wp","href":"https:\/\/api.w.org\/{rel}","templated":true}]}}