{"id":4757,"date":"2025-10-19T09:11:18","date_gmt":"2025-10-19T09:11:18","guid":{"rendered":"https:\/\/wavexia.com\/product\/skin1004-madagascar-centella-tea-trica-spot-cream\/"},"modified":"2026-03-10T07:31:04","modified_gmt":"2026-03-10T07:31:04","slug":"skin1004-madagascar-centella-tea-trica-spot-cream","status":"publish","type":"product","link":"https:\/\/wavexia.com\/?product=skin1004-madagascar-centella-tea-trica-spot-cream","title":{"rendered":"SKIN1004 Madagascar Centella Tea-Trica Spot Cream"},"content":{"rendered":"<h2>Description<\/h2>\n<p>Combats efficacement l\u2019acn\u00e9 avec la Madagascar Centella Tea-Trica Spot Cream SKIN1004. Ce puissant traitement localis\u00e9 anti-imperfections est infus\u00e9 d\u2019eau de feuilles d\u2019arbre \u00e0 th\u00e9, d\u2019extrait de Centella Asiatica et d\u2019un complexe de feuilles de pin pour apaiser les peaux sensibles et irrit\u00e9es. La calamine absorbe l\u2019exc\u00e8s de s\u00e9bum pour maintenir une peau nette, tandis que sa texture de type gel assure une absorption rapide sans effet collant.<\/p>\n<p>Renforc\u00e9e de TECA (acide asiatique, asiaticoside et acide mad\u00e9cassique), elle calme les peaux \u00e0 probl\u00e8mes et favorise l\u2019exfoliation gr\u00e2ce \u00e0 la pr\u00e9sence d\u2019AHA, de BHA, de LHA et de niacinamide afin d\u2019am\u00e9liorer le teint irr\u00e9gulier. Adapt\u00e9e \u00e0 tous les types de peaux et test\u00e9e par des dermatologues, cette cr\u00e8me anti-imperfections laisse un fini rafra\u00eechissant tout en apportant un soin intensif aux zones \u00e0 tendance acn\u00e9ique.<\/p>\n<p><strong>Recommand\u00e9 pour : <\/strong>Peaux \u00e0 tendance acn\u00e9ique, peaux s\u00e8ches, tous types de peaux.<\/p>\n<p><strong>Conseils d\u2019utilisation :<\/strong><\/p>\n<ul>\n<li>Applique sur l\u2019acn\u00e9 ou les autres zones concern\u00e9es et tapote d\u00e9licatement ta peau pour une meilleure absorption.<\/li>\n<\/ul>\n<p><strong>Ingr\u00e9dients :<\/strong><\/p>\n<p>Eau, Eau de Feuille de Melaleuca Alternifolia, Glycol Butylique, Glyc\u00e9rol, \u00c9thoxydiglycol, 1,2-Hexanediol, Dipropyl\u00e8ne Glycol, Niacinamide, Triglyc\u00e9ride Caprylique\/Caprique, Propanediol, Copolym\u00e8re D\u2019Acryloyldim\u00e9thyltaurate\/VP, Glyc\u00e9reth-26, St\u00e9arate de Glyc\u00e9ryle, Diheptanoate de Glycol N\u00e9opentyle, Octyldod\u00e9canol, Asiaticoside, Panth\u00e9nol, Acide Asiatiques, Olivate de C\u00e9tyle, Glycolipides, L\u00e9cithine Hydrog\u00e9n\u00e9e, Acide Madecassique, C12-13 Pareth-9, Olivate de Sorbitan, Huile de Feuille de Melaleuca Alternifolia, Glycol Pentyl\u00e8ne, Glyc\u00e9rine \u00c9thylhexyle, Glycol Caprylyle, Eau de Chamaecyparis Obtusa, Extrait de Feuille de Pinus Palustris, Disodium EDTA, Acide Hyaluronique, Acide Hyaluronique Hydrolys\u00e9, Hyaluronate de Sodium, Extrait de Grain de Zea Mays, Taurate de Polyacryloyldim\u00e9thyl Ammonium, Gluconolactone, Extrait de Centella Asiatica, Acide Salicylique Capryloyl, Fructane, Glucose, Calamine.<\/p>\n","protected":false},"excerpt":{"rendered":"<p>Description Combats efficacement l\u2019acn\u00e9 avec la Madagascar Centella Tea-Trica Spot Cream SKIN1004. Ce puissant traitement localis\u00e9 anti-imperfections est infus\u00e9 d\u2019eau de feuilles d\u2019arbre \u00e0 th\u00e9, d\u2019extrait de Centella Asiatica et d\u2019un complexe de feuilles de pin pour apaiser les peaux sensibles et irrit\u00e9es. La calamine absorbe l\u2019exc\u00e8s de s\u00e9bum pour maintenir une peau nette, tandis [&hellip;]<\/p>\n","protected":false},"featured_media":4756,"comment_status":"open","ping_status":"closed","template":"","meta":{"content-type":"","_uag_custom_page_level_css":""},"pwb-brand":[],"product_brand":[],"product_cat":[324,334,350],"product_tag":[],"class_list":{"0":"post-4757","1":"product","2":"type-product","3":"status-publish","4":"has-post-thumbnail","6":"product_cat-creme","7":"product_cat-produits-coreens","8":"product_cat-skin1004","10":"first","11":"instock","12":"sale","13":"shipping-taxable","14":"purchasable","15":"product-type-simple"},"aioseo_notices":[],"uagb_featured_image_src":{"full":["https:\/\/wavexia.com\/wp-content\/uploads\/2025\/10\/IMG_1681.png",800,800,false],"thumbnail":["https:\/\/wavexia.com\/wp-content\/uploads\/2025\/10\/IMG_1681-150x150.png",150,150,true],"medium":["https:\/\/wavexia.com\/wp-content\/uploads\/2025\/10\/IMG_1681-300x300.png",300,300,true],"medium_large":["https:\/\/wavexia.com\/wp-content\/uploads\/2025\/10\/IMG_1681-768x768.png",768,768,true],"large":["https:\/\/wavexia.com\/wp-content\/uploads\/2025\/10\/IMG_1681.png",800,800,false],"1536x1536":["https:\/\/wavexia.com\/wp-content\/uploads\/2025\/10\/IMG_1681.png",800,800,false],"2048x2048":["https:\/\/wavexia.com\/wp-content\/uploads\/2025\/10\/IMG_1681.png",800,800,false],"woocommerce_archive_thumbnail":["https:\/\/wavexia.com\/wp-content\/uploads\/2025\/10\/IMG_1681-300x300.png",300,300,true],"woocommerce_thumbnail":["https:\/\/wavexia.com\/wp-content\/uploads\/2025\/10\/IMG_1681-300x300.png",300,300,true],"woocommerce_single":["https:\/\/wavexia.com\/wp-content\/uploads\/2025\/10\/IMG_1681-600x600.png",600,600,true],"woocommerce_gallery_thumbnail":["https:\/\/wavexia.com\/wp-content\/uploads\/2025\/10\/IMG_1681-100x100.png",100,100,true]},"uagb_author_info":{"display_name":"zineddine.ayoub98@gmail.com","author_link":"https:\/\/wavexia.com\/?author=0"},"uagb_comment_info":0,"uagb_excerpt":"Description Combats efficacement l\u2019acn\u00e9 avec la Madagascar Centella Tea-Trica Spot Cream SKIN1004. Ce puissant traitement localis\u00e9 anti-imperfections est infus\u00e9 d\u2019eau de feuilles d\u2019arbre \u00e0 th\u00e9, d\u2019extrait de Centella Asiatica et d\u2019un complexe de feuilles de pin pour apaiser les peaux sensibles et irrit\u00e9es. La calamine absorbe l\u2019exc\u00e8s de s\u00e9bum pour maintenir une peau nette, tandis&hellip;","brands":[],"_links":{"self":[{"href":"https:\/\/wavexia.com\/index.php?rest_route=\/wp\/v2\/product\/4757","targetHints":{"allow":["GET"]}}],"collection":[{"href":"https:\/\/wavexia.com\/index.php?rest_route=\/wp\/v2\/product"}],"about":[{"href":"https:\/\/wavexia.com\/index.php?rest_route=\/wp\/v2\/types\/product"}],"replies":[{"embeddable":true,"href":"https:\/\/wavexia.com\/index.php?rest_route=%2Fwp%2Fv2%2Fcomments&post=4757"}],"wp:featuredmedia":[{"embeddable":true,"href":"https:\/\/wavexia.com\/index.php?rest_route=\/wp\/v2\/media\/4756"}],"wp:attachment":[{"href":"https:\/\/wavexia.com\/index.php?rest_route=%2Fwp%2Fv2%2Fmedia&parent=4757"}],"wp:term":[{"taxonomy":"pwb-brand","embeddable":true,"href":"https:\/\/wavexia.com\/index.php?rest_route=%2Fwp%2Fv2%2Fpwb-brand&post=4757"},{"taxonomy":"product_brand","embeddable":true,"href":"https:\/\/wavexia.com\/index.php?rest_route=%2Fwp%2Fv2%2Fproduct_brand&post=4757"},{"taxonomy":"product_cat","embeddable":true,"href":"https:\/\/wavexia.com\/index.php?rest_route=%2Fwp%2Fv2%2Fproduct_cat&post=4757"},{"taxonomy":"product_tag","embeddable":true,"href":"https:\/\/wavexia.com\/index.php?rest_route=%2Fwp%2Fv2%2Fproduct_tag&post=4757"}],"curies":[{"name":"wp","href":"https:\/\/api.w.org\/{rel}","templated":true}]}}