{"id":4743,"date":"2025-10-19T09:11:01","date_gmt":"2025-10-19T09:11:01","guid":{"rendered":"https:\/\/wavexia.com\/product\/gluta-frozen-frozen-detox-dietary-helps-excretory-system-60-capsules\/"},"modified":"2026-03-10T07:31:04","modified_gmt":"2026-03-10T07:31:04","slug":"gluta-frozen-frozen-detox-dietary-helps-excretory-system-60-capsules","status":"publish","type":"product","link":"https:\/\/wavexia.com\/?product=gluta-frozen-frozen-detox-dietary-helps-excretory-system-60-capsules","title":{"rendered":"GLUTA FROZEN \u2013 Frozen Detox Dietary Helps Excretory System \u2013 60 Capsules"},"content":{"rendered":"<h2>Description<\/h2>\n<p>G\u00e9lules amincissante \u00e0 base de fruits et ingr\u00e9dients 100 % naturels.<\/p>\n<p class=\"tw-data-text tw-text-large XcVN5d tw-ta\" dir=\"ltr\" data-placeholder=\"Traduction\"><span class=\"Y2IQFc\" lang=\"fr\">Frozen Detox contient des ingr\u00e9dients 100% naturels sans aucun effet secondaire, efficaces pour :<\/span><\/p>\n<ul>\n<li class=\"tw-data-text tw-text-large XcVN5d tw-ta\" dir=\"ltr\" data-placeholder=\"Traduction\"><span class=\"Y2IQFc\" lang=\"fr\">Br\u00fbler les graisses<\/span><\/li>\n<li class=\"tw-data-text tw-text-large XcVN5d tw-ta\" dir=\"ltr\" data-placeholder=\"Traduction\"><span class=\"Y2IQFc\" lang=\"fr\">Pour dig\u00e9rer les aliments rapidement<\/span><\/li>\n<li class=\"tw-data-text tw-text-large XcVN5d tw-ta\" dir=\"ltr\" data-placeholder=\"Traduction\"><span class=\"Y2IQFc\" lang=\"fr\">R\u00e9gime, r\u00e9duire le poids sans exercices<\/span><\/li>\n<li class=\"tw-data-text tw-text-large XcVN5d tw-ta\" dir=\"ltr\" data-placeholder=\"Traduction\"><span class=\"Y2IQFc\" lang=\"fr\">R\u00e9duire toute la graisse corporelle est int\u00e9ressant<\/span><\/li>\n<li class=\"tw-data-text tw-text-large XcVN5d tw-ta\" dir=\"ltr\" data-placeholder=\"Traduction\"><span class=\"Y2IQFc\" lang=\"fr\">Construire de belles silhouettes<\/span><\/li>\n<li class=\"tw-data-text tw-text-large XcVN5d tw-ta\" dir=\"ltr\" data-placeholder=\"Traduction\"><span class=\"Y2IQFc\" lang=\"fr\">Contr\u00f4ler la formation de nouvelle graisse<\/span><\/li>\n<li class=\"tw-data-text tw-text-large XcVN5d tw-ta\" dir=\"ltr\" data-placeholder=\"Traduction\"><span class=\"Y2IQFc\" lang=\"fr\">R\u00e9duire les lipides sanguins<\/span><\/li>\n<li class=\"tw-data-text tw-text-large XcVN5d tw-ta\" dir=\"ltr\" data-placeholder=\"Traduction\"><span class=\"Y2IQFc\" lang=\"fr\">La circulation sanguine stimulera<\/span><\/li>\n<li class=\"tw-data-text tw-text-large XcVN5d tw-ta\" dir=\"ltr\" data-placeholder=\"Traduction\"><span class=\"Y2IQFc\" lang=\"fr\">L\u2019\u00e9quilibre des composants directs nourrira<\/span><\/li>\n<li class=\"tw-data-text tw-text-large XcVN5d tw-ta\" dir=\"ltr\" data-placeholder=\"Traduction\"><span class=\"Y2IQFc\" lang=\"fr\">R\u00e9duire la graisse de tout le corps.<\/span><\/li>\n<\/ul>\n<p id=\"tw-target-text\" class=\"tw-data-text tw-text-large XcVN5d tw-ta\" dir=\"ltr\" data-placeholder=\"Traduction\"><span class=\"Y2IQFc\" lang=\"fr\">Propri\u00e9t\u00e9s :&nbsp;Frozen Detox est le compl\u00e9ment alimentaire pour la d\u00e9toxification du corps. Il contient des extraits de plantes pour \u00e9quilibrer le syst\u00e8me excr\u00e9teur, r\u00e9duire la graisse du ventre, favoriser un ventre plat et raffermir le corps.<\/span><\/p>\n<p class=\"tw-data-text tw-text-large XcVN5d tw-ta\" dir=\"ltr\" data-placeholder=\"Traduction\"><span class=\"Y2IQFc\" lang=\"fr\">B\u00e9n\u00e9fices de Frozen Detox:<\/span><\/p>\n<ul>\n<li class=\"tw-data-text tw-text-large XcVN5d tw-ta\" dir=\"ltr\" data-placeholder=\"Traduction\"><span class=\"Y2IQFc\" lang=\"fr\">Aide \u00e0 \u00e9quilibrer le syst\u00e8me excr\u00e9teur<\/span><\/li>\n<li class=\"tw-data-text tw-text-large XcVN5d tw-ta\" dir=\"ltr\" data-placeholder=\"Traduction\"><span class=\"Y2IQFc\" lang=\"fr\">Aide \u00e0 la d\u00e9toxification intestinale \u00c9limine les graisses et les d\u00e9chets du corps, Raffermit le corps,<\/span><\/li>\n<li class=\"tw-data-text tw-text-large XcVN5d tw-ta\" dir=\"ltr\" data-placeholder=\"Traduction\"><span class=\"Y2IQFc\" lang=\"fr\">r\u00e9duit la graisse du ventre et favorise un ventre plat<\/span><\/li>\n<li class=\"tw-data-text tw-text-large XcVN5d tw-ta\" dir=\"ltr\" data-placeholder=\"Traduction\"><span class=\"Y2IQFc\" lang=\"fr\">Favorise une peau claire<\/span><\/li>\n<\/ul>\n<p><span class=\"Y2IQFc\" lang=\"fr\">Ingr\u00e9dients de Frozen Detox:&nbsp;Psyllium Husk Powder, Indian Gooseberry Powder, Poudre de jus de pruneau, extrait de bois de myrobalan, extrait de b\u00e9l\u00e9ric myrobalan, extrait de garcinia<\/span><\/p>\n<p><span class=\"Y2IQFc\" lang=\"fr\">R\u00e8gles de consommation : : Apr\u00e8s 1 petit-d\u00e9jeuner capsule. Apr\u00e8s 1 d\u00eener capsule. 1 paquet contient 60 g\u00e9lules.<\/span><\/p>\n<p><span class=\"Y2IQFc\" lang=\"fr\"><span style=\"color: #777777; font-family: Poppins, Arial, Helvetica, sans-serif;\"><b>GLUTA FROZEN \u2013 Frozen Detox Dietary Helps Excretory System \u2013 60 Capsules est disponible chez parabioty la premi\u00e8re parapharmacie en ligne au maroc avec meilleur prix maroc et livraison partout au maroc&nbsp;<\/b><\/span><\/span><\/p>\n","protected":false},"excerpt":{"rendered":"<p>Description G\u00e9lules amincissante \u00e0 base de fruits et ingr\u00e9dients 100 % naturels. Frozen Detox contient des ingr\u00e9dients 100% naturels sans aucun effet secondaire, efficaces pour : Br\u00fbler les graisses Pour dig\u00e9rer les aliments rapidement R\u00e9gime, r\u00e9duire le poids sans exercices R\u00e9duire toute la graisse corporelle est int\u00e9ressant Construire de belles silhouettes Contr\u00f4ler la formation de [&hellip;]<\/p>\n","protected":false},"featured_media":4742,"comment_status":"open","ping_status":"closed","template":"","meta":{"content-type":"","_uag_custom_page_level_css":""},"pwb-brand":[],"product_brand":[],"product_cat":[330],"product_tag":[],"class_list":{"0":"post-4743","1":"product","2":"type-product","3":"status-publish","4":"has-post-thumbnail","6":"product_cat-complements-alimentaires","8":"first","9":"instock","10":"sale","11":"shipping-taxable","12":"purchasable","13":"product-type-simple"},"aioseo_notices":[],"uagb_featured_image_src":{"full":["https:\/\/wavexia.com\/wp-content\/uploads\/2025\/10\/89c956bd837d30f68be1efc3bf9609e9.jpeg",1000,1000,false],"thumbnail":["https:\/\/wavexia.com\/wp-content\/uploads\/2025\/10\/89c956bd837d30f68be1efc3bf9609e9-150x150.jpeg",150,150,true],"medium":["https:\/\/wavexia.com\/wp-content\/uploads\/2025\/10\/89c956bd837d30f68be1efc3bf9609e9-300x300.jpeg",300,300,true],"medium_large":["https:\/\/wavexia.com\/wp-content\/uploads\/2025\/10\/89c956bd837d30f68be1efc3bf9609e9-768x768.jpeg",768,768,true],"large":["https:\/\/wavexia.com\/wp-content\/uploads\/2025\/10\/89c956bd837d30f68be1efc3bf9609e9.jpeg",1000,1000,false],"1536x1536":["https:\/\/wavexia.com\/wp-content\/uploads\/2025\/10\/89c956bd837d30f68be1efc3bf9609e9.jpeg",1000,1000,false],"2048x2048":["https:\/\/wavexia.com\/wp-content\/uploads\/2025\/10\/89c956bd837d30f68be1efc3bf9609e9.jpeg",1000,1000,false],"woocommerce_archive_thumbnail":["https:\/\/wavexia.com\/wp-content\/uploads\/2025\/10\/89c956bd837d30f68be1efc3bf9609e9-300x300.jpeg",300,300,true],"woocommerce_thumbnail":["https:\/\/wavexia.com\/wp-content\/uploads\/2025\/10\/89c956bd837d30f68be1efc3bf9609e9-300x300.jpeg",300,300,true],"woocommerce_single":["https:\/\/wavexia.com\/wp-content\/uploads\/2025\/10\/89c956bd837d30f68be1efc3bf9609e9-600x600.jpeg",600,600,true],"woocommerce_gallery_thumbnail":["https:\/\/wavexia.com\/wp-content\/uploads\/2025\/10\/89c956bd837d30f68be1efc3bf9609e9-100x100.jpeg",100,100,true]},"uagb_author_info":{"display_name":"zineddine.ayoub98@gmail.com","author_link":"https:\/\/wavexia.com\/?author=0"},"uagb_comment_info":0,"uagb_excerpt":"Description G\u00e9lules amincissante \u00e0 base de fruits et ingr\u00e9dients 100 % naturels. Frozen Detox contient des ingr\u00e9dients 100% naturels sans aucun effet secondaire, efficaces pour : Br\u00fbler les graisses Pour dig\u00e9rer les aliments rapidement R\u00e9gime, r\u00e9duire le poids sans exercices R\u00e9duire toute la graisse corporelle est int\u00e9ressant Construire de belles silhouettes Contr\u00f4ler la formation de&hellip;","brands":[],"_links":{"self":[{"href":"https:\/\/wavexia.com\/index.php?rest_route=\/wp\/v2\/product\/4743","targetHints":{"allow":["GET"]}}],"collection":[{"href":"https:\/\/wavexia.com\/index.php?rest_route=\/wp\/v2\/product"}],"about":[{"href":"https:\/\/wavexia.com\/index.php?rest_route=\/wp\/v2\/types\/product"}],"replies":[{"embeddable":true,"href":"https:\/\/wavexia.com\/index.php?rest_route=%2Fwp%2Fv2%2Fcomments&post=4743"}],"wp:featuredmedia":[{"embeddable":true,"href":"https:\/\/wavexia.com\/index.php?rest_route=\/wp\/v2\/media\/4742"}],"wp:attachment":[{"href":"https:\/\/wavexia.com\/index.php?rest_route=%2Fwp%2Fv2%2Fmedia&parent=4743"}],"wp:term":[{"taxonomy":"pwb-brand","embeddable":true,"href":"https:\/\/wavexia.com\/index.php?rest_route=%2Fwp%2Fv2%2Fpwb-brand&post=4743"},{"taxonomy":"product_brand","embeddable":true,"href":"https:\/\/wavexia.com\/index.php?rest_route=%2Fwp%2Fv2%2Fproduct_brand&post=4743"},{"taxonomy":"product_cat","embeddable":true,"href":"https:\/\/wavexia.com\/index.php?rest_route=%2Fwp%2Fv2%2Fproduct_cat&post=4743"},{"taxonomy":"product_tag","embeddable":true,"href":"https:\/\/wavexia.com\/index.php?rest_route=%2Fwp%2Fv2%2Fproduct_tag&post=4743"}],"curies":[{"name":"wp","href":"https:\/\/api.w.org\/{rel}","templated":true}]}}