{"id":4739,"date":"2025-10-19T09:10:59","date_gmt":"2025-10-19T09:10:59","guid":{"rendered":"https:\/\/wavexia.com\/product\/now-foods-glutathione-500-mg-30-veg-capsules-detox-support\/"},"modified":"2026-03-10T07:31:04","modified_gmt":"2026-03-10T07:31:04","slug":"now-foods-glutathione-500-mg-30-veg-capsules-detox-support","status":"publish","type":"product","link":"https:\/\/wavexia.com\/?product=now-foods-glutathione-500-mg-30-veg-capsules-detox-support","title":{"rendered":"NOW FOODS | GLUTATHIONE 500 MG 30 veg capsules Detox Support"},"content":{"rendered":"<h2>Description<\/h2>\n<p style=\"text-align: left;\"><b>Now Foods&nbsp;<\/b>\u2013&nbsp;Le glutathion est une petite mol\u00e9cule peptidique compos\u00e9e de trois acides amin\u00e9s : la cyst\u00e9ine, l\u2019acide glutamique et la glycine. Il est produit par toutes les cellules du corps, avec des niveaux particuli\u00e8rement \u00e9lev\u00e9s dans le foie. Le glutathion est essentiel au bon fonctionnement du syst\u00e8me immunitaire, n\u00e9cessaire au bon processus de d\u00e9toxification et favorise un vieillissement en bonne sant\u00e9. Il joue \u00e9galement un r\u00f4le essentiel dans le maintien de la sant\u00e9 cellulaire en neutralisant directement les radicaux libres, ainsi qu\u2019en maintenant l\u2019activit\u00e9 des vitamines C et E. L\u2019extrait de chardon-Marie et l\u2019acide alpha-lipo\u00efque sont inclus comme ingr\u00e9dients compl\u00e9mentaires.<\/p>\n","protected":false},"excerpt":{"rendered":"<p>Description Now Foods&nbsp;\u2013&nbsp;Le glutathion est une petite mol\u00e9cule peptidique compos\u00e9e de trois acides amin\u00e9s : la cyst\u00e9ine, l\u2019acide glutamique et la glycine. Il est produit par toutes les cellules du corps, avec des niveaux particuli\u00e8rement \u00e9lev\u00e9s dans le foie. Le glutathion est essentiel au bon fonctionnement du syst\u00e8me immunitaire, n\u00e9cessaire au bon processus de d\u00e9toxification [&hellip;]<\/p>\n","protected":false},"featured_media":4738,"comment_status":"open","ping_status":"closed","template":"","meta":{"content-type":"","_uag_custom_page_level_css":""},"pwb-brand":[],"product_brand":[],"product_cat":[330],"product_tag":[],"class_list":{"0":"post-4739","1":"product","2":"type-product","3":"status-publish","4":"has-post-thumbnail","6":"product_cat-complements-alimentaires","8":"first","9":"instock","10":"sale","11":"shipping-taxable","12":"purchasable","13":"product-type-simple"},"aioseo_notices":[],"uagb_featured_image_src":{"full":["https:\/\/wavexia.com\/wp-content\/uploads\/2025\/10\/71nzRkLMM8L._UF10001000_QL80_.jpg",1000,1000,false],"thumbnail":["https:\/\/wavexia.com\/wp-content\/uploads\/2025\/10\/71nzRkLMM8L._UF10001000_QL80_-150x150.jpg",150,150,true],"medium":["https:\/\/wavexia.com\/wp-content\/uploads\/2025\/10\/71nzRkLMM8L._UF10001000_QL80_-300x300.jpg",300,300,true],"medium_large":["https:\/\/wavexia.com\/wp-content\/uploads\/2025\/10\/71nzRkLMM8L._UF10001000_QL80_-768x768.jpg",768,768,true],"large":["https:\/\/wavexia.com\/wp-content\/uploads\/2025\/10\/71nzRkLMM8L._UF10001000_QL80_.jpg",1000,1000,false],"1536x1536":["https:\/\/wavexia.com\/wp-content\/uploads\/2025\/10\/71nzRkLMM8L._UF10001000_QL80_.jpg",1000,1000,false],"2048x2048":["https:\/\/wavexia.com\/wp-content\/uploads\/2025\/10\/71nzRkLMM8L._UF10001000_QL80_.jpg",1000,1000,false],"woocommerce_archive_thumbnail":["https:\/\/wavexia.com\/wp-content\/uploads\/2025\/10\/71nzRkLMM8L._UF10001000_QL80_-300x300.jpg",300,300,true],"woocommerce_thumbnail":["https:\/\/wavexia.com\/wp-content\/uploads\/2025\/10\/71nzRkLMM8L._UF10001000_QL80_-300x300.jpg",300,300,true],"woocommerce_single":["https:\/\/wavexia.com\/wp-content\/uploads\/2025\/10\/71nzRkLMM8L._UF10001000_QL80_-600x600.jpg",600,600,true],"woocommerce_gallery_thumbnail":["https:\/\/wavexia.com\/wp-content\/uploads\/2025\/10\/71nzRkLMM8L._UF10001000_QL80_-100x100.jpg",100,100,true]},"uagb_author_info":{"display_name":"zineddine.ayoub98@gmail.com","author_link":"https:\/\/wavexia.com\/?author=0"},"uagb_comment_info":0,"uagb_excerpt":"Description Now Foods&nbsp;\u2013&nbsp;Le glutathion est une petite mol\u00e9cule peptidique compos\u00e9e de trois acides amin\u00e9s : la cyst\u00e9ine, l\u2019acide glutamique et la glycine. Il est produit par toutes les cellules du corps, avec des niveaux particuli\u00e8rement \u00e9lev\u00e9s dans le foie. Le glutathion est essentiel au bon fonctionnement du syst\u00e8me immunitaire, n\u00e9cessaire au bon processus de d\u00e9toxification&hellip;","brands":[],"_links":{"self":[{"href":"https:\/\/wavexia.com\/index.php?rest_route=\/wp\/v2\/product\/4739","targetHints":{"allow":["GET"]}}],"collection":[{"href":"https:\/\/wavexia.com\/index.php?rest_route=\/wp\/v2\/product"}],"about":[{"href":"https:\/\/wavexia.com\/index.php?rest_route=\/wp\/v2\/types\/product"}],"replies":[{"embeddable":true,"href":"https:\/\/wavexia.com\/index.php?rest_route=%2Fwp%2Fv2%2Fcomments&post=4739"}],"wp:featuredmedia":[{"embeddable":true,"href":"https:\/\/wavexia.com\/index.php?rest_route=\/wp\/v2\/media\/4738"}],"wp:attachment":[{"href":"https:\/\/wavexia.com\/index.php?rest_route=%2Fwp%2Fv2%2Fmedia&parent=4739"}],"wp:term":[{"taxonomy":"pwb-brand","embeddable":true,"href":"https:\/\/wavexia.com\/index.php?rest_route=%2Fwp%2Fv2%2Fpwb-brand&post=4739"},{"taxonomy":"product_brand","embeddable":true,"href":"https:\/\/wavexia.com\/index.php?rest_route=%2Fwp%2Fv2%2Fproduct_brand&post=4739"},{"taxonomy":"product_cat","embeddable":true,"href":"https:\/\/wavexia.com\/index.php?rest_route=%2Fwp%2Fv2%2Fproduct_cat&post=4739"},{"taxonomy":"product_tag","embeddable":true,"href":"https:\/\/wavexia.com\/index.php?rest_route=%2Fwp%2Fv2%2Fproduct_tag&post=4739"}],"curies":[{"name":"wp","href":"https:\/\/api.w.org\/{rel}","templated":true}]}}