{"id":4737,"date":"2025-10-19T09:10:58","date_gmt":"2025-10-19T09:10:58","guid":{"rendered":"https:\/\/wavexia.com\/product\/vibrant-glamour-retinol-serum-anti-aging-and-skin-whitening\/"},"modified":"2026-03-10T07:31:04","modified_gmt":"2026-03-10T07:31:04","slug":"vibrant-glamour-retinol-serum-anti-aging-and-skin-whitening","status":"publish","type":"product","link":"https:\/\/wavexia.com\/?product=vibrant-glamour-retinol-serum-anti-aging-and-skin-whitening","title":{"rendered":"Vibrant glamour Retinol Serum Anti-Aging and Skin Whitening"},"content":{"rendered":"<h2>Description<\/h2>\n<div class=\"woocommerce-tabs wc-tabs-wrapper\">\n<div id=\"tab-description\" class=\"woocommerce-Tabs-panel woocommerce-Tabs-panel--description panel entry-content wc-tab\" role=\"tabpanel\" aria-labelledby=\"tab-title-description\" style=\"display: none;\">\n<ul>\n<li>Il acc\u00e9l\u00e8re l\u2019auto-renouvellement de la peau et pr\u00e9vient la formation de rides<\/li>\n<li>Favorise la production de collag\u00e8ne et att\u00e9nue les ridules<\/li>\n<li>Aide la couche corn\u00e9e \u00e0 rafra\u00eechir et \u00e9claircir le teint pour une peau lisse et ferme.<\/li>\n<li>Convient \u00e0 tous les types de peau<\/li>\n<\/ul>\n<p>L\u2019ingr\u00e9dient principal du s\u00e9rum au r\u00e9tinol Vibrant Glamour<\/p>\n<p>Vitamine A-R\u00e9tinol : Ingr\u00e9dient anti-\u00e2ge efficace, il aide \u00e0 reconstituer rapidement le collag\u00e8ne, tout en r\u00e9duisant la capacit\u00e9 \u00e0 d\u00e9grader le collag\u00e8ne, gardant la peau saine et belle.<\/p>\n<p>Vitamine C : Elle a pour effet d\u2019inhiber la tyrosinase et inhibe la croissance de la m\u00e9lanine pour obtenir l\u2019effet blanchissant de la peau le plus \u00e9lev\u00e9.<\/p>\n<p>Arbutine : Les ingr\u00e9dients de soin de la peau en profondeur, dans la partie inf\u00e9rieure de la peau, contribuent \u00e0 inhiber la formation de tyrosinase, \u00e0 r\u00e9duire l\u2019accumulation de pigmentation, \u00e0 r\u00e9duire les taches brunes et \u00e0 \u00e9claircir la peau.<\/p>\n<p>Ac\u00e9tyl Hexapeptide-8 : L\u2019ac\u00e9tyl Hexapeptide-8 : est l\u2019ingr\u00e9dient principal du produit qui aide \u00e0 r\u00e9duire et \u00e0 pr\u00e9venir les rides sur la peau du visage. Les polypeptides bioactifs rendent le produit plus s\u00fbr et r\u00e9duisent rapidement les rides.<\/p>\n<p>Acide hyaluronique : forme un film protecteur et p\u00e9n\u00e8tre dans la couche inf\u00e9rieure de la peau pour augmenter l\u2019\u00e9lasticit\u00e9 de la peau et am\u00e9liorer les cellules endommag\u00e9es. En 24 heures, la composition mol\u00e9culaire de la peau peut absorber cette substance jusqu\u2019\u00e0 69,5 %. C\u2019est un nutriment qui aide \u00e0 rajeunir la peau.<\/p>\n<p>mode d\u2019emploi:<\/p>\n<p>Nettoyez votre visage avec un nettoyant visage avant d\u2019utiliser le produit.<\/p>\n<p>Prenez une quantit\u00e9 appropri\u00e9e de s\u00e9rum et appliquez-la uniform\u00e9ment sur le visage.<\/p>\n<p>Tapotez votre peau jusqu\u2019\u00e0 ce que le s\u00e9rum soit profond\u00e9ment absorb\u00e9 pendant 30 secondes \u00e0 1 minute<\/p>\n<\/div>\n<section class=\"related products\">\n<h2>Produits similaires<\/h2>\n<\/section>\n<\/div>\n","protected":false},"excerpt":{"rendered":"<p>Description Il acc\u00e9l\u00e8re l\u2019auto-renouvellement de la peau et pr\u00e9vient la formation de rides Favorise la production de collag\u00e8ne et att\u00e9nue les ridules Aide la couche corn\u00e9e \u00e0 rafra\u00eechir et \u00e9claircir le teint pour une peau lisse et ferme. Convient \u00e0 tous les types de peau L\u2019ingr\u00e9dient principal du s\u00e9rum au r\u00e9tinol Vibrant Glamour Vitamine A-R\u00e9tinol [&hellip;]<\/p>\n","protected":false},"featured_media":4736,"comment_status":"open","ping_status":"closed","template":"","meta":{"content-type":"","_uag_custom_page_level_css":""},"pwb-brand":[],"product_brand":[],"product_cat":[357,327,339,338,437],"product_tag":[],"class_list":{"0":"post-4737","1":"product","2":"type-product","3":"status-publish","4":"has-post-thumbnail","6":"product_cat-anti-age-rides","7":"product_cat-hmizat","8":"product_cat-meilleures-ventes","9":"product_cat-serum-ampoule","10":"product_cat-vibrant-glamour","12":"first","13":"instock","14":"sale","15":"shipping-taxable","16":"purchasable","17":"product-type-simple"},"aioseo_notices":[],"uagb_featured_image_src":{"full":["https:\/\/wavexia.com\/wp-content\/uploads\/2025\/10\/NyzYTzTkezQaS4ymvqaBtVkR0FBYz172BYrhaPAf.webp",640,640,false],"thumbnail":["https:\/\/wavexia.com\/wp-content\/uploads\/2025\/10\/NyzYTzTkezQaS4ymvqaBtVkR0FBYz172BYrhaPAf-150x150.webp",150,150,true],"medium":["https:\/\/wavexia.com\/wp-content\/uploads\/2025\/10\/NyzYTzTkezQaS4ymvqaBtVkR0FBYz172BYrhaPAf-300x300.webp",300,300,true],"medium_large":["https:\/\/wavexia.com\/wp-content\/uploads\/2025\/10\/NyzYTzTkezQaS4ymvqaBtVkR0FBYz172BYrhaPAf.webp",640,640,false],"large":["https:\/\/wavexia.com\/wp-content\/uploads\/2025\/10\/NyzYTzTkezQaS4ymvqaBtVkR0FBYz172BYrhaPAf.webp",640,640,false],"1536x1536":["https:\/\/wavexia.com\/wp-content\/uploads\/2025\/10\/NyzYTzTkezQaS4ymvqaBtVkR0FBYz172BYrhaPAf.webp",640,640,false],"2048x2048":["https:\/\/wavexia.com\/wp-content\/uploads\/2025\/10\/NyzYTzTkezQaS4ymvqaBtVkR0FBYz172BYrhaPAf.webp",640,640,false],"woocommerce_archive_thumbnail":["https:\/\/wavexia.com\/wp-content\/uploads\/2025\/10\/NyzYTzTkezQaS4ymvqaBtVkR0FBYz172BYrhaPAf-300x300.webp",300,300,true],"woocommerce_thumbnail":["https:\/\/wavexia.com\/wp-content\/uploads\/2025\/10\/NyzYTzTkezQaS4ymvqaBtVkR0FBYz172BYrhaPAf-300x300.webp",300,300,true],"woocommerce_single":["https:\/\/wavexia.com\/wp-content\/uploads\/2025\/10\/NyzYTzTkezQaS4ymvqaBtVkR0FBYz172BYrhaPAf-600x600.webp",600,600,true],"woocommerce_gallery_thumbnail":["https:\/\/wavexia.com\/wp-content\/uploads\/2025\/10\/NyzYTzTkezQaS4ymvqaBtVkR0FBYz172BYrhaPAf-100x100.webp",100,100,true]},"uagb_author_info":{"display_name":"zineddine.ayoub98@gmail.com","author_link":"https:\/\/wavexia.com\/?author=0"},"uagb_comment_info":0,"uagb_excerpt":"Description Il acc\u00e9l\u00e8re l\u2019auto-renouvellement de la peau et pr\u00e9vient la formation de rides Favorise la production de collag\u00e8ne et att\u00e9nue les ridules Aide la couche corn\u00e9e \u00e0 rafra\u00eechir et \u00e9claircir le teint pour une peau lisse et ferme. Convient \u00e0 tous les types de peau L\u2019ingr\u00e9dient principal du s\u00e9rum au r\u00e9tinol Vibrant Glamour Vitamine A-R\u00e9tinol&hellip;","brands":[],"_links":{"self":[{"href":"https:\/\/wavexia.com\/index.php?rest_route=\/wp\/v2\/product\/4737","targetHints":{"allow":["GET"]}}],"collection":[{"href":"https:\/\/wavexia.com\/index.php?rest_route=\/wp\/v2\/product"}],"about":[{"href":"https:\/\/wavexia.com\/index.php?rest_route=\/wp\/v2\/types\/product"}],"replies":[{"embeddable":true,"href":"https:\/\/wavexia.com\/index.php?rest_route=%2Fwp%2Fv2%2Fcomments&post=4737"}],"wp:featuredmedia":[{"embeddable":true,"href":"https:\/\/wavexia.com\/index.php?rest_route=\/wp\/v2\/media\/4736"}],"wp:attachment":[{"href":"https:\/\/wavexia.com\/index.php?rest_route=%2Fwp%2Fv2%2Fmedia&parent=4737"}],"wp:term":[{"taxonomy":"pwb-brand","embeddable":true,"href":"https:\/\/wavexia.com\/index.php?rest_route=%2Fwp%2Fv2%2Fpwb-brand&post=4737"},{"taxonomy":"product_brand","embeddable":true,"href":"https:\/\/wavexia.com\/index.php?rest_route=%2Fwp%2Fv2%2Fproduct_brand&post=4737"},{"taxonomy":"product_cat","embeddable":true,"href":"https:\/\/wavexia.com\/index.php?rest_route=%2Fwp%2Fv2%2Fproduct_cat&post=4737"},{"taxonomy":"product_tag","embeddable":true,"href":"https:\/\/wavexia.com\/index.php?rest_route=%2Fwp%2Fv2%2Fproduct_tag&post=4737"}],"curies":[{"name":"wp","href":"https:\/\/api.w.org\/{rel}","templated":true}]}}