{"id":4735,"date":"2025-10-19T09:10:56","date_gmt":"2025-10-19T09:10:56","guid":{"rendered":"https:\/\/wavexia.com\/product\/nyx-shine-loud-ref-stay-stuntin\/"},"modified":"2026-03-10T07:31:04","modified_gmt":"2026-03-10T07:31:04","slug":"nyx-shine-loud-ref-stay-stuntin","status":"publish","type":"product","link":"https:\/\/wavexia.com\/?product=nyx-shine-loud-ref-stay-stuntin","title":{"rendered":"NYX \u2013 Shine Loud \u2013 REF : STAY STUNTIN"},"content":{"rendered":"<h2>Description<\/h2>\n<p>D\u00e9couvrez notre tout 1er brillant \u00e0 l\u00e8vres ultra pigment\u00e9, offrant une tenue jusqu\u2019\u00e0 16h sans transfert. L\u00e9g\u00e8re et confortable sur les l\u00e8vres, cette formule Vegan vous offre une couleur ultra satur\u00e9e en une seule application, un r\u00e9sultat \u201cglossy\u201d ultra-brillant sous tous les angles, et un fini non collant.<\/p>\n<p>Technologie double embout<\/p>\n<p>Associez simplement la base riche en pigment\u00e9e et enrichie en huiles nourrissantes* \u00e0 la couche de finition ultra-r\u00e9fl\u00e9chissante** pour une brillance \u00e0 couper le souffle !<\/p>\n<p>Tenue sans transfert jusqu\u2019\u00e0 16 heures<\/p>\n<p>Ne bouge pas, ne coule pas et ne s\u2019estompe pas : vous pouvez embrasser, boire, secouer vos cheveux, et m\u00eame le porter sous votre masque !<\/p>\n<p>*enrichie en huile de noix de macadamia, huile de coriandre, huile de graines de jojoba, huile de noyau d\u2019abricot, huile de p\u00e9pins de fruit de la passion **enrichie en d\u00e9riv\u00e9 de vitamine E<\/p>\n","protected":false},"excerpt":{"rendered":"<p>Description D\u00e9couvrez notre tout 1er brillant \u00e0 l\u00e8vres ultra pigment\u00e9, offrant une tenue jusqu\u2019\u00e0 16h sans transfert. L\u00e9g\u00e8re et confortable sur les l\u00e8vres, cette formule Vegan vous offre une couleur ultra satur\u00e9e en une seule application, un r\u00e9sultat \u201cglossy\u201d ultra-brillant sous tous les angles, et un fini non collant. Technologie double embout Associez simplement la [&hellip;]<\/p>\n","protected":false},"featured_media":4734,"comment_status":"open","ping_status":"closed","template":"","meta":{"content-type":"","_uag_custom_page_level_css":""},"pwb-brand":[],"product_brand":[],"product_cat":[360,365],"product_tag":[],"class_list":{"0":"post-4735","1":"product","2":"type-product","3":"status-publish","4":"has-post-thumbnail","6":"product_cat-maquillage","7":"product_cat-nyx","9":"first","10":"instock","11":"sale","12":"shipping-taxable","13":"purchasable","14":"product-type-simple"},"aioseo_notices":[],"uagb_featured_image_src":{"full":["https:\/\/wavexia.com\/wp-content\/uploads\/2025\/10\/images-23.jpeg",225,225,false],"thumbnail":["https:\/\/wavexia.com\/wp-content\/uploads\/2025\/10\/images-23-150x150.jpeg",150,150,true],"medium":["https:\/\/wavexia.com\/wp-content\/uploads\/2025\/10\/images-23.jpeg",225,225,false],"medium_large":["https:\/\/wavexia.com\/wp-content\/uploads\/2025\/10\/images-23.jpeg",225,225,false],"large":["https:\/\/wavexia.com\/wp-content\/uploads\/2025\/10\/images-23.jpeg",225,225,false],"1536x1536":["https:\/\/wavexia.com\/wp-content\/uploads\/2025\/10\/images-23.jpeg",225,225,false],"2048x2048":["https:\/\/wavexia.com\/wp-content\/uploads\/2025\/10\/images-23.jpeg",225,225,false],"woocommerce_archive_thumbnail":["https:\/\/wavexia.com\/wp-content\/uploads\/2025\/10\/images-23.jpeg",225,225,false],"woocommerce_thumbnail":["https:\/\/wavexia.com\/wp-content\/uploads\/2025\/10\/images-23.jpeg",225,225,false],"woocommerce_single":["https:\/\/wavexia.com\/wp-content\/uploads\/2025\/10\/images-23.jpeg",225,225,false],"woocommerce_gallery_thumbnail":["https:\/\/wavexia.com\/wp-content\/uploads\/2025\/10\/images-23-100x100.jpeg",100,100,true]},"uagb_author_info":{"display_name":"zineddine.ayoub98@gmail.com","author_link":"https:\/\/wavexia.com\/?author=0"},"uagb_comment_info":0,"uagb_excerpt":"Description D\u00e9couvrez notre tout 1er brillant \u00e0 l\u00e8vres ultra pigment\u00e9, offrant une tenue jusqu\u2019\u00e0 16h sans transfert. L\u00e9g\u00e8re et confortable sur les l\u00e8vres, cette formule Vegan vous offre une couleur ultra satur\u00e9e en une seule application, un r\u00e9sultat \u201cglossy\u201d ultra-brillant sous tous les angles, et un fini non collant. Technologie double embout Associez simplement la&hellip;","brands":[],"_links":{"self":[{"href":"https:\/\/wavexia.com\/index.php?rest_route=\/wp\/v2\/product\/4735","targetHints":{"allow":["GET"]}}],"collection":[{"href":"https:\/\/wavexia.com\/index.php?rest_route=\/wp\/v2\/product"}],"about":[{"href":"https:\/\/wavexia.com\/index.php?rest_route=\/wp\/v2\/types\/product"}],"replies":[{"embeddable":true,"href":"https:\/\/wavexia.com\/index.php?rest_route=%2Fwp%2Fv2%2Fcomments&post=4735"}],"wp:featuredmedia":[{"embeddable":true,"href":"https:\/\/wavexia.com\/index.php?rest_route=\/wp\/v2\/media\/4734"}],"wp:attachment":[{"href":"https:\/\/wavexia.com\/index.php?rest_route=%2Fwp%2Fv2%2Fmedia&parent=4735"}],"wp:term":[{"taxonomy":"pwb-brand","embeddable":true,"href":"https:\/\/wavexia.com\/index.php?rest_route=%2Fwp%2Fv2%2Fpwb-brand&post=4735"},{"taxonomy":"product_brand","embeddable":true,"href":"https:\/\/wavexia.com\/index.php?rest_route=%2Fwp%2Fv2%2Fproduct_brand&post=4735"},{"taxonomy":"product_cat","embeddable":true,"href":"https:\/\/wavexia.com\/index.php?rest_route=%2Fwp%2Fv2%2Fproduct_cat&post=4735"},{"taxonomy":"product_tag","embeddable":true,"href":"https:\/\/wavexia.com\/index.php?rest_route=%2Fwp%2Fv2%2Fproduct_tag&post=4735"}],"curies":[{"name":"wp","href":"https:\/\/api.w.org\/{rel}","templated":true}]}}