{"id":4731,"date":"2025-10-19T09:10:46","date_gmt":"2025-10-19T09:10:46","guid":{"rendered":"https:\/\/wavexia.com\/product\/huda-beauty-get-wild-kit-obsessions-eyeshadow-palette-tiger\/"},"modified":"2026-03-10T07:31:04","modified_gmt":"2026-03-10T07:31:04","slug":"huda-beauty-get-wild-kit-obsessions-eyeshadow-palette-tiger","status":"publish","type":"product","link":"https:\/\/wavexia.com\/?product=huda-beauty-get-wild-kit-obsessions-eyeshadow-palette-tiger","title":{"rendered":"HUDA BEAUTY \u2013 Get Wild Kit Obsessions Eyeshadow Palette \u2013 Tiger"},"content":{"rendered":"<h2>Description<\/h2>\n<p>Compl\u00e9tez votre look AF f\u00e9roce avec un sac ceinture rose vif super mignon \u00e0 imprim\u00e9 python, emball\u00e9 avec une palette de fards \u00e0 paupi\u00e8res Wild Obsessions de votre choix et 1 Life Liner Quick \u2018N Easy Precision Liquid Liner!<\/p>\n<p>Tiger&nbsp;: Une palette d\u2019or champagne boujee avec des neutres taupe et une tranche sexy de rose terre cuite&nbsp;!<\/p>\n<p>\u2022 Les dimensions du sac sont&nbsp;: L&nbsp;17&nbsp;cm x H&nbsp;11&nbsp;cm x P&nbsp;4&nbsp;cm<\/p>\n<p>\u2022 Largeur de la ceinture&nbsp;: 2,5&nbsp;cm<\/p>\n<p>\u2022&nbsp;Longueur maximale de la ceinture&nbsp;: 103&nbsp;cm (la ceinture est r\u00e9glable)<\/p>\n","protected":false},"excerpt":{"rendered":"<p>Description Compl\u00e9tez votre look AF f\u00e9roce avec un sac ceinture rose vif super mignon \u00e0 imprim\u00e9 python, emball\u00e9 avec une palette de fards \u00e0 paupi\u00e8res Wild Obsessions de votre choix et 1 Life Liner Quick \u2018N Easy Precision Liquid Liner! Tiger&nbsp;: Une palette d\u2019or champagne boujee avec des neutres taupe et une tranche sexy de [&hellip;]<\/p>\n","protected":false},"featured_media":4730,"comment_status":"open","ping_status":"closed","template":"","meta":{"content-type":"","_uag_custom_page_level_css":""},"pwb-brand":[],"product_brand":[],"product_cat":[359,360],"product_tag":[],"class_list":{"0":"post-4731","1":"product","2":"type-product","3":"status-publish","4":"has-post-thumbnail","6":"product_cat-huda-beauty","7":"product_cat-maquillage","9":"first","10":"instock","11":"sale","12":"shipping-taxable","13":"purchasable","14":"product-type-simple"},"aioseo_notices":[],"uagb_featured_image_src":{"full":["https:\/\/wavexia.com\/wp-content\/uploads\/2025\/10\/IMG_1176.png",900,900,false],"thumbnail":["https:\/\/wavexia.com\/wp-content\/uploads\/2025\/10\/IMG_1176-150x150.png",150,150,true],"medium":["https:\/\/wavexia.com\/wp-content\/uploads\/2025\/10\/IMG_1176-300x300.png",300,300,true],"medium_large":["https:\/\/wavexia.com\/wp-content\/uploads\/2025\/10\/IMG_1176-768x768.png",768,768,true],"large":["https:\/\/wavexia.com\/wp-content\/uploads\/2025\/10\/IMG_1176.png",900,900,false],"1536x1536":["https:\/\/wavexia.com\/wp-content\/uploads\/2025\/10\/IMG_1176.png",900,900,false],"2048x2048":["https:\/\/wavexia.com\/wp-content\/uploads\/2025\/10\/IMG_1176.png",900,900,false],"woocommerce_archive_thumbnail":["https:\/\/wavexia.com\/wp-content\/uploads\/2025\/10\/IMG_1176-300x300.png",300,300,true],"woocommerce_thumbnail":["https:\/\/wavexia.com\/wp-content\/uploads\/2025\/10\/IMG_1176-300x300.png",300,300,true],"woocommerce_single":["https:\/\/wavexia.com\/wp-content\/uploads\/2025\/10\/IMG_1176-600x600.png",600,600,true],"woocommerce_gallery_thumbnail":["https:\/\/wavexia.com\/wp-content\/uploads\/2025\/10\/IMG_1176-100x100.png",100,100,true]},"uagb_author_info":{"display_name":"zineddine.ayoub98@gmail.com","author_link":"https:\/\/wavexia.com\/?author=0"},"uagb_comment_info":0,"uagb_excerpt":"Description Compl\u00e9tez votre look AF f\u00e9roce avec un sac ceinture rose vif super mignon \u00e0 imprim\u00e9 python, emball\u00e9 avec une palette de fards \u00e0 paupi\u00e8res Wild Obsessions de votre choix et 1 Life Liner Quick \u2018N Easy Precision Liquid Liner! Tiger&nbsp;: Une palette d\u2019or champagne boujee avec des neutres taupe et une tranche sexy de&hellip;","brands":[],"_links":{"self":[{"href":"https:\/\/wavexia.com\/index.php?rest_route=\/wp\/v2\/product\/4731","targetHints":{"allow":["GET"]}}],"collection":[{"href":"https:\/\/wavexia.com\/index.php?rest_route=\/wp\/v2\/product"}],"about":[{"href":"https:\/\/wavexia.com\/index.php?rest_route=\/wp\/v2\/types\/product"}],"replies":[{"embeddable":true,"href":"https:\/\/wavexia.com\/index.php?rest_route=%2Fwp%2Fv2%2Fcomments&post=4731"}],"wp:featuredmedia":[{"embeddable":true,"href":"https:\/\/wavexia.com\/index.php?rest_route=\/wp\/v2\/media\/4730"}],"wp:attachment":[{"href":"https:\/\/wavexia.com\/index.php?rest_route=%2Fwp%2Fv2%2Fmedia&parent=4731"}],"wp:term":[{"taxonomy":"pwb-brand","embeddable":true,"href":"https:\/\/wavexia.com\/index.php?rest_route=%2Fwp%2Fv2%2Fpwb-brand&post=4731"},{"taxonomy":"product_brand","embeddable":true,"href":"https:\/\/wavexia.com\/index.php?rest_route=%2Fwp%2Fv2%2Fproduct_brand&post=4731"},{"taxonomy":"product_cat","embeddable":true,"href":"https:\/\/wavexia.com\/index.php?rest_route=%2Fwp%2Fv2%2Fproduct_cat&post=4731"},{"taxonomy":"product_tag","embeddable":true,"href":"https:\/\/wavexia.com\/index.php?rest_route=%2Fwp%2Fv2%2Fproduct_tag&post=4731"}],"curies":[{"name":"wp","href":"https:\/\/api.w.org\/{rel}","templated":true}]}}