{"id":4724,"date":"2025-10-19T09:10:39","date_gmt":"2025-10-19T09:10:39","guid":{"rendered":"https:\/\/wavexia.com\/product\/torriden-dive-in-low-molecule-hyaluronic-acid-serum-50ml\/"},"modified":"2026-03-10T07:31:04","modified_gmt":"2026-03-10T07:31:04","slug":"torriden-dive-in-low-molecule-hyaluronic-acid-serum-50ml","status":"publish","type":"product","link":"https:\/\/wavexia.com\/?product=torriden-dive-in-low-molecule-hyaluronic-acid-serum-50ml","title":{"rendered":"Torriden Dive-In Low Molecule Hyaluronic Acid Serum 50ml"},"content":{"rendered":"<h2>Description<\/h2>\n<p>Le Torriden Dive-In Low Molecule Hyaluronic Acid Serum est un s\u00e9rum l\u00e9ger mais puissant \u00e0 l\u2019acide hyaluronique pour une hydratation instantan\u00e9e de votre peau.<\/p>\n<p>Les ingr\u00e9dients D-panth\u00e9nol, allanto\u00efne et mad\u00e9cassoside apaisent les peaux stress\u00e9es et sensibles. Votre peau deviendra \u00e9galement visiblement plus pleine et les rides moins visibles.<\/p>\n<p>Le s\u00e9rum est rapidement absorb\u00e9 par la peau, a une finition rafra\u00eechissante qui ne colle pas et convient \u00e0 tous les types de peau.<\/p>\n","protected":false},"excerpt":{"rendered":"<p>Description Le Torriden Dive-In Low Molecule Hyaluronic Acid Serum est un s\u00e9rum l\u00e9ger mais puissant \u00e0 l\u2019acide hyaluronique pour une hydratation instantan\u00e9e de votre peau. Les ingr\u00e9dients D-panth\u00e9nol, allanto\u00efne et mad\u00e9cassoside apaisent les peaux stress\u00e9es et sensibles. Votre peau deviendra \u00e9galement visiblement plus pleine et les rides moins visibles. Le s\u00e9rum est rapidement absorb\u00e9 par [&hellip;]<\/p>\n","protected":false},"featured_media":4723,"comment_status":"open","ping_status":"closed","template":"","meta":{"content-type":"","_uag_custom_page_level_css":""},"pwb-brand":[],"product_brand":[],"product_cat":[338,383],"product_tag":[],"class_list":{"0":"post-4724","1":"product","2":"type-product","3":"status-publish","4":"has-post-thumbnail","6":"product_cat-serum-ampoule","7":"product_cat-torriden","9":"first","10":"instock","11":"sale","12":"shipping-taxable","13":"purchasable","14":"product-type-simple"},"aioseo_notices":[],"uagb_featured_image_src":{"full":["https:\/\/wavexia.com\/wp-content\/uploads\/2025\/10\/Product-page-sizes_9d5111fb-af90-4a31-8382-da1bc89148ea.webp",800,800,false],"thumbnail":["https:\/\/wavexia.com\/wp-content\/uploads\/2025\/10\/Product-page-sizes_9d5111fb-af90-4a31-8382-da1bc89148ea-150x150.webp",150,150,true],"medium":["https:\/\/wavexia.com\/wp-content\/uploads\/2025\/10\/Product-page-sizes_9d5111fb-af90-4a31-8382-da1bc89148ea-300x300.webp",300,300,true],"medium_large":["https:\/\/wavexia.com\/wp-content\/uploads\/2025\/10\/Product-page-sizes_9d5111fb-af90-4a31-8382-da1bc89148ea-768x768.webp",768,768,true],"large":["https:\/\/wavexia.com\/wp-content\/uploads\/2025\/10\/Product-page-sizes_9d5111fb-af90-4a31-8382-da1bc89148ea.webp",800,800,false],"1536x1536":["https:\/\/wavexia.com\/wp-content\/uploads\/2025\/10\/Product-page-sizes_9d5111fb-af90-4a31-8382-da1bc89148ea.webp",800,800,false],"2048x2048":["https:\/\/wavexia.com\/wp-content\/uploads\/2025\/10\/Product-page-sizes_9d5111fb-af90-4a31-8382-da1bc89148ea.webp",800,800,false],"woocommerce_archive_thumbnail":["https:\/\/wavexia.com\/wp-content\/uploads\/2025\/10\/Product-page-sizes_9d5111fb-af90-4a31-8382-da1bc89148ea-300x300.webp",300,300,true],"woocommerce_thumbnail":["https:\/\/wavexia.com\/wp-content\/uploads\/2025\/10\/Product-page-sizes_9d5111fb-af90-4a31-8382-da1bc89148ea-300x300.webp",300,300,true],"woocommerce_single":["https:\/\/wavexia.com\/wp-content\/uploads\/2025\/10\/Product-page-sizes_9d5111fb-af90-4a31-8382-da1bc89148ea-600x600.webp",600,600,true],"woocommerce_gallery_thumbnail":["https:\/\/wavexia.com\/wp-content\/uploads\/2025\/10\/Product-page-sizes_9d5111fb-af90-4a31-8382-da1bc89148ea-100x100.webp",100,100,true]},"uagb_author_info":{"display_name":"zineddine.ayoub98@gmail.com","author_link":"https:\/\/wavexia.com\/?author=0"},"uagb_comment_info":0,"uagb_excerpt":"Description Le Torriden Dive-In Low Molecule Hyaluronic Acid Serum est un s\u00e9rum l\u00e9ger mais puissant \u00e0 l\u2019acide hyaluronique pour une hydratation instantan\u00e9e de votre peau. Les ingr\u00e9dients D-panth\u00e9nol, allanto\u00efne et mad\u00e9cassoside apaisent les peaux stress\u00e9es et sensibles. Votre peau deviendra \u00e9galement visiblement plus pleine et les rides moins visibles. Le s\u00e9rum est rapidement absorb\u00e9 par&hellip;","brands":[],"_links":{"self":[{"href":"https:\/\/wavexia.com\/index.php?rest_route=\/wp\/v2\/product\/4724","targetHints":{"allow":["GET"]}}],"collection":[{"href":"https:\/\/wavexia.com\/index.php?rest_route=\/wp\/v2\/product"}],"about":[{"href":"https:\/\/wavexia.com\/index.php?rest_route=\/wp\/v2\/types\/product"}],"replies":[{"embeddable":true,"href":"https:\/\/wavexia.com\/index.php?rest_route=%2Fwp%2Fv2%2Fcomments&post=4724"}],"wp:featuredmedia":[{"embeddable":true,"href":"https:\/\/wavexia.com\/index.php?rest_route=\/wp\/v2\/media\/4723"}],"wp:attachment":[{"href":"https:\/\/wavexia.com\/index.php?rest_route=%2Fwp%2Fv2%2Fmedia&parent=4724"}],"wp:term":[{"taxonomy":"pwb-brand","embeddable":true,"href":"https:\/\/wavexia.com\/index.php?rest_route=%2Fwp%2Fv2%2Fpwb-brand&post=4724"},{"taxonomy":"product_brand","embeddable":true,"href":"https:\/\/wavexia.com\/index.php?rest_route=%2Fwp%2Fv2%2Fproduct_brand&post=4724"},{"taxonomy":"product_cat","embeddable":true,"href":"https:\/\/wavexia.com\/index.php?rest_route=%2Fwp%2Fv2%2Fproduct_cat&post=4724"},{"taxonomy":"product_tag","embeddable":true,"href":"https:\/\/wavexia.com\/index.php?rest_route=%2Fwp%2Fv2%2Fproduct_tag&post=4724"}],"curies":[{"name":"wp","href":"https:\/\/api.w.org\/{rel}","templated":true}]}}