{"id":4720,"date":"2025-10-19T09:10:36","date_gmt":"2025-10-19T09:10:36","guid":{"rendered":"https:\/\/wavexia.com\/product\/goodal-green-tangerine-vita-c-dark-spot-care-serum-40ml\/"},"modified":"2026-03-10T07:31:04","modified_gmt":"2026-03-10T07:31:04","slug":"goodal-green-tangerine-vita-c-dark-spot-care-serum-40ml","status":"publish","type":"product","link":"https:\/\/wavexia.com\/?product=goodal-green-tangerine-vita-c-dark-spot-care-serum-40ml","title":{"rendered":"Goodal \u2013 Green Tangerine Vita C Dark Spot Care Serum \u2013 40ml"},"content":{"rendered":"<h2>Description<\/h2>\n<p>Goodal Green Tangerine Vita C Dark Spot Care Serum est un s\u00e9rum hypoallerg\u00e9nique et doux \u00e0 la vitamine C qui att\u00e9nue les taches brunes, les imperfections, le m\u00e9lasma et les taches de rousseur. Apr\u00e8s deux semaines, vous verrez d\u00e9j\u00e0 une nette diff\u00e9rence et votre peau sera plus lumineuse.<\/p>\n<p>Si vous avez la peau sensible, c\u2019est le s\u00e9rum id\u00e9al pour vous. Gr\u00e2ce \u00e0 l\u2019extrait de mandarine verte \u00e0 70%, \u00e0 la niacinamide, \u00e0 l\u2019acide hyaluronique et au th\u00e9 vert, votre peau sera profond\u00e9ment hydrat\u00e9e et apais\u00e9e.<\/p>\n<p>Ce s\u00e9rum a une texture semblable \u00e0 un gel qui ne colle pas et s\u2019absorbe sans effort.<\/p>\n<p><strong>Ce s\u00e9rum :<br \/><\/strong><\/p>\n<ul>\n<li>convient aux peaux sensibles<\/li>\n<li>att\u00e9nue les taches brunes, les imperfections et les taches de rousseur<\/li>\n<li>\u00e9claircit la peau<\/li>\n<li>r\u00e9sultat clair en deux semaines<\/li>\n<li>contient de l\u2019extrait de mandarine, de la niacinamide, de l\u2019acide hyaluronique et du th\u00e9 vert<\/li>\n<li>hydrate et apaise<\/li>\n<li>absorbe facilement<\/li>\n<li>pas collant<\/li>\n<li>sans cruaut\u00e9<\/li>\n<\/ul>\n<p><strong>Comment utiliser:<br \/><\/strong><\/p>\n<ul>\n<li>Utilisez d\u2019abord un toner.<\/li>\n<li>Appliquez-le sur votre visage et votre cou.<\/li>\n<li>Suivez avec votre cr\u00e8me hydratante.<\/li>\n<li>Utilisez-le matin et soir.<\/li>\n<\/ul>\n<p><strong>Ingr\u00e9dients:<br \/><\/strong>Citrus Tangerina (Tangerine) Extract (70%), Butylene Glycol, 1,2-hexanediol, Dipropylene Glycol, Methyl Gluceth-20, Water, Glycereth-26, Niacinamide, Arbutin, Chondrus Crispus Extract, Saccharum Officinarum (Sugarcane) Extract, Hydrolyzed Jojoba Esters, Sodium Hyaluronate, Citrus Aurantium Bergamia (Bergamot) Fruit Oil, Melia Azadirachta Flower Extract, Melia Azadirachta Leaf Extract, Curcuma Longa (Turmeric) Root Extract, Ocimum Sanctum Leaf Extract, Citrus Limon (Lemon) Peel Oil, Lavandula Angustifolia (Lavender) Oil, Cananga Odorata Flower Oil, Citrus Aurantium Dulcis (Orange) Peel Oil, Eucalyptus Globulus Leaf Extract, Corallina Officinalis Extract, Centella Asiatica Extract, Polygonum Cuspidatum Root Extract, Scutellaria Baicalensis Root Extract, Camellia Sinensis Leaf Extract, Glycyrrhiza Glabra (Licorice) Root Extract, Chamomilla Recutita (Matricaria) Flower Extract, Rosmarinus Officinalis (Rosemary) Leaf Extract, Ammonium Acryloyldimethyltaurate\/\u200bvp Copolymer, Panthenol, Choleth-24, Tromethamine, Ethylhexylglycerin, Allantoin, Tocopheryl Acetate, Adenosine, Ascorbyl Glucoside (100ppm), Dipotassium Glycyrrhizate, Maltodextrin, Saccharide Hydrolysate, Carbomer, Disodium Edta.<\/p>\n","protected":false},"excerpt":{"rendered":"<p>Description Goodal Green Tangerine Vita C Dark Spot Care Serum est un s\u00e9rum hypoallerg\u00e9nique et doux \u00e0 la vitamine C qui att\u00e9nue les taches brunes, les imperfections, le m\u00e9lasma et les taches de rousseur. Apr\u00e8s deux semaines, vous verrez d\u00e9j\u00e0 une nette diff\u00e9rence et votre peau sera plus lumineuse. Si vous avez la peau sensible, [&hellip;]<\/p>\n","protected":false},"featured_media":4719,"comment_status":"open","ping_status":"closed","template":"","meta":{"content-type":"","_uag_custom_page_level_css":""},"pwb-brand":[],"product_brand":[],"product_cat":[411,334,338,387],"product_tag":[],"class_list":{"0":"post-4720","1":"product","2":"type-product","3":"status-publish","4":"has-post-thumbnail","6":"product_cat-goodal","7":"product_cat-produits-coreens","8":"product_cat-serum-ampoule","9":"product_cat-vitamin-c","11":"first","12":"instock","13":"sale","14":"shipping-taxable","15":"purchasable","16":"product-type-simple"},"aioseo_notices":[],"uagb_featured_image_src":{"full":["https:\/\/wavexia.com\/wp-content\/uploads\/2025\/10\/InShot-20241003_222717811.webp",1920,1920,false],"thumbnail":["https:\/\/wavexia.com\/wp-content\/uploads\/2025\/10\/InShot-20241003_222717811-150x150.webp",150,150,true],"medium":["https:\/\/wavexia.com\/wp-content\/uploads\/2025\/10\/InShot-20241003_222717811-300x300.webp",300,300,true],"medium_large":["https:\/\/wavexia.com\/wp-content\/uploads\/2025\/10\/InShot-20241003_222717811-768x768.webp",768,768,true],"large":["https:\/\/wavexia.com\/wp-content\/uploads\/2025\/10\/InShot-20241003_222717811-1024x1024.webp",1024,1024,true],"1536x1536":["https:\/\/wavexia.com\/wp-content\/uploads\/2025\/10\/InShot-20241003_222717811-1536x1536.webp",1536,1536,true],"2048x2048":["https:\/\/wavexia.com\/wp-content\/uploads\/2025\/10\/InShot-20241003_222717811.webp",1920,1920,false],"woocommerce_archive_thumbnail":["https:\/\/wavexia.com\/wp-content\/uploads\/2025\/10\/InShot-20241003_222717811-300x300.webp",300,300,true],"woocommerce_thumbnail":["https:\/\/wavexia.com\/wp-content\/uploads\/2025\/10\/InShot-20241003_222717811-300x300.webp",300,300,true],"woocommerce_single":["https:\/\/wavexia.com\/wp-content\/uploads\/2025\/10\/InShot-20241003_222717811-600x600.webp",600,600,true],"woocommerce_gallery_thumbnail":["https:\/\/wavexia.com\/wp-content\/uploads\/2025\/10\/InShot-20241003_222717811-100x100.webp",100,100,true]},"uagb_author_info":{"display_name":"zineddine.ayoub98@gmail.com","author_link":"https:\/\/wavexia.com\/?author=0"},"uagb_comment_info":0,"uagb_excerpt":"Description Goodal Green Tangerine Vita C Dark Spot Care Serum est un s\u00e9rum hypoallerg\u00e9nique et doux \u00e0 la vitamine C qui att\u00e9nue les taches brunes, les imperfections, le m\u00e9lasma et les taches de rousseur. Apr\u00e8s deux semaines, vous verrez d\u00e9j\u00e0 une nette diff\u00e9rence et votre peau sera plus lumineuse. Si vous avez la peau sensible,&hellip;","brands":[],"_links":{"self":[{"href":"https:\/\/wavexia.com\/index.php?rest_route=\/wp\/v2\/product\/4720","targetHints":{"allow":["GET"]}}],"collection":[{"href":"https:\/\/wavexia.com\/index.php?rest_route=\/wp\/v2\/product"}],"about":[{"href":"https:\/\/wavexia.com\/index.php?rest_route=\/wp\/v2\/types\/product"}],"replies":[{"embeddable":true,"href":"https:\/\/wavexia.com\/index.php?rest_route=%2Fwp%2Fv2%2Fcomments&post=4720"}],"wp:featuredmedia":[{"embeddable":true,"href":"https:\/\/wavexia.com\/index.php?rest_route=\/wp\/v2\/media\/4719"}],"wp:attachment":[{"href":"https:\/\/wavexia.com\/index.php?rest_route=%2Fwp%2Fv2%2Fmedia&parent=4720"}],"wp:term":[{"taxonomy":"pwb-brand","embeddable":true,"href":"https:\/\/wavexia.com\/index.php?rest_route=%2Fwp%2Fv2%2Fpwb-brand&post=4720"},{"taxonomy":"product_brand","embeddable":true,"href":"https:\/\/wavexia.com\/index.php?rest_route=%2Fwp%2Fv2%2Fproduct_brand&post=4720"},{"taxonomy":"product_cat","embeddable":true,"href":"https:\/\/wavexia.com\/index.php?rest_route=%2Fwp%2Fv2%2Fproduct_cat&post=4720"},{"taxonomy":"product_tag","embeddable":true,"href":"https:\/\/wavexia.com\/index.php?rest_route=%2Fwp%2Fv2%2Fproduct_tag&post=4720"}],"curies":[{"name":"wp","href":"https:\/\/api.w.org\/{rel}","templated":true}]}}