{"id":4717,"date":"2025-10-19T09:10:34","date_gmt":"2025-10-19T09:10:34","guid":{"rendered":"https:\/\/wavexia.com\/product\/iunik-centella-green-fresh-cleansing-oil-200ml\/"},"modified":"2026-03-10T07:31:04","modified_gmt":"2026-03-10T07:31:04","slug":"iunik-centella-green-fresh-cleansing-oil-200ml","status":"publish","type":"product","link":"https:\/\/wavexia.com\/?product=iunik-centella-green-fresh-cleansing-oil-200ml","title":{"rendered":"IUNIK Centella Green Fresh Cleansing Oil 200ml"},"content":{"rendered":"<h2>Description<\/h2>\n<p>La Centella Green Fresh Cleansing Oil iUNIK offre une exp\u00e9rience de nettoyage rafra\u00eechissante et hydratante qui p\u00e9n\u00e8tre profond\u00e9ment dans la peau pour \u00e9quilibrer les niveaux de s\u00e9bum. Formul\u00e9e avec des huiles v\u00e9g\u00e9tales, notamment l\u2019huile de graines de tournesol, l\u2019huile de graines de jojoba et le squalane, elle garantit que la peau reste hydrat\u00e9e et nourrie apr\u00e8s le nettoyage.<\/p>\n<p>Adapt\u00e9e \u00e0 tous les types de peau, cette huile nettoyante \u00e0 la fois d\u00e9licate et efficace est fabriqu\u00e9e avec des ingr\u00e9dients certifi\u00e9s vert par l\u2019EWG, sans parfums ni colorants. Enrichie d\u2019huile de Centella Asiatica et d\u2019autres extraits botaniques, elle procure un nettoyage apaisant et revitalisant, laissant \u00e0 ta peau une sensation de fra\u00eecheur et d\u2019\u00e9quilibre.<\/p>\n<p><strong>Recommand\u00e9 pour :&nbsp;<\/strong>Tous types de peaux.<\/p>\n<p><strong>Conseils d\u2019utilisation :<\/strong><\/p>\n<ul>\n<li>Commence avec tes mains et ton visage secs.<\/li>\n<li>Pr\u00e9l\u00e8ve une petite quantit\u00e9 de la Centella Green Fresh Cleansing Oil et masse-la d\u00e9licatement sur ton visage, y compris sur les zones pr\u00e9sentant du maquillage ou des impuret\u00e9s.<\/li>\n<li>Ajoute quelques gouttes d\u2019eau pour \u00e9mulsionner l\u2019huile et cr\u00e9er une texture laiteuse.<\/li>\n<li>Rince soigneusement \u00e0 l\u2019eau ti\u00e8de et s\u00e8che ton visage en tapotant avec une serviette propre.<\/li>\n<\/ul>\n<p><strong>Ingr\u00e9dients :<\/strong><\/p>\n<p>Huile de graine de Helianthus Annuus, Huile de Glycine Soja, Huile de graine de Simmondsia Chinensis, Squalane, Huile de Centella Asiatica, Sorbeth-30 t\u00e9traol\u00e9ate, Sesquioleate de sorbitane, Huile de feuille de Cupressus Sempervirens, M\u00e9libiose, Extrait de feuille de Melia Azadirachta, Extrait de fleur de Melia Azadirachta, Extrait de fruit de Coccinia Indica, Poudre d\u2019am\u00e9thyste, Extrait de fruit de Solanum Melongena, Extrait de feuille d\u2019Ocimum Sanctum, Extrait de racine de Curcuma Longa, Extrait de Corallina Officinalis, Huile de graine de Moringa Oleifera, Huile de graine de Carapa Guaianensis.<\/p>\n","protected":false},"excerpt":{"rendered":"<p>Description La Centella Green Fresh Cleansing Oil iUNIK offre une exp\u00e9rience de nettoyage rafra\u00eechissante et hydratante qui p\u00e9n\u00e8tre profond\u00e9ment dans la peau pour \u00e9quilibrer les niveaux de s\u00e9bum. Formul\u00e9e avec des huiles v\u00e9g\u00e9tales, notamment l\u2019huile de graines de tournesol, l\u2019huile de graines de jojoba et le squalane, elle garantit que la peau reste hydrat\u00e9e et [&hellip;]<\/p>\n","protected":false},"featured_media":4716,"comment_status":"open","ping_status":"closed","template":"","meta":{"content-type":"","_uag_custom_page_level_css":""},"pwb-brand":[],"product_brand":[],"product_cat":[367,436,334],"product_tag":[],"class_list":{"0":"post-4717","1":"product","2":"type-product","3":"status-publish","4":"has-post-thumbnail","6":"product_cat-huile-baume-nettoyante","7":"product_cat-iunik","8":"product_cat-produits-coreens","10":"first","11":"instock","12":"sale","13":"shipping-taxable","14":"purchasable","15":"product-type-simple"},"aioseo_notices":[],"uagb_featured_image_src":{"full":["https:\/\/wavexia.com\/wp-content\/uploads\/2025\/10\/Centella-Green-Fresh-Cleansing-Oil.webp",800,800,false],"thumbnail":["https:\/\/wavexia.com\/wp-content\/uploads\/2025\/10\/Centella-Green-Fresh-Cleansing-Oil-150x150.webp",150,150,true],"medium":["https:\/\/wavexia.com\/wp-content\/uploads\/2025\/10\/Centella-Green-Fresh-Cleansing-Oil-300x300.webp",300,300,true],"medium_large":["https:\/\/wavexia.com\/wp-content\/uploads\/2025\/10\/Centella-Green-Fresh-Cleansing-Oil-768x768.webp",768,768,true],"large":["https:\/\/wavexia.com\/wp-content\/uploads\/2025\/10\/Centella-Green-Fresh-Cleansing-Oil.webp",800,800,false],"1536x1536":["https:\/\/wavexia.com\/wp-content\/uploads\/2025\/10\/Centella-Green-Fresh-Cleansing-Oil.webp",800,800,false],"2048x2048":["https:\/\/wavexia.com\/wp-content\/uploads\/2025\/10\/Centella-Green-Fresh-Cleansing-Oil.webp",800,800,false],"woocommerce_archive_thumbnail":["https:\/\/wavexia.com\/wp-content\/uploads\/2025\/10\/Centella-Green-Fresh-Cleansing-Oil-300x300.webp",300,300,true],"woocommerce_thumbnail":["https:\/\/wavexia.com\/wp-content\/uploads\/2025\/10\/Centella-Green-Fresh-Cleansing-Oil-300x300.webp",300,300,true],"woocommerce_single":["https:\/\/wavexia.com\/wp-content\/uploads\/2025\/10\/Centella-Green-Fresh-Cleansing-Oil-600x600.webp",600,600,true],"woocommerce_gallery_thumbnail":["https:\/\/wavexia.com\/wp-content\/uploads\/2025\/10\/Centella-Green-Fresh-Cleansing-Oil-100x100.webp",100,100,true]},"uagb_author_info":{"display_name":"zineddine.ayoub98@gmail.com","author_link":"https:\/\/wavexia.com\/?author=0"},"uagb_comment_info":0,"uagb_excerpt":"Description La Centella Green Fresh Cleansing Oil iUNIK offre une exp\u00e9rience de nettoyage rafra\u00eechissante et hydratante qui p\u00e9n\u00e8tre profond\u00e9ment dans la peau pour \u00e9quilibrer les niveaux de s\u00e9bum. Formul\u00e9e avec des huiles v\u00e9g\u00e9tales, notamment l\u2019huile de graines de tournesol, l\u2019huile de graines de jojoba et le squalane, elle garantit que la peau reste hydrat\u00e9e et&hellip;","brands":[],"_links":{"self":[{"href":"https:\/\/wavexia.com\/index.php?rest_route=\/wp\/v2\/product\/4717","targetHints":{"allow":["GET"]}}],"collection":[{"href":"https:\/\/wavexia.com\/index.php?rest_route=\/wp\/v2\/product"}],"about":[{"href":"https:\/\/wavexia.com\/index.php?rest_route=\/wp\/v2\/types\/product"}],"replies":[{"embeddable":true,"href":"https:\/\/wavexia.com\/index.php?rest_route=%2Fwp%2Fv2%2Fcomments&post=4717"}],"wp:featuredmedia":[{"embeddable":true,"href":"https:\/\/wavexia.com\/index.php?rest_route=\/wp\/v2\/media\/4716"}],"wp:attachment":[{"href":"https:\/\/wavexia.com\/index.php?rest_route=%2Fwp%2Fv2%2Fmedia&parent=4717"}],"wp:term":[{"taxonomy":"pwb-brand","embeddable":true,"href":"https:\/\/wavexia.com\/index.php?rest_route=%2Fwp%2Fv2%2Fpwb-brand&post=4717"},{"taxonomy":"product_brand","embeddable":true,"href":"https:\/\/wavexia.com\/index.php?rest_route=%2Fwp%2Fv2%2Fproduct_brand&post=4717"},{"taxonomy":"product_cat","embeddable":true,"href":"https:\/\/wavexia.com\/index.php?rest_route=%2Fwp%2Fv2%2Fproduct_cat&post=4717"},{"taxonomy":"product_tag","embeddable":true,"href":"https:\/\/wavexia.com\/index.php?rest_route=%2Fwp%2Fv2%2Fproduct_tag&post=4717"}],"curies":[{"name":"wp","href":"https:\/\/api.w.org\/{rel}","templated":true}]}}