{"id":4714,"date":"2025-10-19T09:10:32","date_gmt":"2025-10-19T09:10:32","guid":{"rendered":"https:\/\/wavexia.com\/product\/iunik-calendula-complete-cleansing-oil-200ml\/"},"modified":"2026-03-10T07:31:04","modified_gmt":"2026-03-10T07:31:04","slug":"iunik-calendula-complete-cleansing-oil-200ml","status":"publish","type":"product","link":"https:\/\/wavexia.com\/?product=iunik-calendula-complete-cleansing-oil-200ml","title":{"rendered":"IUNIK Calendula Complete Cleansing Oil 200ml"},"content":{"rendered":"<h2>Description<\/h2>\n<p>Profite d\u2019un nettoyage doux et efficace avec la Calendula Complete Cleansing Oil. Formul\u00e9e avec un m\u00e9lange d\u2019huiles nourrissantes, notamment de l\u2019huile de graines de tournesol, de l\u2019huile de canola et de l\u2019huile de graines de jojoba, cette huile nettoyante dissout sans effort le maquillage, les impuret\u00e9s et l\u2019exc\u00e8s de s\u00e9bum. Enrichie en extrait de fleur de calendula, elle apaise et calme la peau, lui donnant une sensation de fra\u00eecheur et d\u2019\u00e9quilibre.<\/p>\n<p>Cette huile nettoyante offre une exp\u00e9rience de soin luxueuse et gourmande. Profite des bienfaits de la nature avec la Calendula Complete Cleansing Oil et r\u00e9v\u00e8le un teint propre et radieux.<\/p>\n<p><strong>Recommand\u00e9 pour :&nbsp;<\/strong>Tous types de peaux.<\/p>\n<p><strong>Conseils d\u2019utilisation :<\/strong><\/p>\n<ul>\n<li>Commence avec tes mains ton visage secs.<\/li>\n<li>Prends une petite quantit\u00e9 de l\u2019huile nettoyante et masse doucement ton visage, y compris les zones o\u00f9 il y a du maquillage ou des impuret\u00e9s.<\/li>\n<li>Ajoute quelques gouttes d\u2019eau pour \u00e9mulsionner l\u2019huile et cr\u00e9er une texture laiteuse.<\/li>\n<li>Rince soigneusement \u00e0 l\u2019eau ti\u00e8de et s\u00e8che ton visage en le tapotant avec une serviette propre.<\/li>\n<\/ul>\n<p><strong>Ingr\u00e9dients :<\/strong><\/p>\n<p>Huile de graines d\u2019Helianthus Annuus (Tournesol), Huile de Canola, Extrait de fleur de Calendula Officinalis (Souci), Sorbeth-30 Tetraol\u00e9ate, Huile de graines de Simmondsia Chinensis (Jojoba), Huile de graines de Macadamia Ternifolia, Huile de fleur de Cananga Odorata (Ylang-Ylang), Sesquioleate de Sorbitan.<\/p>\n","protected":false},"excerpt":{"rendered":"<p>Description Profite d\u2019un nettoyage doux et efficace avec la Calendula Complete Cleansing Oil. Formul\u00e9e avec un m\u00e9lange d\u2019huiles nourrissantes, notamment de l\u2019huile de graines de tournesol, de l\u2019huile de canola et de l\u2019huile de graines de jojoba, cette huile nettoyante dissout sans effort le maquillage, les impuret\u00e9s et l\u2019exc\u00e8s de s\u00e9bum. Enrichie en extrait de [&hellip;]<\/p>\n","protected":false},"featured_media":4713,"comment_status":"open","ping_status":"closed","template":"","meta":{"content-type":"","_uag_custom_page_level_css":""},"pwb-brand":[],"product_brand":[],"product_cat":[367,436,334],"product_tag":[],"class_list":{"0":"post-4714","1":"product","2":"type-product","3":"status-publish","4":"has-post-thumbnail","6":"product_cat-huile-baume-nettoyante","7":"product_cat-iunik","8":"product_cat-produits-coreens","10":"first","11":"instock","12":"sale","13":"shipping-taxable","14":"purchasable","15":"product-type-simple"},"aioseo_notices":[],"uagb_featured_image_src":{"full":["https:\/\/wavexia.com\/wp-content\/uploads\/2025\/10\/Calendula-Complete-Cleansing-Oil-200ml_SINGLE_acd6f0b4-215f-439b-8d4f-19a753ea2ea1.webp",800,800,false],"thumbnail":["https:\/\/wavexia.com\/wp-content\/uploads\/2025\/10\/Calendula-Complete-Cleansing-Oil-200ml_SINGLE_acd6f0b4-215f-439b-8d4f-19a753ea2ea1-150x150.webp",150,150,true],"medium":["https:\/\/wavexia.com\/wp-content\/uploads\/2025\/10\/Calendula-Complete-Cleansing-Oil-200ml_SINGLE_acd6f0b4-215f-439b-8d4f-19a753ea2ea1-300x300.webp",300,300,true],"medium_large":["https:\/\/wavexia.com\/wp-content\/uploads\/2025\/10\/Calendula-Complete-Cleansing-Oil-200ml_SINGLE_acd6f0b4-215f-439b-8d4f-19a753ea2ea1-768x768.webp",768,768,true],"large":["https:\/\/wavexia.com\/wp-content\/uploads\/2025\/10\/Calendula-Complete-Cleansing-Oil-200ml_SINGLE_acd6f0b4-215f-439b-8d4f-19a753ea2ea1.webp",800,800,false],"1536x1536":["https:\/\/wavexia.com\/wp-content\/uploads\/2025\/10\/Calendula-Complete-Cleansing-Oil-200ml_SINGLE_acd6f0b4-215f-439b-8d4f-19a753ea2ea1.webp",800,800,false],"2048x2048":["https:\/\/wavexia.com\/wp-content\/uploads\/2025\/10\/Calendula-Complete-Cleansing-Oil-200ml_SINGLE_acd6f0b4-215f-439b-8d4f-19a753ea2ea1.webp",800,800,false],"woocommerce_archive_thumbnail":["https:\/\/wavexia.com\/wp-content\/uploads\/2025\/10\/Calendula-Complete-Cleansing-Oil-200ml_SINGLE_acd6f0b4-215f-439b-8d4f-19a753ea2ea1-300x300.webp",300,300,true],"woocommerce_thumbnail":["https:\/\/wavexia.com\/wp-content\/uploads\/2025\/10\/Calendula-Complete-Cleansing-Oil-200ml_SINGLE_acd6f0b4-215f-439b-8d4f-19a753ea2ea1-300x300.webp",300,300,true],"woocommerce_single":["https:\/\/wavexia.com\/wp-content\/uploads\/2025\/10\/Calendula-Complete-Cleansing-Oil-200ml_SINGLE_acd6f0b4-215f-439b-8d4f-19a753ea2ea1-600x600.webp",600,600,true],"woocommerce_gallery_thumbnail":["https:\/\/wavexia.com\/wp-content\/uploads\/2025\/10\/Calendula-Complete-Cleansing-Oil-200ml_SINGLE_acd6f0b4-215f-439b-8d4f-19a753ea2ea1-100x100.webp",100,100,true]},"uagb_author_info":{"display_name":"zineddine.ayoub98@gmail.com","author_link":"https:\/\/wavexia.com\/?author=0"},"uagb_comment_info":0,"uagb_excerpt":"Description Profite d\u2019un nettoyage doux et efficace avec la Calendula Complete Cleansing Oil. Formul\u00e9e avec un m\u00e9lange d\u2019huiles nourrissantes, notamment de l\u2019huile de graines de tournesol, de l\u2019huile de canola et de l\u2019huile de graines de jojoba, cette huile nettoyante dissout sans effort le maquillage, les impuret\u00e9s et l\u2019exc\u00e8s de s\u00e9bum. Enrichie en extrait de&hellip;","brands":[],"_links":{"self":[{"href":"https:\/\/wavexia.com\/index.php?rest_route=\/wp\/v2\/product\/4714","targetHints":{"allow":["GET"]}}],"collection":[{"href":"https:\/\/wavexia.com\/index.php?rest_route=\/wp\/v2\/product"}],"about":[{"href":"https:\/\/wavexia.com\/index.php?rest_route=\/wp\/v2\/types\/product"}],"replies":[{"embeddable":true,"href":"https:\/\/wavexia.com\/index.php?rest_route=%2Fwp%2Fv2%2Fcomments&post=4714"}],"wp:featuredmedia":[{"embeddable":true,"href":"https:\/\/wavexia.com\/index.php?rest_route=\/wp\/v2\/media\/4713"}],"wp:attachment":[{"href":"https:\/\/wavexia.com\/index.php?rest_route=%2Fwp%2Fv2%2Fmedia&parent=4714"}],"wp:term":[{"taxonomy":"pwb-brand","embeddable":true,"href":"https:\/\/wavexia.com\/index.php?rest_route=%2Fwp%2Fv2%2Fpwb-brand&post=4714"},{"taxonomy":"product_brand","embeddable":true,"href":"https:\/\/wavexia.com\/index.php?rest_route=%2Fwp%2Fv2%2Fproduct_brand&post=4714"},{"taxonomy":"product_cat","embeddable":true,"href":"https:\/\/wavexia.com\/index.php?rest_route=%2Fwp%2Fv2%2Fproduct_cat&post=4714"},{"taxonomy":"product_tag","embeddable":true,"href":"https:\/\/wavexia.com\/index.php?rest_route=%2Fwp%2Fv2%2Fproduct_tag&post=4714"}],"curies":[{"name":"wp","href":"https:\/\/api.w.org\/{rel}","templated":true}]}}