{"id":4706,"date":"2025-10-19T09:10:24","date_gmt":"2025-10-19T09:10:24","guid":{"rendered":"https:\/\/wavexia.com\/product\/charlotte-tilbury-glowgasm-face-palette-lightgasm\/"},"modified":"2026-03-10T07:31:04","modified_gmt":"2026-03-10T07:31:04","slug":"charlotte-tilbury-glowgasm-face-palette-lightgasm","status":"publish","type":"product","link":"https:\/\/wavexia.com\/?product=charlotte-tilbury-glowgasm-face-palette-lightgasm","title":{"rendered":"CHARLOTTE TILBURY \u2013 GLOWGASM FACE PALETTE LIGHTGASM"},"content":{"rendered":"<h2>Description<\/h2>\n<p>Ma Glowgasm Face Palette en Lovegasm comprend des teintes sublimatrices de poudre bronzante, fard \u00e0 joues et illuminateur \u00e0 appliquer sur votre visage, vos yeux et vos joues!<\/p>\n<p><strong>RAYONNEZ<\/strong>&nbsp;cet \u00e9t\u00e9 avec des pommettes d\u2019un rose ensoleill\u00e9 aux couleurs de&nbsp;<strong>L\u2019AMOUR<\/strong>!<\/p>\n<p><strong>EFFET LOVEGASM EN UN SEUL PASSAGE<\/strong>! Cette palette&nbsp;<strong>ICONIQUE<\/strong>&nbsp;comprend 4 jolies teintes qui rehaussent toutes les couleurs de peau pour illuminer instantan\u00e9ment votre visage!<\/p>\n<p>Un&nbsp;<strong>\u00c9T\u00c9 SOUS LE SIGNE DE LOVEGASM<\/strong>! Laissez-vous envo\u00fbter par un regard de r\u00eave, des l\u00e8vres irr\u00e9sistibles et des pommettes ros\u00e9es avec ma collection Summer of Lovegasm comprenant mes&nbsp;<strong>NOUVEAUX<\/strong>&nbsp;secrets beaut\u00e9 Glowgasm et Pinkgasm!<\/p>\n","protected":false},"excerpt":{"rendered":"<p>Description Ma Glowgasm Face Palette en Lovegasm comprend des teintes sublimatrices de poudre bronzante, fard \u00e0 joues et illuminateur \u00e0 appliquer sur votre visage, vos yeux et vos joues! RAYONNEZ&nbsp;cet \u00e9t\u00e9 avec des pommettes d\u2019un rose ensoleill\u00e9 aux couleurs de&nbsp;L\u2019AMOUR! EFFET LOVEGASM EN UN SEUL PASSAGE! Cette palette&nbsp;ICONIQUE&nbsp;comprend 4 jolies teintes qui rehaussent toutes les [&hellip;]<\/p>\n","protected":false},"featured_media":4705,"comment_status":"open","ping_status":"closed","template":"","meta":{"content-type":"","_uag_custom_page_level_css":""},"pwb-brand":[],"product_brand":[],"product_cat":[425,360],"product_tag":[],"class_list":{"0":"post-4706","1":"product","2":"type-product","3":"status-publish","4":"has-post-thumbnail","6":"product_cat-charlotte-tilbury","7":"product_cat-maquillage","9":"first","10":"instock","11":"sale","12":"shipping-taxable","13":"purchasable","14":"product-type-simple"},"aioseo_notices":[],"uagb_featured_image_src":{"full":["https:\/\/wavexia.com\/wp-content\/uploads\/2025\/10\/GlowgasmFacePalette_Lightgasm_Open.webp",660,660,false],"thumbnail":["https:\/\/wavexia.com\/wp-content\/uploads\/2025\/10\/GlowgasmFacePalette_Lightgasm_Open-150x150.webp",150,150,true],"medium":["https:\/\/wavexia.com\/wp-content\/uploads\/2025\/10\/GlowgasmFacePalette_Lightgasm_Open-300x300.webp",300,300,true],"medium_large":["https:\/\/wavexia.com\/wp-content\/uploads\/2025\/10\/GlowgasmFacePalette_Lightgasm_Open.webp",660,660,false],"large":["https:\/\/wavexia.com\/wp-content\/uploads\/2025\/10\/GlowgasmFacePalette_Lightgasm_Open.webp",660,660,false],"1536x1536":["https:\/\/wavexia.com\/wp-content\/uploads\/2025\/10\/GlowgasmFacePalette_Lightgasm_Open.webp",660,660,false],"2048x2048":["https:\/\/wavexia.com\/wp-content\/uploads\/2025\/10\/GlowgasmFacePalette_Lightgasm_Open.webp",660,660,false],"woocommerce_archive_thumbnail":["https:\/\/wavexia.com\/wp-content\/uploads\/2025\/10\/GlowgasmFacePalette_Lightgasm_Open-300x300.webp",300,300,true],"woocommerce_thumbnail":["https:\/\/wavexia.com\/wp-content\/uploads\/2025\/10\/GlowgasmFacePalette_Lightgasm_Open-300x300.webp",300,300,true],"woocommerce_single":["https:\/\/wavexia.com\/wp-content\/uploads\/2025\/10\/GlowgasmFacePalette_Lightgasm_Open-600x600.webp",600,600,true],"woocommerce_gallery_thumbnail":["https:\/\/wavexia.com\/wp-content\/uploads\/2025\/10\/GlowgasmFacePalette_Lightgasm_Open-100x100.webp",100,100,true]},"uagb_author_info":{"display_name":"zineddine.ayoub98@gmail.com","author_link":"https:\/\/wavexia.com\/?author=0"},"uagb_comment_info":0,"uagb_excerpt":"Description Ma Glowgasm Face Palette en Lovegasm comprend des teintes sublimatrices de poudre bronzante, fard \u00e0 joues et illuminateur \u00e0 appliquer sur votre visage, vos yeux et vos joues! RAYONNEZ&nbsp;cet \u00e9t\u00e9 avec des pommettes d\u2019un rose ensoleill\u00e9 aux couleurs de&nbsp;L\u2019AMOUR! EFFET LOVEGASM EN UN SEUL PASSAGE! Cette palette&nbsp;ICONIQUE&nbsp;comprend 4 jolies teintes qui rehaussent toutes les&hellip;","brands":[],"_links":{"self":[{"href":"https:\/\/wavexia.com\/index.php?rest_route=\/wp\/v2\/product\/4706","targetHints":{"allow":["GET"]}}],"collection":[{"href":"https:\/\/wavexia.com\/index.php?rest_route=\/wp\/v2\/product"}],"about":[{"href":"https:\/\/wavexia.com\/index.php?rest_route=\/wp\/v2\/types\/product"}],"replies":[{"embeddable":true,"href":"https:\/\/wavexia.com\/index.php?rest_route=%2Fwp%2Fv2%2Fcomments&post=4706"}],"wp:featuredmedia":[{"embeddable":true,"href":"https:\/\/wavexia.com\/index.php?rest_route=\/wp\/v2\/media\/4705"}],"wp:attachment":[{"href":"https:\/\/wavexia.com\/index.php?rest_route=%2Fwp%2Fv2%2Fmedia&parent=4706"}],"wp:term":[{"taxonomy":"pwb-brand","embeddable":true,"href":"https:\/\/wavexia.com\/index.php?rest_route=%2Fwp%2Fv2%2Fpwb-brand&post=4706"},{"taxonomy":"product_brand","embeddable":true,"href":"https:\/\/wavexia.com\/index.php?rest_route=%2Fwp%2Fv2%2Fproduct_brand&post=4706"},{"taxonomy":"product_cat","embeddable":true,"href":"https:\/\/wavexia.com\/index.php?rest_route=%2Fwp%2Fv2%2Fproduct_cat&post=4706"},{"taxonomy":"product_tag","embeddable":true,"href":"https:\/\/wavexia.com\/index.php?rest_route=%2Fwp%2Fv2%2Fproduct_tag&post=4706"}],"curies":[{"name":"wp","href":"https:\/\/api.w.org\/{rel}","templated":true}]}}