{"id":4697,"date":"2025-10-19T09:10:17","date_gmt":"2025-10-19T09:10:17","guid":{"rendered":"https:\/\/wavexia.com\/product\/rare-beauty-brow-harmony-gel-sourcils-liftant-souple\/"},"modified":"2026-03-10T07:31:04","modified_gmt":"2026-03-10T07:31:04","slug":"rare-beauty-brow-harmony-gel-sourcils-liftant-souple","status":"publish","type":"product","link":"https:\/\/wavexia.com\/?product=rare-beauty-brow-harmony-gel-sourcils-liftant-souple","title":{"rendered":"Rare Beauty \u2013 Brow Harmony Gel Sourcils Liftant Souple"},"content":{"rendered":"<h2>Description<\/h2>\n<div>Un gel \u00e0 sourcils transparent, universel et waterproof, qui sculpte et lifte durablement les poils gr\u00e2ce \u00e0 une fixation l\u00e9g\u00e8re qui tient toute la journ\u00e9e sans effet carton ni collant.<\/p>\n<div><\/div>\n<div>Ce gel l\u00e9ger et facile \u00e0 appliquer permet de sculpter et de lisser les sourcils, pour un look impeccable et longue tenue sans effet carton ni collant. Id\u00e9al pour toutes les couleurs de sourcils, le gel transparent s\u00e8che sans laisser de traces, pour un fini l\u00e9ger qui tient sans s\u2019effriter. La formule waterproof r\u00e9siste m\u00eame \u00e0 la transpiration et au s\u00e9bum.<\/div>\n<\/div>\n","protected":false},"excerpt":{"rendered":"<p>Description Un gel \u00e0 sourcils transparent, universel et waterproof, qui sculpte et lifte durablement les poils gr\u00e2ce \u00e0 une fixation l\u00e9g\u00e8re qui tient toute la journ\u00e9e sans effet carton ni collant. Ce gel l\u00e9ger et facile \u00e0 appliquer permet de sculpter et de lisser les sourcils, pour un look impeccable et longue tenue sans effet [&hellip;]<\/p>\n","protected":false},"featured_media":4696,"comment_status":"open","ping_status":"closed","template":"","meta":{"content-type":"","_uag_custom_page_level_css":""},"pwb-brand":[],"product_brand":[],"product_cat":[360,420],"product_tag":[],"class_list":{"0":"post-4697","1":"product","2":"type-product","3":"status-publish","4":"has-post-thumbnail","6":"product_cat-maquillage","7":"product_cat-rare-beauty","9":"first","10":"instock","11":"sale","12":"shipping-taxable","13":"purchasable","14":"product-type-simple"},"aioseo_notices":[],"uagb_featured_image_src":{"full":["https:\/\/wavexia.com\/wp-content\/uploads\/2025\/10\/IMG_3929.png",375,375,false],"thumbnail":["https:\/\/wavexia.com\/wp-content\/uploads\/2025\/10\/IMG_3929-150x150.png",150,150,true],"medium":["https:\/\/wavexia.com\/wp-content\/uploads\/2025\/10\/IMG_3929-300x300.png",300,300,true],"medium_large":["https:\/\/wavexia.com\/wp-content\/uploads\/2025\/10\/IMG_3929.png",375,375,false],"large":["https:\/\/wavexia.com\/wp-content\/uploads\/2025\/10\/IMG_3929.png",375,375,false],"1536x1536":["https:\/\/wavexia.com\/wp-content\/uploads\/2025\/10\/IMG_3929.png",375,375,false],"2048x2048":["https:\/\/wavexia.com\/wp-content\/uploads\/2025\/10\/IMG_3929.png",375,375,false],"woocommerce_archive_thumbnail":["https:\/\/wavexia.com\/wp-content\/uploads\/2025\/10\/IMG_3929-300x300.png",300,300,true],"woocommerce_thumbnail":["https:\/\/wavexia.com\/wp-content\/uploads\/2025\/10\/IMG_3929-300x300.png",300,300,true],"woocommerce_single":["https:\/\/wavexia.com\/wp-content\/uploads\/2025\/10\/IMG_3929.png",375,375,false],"woocommerce_gallery_thumbnail":["https:\/\/wavexia.com\/wp-content\/uploads\/2025\/10\/IMG_3929-100x100.png",100,100,true]},"uagb_author_info":{"display_name":"zineddine.ayoub98@gmail.com","author_link":"https:\/\/wavexia.com\/?author=0"},"uagb_comment_info":0,"uagb_excerpt":"Description Un gel \u00e0 sourcils transparent, universel et waterproof, qui sculpte et lifte durablement les poils gr\u00e2ce \u00e0 une fixation l\u00e9g\u00e8re qui tient toute la journ\u00e9e sans effet carton ni collant. Ce gel l\u00e9ger et facile \u00e0 appliquer permet de sculpter et de lisser les sourcils, pour un look impeccable et longue tenue sans effet&hellip;","brands":[],"_links":{"self":[{"href":"https:\/\/wavexia.com\/index.php?rest_route=\/wp\/v2\/product\/4697","targetHints":{"allow":["GET"]}}],"collection":[{"href":"https:\/\/wavexia.com\/index.php?rest_route=\/wp\/v2\/product"}],"about":[{"href":"https:\/\/wavexia.com\/index.php?rest_route=\/wp\/v2\/types\/product"}],"replies":[{"embeddable":true,"href":"https:\/\/wavexia.com\/index.php?rest_route=%2Fwp%2Fv2%2Fcomments&post=4697"}],"wp:featuredmedia":[{"embeddable":true,"href":"https:\/\/wavexia.com\/index.php?rest_route=\/wp\/v2\/media\/4696"}],"wp:attachment":[{"href":"https:\/\/wavexia.com\/index.php?rest_route=%2Fwp%2Fv2%2Fmedia&parent=4697"}],"wp:term":[{"taxonomy":"pwb-brand","embeddable":true,"href":"https:\/\/wavexia.com\/index.php?rest_route=%2Fwp%2Fv2%2Fpwb-brand&post=4697"},{"taxonomy":"product_brand","embeddable":true,"href":"https:\/\/wavexia.com\/index.php?rest_route=%2Fwp%2Fv2%2Fproduct_brand&post=4697"},{"taxonomy":"product_cat","embeddable":true,"href":"https:\/\/wavexia.com\/index.php?rest_route=%2Fwp%2Fv2%2Fproduct_cat&post=4697"},{"taxonomy":"product_tag","embeddable":true,"href":"https:\/\/wavexia.com\/index.php?rest_route=%2Fwp%2Fv2%2Fproduct_tag&post=4697"}],"curies":[{"name":"wp","href":"https:\/\/api.w.org\/{rel}","templated":true}]}}