{"id":4694,"date":"2025-10-19T09:10:15","date_gmt":"2025-10-19T09:10:15","guid":{"rendered":"https:\/\/wavexia.com\/product\/discoloration-repair-serum-aa-almoes-30ml\/"},"modified":"2026-03-10T07:31:04","modified_gmt":"2026-03-10T07:31:04","slug":"discoloration-repair-serum-aa-almoes-30ml","status":"publish","type":"product","link":"https:\/\/wavexia.com\/?product=discoloration-repair-serum-aa-almoes-30ml","title":{"rendered":"Discoloration Repair Serum AA ALMOES \u2013 30ml"},"content":{"rendered":"<h2>Description<\/h2>\n<p>Le s\u00e9rum ALMOES \u00e0 l\u2019acide tranexamique, \u00e0 l\u2019acide kojique et \u00e0 l\u2019alpha arbutine est la solution ultime pour obtenir un teint plus lumineux, plus uniforme et plus jeune. Gr\u00e2ce \u00e0 sa puissante combinaison de ces trois ingr\u00e9dients actifs, ce s\u00e9rum cible efficacement les taches brunes, l\u2019hyperpigmentation et le teint irr\u00e9gulier, r\u00e9v\u00e9lant une peau radieuse et sans d\u00e9faut. Ce s\u00e9rum avanc\u00e9 est con\u00e7u pour d\u00e9livrer la concentration maximale de ces ingr\u00e9dients actifs en profondeur dans la peau, pour agir \u00e0 la racine du probl\u00e8me, garantissant une efficacit\u00e9 maximale. Ce s\u00e9rum est parfait pour ceux qui cherchent \u00e0 am\u00e9liorer l\u2019apparence g\u00e9n\u00e9rale de leur peau, \u00e0 r\u00e9duire l\u2019apparence des taches brunes et de l\u2019hyperpigmentation et \u00e0 obtenir un teint plus lumineux et plus uniforme, sans avoir besoin de produits chimiques agressifs ou de traitements invasifs. Dites adieu aux taches brunes, \u00e0 l\u2019hyperpigmentation et au teint in\u00e9gal avec ce s\u00e9rum puissant, et dites bonjour \u00e0 un teint plus lumineux et plus jeune. Il est temps de lib\u00e9rer tout le potentiel de votre peau et d\u2019obtenir la peau impeccable et \u00e9clatante dont vous avez toujours r\u00eav\u00e9.<\/p>\n<p>&nbsp;<\/p>\n","protected":false},"excerpt":{"rendered":"<p>Description Le s\u00e9rum ALMOES \u00e0 l\u2019acide tranexamique, \u00e0 l\u2019acide kojique et \u00e0 l\u2019alpha arbutine est la solution ultime pour obtenir un teint plus lumineux, plus uniforme et plus jeune. Gr\u00e2ce \u00e0 sa puissante combinaison de ces trois ingr\u00e9dients actifs, ce s\u00e9rum cible efficacement les taches brunes, l\u2019hyperpigmentation et le teint irr\u00e9gulier, r\u00e9v\u00e9lant une peau radieuse [&hellip;]<\/p>\n","protected":false},"featured_media":4693,"comment_status":"open","ping_status":"closed","template":"","meta":{"content-type":"","_uag_custom_page_level_css":""},"pwb-brand":[],"product_brand":[],"product_cat":[430,338],"product_tag":[],"class_list":{"0":"post-4694","1":"product","2":"type-product","3":"status-publish","4":"has-post-thumbnail","6":"product_cat-aa-almoes","7":"product_cat-serum-ampoule","9":"first","10":"instock","11":"sale","12":"shipping-taxable","13":"purchasable","14":"product-type-simple"},"aioseo_notices":[],"uagb_featured_image_src":{"full":["https:\/\/wavexia.com\/wp-content\/uploads\/2025\/10\/cGF0aD0lMkZtZWRpYSUyRmNhdGFsb2clMkZwcm9kdWN0JTJGMSUyRjklMkYxOTY2MTQ4Ny02Mjc5ODc4ODI1MjEtMV8xLmpwZyZmaXQ9Y292ZXImd2lkdGg9OTYw.webp",960,960,false],"thumbnail":["https:\/\/wavexia.com\/wp-content\/uploads\/2025\/10\/cGF0aD0lMkZtZWRpYSUyRmNhdGFsb2clMkZwcm9kdWN0JTJGMSUyRjklMkYxOTY2MTQ4Ny02Mjc5ODc4ODI1MjEtMV8xLmpwZyZmaXQ9Y292ZXImd2lkdGg9OTYw-150x150.webp",150,150,true],"medium":["https:\/\/wavexia.com\/wp-content\/uploads\/2025\/10\/cGF0aD0lMkZtZWRpYSUyRmNhdGFsb2clMkZwcm9kdWN0JTJGMSUyRjklMkYxOTY2MTQ4Ny02Mjc5ODc4ODI1MjEtMV8xLmpwZyZmaXQ9Y292ZXImd2lkdGg9OTYw-300x300.webp",300,300,true],"medium_large":["https:\/\/wavexia.com\/wp-content\/uploads\/2025\/10\/cGF0aD0lMkZtZWRpYSUyRmNhdGFsb2clMkZwcm9kdWN0JTJGMSUyRjklMkYxOTY2MTQ4Ny02Mjc5ODc4ODI1MjEtMV8xLmpwZyZmaXQ9Y292ZXImd2lkdGg9OTYw-768x768.webp",768,768,true],"large":["https:\/\/wavexia.com\/wp-content\/uploads\/2025\/10\/cGF0aD0lMkZtZWRpYSUyRmNhdGFsb2clMkZwcm9kdWN0JTJGMSUyRjklMkYxOTY2MTQ4Ny02Mjc5ODc4ODI1MjEtMV8xLmpwZyZmaXQ9Y292ZXImd2lkdGg9OTYw.webp",960,960,false],"1536x1536":["https:\/\/wavexia.com\/wp-content\/uploads\/2025\/10\/cGF0aD0lMkZtZWRpYSUyRmNhdGFsb2clMkZwcm9kdWN0JTJGMSUyRjklMkYxOTY2MTQ4Ny02Mjc5ODc4ODI1MjEtMV8xLmpwZyZmaXQ9Y292ZXImd2lkdGg9OTYw.webp",960,960,false],"2048x2048":["https:\/\/wavexia.com\/wp-content\/uploads\/2025\/10\/cGF0aD0lMkZtZWRpYSUyRmNhdGFsb2clMkZwcm9kdWN0JTJGMSUyRjklMkYxOTY2MTQ4Ny02Mjc5ODc4ODI1MjEtMV8xLmpwZyZmaXQ9Y292ZXImd2lkdGg9OTYw.webp",960,960,false],"woocommerce_archive_thumbnail":["https:\/\/wavexia.com\/wp-content\/uploads\/2025\/10\/cGF0aD0lMkZtZWRpYSUyRmNhdGFsb2clMkZwcm9kdWN0JTJGMSUyRjklMkYxOTY2MTQ4Ny02Mjc5ODc4ODI1MjEtMV8xLmpwZyZmaXQ9Y292ZXImd2lkdGg9OTYw-300x300.webp",300,300,true],"woocommerce_thumbnail":["https:\/\/wavexia.com\/wp-content\/uploads\/2025\/10\/cGF0aD0lMkZtZWRpYSUyRmNhdGFsb2clMkZwcm9kdWN0JTJGMSUyRjklMkYxOTY2MTQ4Ny02Mjc5ODc4ODI1MjEtMV8xLmpwZyZmaXQ9Y292ZXImd2lkdGg9OTYw-300x300.webp",300,300,true],"woocommerce_single":["https:\/\/wavexia.com\/wp-content\/uploads\/2025\/10\/cGF0aD0lMkZtZWRpYSUyRmNhdGFsb2clMkZwcm9kdWN0JTJGMSUyRjklMkYxOTY2MTQ4Ny02Mjc5ODc4ODI1MjEtMV8xLmpwZyZmaXQ9Y292ZXImd2lkdGg9OTYw-600x600.webp",600,600,true],"woocommerce_gallery_thumbnail":["https:\/\/wavexia.com\/wp-content\/uploads\/2025\/10\/cGF0aD0lMkZtZWRpYSUyRmNhdGFsb2clMkZwcm9kdWN0JTJGMSUyRjklMkYxOTY2MTQ4Ny02Mjc5ODc4ODI1MjEtMV8xLmpwZyZmaXQ9Y292ZXImd2lkdGg9OTYw-100x100.webp",100,100,true]},"uagb_author_info":{"display_name":"zineddine.ayoub98@gmail.com","author_link":"https:\/\/wavexia.com\/?author=0"},"uagb_comment_info":0,"uagb_excerpt":"Description Le s\u00e9rum ALMOES \u00e0 l\u2019acide tranexamique, \u00e0 l\u2019acide kojique et \u00e0 l\u2019alpha arbutine est la solution ultime pour obtenir un teint plus lumineux, plus uniforme et plus jeune. Gr\u00e2ce \u00e0 sa puissante combinaison de ces trois ingr\u00e9dients actifs, ce s\u00e9rum cible efficacement les taches brunes, l\u2019hyperpigmentation et le teint irr\u00e9gulier, r\u00e9v\u00e9lant une peau radieuse&hellip;","brands":[],"_links":{"self":[{"href":"https:\/\/wavexia.com\/index.php?rest_route=\/wp\/v2\/product\/4694","targetHints":{"allow":["GET"]}}],"collection":[{"href":"https:\/\/wavexia.com\/index.php?rest_route=\/wp\/v2\/product"}],"about":[{"href":"https:\/\/wavexia.com\/index.php?rest_route=\/wp\/v2\/types\/product"}],"replies":[{"embeddable":true,"href":"https:\/\/wavexia.com\/index.php?rest_route=%2Fwp%2Fv2%2Fcomments&post=4694"}],"wp:featuredmedia":[{"embeddable":true,"href":"https:\/\/wavexia.com\/index.php?rest_route=\/wp\/v2\/media\/4693"}],"wp:attachment":[{"href":"https:\/\/wavexia.com\/index.php?rest_route=%2Fwp%2Fv2%2Fmedia&parent=4694"}],"wp:term":[{"taxonomy":"pwb-brand","embeddable":true,"href":"https:\/\/wavexia.com\/index.php?rest_route=%2Fwp%2Fv2%2Fpwb-brand&post=4694"},{"taxonomy":"product_brand","embeddable":true,"href":"https:\/\/wavexia.com\/index.php?rest_route=%2Fwp%2Fv2%2Fproduct_brand&post=4694"},{"taxonomy":"product_cat","embeddable":true,"href":"https:\/\/wavexia.com\/index.php?rest_route=%2Fwp%2Fv2%2Fproduct_cat&post=4694"},{"taxonomy":"product_tag","embeddable":true,"href":"https:\/\/wavexia.com\/index.php?rest_route=%2Fwp%2Fv2%2Fproduct_tag&post=4694"}],"curies":[{"name":"wp","href":"https:\/\/api.w.org\/{rel}","templated":true}]}}