{"id":4691,"date":"2025-10-19T09:10:12","date_gmt":"2025-10-19T09:10:12","guid":{"rendered":"https:\/\/wavexia.com\/product\/paulas-choice-hydrating-gel-to-cream-cleanser-198ml\/"},"modified":"2026-03-10T07:31:04","modified_gmt":"2026-03-10T07:31:04","slug":"paulas-choice-hydrating-gel-to-cream-cleanser-198ml","status":"publish","type":"product","link":"https:\/\/wavexia.com\/?product=paulas-choice-hydrating-gel-to-cream-cleanser-198ml","title":{"rendered":"Paula\u00b4s Choice Hydrating Gel-to-Cream Cleanser 198ml"},"content":{"rendered":"<h2>Description<\/h2>\n<p>e nettoyant doux en gel-cr\u00e8me \u00e9limine la salet\u00e9, le s\u00e9bum et le maquillage, et \u00e9limine les polluants nocifs pour la peau qui peuvent provoquer des signes pr\u00e9matur\u00e9s de vieillissement.<\/p>\n<ul>\n<li>Le complexe de superaliments laisse la peau fra\u00eeche et radieuse<\/li>\n<li>Texture unique qui passe du gel apaisant \u00e0 la cr\u00e8me adoucissante pour la peau<\/li>\n<li>\u00c0 utiliser comme premi\u00e8re \u00e9tape de votre routine de soins de la peau<\/li>\n<\/ul>\n<p>Types de peau :<\/p>\n<div class=\"jsc-icon-content-line\">\n<p>Peau s\u00e8che\/tr\u00e8s s\u00e8che<\/p>\n<div class=\"jsc-icon-content-line\">\n<p>Peau normale<\/p>\n<\/div>\n<div class=\"jsc-icon-content-line\">\n<p>Peau grasse<\/p>\n<\/div>\n<\/div>\n","protected":false},"excerpt":{"rendered":"<p>Description e nettoyant doux en gel-cr\u00e8me \u00e9limine la salet\u00e9, le s\u00e9bum et le maquillage, et \u00e9limine les polluants nocifs pour la peau qui peuvent provoquer des signes pr\u00e9matur\u00e9s de vieillissement. Le complexe de superaliments laisse la peau fra\u00eeche et radieuse Texture unique qui passe du gel apaisant \u00e0 la cr\u00e8me adoucissante pour la peau \u00c0 [&hellip;]<\/p>\n","protected":false},"featured_media":4690,"comment_status":"open","ping_status":"closed","template":"","meta":{"content-type":"","_uag_custom_page_level_css":""},"pwb-brand":[],"product_brand":[],"product_cat":[336,358],"product_tag":[],"class_list":{"0":"post-4691","1":"product","2":"type-product","3":"status-publish","4":"has-post-thumbnail","6":"product_cat-nettoyant","7":"product_cat-paulas-choice","9":"first","10":"instock","11":"sale","12":"shipping-taxable","13":"purchasable","14":"product-type-simple"},"aioseo_notices":[],"uagb_featured_image_src":{"full":["https:\/\/wavexia.com\/wp-content\/uploads\/2025\/10\/IMG_3915.png",375,375,false],"thumbnail":["https:\/\/wavexia.com\/wp-content\/uploads\/2025\/10\/IMG_3915-150x150.png",150,150,true],"medium":["https:\/\/wavexia.com\/wp-content\/uploads\/2025\/10\/IMG_3915-300x300.png",300,300,true],"medium_large":["https:\/\/wavexia.com\/wp-content\/uploads\/2025\/10\/IMG_3915.png",375,375,false],"large":["https:\/\/wavexia.com\/wp-content\/uploads\/2025\/10\/IMG_3915.png",375,375,false],"1536x1536":["https:\/\/wavexia.com\/wp-content\/uploads\/2025\/10\/IMG_3915.png",375,375,false],"2048x2048":["https:\/\/wavexia.com\/wp-content\/uploads\/2025\/10\/IMG_3915.png",375,375,false],"woocommerce_archive_thumbnail":["https:\/\/wavexia.com\/wp-content\/uploads\/2025\/10\/IMG_3915-300x300.png",300,300,true],"woocommerce_thumbnail":["https:\/\/wavexia.com\/wp-content\/uploads\/2025\/10\/IMG_3915-300x300.png",300,300,true],"woocommerce_single":["https:\/\/wavexia.com\/wp-content\/uploads\/2025\/10\/IMG_3915.png",375,375,false],"woocommerce_gallery_thumbnail":["https:\/\/wavexia.com\/wp-content\/uploads\/2025\/10\/IMG_3915-100x100.png",100,100,true]},"uagb_author_info":{"display_name":"zineddine.ayoub98@gmail.com","author_link":"https:\/\/wavexia.com\/?author=0"},"uagb_comment_info":0,"uagb_excerpt":"Description e nettoyant doux en gel-cr\u00e8me \u00e9limine la salet\u00e9, le s\u00e9bum et le maquillage, et \u00e9limine les polluants nocifs pour la peau qui peuvent provoquer des signes pr\u00e9matur\u00e9s de vieillissement. Le complexe de superaliments laisse la peau fra\u00eeche et radieuse Texture unique qui passe du gel apaisant \u00e0 la cr\u00e8me adoucissante pour la peau \u00c0&hellip;","brands":[],"_links":{"self":[{"href":"https:\/\/wavexia.com\/index.php?rest_route=\/wp\/v2\/product\/4691","targetHints":{"allow":["GET"]}}],"collection":[{"href":"https:\/\/wavexia.com\/index.php?rest_route=\/wp\/v2\/product"}],"about":[{"href":"https:\/\/wavexia.com\/index.php?rest_route=\/wp\/v2\/types\/product"}],"replies":[{"embeddable":true,"href":"https:\/\/wavexia.com\/index.php?rest_route=%2Fwp%2Fv2%2Fcomments&post=4691"}],"wp:featuredmedia":[{"embeddable":true,"href":"https:\/\/wavexia.com\/index.php?rest_route=\/wp\/v2\/media\/4690"}],"wp:attachment":[{"href":"https:\/\/wavexia.com\/index.php?rest_route=%2Fwp%2Fv2%2Fmedia&parent=4691"}],"wp:term":[{"taxonomy":"pwb-brand","embeddable":true,"href":"https:\/\/wavexia.com\/index.php?rest_route=%2Fwp%2Fv2%2Fpwb-brand&post=4691"},{"taxonomy":"product_brand","embeddable":true,"href":"https:\/\/wavexia.com\/index.php?rest_route=%2Fwp%2Fv2%2Fproduct_brand&post=4691"},{"taxonomy":"product_cat","embeddable":true,"href":"https:\/\/wavexia.com\/index.php?rest_route=%2Fwp%2Fv2%2Fproduct_cat&post=4691"},{"taxonomy":"product_tag","embeddable":true,"href":"https:\/\/wavexia.com\/index.php?rest_route=%2Fwp%2Fv2%2Fproduct_tag&post=4691"}],"curies":[{"name":"wp","href":"https:\/\/api.w.org\/{rel}","templated":true}]}}