{"id":4689,"date":"2025-10-19T09:10:11","date_gmt":"2025-10-19T09:10:11","guid":{"rendered":"https:\/\/wavexia.com\/product\/benetint-blush-liquide-joues-et-levres-cha-cha-tint\/"},"modified":"2026-03-10T07:31:04","modified_gmt":"2026-03-10T07:31:04","slug":"benetint-blush-liquide-joues-et-levres-cha-cha-tint","status":"publish","type":"product","link":"https:\/\/wavexia.com\/?product=benetint-blush-liquide-joues-et-levres-cha-cha-tint","title":{"rendered":"Benetint \u2013 Blush Liquide Joues et L\u00e8vres cha cha tint"},"content":{"rendered":"<h2>Description<\/h2>\n<p>Le blush liquide joues et l\u00e8vres couleur mangue qui sublime vos joues et vos l\u00e8vres !<\/p>\n<p>Pour quel type de maquillage ?<br \/>Ce blush liquide couleur mangue colore l\u00e8vres et joues d\u2019une jolie teinte corail \u00e9clatante.<br \/>D\u2019une couleur gourmande, ce blush l\u00e9ger offre un fini naturel pendant des heures et une tenue sans transfert.<br \/>L\u00e9ger et color\u00e9 il convient \u00e0 toutes les carnations. Simple \u00e0 appliquer, color\u00e9, il ne coule pas et ne laisse pas de traces.<\/p>\n<p>Comment l\u2019utiliser ?<br \/>Souriez puis tamponnez votre blush liquide joues et l\u00e8vres Chachatint par petites touches sur vos pommettes avec trois petits traits. Puis tamponnez sur vos l\u00e8vres et \u00e9talez du bout des doigts.<\/p>\n<p>Pour compl\u00e9ter votre look :<br \/>Utilisez le crayon sourcils Precisely My Brow Pencil de Benefit pour d\u00e9finir et dessiner \u00e0 la perfection vos sourcils, puis appliquez le mascara They\u2019re Real Magnet de Benefit pour des cils \u00e0 la longueur extr\u00eame.<\/p>\n","protected":false},"excerpt":{"rendered":"<p>Description Le blush liquide joues et l\u00e8vres couleur mangue qui sublime vos joues et vos l\u00e8vres ! Pour quel type de maquillage ?Ce blush liquide couleur mangue colore l\u00e8vres et joues d\u2019une jolie teinte corail \u00e9clatante.D\u2019une couleur gourmande, ce blush l\u00e9ger offre un fini naturel pendant des heures et une tenue sans transfert.L\u00e9ger et color\u00e9 [&hellip;]<\/p>\n","protected":false},"featured_media":4688,"comment_status":"open","ping_status":"closed","template":"","meta":{"content-type":"","_uag_custom_page_level_css":""},"pwb-brand":[],"product_brand":[],"product_cat":[384,360],"product_tag":[],"class_list":{"0":"post-4689","1":"product","2":"type-product","3":"status-publish","4":"has-post-thumbnail","6":"product_cat-benefit","7":"product_cat-maquillage","9":"first","10":"instock","11":"shipping-taxable","12":"purchasable","13":"product-type-simple"},"aioseo_notices":[],"uagb_featured_image_src":{"full":["https:\/\/wavexia.com\/wp-content\/uploads\/2025\/10\/BENEFIT-Chachatint-Blush-Liquide-Joues-Levres.webp",1500,1500,false],"thumbnail":["https:\/\/wavexia.com\/wp-content\/uploads\/2025\/10\/BENEFIT-Chachatint-Blush-Liquide-Joues-Levres-150x150.webp",150,150,true],"medium":["https:\/\/wavexia.com\/wp-content\/uploads\/2025\/10\/BENEFIT-Chachatint-Blush-Liquide-Joues-Levres-300x300.webp",300,300,true],"medium_large":["https:\/\/wavexia.com\/wp-content\/uploads\/2025\/10\/BENEFIT-Chachatint-Blush-Liquide-Joues-Levres-768x768.webp",768,768,true],"large":["https:\/\/wavexia.com\/wp-content\/uploads\/2025\/10\/BENEFIT-Chachatint-Blush-Liquide-Joues-Levres-1024x1024.webp",1024,1024,true],"1536x1536":["https:\/\/wavexia.com\/wp-content\/uploads\/2025\/10\/BENEFIT-Chachatint-Blush-Liquide-Joues-Levres.webp",1500,1500,false],"2048x2048":["https:\/\/wavexia.com\/wp-content\/uploads\/2025\/10\/BENEFIT-Chachatint-Blush-Liquide-Joues-Levres.webp",1500,1500,false],"woocommerce_archive_thumbnail":["https:\/\/wavexia.com\/wp-content\/uploads\/2025\/10\/BENEFIT-Chachatint-Blush-Liquide-Joues-Levres-300x300.webp",300,300,true],"woocommerce_thumbnail":["https:\/\/wavexia.com\/wp-content\/uploads\/2025\/10\/BENEFIT-Chachatint-Blush-Liquide-Joues-Levres-300x300.webp",300,300,true],"woocommerce_single":["https:\/\/wavexia.com\/wp-content\/uploads\/2025\/10\/BENEFIT-Chachatint-Blush-Liquide-Joues-Levres-600x600.webp",600,600,true],"woocommerce_gallery_thumbnail":["https:\/\/wavexia.com\/wp-content\/uploads\/2025\/10\/BENEFIT-Chachatint-Blush-Liquide-Joues-Levres-100x100.webp",100,100,true]},"uagb_author_info":{"display_name":"zineddine.ayoub98@gmail.com","author_link":"https:\/\/wavexia.com\/?author=0"},"uagb_comment_info":0,"uagb_excerpt":"Description Le blush liquide joues et l\u00e8vres couleur mangue qui sublime vos joues et vos l\u00e8vres ! Pour quel type de maquillage ?Ce blush liquide couleur mangue colore l\u00e8vres et joues d\u2019une jolie teinte corail \u00e9clatante.D\u2019une couleur gourmande, ce blush l\u00e9ger offre un fini naturel pendant des heures et une tenue sans transfert.L\u00e9ger et color\u00e9&hellip;","brands":[],"_links":{"self":[{"href":"https:\/\/wavexia.com\/index.php?rest_route=\/wp\/v2\/product\/4689","targetHints":{"allow":["GET"]}}],"collection":[{"href":"https:\/\/wavexia.com\/index.php?rest_route=\/wp\/v2\/product"}],"about":[{"href":"https:\/\/wavexia.com\/index.php?rest_route=\/wp\/v2\/types\/product"}],"replies":[{"embeddable":true,"href":"https:\/\/wavexia.com\/index.php?rest_route=%2Fwp%2Fv2%2Fcomments&post=4689"}],"wp:featuredmedia":[{"embeddable":true,"href":"https:\/\/wavexia.com\/index.php?rest_route=\/wp\/v2\/media\/4688"}],"wp:attachment":[{"href":"https:\/\/wavexia.com\/index.php?rest_route=%2Fwp%2Fv2%2Fmedia&parent=4689"}],"wp:term":[{"taxonomy":"pwb-brand","embeddable":true,"href":"https:\/\/wavexia.com\/index.php?rest_route=%2Fwp%2Fv2%2Fpwb-brand&post=4689"},{"taxonomy":"product_brand","embeddable":true,"href":"https:\/\/wavexia.com\/index.php?rest_route=%2Fwp%2Fv2%2Fproduct_brand&post=4689"},{"taxonomy":"product_cat","embeddable":true,"href":"https:\/\/wavexia.com\/index.php?rest_route=%2Fwp%2Fv2%2Fproduct_cat&post=4689"},{"taxonomy":"product_tag","embeddable":true,"href":"https:\/\/wavexia.com\/index.php?rest_route=%2Fwp%2Fv2%2Fproduct_tag&post=4689"}],"curies":[{"name":"wp","href":"https:\/\/api.w.org\/{rel}","templated":true}]}}