{"id":4678,"date":"2025-10-19T09:09:57","date_gmt":"2025-10-19T09:09:57","guid":{"rendered":"https:\/\/wavexia.com\/product\/fino-premium-touch-hair-mask-700g\/"},"modified":"2026-03-10T07:31:04","modified_gmt":"2026-03-10T07:31:04","slug":"fino-premium-touch-hair-mask-700g","status":"publish","type":"product","link":"https:\/\/wavexia.com\/?product=fino-premium-touch-hair-mask-700g","title":{"rendered":"FINO PREMIUM TOUCH HAIR MASK 700G"},"content":{"rendered":"<h2>Description<\/h2>\n<p>Con\u00e7u pour r\u00e9parer les cheveux secs et ab\u00eem\u00e9s par les colorations, les permanentes, le soleil et les agressions ext\u00e9rieures, ce masque capillaire de Shiseido est formul\u00e9 \u00e0 base de gel\u00e9e royale EX, de PCA (para-chloroamph\u00e9tamine) et de Lipidure EX pour hydrater, renforcer, nourrir et assainir la chevelure, des racines jusqu\u2019aux pointes. Sept&nbsp;essences stimulent l\u2019absorption et la r\u00e9gulation de l\u2019hydratation, et apportent \u00e0 vos boucles de la brillance, du volume et de la couleur pour longtemps. Apr\u00e8s le shampooing, essorez-vous les cheveux avec une serviette puis appliquez le produit. Laissez poser quelques minutes. Rincez soigneusement.<\/p>\n","protected":false},"excerpt":{"rendered":"<p>Description Con\u00e7u pour r\u00e9parer les cheveux secs et ab\u00eem\u00e9s par les colorations, les permanentes, le soleil et les agressions ext\u00e9rieures, ce masque capillaire de Shiseido est formul\u00e9 \u00e0 base de gel\u00e9e royale EX, de PCA (para-chloroamph\u00e9tamine) et de Lipidure EX pour hydrater, renforcer, nourrir et assainir la chevelure, des racines jusqu\u2019aux pointes. Sept&nbsp;essences stimulent l\u2019absorption [&hellip;]<\/p>\n","protected":false},"featured_media":4677,"comment_status":"open","ping_status":"closed","template":"","meta":{"content-type":"","_uag_custom_page_level_css":""},"pwb-brand":[],"product_brand":[],"product_cat":[377,328],"product_tag":[],"class_list":{"0":"post-4678","1":"product","2":"type-product","3":"status-publish","4":"has-post-thumbnail","6":"product_cat-cheveux","7":"product_cat-nouveautes","9":"first","10":"instock","11":"sale","12":"shipping-taxable","13":"purchasable","14":"product-type-simple"},"aioseo_notices":[],"uagb_featured_image_src":{"full":["https:\/\/wavexia.com\/wp-content\/uploads\/2025\/10\/XXL_p0192987679_dff957ee-4faa-4532-8ef6-5bbb5d42d609.webp",861,861,false],"thumbnail":["https:\/\/wavexia.com\/wp-content\/uploads\/2025\/10\/XXL_p0192987679_dff957ee-4faa-4532-8ef6-5bbb5d42d609-150x150.webp",150,150,true],"medium":["https:\/\/wavexia.com\/wp-content\/uploads\/2025\/10\/XXL_p0192987679_dff957ee-4faa-4532-8ef6-5bbb5d42d609-300x300.webp",300,300,true],"medium_large":["https:\/\/wavexia.com\/wp-content\/uploads\/2025\/10\/XXL_p0192987679_dff957ee-4faa-4532-8ef6-5bbb5d42d609-768x768.webp",768,768,true],"large":["https:\/\/wavexia.com\/wp-content\/uploads\/2025\/10\/XXL_p0192987679_dff957ee-4faa-4532-8ef6-5bbb5d42d609.webp",861,861,false],"1536x1536":["https:\/\/wavexia.com\/wp-content\/uploads\/2025\/10\/XXL_p0192987679_dff957ee-4faa-4532-8ef6-5bbb5d42d609.webp",861,861,false],"2048x2048":["https:\/\/wavexia.com\/wp-content\/uploads\/2025\/10\/XXL_p0192987679_dff957ee-4faa-4532-8ef6-5bbb5d42d609.webp",861,861,false],"woocommerce_archive_thumbnail":["https:\/\/wavexia.com\/wp-content\/uploads\/2025\/10\/XXL_p0192987679_dff957ee-4faa-4532-8ef6-5bbb5d42d609-300x300.webp",300,300,true],"woocommerce_thumbnail":["https:\/\/wavexia.com\/wp-content\/uploads\/2025\/10\/XXL_p0192987679_dff957ee-4faa-4532-8ef6-5bbb5d42d609-300x300.webp",300,300,true],"woocommerce_single":["https:\/\/wavexia.com\/wp-content\/uploads\/2025\/10\/XXL_p0192987679_dff957ee-4faa-4532-8ef6-5bbb5d42d609-600x600.webp",600,600,true],"woocommerce_gallery_thumbnail":["https:\/\/wavexia.com\/wp-content\/uploads\/2025\/10\/XXL_p0192987679_dff957ee-4faa-4532-8ef6-5bbb5d42d609-100x100.webp",100,100,true]},"uagb_author_info":{"display_name":"zineddine.ayoub98@gmail.com","author_link":"https:\/\/wavexia.com\/?author=0"},"uagb_comment_info":0,"uagb_excerpt":"Description Con\u00e7u pour r\u00e9parer les cheveux secs et ab\u00eem\u00e9s par les colorations, les permanentes, le soleil et les agressions ext\u00e9rieures, ce masque capillaire de Shiseido est formul\u00e9 \u00e0 base de gel\u00e9e royale EX, de PCA (para-chloroamph\u00e9tamine) et de Lipidure EX pour hydrater, renforcer, nourrir et assainir la chevelure, des racines jusqu\u2019aux pointes. Sept&nbsp;essences stimulent l\u2019absorption&hellip;","brands":[],"_links":{"self":[{"href":"https:\/\/wavexia.com\/index.php?rest_route=\/wp\/v2\/product\/4678","targetHints":{"allow":["GET"]}}],"collection":[{"href":"https:\/\/wavexia.com\/index.php?rest_route=\/wp\/v2\/product"}],"about":[{"href":"https:\/\/wavexia.com\/index.php?rest_route=\/wp\/v2\/types\/product"}],"replies":[{"embeddable":true,"href":"https:\/\/wavexia.com\/index.php?rest_route=%2Fwp%2Fv2%2Fcomments&post=4678"}],"wp:featuredmedia":[{"embeddable":true,"href":"https:\/\/wavexia.com\/index.php?rest_route=\/wp\/v2\/media\/4677"}],"wp:attachment":[{"href":"https:\/\/wavexia.com\/index.php?rest_route=%2Fwp%2Fv2%2Fmedia&parent=4678"}],"wp:term":[{"taxonomy":"pwb-brand","embeddable":true,"href":"https:\/\/wavexia.com\/index.php?rest_route=%2Fwp%2Fv2%2Fpwb-brand&post=4678"},{"taxonomy":"product_brand","embeddable":true,"href":"https:\/\/wavexia.com\/index.php?rest_route=%2Fwp%2Fv2%2Fproduct_brand&post=4678"},{"taxonomy":"product_cat","embeddable":true,"href":"https:\/\/wavexia.com\/index.php?rest_route=%2Fwp%2Fv2%2Fproduct_cat&post=4678"},{"taxonomy":"product_tag","embeddable":true,"href":"https:\/\/wavexia.com\/index.php?rest_route=%2Fwp%2Fv2%2Fproduct_tag&post=4678"}],"curies":[{"name":"wp","href":"https:\/\/api.w.org\/{rel}","templated":true}]}}