{"id":4674,"date":"2025-10-19T09:09:55","date_gmt":"2025-10-19T09:09:55","guid":{"rendered":"https:\/\/wavexia.com\/product\/numbuzin-no-5-vitamin-boosting-essential-toner-200ml\/"},"modified":"2026-03-10T07:31:04","modified_gmt":"2026-03-10T07:31:04","slug":"numbuzin-no-5-vitamin-boosting-essential-toner-200ml","status":"publish","type":"product","link":"https:\/\/wavexia.com\/?product=numbuzin-no-5-vitamin-boosting-essential-toner-200ml","title":{"rendered":"Numbuzin No.5 Vitamin Boosting Essential Toner 200ml"},"content":{"rendered":"<h2>Description<\/h2>\n<p>Cette essence tonique contient de l\u2019arbutine, du bisabolol, de la vitamine C et de la niacinamide, qui revitalisent efficacement la peau et att\u00e9nuent les taches pigmentaires, tout en ravivant les teints ternes. Le glutathion liposom\u00e9 dans la formule offre un effet \u00e9claircissant suppl\u00e9mentaire.<\/p>\n<section>\n<div>\n<p><b>Bienfaits et avantages :<\/b><\/p>\n<ul>\n<li>Le tonique No.5 Vitamin Boosting Essence redonne vie \u00e0 votre peau terne et fatigu\u00e9e.<\/li>\n<li>Formul\u00e9 avec 4 ingr\u00e9dients cl\u00e9s : arbutine, bisabolol, vitamine C et 50 000 ppm de niacinamide, qui r\u00e9duisent la m\u00e9lanine et \u00e9claircissent la peau.<\/li>\n<li>Contient 20 000 ppm de Madewhite\u2122 avec de l\u2019extrait de Centella Asiatica, pour \u00e9claircir et apaiser la peau simultan\u00e9ment.<\/li>\n<li>Enrichi en glutathion liposom\u00e9 pour p\u00e9n\u00e9trer la peau et \u00e9claircir le teint en profondeur.<\/li>\n<\/ul>\n<p><b>Utilisation :<\/b><\/p>\n<ul>\n<li>Apr\u00e8s le nettoyage, appliquez une quantit\u00e9 mod\u00e9r\u00e9e sur la peau de mani\u00e8re uniforme et tapotez doucement pour une meilleure absorption.<\/li>\n<\/ul>\n<\/section>\n<div>\n<h4 class=\"accordion_title__igE6o MuiBox-root mui-style-0\" aria-expanded=\"true\" aria-controls=\":R3l3kof6:\">Ingr\u00e9dients principaux<\/h4>\n<div id=\":R3l3kof6:\" role=\"region\">\n<div class=\"productDetailPage_accordionContent__tZh8X\">Water, Dipropylene Glycol, Glycerin, Niacinamide, 1,2-Hexanediol, Butylene Glycol, Polyglycerin-3, Hippophae Rhamnoides Water, Acrylates\/C10-30 Alkyl Acrylate Crosspolymer, Tromethamine, Erythritol, Pentylene Glycol, 3-O-Ethyl Ascorbic Acid, Ethylhexylglycerin, Polyglyceryl-4 Caprate, Adenosine, Glutathione, Hydrogenated Lecithin, Disodium EDTA, Madecassoside, Coptis Japonica Root Extract, Decyl Glucoside, Caprylyl Glycol, Ceramide NP, Ascorbic Acid, Bisabolol, Panthenol, Tocopherol, Arbutin, Acetyl Hexapeptide-8, Hexapeptide-9, Nonapeptide-1, Palmitoyl Pentapeptide-4, Palmitoyl Tripeptide-1, Palmitoyl Tetrapeptide-7<\/div>\n<\/div>\n<\/div>\n<\/div>\n","protected":false},"excerpt":{"rendered":"<p>Description Cette essence tonique contient de l\u2019arbutine, du bisabolol, de la vitamine C et de la niacinamide, qui revitalisent efficacement la peau et att\u00e9nuent les taches pigmentaires, tout en ravivant les teints ternes. Le glutathion liposom\u00e9 dans la formule offre un effet \u00e9claircissant suppl\u00e9mentaire. Bienfaits et avantages : Le tonique No.5 Vitamin Boosting Essence redonne [&hellip;]<\/p>\n","protected":false},"featured_media":4673,"comment_status":"open","ping_status":"closed","template":"","meta":{"content-type":"","_uag_custom_page_level_css":""},"pwb-brand":[],"product_brand":[],"product_cat":[327,346,334,345],"product_tag":[],"class_list":{"0":"post-4674","1":"product","2":"type-product","3":"status-publish","4":"has-post-thumbnail","6":"product_cat-hmizat","7":"product_cat-numbuzin","8":"product_cat-produits-coreens","9":"product_cat-toner-pads","11":"first","12":"instock","13":"sale","14":"shipping-taxable","15":"purchasable","16":"product-type-simple"},"aioseo_notices":[],"uagb_featured_image_src":{"full":["https:\/\/wavexia.com\/wp-content\/uploads\/2025\/10\/f5a2cd_87908eeeb1c64a2292cfbf931b6bdcf2mv2.webp",560,560,false],"thumbnail":["https:\/\/wavexia.com\/wp-content\/uploads\/2025\/10\/f5a2cd_87908eeeb1c64a2292cfbf931b6bdcf2mv2-150x150.webp",150,150,true],"medium":["https:\/\/wavexia.com\/wp-content\/uploads\/2025\/10\/f5a2cd_87908eeeb1c64a2292cfbf931b6bdcf2mv2-300x300.webp",300,300,true],"medium_large":["https:\/\/wavexia.com\/wp-content\/uploads\/2025\/10\/f5a2cd_87908eeeb1c64a2292cfbf931b6bdcf2mv2.webp",560,560,false],"large":["https:\/\/wavexia.com\/wp-content\/uploads\/2025\/10\/f5a2cd_87908eeeb1c64a2292cfbf931b6bdcf2mv2.webp",560,560,false],"1536x1536":["https:\/\/wavexia.com\/wp-content\/uploads\/2025\/10\/f5a2cd_87908eeeb1c64a2292cfbf931b6bdcf2mv2.webp",560,560,false],"2048x2048":["https:\/\/wavexia.com\/wp-content\/uploads\/2025\/10\/f5a2cd_87908eeeb1c64a2292cfbf931b6bdcf2mv2.webp",560,560,false],"woocommerce_archive_thumbnail":["https:\/\/wavexia.com\/wp-content\/uploads\/2025\/10\/f5a2cd_87908eeeb1c64a2292cfbf931b6bdcf2mv2-300x300.webp",300,300,true],"woocommerce_thumbnail":["https:\/\/wavexia.com\/wp-content\/uploads\/2025\/10\/f5a2cd_87908eeeb1c64a2292cfbf931b6bdcf2mv2-300x300.webp",300,300,true],"woocommerce_single":["https:\/\/wavexia.com\/wp-content\/uploads\/2025\/10\/f5a2cd_87908eeeb1c64a2292cfbf931b6bdcf2mv2.webp",560,560,false],"woocommerce_gallery_thumbnail":["https:\/\/wavexia.com\/wp-content\/uploads\/2025\/10\/f5a2cd_87908eeeb1c64a2292cfbf931b6bdcf2mv2-100x100.webp",100,100,true]},"uagb_author_info":{"display_name":"zineddine.ayoub98@gmail.com","author_link":"https:\/\/wavexia.com\/?author=0"},"uagb_comment_info":0,"uagb_excerpt":"Description Cette essence tonique contient de l\u2019arbutine, du bisabolol, de la vitamine C et de la niacinamide, qui revitalisent efficacement la peau et att\u00e9nuent les taches pigmentaires, tout en ravivant les teints ternes. Le glutathion liposom\u00e9 dans la formule offre un effet \u00e9claircissant suppl\u00e9mentaire. Bienfaits et avantages : Le tonique No.5 Vitamin Boosting Essence redonne&hellip;","brands":[],"_links":{"self":[{"href":"https:\/\/wavexia.com\/index.php?rest_route=\/wp\/v2\/product\/4674","targetHints":{"allow":["GET"]}}],"collection":[{"href":"https:\/\/wavexia.com\/index.php?rest_route=\/wp\/v2\/product"}],"about":[{"href":"https:\/\/wavexia.com\/index.php?rest_route=\/wp\/v2\/types\/product"}],"replies":[{"embeddable":true,"href":"https:\/\/wavexia.com\/index.php?rest_route=%2Fwp%2Fv2%2Fcomments&post=4674"}],"wp:featuredmedia":[{"embeddable":true,"href":"https:\/\/wavexia.com\/index.php?rest_route=\/wp\/v2\/media\/4673"}],"wp:attachment":[{"href":"https:\/\/wavexia.com\/index.php?rest_route=%2Fwp%2Fv2%2Fmedia&parent=4674"}],"wp:term":[{"taxonomy":"pwb-brand","embeddable":true,"href":"https:\/\/wavexia.com\/index.php?rest_route=%2Fwp%2Fv2%2Fpwb-brand&post=4674"},{"taxonomy":"product_brand","embeddable":true,"href":"https:\/\/wavexia.com\/index.php?rest_route=%2Fwp%2Fv2%2Fproduct_brand&post=4674"},{"taxonomy":"product_cat","embeddable":true,"href":"https:\/\/wavexia.com\/index.php?rest_route=%2Fwp%2Fv2%2Fproduct_cat&post=4674"},{"taxonomy":"product_tag","embeddable":true,"href":"https:\/\/wavexia.com\/index.php?rest_route=%2Fwp%2Fv2%2Fproduct_tag&post=4674"}],"curies":[{"name":"wp","href":"https:\/\/api.w.org\/{rel}","templated":true}]}}