{"id":4667,"date":"2025-10-19T09:09:50","date_gmt":"2025-10-19T09:09:50","guid":{"rendered":"https:\/\/wavexia.com\/product\/mixsoon-bean-sun-serum-spf50-pa-50ml\/"},"modified":"2026-03-10T07:31:04","modified_gmt":"2026-03-10T07:31:04","slug":"mixsoon-bean-sun-serum-spf50-pa-50ml","status":"publish","type":"product","link":"https:\/\/wavexia.com\/?product=mixsoon-bean-sun-serum-spf50-pa-50ml","title":{"rendered":"mixsoon Bean Sun Serum SPF50+ PA++++ 50ml"},"content":{"rendered":"<h2>Description<\/h2>\n<div class=\"pro_infor_content_style\"><span>\u2013 Un \u00e9cran solaire sans danger pour les r\u00e9cifs, infus\u00e9 d\u2019ingr\u00e9dients brevet\u00e9s de soja ferment\u00e9 qui hydratent hautement votre peau et bloquent les rayons UVA et UVB avec un spectre SPF50+ PA++++.<br \/>\u2013 La texture aqueuse est estompable et adh\u00e8re parfaitement \u00e0 la peau, ce qui favorise \u00e9galement une adh\u00e9rence longue dur\u00e9e si elle est utilis\u00e9e avant le fond de teint.<br \/>\u2013 Enrichi de 4 types d\u2019ingr\u00e9dients tels que des ingr\u00e9dients de fermentation v\u00e9g\u00e9tale, de l\u2019extrait d\u2019\u00e9corce de Quercus Suber, de l\u2019acide hyaluronique, de la niacinamide et de l\u2019ad\u00e9nosine, il offre trois effets en une seule fois, tels que le blocage des rayons UV, le blanchiment et l\u2019am\u00e9lioration des probl\u00e8mes de rides.<br \/>\u2013 Test d\u2019irritation cutan\u00e9e termin\u00e9.<\/span><\/p>\n<p>&nbsp;<\/p>\n<h5 class=\"pro_infor_title_style\">Mode d\u2019emploi:<\/h5>\n<div class=\"pro_infor_content_style\"><span>Prenez une quantit\u00e9 appropri\u00e9e et \u00e9talez-la uniform\u00e9ment sur la peau expos\u00e9e au soleil, comme le visage, le cou et les bras.<\/span><\/div>\n<div><strong data-start=\"963\" data-end=\"978\">Avantages :<\/strong><br \/>\u2714 Protection solaire \u00e0 large spectre,<br data-start=\"1032\" data-end=\"1035\">\u2714 SPF50+ PA++++ Texture aqueuse semblable \u00e0 celle d\u2019un s\u00e9rum, absorption l\u00e9g\u00e8re et rapide,<br data-start=\"1092\" data-end=\"1095\">\u2714 Finition \u00e9clatante sans effet gras ni couche blanche,<br data-start=\"1145\" data-end=\"1148\">\u2714 Formule respectueuse des r\u00e9cifs Id\u00e9al pour les peaux sensibles et adapt\u00e9 \u00e0 tous les types de peau.<\/div>\n<h5>ingr\u00e9dients:<\/h5>\n<p>Eau, niacinamide, salicylate de butyloctyle, propanediol, triazone d\u2019\u00e9thylhexyle, m\u00e9thicone de caprylyle, glyc\u00e9rine, drometrizole trisiloxane, dist\u00e9arate de polyglyc\u00e9ryl-3, adipate de dibutyle, s\u00e9bacate de diisopropyle, acide t\u00e9r\u00e9phtalilid\u00e8ne dicamphor sulfonique, benzoate de di\u00e9thylamino hydroxybenzoyle hexyle, trom\u00e9thamine, 1,2-hexanediol, pentyl\u00e8ne glycol, extrait de racine de ch\u00eane, extrait de ferment de fruit de lactobacille\/punica granatum, extrait de ferment de lactobacille\/de soja, huile de cocos nucifera (noix de coco), hyaluronate de sodium, polym\u00e8re crois\u00e9 de m\u00e9thacrylate de m\u00e9thyle, bis-\u00e9thylhexyloxyph\u00e9nol m\u00e9thoxyph\u00e9nyl triazine, alcool c\u00e9t\u00e9arylique, st\u00e9arate de glyc\u00e9ryle, silice, phosphate de c\u00e9tyle de potassium, polyacryloyldim\u00e9thyl taurate de sodium, copolym\u00e8re VP\/eicos\u00e8ne, carbom\u00e8re, citrate de st\u00e9arate de glyc\u00e9ryle, acryloyldim\u00e9thyltaurate d\u2019ammonium\/copolym\u00e8re VP, penta\u00e9rythrityl t\u00e9tra-di-t-butyl hydroxyhydrocinnamate, \u00e9thylhexylglyc\u00e9rine, acrylates\/polym\u00e8re crois\u00e9 d\u2019acrylate d\u2019alkyle C10-30, inulin lauryl carbamate, ad\u00e9nosine, gomme xanthane, tocoph\u00e9rol, Filtrat de ferment de lactobacille\/jus de poire, filtrat de ferment de saccharomyces\/graines d\u2019orge, extrait d\u2019\u00e9corce de Quercus suber.<\/p>\n<div><\/div>\n<\/div>\n","protected":false},"excerpt":{"rendered":"<p>Description \u2013 Un \u00e9cran solaire sans danger pour les r\u00e9cifs, infus\u00e9 d\u2019ingr\u00e9dients brevet\u00e9s de soja ferment\u00e9 qui hydratent hautement votre peau et bloquent les rayons UVA et UVB avec un spectre SPF50+ PA++++.\u2013 La texture aqueuse est estompable et adh\u00e8re parfaitement \u00e0 la peau, ce qui favorise \u00e9galement une adh\u00e9rence longue dur\u00e9e si elle est [&hellip;]<\/p>\n","protected":false},"featured_media":4666,"comment_status":"open","ping_status":"closed","template":"","meta":{"content-type":"","_uag_custom_page_level_css":""},"pwb-brand":[],"product_brand":[],"product_cat":[335,328,334,340],"product_tag":[],"class_list":{"0":"post-4667","1":"product","2":"type-product","3":"status-publish","4":"has-post-thumbnail","6":"product_cat-mixsoon","7":"product_cat-nouveautes","8":"product_cat-produits-coreens","9":"product_cat-protection-solaire","11":"first","12":"instock","13":"sale","14":"shipping-taxable","15":"purchasable","16":"product-type-simple"},"aioseo_notices":[],"uagb_featured_image_src":{"full":["https:\/\/wavexia.com\/wp-content\/uploads\/2025\/10\/da67aab0-70b7-4bd5-8f30-7a4774b24451.webp",1500,1500,false],"thumbnail":["https:\/\/wavexia.com\/wp-content\/uploads\/2025\/10\/da67aab0-70b7-4bd5-8f30-7a4774b24451-150x150.webp",150,150,true],"medium":["https:\/\/wavexia.com\/wp-content\/uploads\/2025\/10\/da67aab0-70b7-4bd5-8f30-7a4774b24451-300x300.webp",300,300,true],"medium_large":["https:\/\/wavexia.com\/wp-content\/uploads\/2025\/10\/da67aab0-70b7-4bd5-8f30-7a4774b24451-768x768.webp",768,768,true],"large":["https:\/\/wavexia.com\/wp-content\/uploads\/2025\/10\/da67aab0-70b7-4bd5-8f30-7a4774b24451-1024x1024.webp",1024,1024,true],"1536x1536":["https:\/\/wavexia.com\/wp-content\/uploads\/2025\/10\/da67aab0-70b7-4bd5-8f30-7a4774b24451.webp",1500,1500,false],"2048x2048":["https:\/\/wavexia.com\/wp-content\/uploads\/2025\/10\/da67aab0-70b7-4bd5-8f30-7a4774b24451.webp",1500,1500,false],"woocommerce_archive_thumbnail":["https:\/\/wavexia.com\/wp-content\/uploads\/2025\/10\/da67aab0-70b7-4bd5-8f30-7a4774b24451-300x300.webp",300,300,true],"woocommerce_thumbnail":["https:\/\/wavexia.com\/wp-content\/uploads\/2025\/10\/da67aab0-70b7-4bd5-8f30-7a4774b24451-300x300.webp",300,300,true],"woocommerce_single":["https:\/\/wavexia.com\/wp-content\/uploads\/2025\/10\/da67aab0-70b7-4bd5-8f30-7a4774b24451-600x600.webp",600,600,true],"woocommerce_gallery_thumbnail":["https:\/\/wavexia.com\/wp-content\/uploads\/2025\/10\/da67aab0-70b7-4bd5-8f30-7a4774b24451-100x100.webp",100,100,true]},"uagb_author_info":{"display_name":"zineddine.ayoub98@gmail.com","author_link":"https:\/\/wavexia.com\/?author=0"},"uagb_comment_info":0,"uagb_excerpt":"Description \u2013 Un \u00e9cran solaire sans danger pour les r\u00e9cifs, infus\u00e9 d\u2019ingr\u00e9dients brevet\u00e9s de soja ferment\u00e9 qui hydratent hautement votre peau et bloquent les rayons UVA et UVB avec un spectre SPF50+ PA++++.\u2013 La texture aqueuse est estompable et adh\u00e8re parfaitement \u00e0 la peau, ce qui favorise \u00e9galement une adh\u00e9rence longue dur\u00e9e si elle est&hellip;","brands":[],"_links":{"self":[{"href":"https:\/\/wavexia.com\/index.php?rest_route=\/wp\/v2\/product\/4667","targetHints":{"allow":["GET"]}}],"collection":[{"href":"https:\/\/wavexia.com\/index.php?rest_route=\/wp\/v2\/product"}],"about":[{"href":"https:\/\/wavexia.com\/index.php?rest_route=\/wp\/v2\/types\/product"}],"replies":[{"embeddable":true,"href":"https:\/\/wavexia.com\/index.php?rest_route=%2Fwp%2Fv2%2Fcomments&post=4667"}],"wp:featuredmedia":[{"embeddable":true,"href":"https:\/\/wavexia.com\/index.php?rest_route=\/wp\/v2\/media\/4666"}],"wp:attachment":[{"href":"https:\/\/wavexia.com\/index.php?rest_route=%2Fwp%2Fv2%2Fmedia&parent=4667"}],"wp:term":[{"taxonomy":"pwb-brand","embeddable":true,"href":"https:\/\/wavexia.com\/index.php?rest_route=%2Fwp%2Fv2%2Fpwb-brand&post=4667"},{"taxonomy":"product_brand","embeddable":true,"href":"https:\/\/wavexia.com\/index.php?rest_route=%2Fwp%2Fv2%2Fproduct_brand&post=4667"},{"taxonomy":"product_cat","embeddable":true,"href":"https:\/\/wavexia.com\/index.php?rest_route=%2Fwp%2Fv2%2Fproduct_cat&post=4667"},{"taxonomy":"product_tag","embeddable":true,"href":"https:\/\/wavexia.com\/index.php?rest_route=%2Fwp%2Fv2%2Fproduct_tag&post=4667"}],"curies":[{"name":"wp","href":"https:\/\/api.w.org\/{rel}","templated":true}]}}