{"id":4663,"date":"2025-10-19T09:09:47","date_gmt":"2025-10-19T09:09:47","guid":{"rendered":"https:\/\/wavexia.com\/product\/skin1004-centella-poremizing-velvet-finish-sunscreen-50ml\/"},"modified":"2026-03-10T07:31:04","modified_gmt":"2026-03-10T07:31:04","slug":"skin1004-centella-poremizing-velvet-finish-sunscreen-50ml","status":"publish","type":"product","link":"https:\/\/wavexia.com\/?product=skin1004-centella-poremizing-velvet-finish-sunscreen-50ml","title":{"rendered":"SKIN1004 Centella Poremizing Velvet Finish Sunscreen 50ml"},"content":{"rendered":"<h2>Description<\/h2>\n<div class=\"WaaZC\">\n<div class=\"RJPOee EIJn2\">\n<div class=\"rPeykc\" data-hveid=\"CAoQAQ\" data-ved=\"2ahUKEwj38s-P642OAxWV2AIHHbvjB14Qo_EKegQIChAB\">\n<p><mark class=\"QVRyCf\">\u00c9cran solaire con\u00e7u pour les peaux grasses, mixtes ou \u00e0 pores \u00e9largis<\/mark>.&nbsp;Il offre une protection solaire haute performance avec SPF50+ PA++++, utilisant des filtres UV physiques (oxyde de zinc et dioxyde de titane) pour se prot\u00e9ger contre les rayons UVA et UVB.&nbsp;La cr\u00e8me solaire pr\u00e9sente aussi des propri\u00e9t\u00e9s de flou des pores et de contr\u00f4le de l\u2019huile, gr\u00e2ce au sel rose de l\u2019Himalaya et \u00e0 des ingr\u00e9dients \u00e0 base de silicone, cr\u00e9ant une finition mate \u00e0 flou doux.&nbsp;De plus, il contient de l\u2019extrait de Centella Asiatica et de la Madecassoside pour apaiser et r\u00e9parer la peau.&nbsp;La cr\u00e8me solaire a une teinte beige subtile qui aide \u00e0 uniformiser le teint de la peau et peut servir de base pour maquillage.<\/p>\n<\/div>\n<\/div>\n<div class=\"WaaZC\">\n<div class=\"RJPOee EIJn2\">\n<div class=\"rPeykc uP58nb\" data-hveid=\"CBAQAQ\" data-ved=\"2ahUKEwj38s-P642OAxWV2AIHHbvjB14Qo_EKegQIEBAB\">\n<p><span data-huuid=\"11987148956120030172\"><span role=\"heading\">Voici une analyse plus d\u00e9taill\u00e9e :<\/span><span class=\"pjBG2e\" data-cid=\"4688f836-5234-4a51-8641-d8166948b24c\"><span class=\"UV3uM\">&nbsp;<\/span><\/span><\/span><\/p>\n<\/div>\n<\/div>\n<\/div>\n<div class=\"WaaZC\">\n<div class=\"RJPOee EIJn2\">\n<ul data-hveid=\"CCMQAQ\" data-ved=\"2ahUKEwj38s-P642OAxWV2AIHHbvjB14Qm_YKegQIIxAB\">\n<li class=\"K3KsMc\">\n<div class=\"zMgcWd dSKvsb\" data-il=\"\">\n<div data-crb-p=\"\">\n<div class=\"xFTqob\">\n<div class=\"Gur8Ad\"><span data-huuid=\"11987148956120030343\"><strong>Protection solaire :<\/strong><\/span><\/div>\n<div class=\"vM0jzc\"><span data-huuid=\"11987148956120030400\">Il offre une protection \u00e0 large spectre avec SPF50+ PA++++ utilisant de l\u2019oxyde de zinc et du dioxyde de titane.<\/span><\/div>\n<\/div>\n<\/div>\n<\/div>\n<\/li>\n<li class=\"K3KsMc\">\n<div class=\"zMgcWd dSKvsb\" data-il=\"\">\n<div data-crb-p=\"\">\n<div class=\"xFTqob\">\n<div class=\"Gur8Ad\"><span data-huuid=\"11987148956120030514\"><strong>Minimisation des pores et contr\u00f4le du s\u00e9bum :<\/strong><\/span><\/div>\n<div class=\"vM0jzc\"><span data-huuid=\"11987148956120030571\">Il contient du sel rose de l\u2019Himalaya et des ingr\u00e9dients \u00e0 base de silicone pour absorber l\u2019exc\u00e8s de s\u00e9bum et minimiser l\u2019apparence des pores, ce qui donne une finition mate.<\/span><\/div>\n<\/div>\n<\/div>\n<\/div>\n<\/li>\n<li class=\"K3KsMc\">\n<div class=\"zMgcWd dSKvsb\" data-il=\"\">\n<div data-crb-p=\"\">\n<div class=\"xFTqob\">\n<div class=\"Gur8Ad\"><span data-huuid=\"11987148956120030685\"><strong>Apaiser et r\u00e9parer :<\/strong><\/span><\/div>\n<div class=\"vM0jzc\"><span data-huuid=\"11987148956120030742\">Elle comprend l\u2019extrait de Centella Asiatica et la Madecassoside, reconnues pour leurs propri\u00e9t\u00e9s apaisantes et r\u00e9paratrices de la peau.<\/span><\/div>\n<\/div>\n<\/div>\n<\/div>\n<\/li>\n<li class=\"K3KsMc\">\n<div class=\"zMgcWd dSKvsb\" data-il=\"\">\n<div data-crb-p=\"\">\n<div class=\"xFTqob\">\n<div class=\"Gur8Ad\"><span data-huuid=\"11987148956120030856\"><strong>Teinte naturelle :<\/strong><\/span><\/div>\n<div class=\"vM0jzc\"><span data-huuid=\"11987148956120030913\">La teinte beige aide \u00e0 uniformiser le teint et peut servir de base pour le maquillage.<\/span><\/div>\n<\/div>\n<\/div>\n<\/div>\n<\/li>\n<li class=\"K3KsMc\">\n<div class=\"zMgcWd dSKvsb\" data-il=\"\">\n<div data-crb-p=\"\">\n<div class=\"xFTqob\">\n<div class=\"Gur8Ad\"><span data-huuid=\"11987148956120031027\"><strong>Texture et finition :<\/strong><\/span><\/div>\n<div class=\"vM0jzc\"><span data-huuid=\"11987148956120031084\">La cr\u00e8me solaire a une texture l\u00e9g\u00e8re et a\u00e9rienne qui laisse une finition rafra\u00eechissante sur la peau.<\/span><\/div>\n<\/div>\n<\/div>\n<\/div>\n<\/li>\n<li class=\"K3KsMc\">\n<div class=\"zMgcWd dSKvsb\" data-il=\"\">\n<div data-crb-p=\"\">\n<div class=\"xFTqob\">\n<div class=\"Gur8Ad\"><span data-huuid=\"11987148956120031198\"><strong>Utilisation :<\/strong><\/span><\/div>\n<div class=\"vM0jzc\"><span data-huuid=\"11987148956120027159\">Il est recommand\u00e9 d\u2019appliquer la cr\u00e8me solaire comme derni\u00e8re \u00e9tape de votre routine de soins avant l\u2019exposition au soleil.<\/span><\/div>\n<\/div>\n<\/div>\n<\/div>\n<\/li>\n<\/ul>\n<\/div>\n<\/div>\n<\/div>\n","protected":false},"excerpt":{"rendered":"<p>Description \u00c9cran solaire con\u00e7u pour les peaux grasses, mixtes ou \u00e0 pores \u00e9largis.&nbsp;Il offre une protection solaire haute performance avec SPF50+ PA++++, utilisant des filtres UV physiques (oxyde de zinc et dioxyde de titane) pour se prot\u00e9ger contre les rayons UVA et UVB.&nbsp;La cr\u00e8me solaire pr\u00e9sente aussi des propri\u00e9t\u00e9s de flou des pores et de [&hellip;]<\/p>\n","protected":false},"featured_media":4662,"comment_status":"open","ping_status":"closed","template":"","meta":{"content-type":"","_uag_custom_page_level_css":""},"pwb-brand":[],"product_brand":[],"product_cat":[334,340,350],"product_tag":[],"class_list":{"0":"post-4663","1":"product","2":"type-product","3":"status-publish","4":"has-post-thumbnail","6":"product_cat-produits-coreens","7":"product_cat-protection-solaire","8":"product_cat-skin1004","10":"first","11":"instock","12":"sale","13":"shipping-taxable","14":"purchasable","15":"product-type-simple"},"aioseo_notices":[],"uagb_featured_image_src":{"full":["https:\/\/wavexia.com\/wp-content\/uploads\/2025\/10\/CentellaPoremizingFinishSunscreen3.jpg",1000,1000,false],"thumbnail":["https:\/\/wavexia.com\/wp-content\/uploads\/2025\/10\/CentellaPoremizingFinishSunscreen3-150x150.jpg",150,150,true],"medium":["https:\/\/wavexia.com\/wp-content\/uploads\/2025\/10\/CentellaPoremizingFinishSunscreen3-300x300.jpg",300,300,true],"medium_large":["https:\/\/wavexia.com\/wp-content\/uploads\/2025\/10\/CentellaPoremizingFinishSunscreen3-768x768.jpg",768,768,true],"large":["https:\/\/wavexia.com\/wp-content\/uploads\/2025\/10\/CentellaPoremizingFinishSunscreen3.jpg",1000,1000,false],"1536x1536":["https:\/\/wavexia.com\/wp-content\/uploads\/2025\/10\/CentellaPoremizingFinishSunscreen3.jpg",1000,1000,false],"2048x2048":["https:\/\/wavexia.com\/wp-content\/uploads\/2025\/10\/CentellaPoremizingFinishSunscreen3.jpg",1000,1000,false],"woocommerce_archive_thumbnail":["https:\/\/wavexia.com\/wp-content\/uploads\/2025\/10\/CentellaPoremizingFinishSunscreen3-300x300.jpg",300,300,true],"woocommerce_thumbnail":["https:\/\/wavexia.com\/wp-content\/uploads\/2025\/10\/CentellaPoremizingFinishSunscreen3-300x300.jpg",300,300,true],"woocommerce_single":["https:\/\/wavexia.com\/wp-content\/uploads\/2025\/10\/CentellaPoremizingFinishSunscreen3-600x600.jpg",600,600,true],"woocommerce_gallery_thumbnail":["https:\/\/wavexia.com\/wp-content\/uploads\/2025\/10\/CentellaPoremizingFinishSunscreen3-100x100.jpg",100,100,true]},"uagb_author_info":{"display_name":"zineddine.ayoub98@gmail.com","author_link":"https:\/\/wavexia.com\/?author=0"},"uagb_comment_info":0,"uagb_excerpt":"Description \u00c9cran solaire con\u00e7u pour les peaux grasses, mixtes ou \u00e0 pores \u00e9largis.&nbsp;Il offre une protection solaire haute performance avec SPF50+ PA++++, utilisant des filtres UV physiques (oxyde de zinc et dioxyde de titane) pour se prot\u00e9ger contre les rayons UVA et UVB.&nbsp;La cr\u00e8me solaire pr\u00e9sente aussi des propri\u00e9t\u00e9s de flou des pores et de&hellip;","brands":[],"_links":{"self":[{"href":"https:\/\/wavexia.com\/index.php?rest_route=\/wp\/v2\/product\/4663","targetHints":{"allow":["GET"]}}],"collection":[{"href":"https:\/\/wavexia.com\/index.php?rest_route=\/wp\/v2\/product"}],"about":[{"href":"https:\/\/wavexia.com\/index.php?rest_route=\/wp\/v2\/types\/product"}],"replies":[{"embeddable":true,"href":"https:\/\/wavexia.com\/index.php?rest_route=%2Fwp%2Fv2%2Fcomments&post=4663"}],"wp:featuredmedia":[{"embeddable":true,"href":"https:\/\/wavexia.com\/index.php?rest_route=\/wp\/v2\/media\/4662"}],"wp:attachment":[{"href":"https:\/\/wavexia.com\/index.php?rest_route=%2Fwp%2Fv2%2Fmedia&parent=4663"}],"wp:term":[{"taxonomy":"pwb-brand","embeddable":true,"href":"https:\/\/wavexia.com\/index.php?rest_route=%2Fwp%2Fv2%2Fpwb-brand&post=4663"},{"taxonomy":"product_brand","embeddable":true,"href":"https:\/\/wavexia.com\/index.php?rest_route=%2Fwp%2Fv2%2Fproduct_brand&post=4663"},{"taxonomy":"product_cat","embeddable":true,"href":"https:\/\/wavexia.com\/index.php?rest_route=%2Fwp%2Fv2%2Fproduct_cat&post=4663"},{"taxonomy":"product_tag","embeddable":true,"href":"https:\/\/wavexia.com\/index.php?rest_route=%2Fwp%2Fv2%2Fproduct_tag&post=4663"}],"curies":[{"name":"wp","href":"https:\/\/api.w.org\/{rel}","templated":true}]}}