{"id":4656,"date":"2025-10-19T09:09:40","date_gmt":"2025-10-19T09:09:40","guid":{"rendered":"https:\/\/wavexia.com\/product\/dr-althea-aqua-blue-hydration-mask-28g\/"},"modified":"2026-03-10T07:31:04","modified_gmt":"2026-03-10T07:31:04","slug":"dr-althea-aqua-blue-hydration-mask-28g","status":"publish","type":"product","link":"https:\/\/wavexia.com\/?product=dr-althea-aqua-blue-hydration-mask-28g","title":{"rendered":"Dr.Althea Aqua Blue Hydration Mask 28g"},"content":{"rendered":"<h2>Description<\/h2>\n<p><span>Le masque d\u2019hydratation Dr. Althea Aqua Blue est un masque en tissu ultra-hydratant con\u00e7u pour fournir une hydratation en profondeur et apaiser les peaux sensibles.<\/span><\/p>\n<p>Fabriqu\u00e9 \u00e0 partir de bois de ch\u00eane riche en tanins, ce masque d\u00e9livre efficacement des ingr\u00e9dients naturels pour une hydratation intense et un teint revitalis\u00e9.<\/p>\n<p><strong>Avantages&nbsp;:<br \/><\/strong>\u2013 R\u00e9duit les poches du visage<br \/>\u2013 Soin<br \/>anti-\u00e2ge- Hydratation 24 heures sur 24<\/p>\n<p><span><strong>Effets&nbsp;:<\/strong><br \/>Ce masque en tissu se concentre principalement sur l\u2019hydratation 24 heures sur 24 tout en apaisant les peaux sensibles.<\/span><\/p>\n<h5>mode d\u2019emploi:<\/h5>\n<p>1. Nettoyez votre visage et pr\u00e9parez votre peau avec du toner.<br \/>2. Sortez le masque en tissu de la pochette et d\u00e9pliez-le.<br \/>3. Appliquez le masque en tissu uniform\u00e9ment sur votre visage.<br \/>4. Laissez agir pendant 10 \u00e0 15 minutes, puis tapotez doucement l\u2019essence restante sur votre peau pour une meilleure absorption.<\/p>\n<h5>ingr\u00e9dients:<\/h5>\n<p>Eau, butyl\u00e8ne glycol, glyc\u00e9rine, niacinamide, 1,2-hexanediol, arginine, carbom\u00e8re, allanto\u00efne, eau de Bambusa vulgaris, \u00e9thylhexylglyc\u00e9rine, hydroxy\u00e9thylcellulose, polyglyc\u00e9ryl-10 laurate, gomme xanthane, ad\u00e9nosine, edta disodique, maltodextrine, extrait de gard\u00e9nia floridium hydrolys\u00e9, extrait de spirulina platensis, azul\u00e8ne, ferment de Candida Bombicola\/Glucose\/Methyl Rapeseedate, huile de graines de Simmondsia Chinensis (jojoba), extrait de feuille d\u2019agave tequilana, extrait de Caulerpa lentillifera, tocoph\u00e9rol.<\/p>\n","protected":false},"excerpt":{"rendered":"<p>Description Le masque d\u2019hydratation Dr. Althea Aqua Blue est un masque en tissu ultra-hydratant con\u00e7u pour fournir une hydratation en profondeur et apaiser les peaux sensibles. Fabriqu\u00e9 \u00e0 partir de bois de ch\u00eane riche en tanins, ce masque d\u00e9livre efficacement des ingr\u00e9dients naturels pour une hydratation intense et un teint revitalis\u00e9. Avantages&nbsp;:\u2013 R\u00e9duit les poches [&hellip;]<\/p>\n","protected":false},"featured_media":4655,"comment_status":"open","ping_status":"closed","template":"","meta":{"content-type":"","_uag_custom_page_level_css":""},"pwb-brand":[],"product_brand":[],"product_cat":[366,343,328,334],"product_tag":[],"class_list":{"0":"post-4656","1":"product","2":"type-product","3":"status-publish","4":"has-post-thumbnail","6":"product_cat-dr-althea","7":"product_cat-masque","8":"product_cat-nouveautes","9":"product_cat-produits-coreens","11":"first","12":"instock","13":"sale","14":"shipping-taxable","15":"purchasable","16":"product-type-simple"},"aioseo_notices":[],"uagb_featured_image_src":{"full":["https:\/\/wavexia.com\/wp-content\/uploads\/2025\/10\/1_911b2812-f6a7-4bb0-8a27-cc79a2afc578.webp",1500,1500,false],"thumbnail":["https:\/\/wavexia.com\/wp-content\/uploads\/2025\/10\/1_911b2812-f6a7-4bb0-8a27-cc79a2afc578-150x150.webp",150,150,true],"medium":["https:\/\/wavexia.com\/wp-content\/uploads\/2025\/10\/1_911b2812-f6a7-4bb0-8a27-cc79a2afc578-300x300.webp",300,300,true],"medium_large":["https:\/\/wavexia.com\/wp-content\/uploads\/2025\/10\/1_911b2812-f6a7-4bb0-8a27-cc79a2afc578-768x768.webp",768,768,true],"large":["https:\/\/wavexia.com\/wp-content\/uploads\/2025\/10\/1_911b2812-f6a7-4bb0-8a27-cc79a2afc578-1024x1024.webp",1024,1024,true],"1536x1536":["https:\/\/wavexia.com\/wp-content\/uploads\/2025\/10\/1_911b2812-f6a7-4bb0-8a27-cc79a2afc578.webp",1500,1500,false],"2048x2048":["https:\/\/wavexia.com\/wp-content\/uploads\/2025\/10\/1_911b2812-f6a7-4bb0-8a27-cc79a2afc578.webp",1500,1500,false],"woocommerce_archive_thumbnail":["https:\/\/wavexia.com\/wp-content\/uploads\/2025\/10\/1_911b2812-f6a7-4bb0-8a27-cc79a2afc578-300x300.webp",300,300,true],"woocommerce_thumbnail":["https:\/\/wavexia.com\/wp-content\/uploads\/2025\/10\/1_911b2812-f6a7-4bb0-8a27-cc79a2afc578-300x300.webp",300,300,true],"woocommerce_single":["https:\/\/wavexia.com\/wp-content\/uploads\/2025\/10\/1_911b2812-f6a7-4bb0-8a27-cc79a2afc578-600x600.webp",600,600,true],"woocommerce_gallery_thumbnail":["https:\/\/wavexia.com\/wp-content\/uploads\/2025\/10\/1_911b2812-f6a7-4bb0-8a27-cc79a2afc578-100x100.webp",100,100,true]},"uagb_author_info":{"display_name":"zineddine.ayoub98@gmail.com","author_link":"https:\/\/wavexia.com\/?author=0"},"uagb_comment_info":0,"uagb_excerpt":"Description Le masque d\u2019hydratation Dr. Althea Aqua Blue est un masque en tissu ultra-hydratant con\u00e7u pour fournir une hydratation en profondeur et apaiser les peaux sensibles. Fabriqu\u00e9 \u00e0 partir de bois de ch\u00eane riche en tanins, ce masque d\u00e9livre efficacement des ingr\u00e9dients naturels pour une hydratation intense et un teint revitalis\u00e9. Avantages&nbsp;:\u2013 R\u00e9duit les poches&hellip;","brands":[],"_links":{"self":[{"href":"https:\/\/wavexia.com\/index.php?rest_route=\/wp\/v2\/product\/4656","targetHints":{"allow":["GET"]}}],"collection":[{"href":"https:\/\/wavexia.com\/index.php?rest_route=\/wp\/v2\/product"}],"about":[{"href":"https:\/\/wavexia.com\/index.php?rest_route=\/wp\/v2\/types\/product"}],"replies":[{"embeddable":true,"href":"https:\/\/wavexia.com\/index.php?rest_route=%2Fwp%2Fv2%2Fcomments&post=4656"}],"wp:featuredmedia":[{"embeddable":true,"href":"https:\/\/wavexia.com\/index.php?rest_route=\/wp\/v2\/media\/4655"}],"wp:attachment":[{"href":"https:\/\/wavexia.com\/index.php?rest_route=%2Fwp%2Fv2%2Fmedia&parent=4656"}],"wp:term":[{"taxonomy":"pwb-brand","embeddable":true,"href":"https:\/\/wavexia.com\/index.php?rest_route=%2Fwp%2Fv2%2Fpwb-brand&post=4656"},{"taxonomy":"product_brand","embeddable":true,"href":"https:\/\/wavexia.com\/index.php?rest_route=%2Fwp%2Fv2%2Fproduct_brand&post=4656"},{"taxonomy":"product_cat","embeddable":true,"href":"https:\/\/wavexia.com\/index.php?rest_route=%2Fwp%2Fv2%2Fproduct_cat&post=4656"},{"taxonomy":"product_tag","embeddable":true,"href":"https:\/\/wavexia.com\/index.php?rest_route=%2Fwp%2Fv2%2Fproduct_tag&post=4656"}],"curies":[{"name":"wp","href":"https:\/\/api.w.org\/{rel}","templated":true}]}}