{"id":4650,"date":"2025-10-19T09:09:34","date_gmt":"2025-10-19T09:09:34","guid":{"rendered":"https:\/\/wavexia.com\/product\/dr-althea-jelly-seal-dewy-mask-28g\/"},"modified":"2026-03-10T07:31:04","modified_gmt":"2026-03-10T07:31:04","slug":"dr-althea-jelly-seal-dewy-mask-28g","status":"publish","type":"product","link":"https:\/\/wavexia.com\/?product=dr-althea-jelly-seal-dewy-mask-28g","title":{"rendered":"Dr.Althea Jelly Seal Dewy Mask 28g"},"content":{"rendered":"<h2>Description<\/h2>\n<p><span>Le masque r\u00e9parateur Dr. Althea Jelly Seal est un masque en tissu \u00e0 la gel\u00e9e \u00e0 double couche con\u00e7u pour r\u00e9tablir l\u2019\u00e9quilibre huile-hydratation de la peau tout en nourrissant en profondeur et en renfor\u00e7ant la barri\u00e8re cutan\u00e9e.<\/span><\/p>\n<p>Sa texture g\u00e9latineuse, \u00e0 la fois ferme et d\u00e9licate, assure une absorption maximale des ingr\u00e9dients actifs sans irritation, ce qui la rend id\u00e9ale pour les peaux sensibles et mixtes.<\/p>\n<p><strong>Avantages&nbsp;:<br \/><\/strong>\u2013 Hydratation intense<br \/>\u2013 Texture gel\u00e9e ferme pour les peaux<br \/>d\u00e9licates- Am\u00e9liore la fermet\u00e9 de la peau et la barri\u00e8re cutan\u00e9e<\/p>\n<p><span><strong>Effets&nbsp;:<\/strong><br \/>Il fournit une hydratation multicouche, assurant une r\u00e9tention d\u2019humidit\u00e9 durable. De plus, il am\u00e9liore la fermet\u00e9 de la peau et favorise la r\u00e9g\u00e9n\u00e9ration de la peau.<\/span><\/p>\n<h5>mode d\u2019emploi:<\/h5>\n<p>1. Nettoyez votre visage et pr\u00e9parez votre peau avec du toner.<br \/>2. Sortez le masque en tissu de la pochette et d\u00e9pliez-le.<br \/>3. Appliquez le masque en tissu uniform\u00e9ment sur votre visage.<br \/>4. Laissez agir pendant 10 \u00e0 15 minutes, puis tapotez doucement l\u2019essence restante sur votre peau pour une meilleure absorption.<\/p>\n<h5>ingr\u00e9dients:<\/h5>\n<p>Eau, butyl\u00e8ne glycol, 1,2-hexanediol, diglyc\u00e9rine, polyglyc\u00e9rine-3, carbom\u00e8re, arginine, allanto\u00efne, polyglyc\u00e9ryl-10 laurerate, \u00e9thylhexylglyc\u00e9rine, gomme xanthane, edta disodique, hyaluronate de sodium, hyaluronate d\u2019hydroxypropyltrimonium, acide hyaluronique hydrolys\u00e9, hyaluronate ac\u00e9tyl\u00e9 de sodium, acide hyaluronique, hyaluronate de sodium hydrolys\u00e9, polym\u00e8re crois\u00e9 d\u2019hyaluronate de sodium, extrait de feuille de Nelumbo Nucifera, ADN de sodium, hyaluronate de potassium.<\/p>\n","protected":false},"excerpt":{"rendered":"<p>Description Le masque r\u00e9parateur Dr. Althea Jelly Seal est un masque en tissu \u00e0 la gel\u00e9e \u00e0 double couche con\u00e7u pour r\u00e9tablir l\u2019\u00e9quilibre huile-hydratation de la peau tout en nourrissant en profondeur et en renfor\u00e7ant la barri\u00e8re cutan\u00e9e. Sa texture g\u00e9latineuse, \u00e0 la fois ferme et d\u00e9licate, assure une absorption maximale des ingr\u00e9dients actifs sans [&hellip;]<\/p>\n","protected":false},"featured_media":4649,"comment_status":"open","ping_status":"closed","template":"","meta":{"content-type":"","_uag_custom_page_level_css":""},"pwb-brand":[],"product_brand":[],"product_cat":[366,343,328,334],"product_tag":[],"class_list":{"0":"post-4650","1":"product","2":"type-product","3":"status-publish","4":"has-post-thumbnail","6":"product_cat-dr-althea","7":"product_cat-masque","8":"product_cat-nouveautes","9":"product_cat-produits-coreens","11":"first","12":"instock","13":"sale","14":"shipping-taxable","15":"purchasable","16":"product-type-simple"},"aioseo_notices":[],"uagb_featured_image_src":{"full":["https:\/\/wavexia.com\/wp-content\/uploads\/2025\/10\/jellysealdewymask_1dca8389-28a3-4c8e-9354-cde8c112358a-scaled.webp",2560,2560,false],"thumbnail":["https:\/\/wavexia.com\/wp-content\/uploads\/2025\/10\/jellysealdewymask_1dca8389-28a3-4c8e-9354-cde8c112358a-150x150.webp",150,150,true],"medium":["https:\/\/wavexia.com\/wp-content\/uploads\/2025\/10\/jellysealdewymask_1dca8389-28a3-4c8e-9354-cde8c112358a-300x300.webp",300,300,true],"medium_large":["https:\/\/wavexia.com\/wp-content\/uploads\/2025\/10\/jellysealdewymask_1dca8389-28a3-4c8e-9354-cde8c112358a-768x768.webp",768,768,true],"large":["https:\/\/wavexia.com\/wp-content\/uploads\/2025\/10\/jellysealdewymask_1dca8389-28a3-4c8e-9354-cde8c112358a-1024x1024.webp",1024,1024,true],"1536x1536":["https:\/\/wavexia.com\/wp-content\/uploads\/2025\/10\/jellysealdewymask_1dca8389-28a3-4c8e-9354-cde8c112358a-1536x1536.webp",1536,1536,true],"2048x2048":["https:\/\/wavexia.com\/wp-content\/uploads\/2025\/10\/jellysealdewymask_1dca8389-28a3-4c8e-9354-cde8c112358a-2048x2048.webp",2048,2048,true],"woocommerce_archive_thumbnail":["https:\/\/wavexia.com\/wp-content\/uploads\/2025\/10\/jellysealdewymask_1dca8389-28a3-4c8e-9354-cde8c112358a-300x300.webp",300,300,true],"woocommerce_thumbnail":["https:\/\/wavexia.com\/wp-content\/uploads\/2025\/10\/jellysealdewymask_1dca8389-28a3-4c8e-9354-cde8c112358a-300x300.webp",300,300,true],"woocommerce_single":["https:\/\/wavexia.com\/wp-content\/uploads\/2025\/10\/jellysealdewymask_1dca8389-28a3-4c8e-9354-cde8c112358a-600x600.webp",600,600,true],"woocommerce_gallery_thumbnail":["https:\/\/wavexia.com\/wp-content\/uploads\/2025\/10\/jellysealdewymask_1dca8389-28a3-4c8e-9354-cde8c112358a-100x100.webp",100,100,true]},"uagb_author_info":{"display_name":"zineddine.ayoub98@gmail.com","author_link":"https:\/\/wavexia.com\/?author=0"},"uagb_comment_info":0,"uagb_excerpt":"Description Le masque r\u00e9parateur Dr. Althea Jelly Seal est un masque en tissu \u00e0 la gel\u00e9e \u00e0 double couche con\u00e7u pour r\u00e9tablir l\u2019\u00e9quilibre huile-hydratation de la peau tout en nourrissant en profondeur et en renfor\u00e7ant la barri\u00e8re cutan\u00e9e. Sa texture g\u00e9latineuse, \u00e0 la fois ferme et d\u00e9licate, assure une absorption maximale des ingr\u00e9dients actifs sans&hellip;","brands":[],"_links":{"self":[{"href":"https:\/\/wavexia.com\/index.php?rest_route=\/wp\/v2\/product\/4650","targetHints":{"allow":["GET"]}}],"collection":[{"href":"https:\/\/wavexia.com\/index.php?rest_route=\/wp\/v2\/product"}],"about":[{"href":"https:\/\/wavexia.com\/index.php?rest_route=\/wp\/v2\/types\/product"}],"replies":[{"embeddable":true,"href":"https:\/\/wavexia.com\/index.php?rest_route=%2Fwp%2Fv2%2Fcomments&post=4650"}],"wp:featuredmedia":[{"embeddable":true,"href":"https:\/\/wavexia.com\/index.php?rest_route=\/wp\/v2\/media\/4649"}],"wp:attachment":[{"href":"https:\/\/wavexia.com\/index.php?rest_route=%2Fwp%2Fv2%2Fmedia&parent=4650"}],"wp:term":[{"taxonomy":"pwb-brand","embeddable":true,"href":"https:\/\/wavexia.com\/index.php?rest_route=%2Fwp%2Fv2%2Fpwb-brand&post=4650"},{"taxonomy":"product_brand","embeddable":true,"href":"https:\/\/wavexia.com\/index.php?rest_route=%2Fwp%2Fv2%2Fproduct_brand&post=4650"},{"taxonomy":"product_cat","embeddable":true,"href":"https:\/\/wavexia.com\/index.php?rest_route=%2Fwp%2Fv2%2Fproduct_cat&post=4650"},{"taxonomy":"product_tag","embeddable":true,"href":"https:\/\/wavexia.com\/index.php?rest_route=%2Fwp%2Fv2%2Fproduct_tag&post=4650"}],"curies":[{"name":"wp","href":"https:\/\/api.w.org\/{rel}","templated":true}]}}