{"id":4640,"date":"2025-10-19T09:09:24","date_gmt":"2025-10-19T09:09:24","guid":{"rendered":"https:\/\/wavexia.com\/product\/peeling-pha-resurfacing-glow-peel-50ml\/"},"modified":"2026-03-10T07:31:04","modified_gmt":"2026-03-10T07:31:04","slug":"peeling-pha-resurfacing-glow-peel-50ml","status":"publish","type":"product","link":"https:\/\/wavexia.com\/?product=peeling-pha-resurfacing-glow-peel-50ml","title":{"rendered":"Peeling PHA Resurfacing Glow Peel 50ml"},"content":{"rendered":"<h2>Description<\/h2>\n<p>Un peeling \u00e0 l\u2019eau gel \u00e0 10 % de PHA qui exfolie doucement la peau et d\u00e9gage les pores pour r\u00e9v\u00e9ler une peau rajeunie. Avec les extraits de 5 fruits et l\u00e9gumes diff\u00e9rents, cette \u00e9corce apaise et d\u00e9gage la peau d\u00e8s la premi\u00e8re utilisation. Les extraits de concombre, de papaye et de Centella Asiatica nourrissent la peau pour un \u00e9clat sain.<\/p>\n<p>Une exposition accrue \u00e0 la pollution, au pollen et \u00e0 d\u2019autres agressions externes peut \u00eatre difficile \u00e0 combattre pour notre peau. Une accumulation accrue de salet\u00e9 et de peaux mortes \u00e0 la surface de la peau conduit \u00e0 une peau rugueuse et terne qui n\u2019absorbe pas efficacement les produits de soins de la peau.<br \/>Bien s\u00fbr, notre instinct naturel \u00e9tait d\u2019essayer de trouver une solution \u00e0 ce probl\u00e8me. Nous voulions formuler un produit qui rendrait la peau purifi\u00e9e, apais\u00e9e et, surtout, propre. C\u2019est ce qui a men\u00e9 \u00e0 la cr\u00e9ation de notre PHA Resurfacing Glow Peel.<\/p>\n<h5>mode d\u2019emploi:<\/h5>\n<div class=\"how-to-step\">\n<p>\u00c9tape 1.<\/p>\n<p class=\"accordion__custom-desc\">Apr\u00e8s le nettoyage, appliquez une couche \u00e9paisse et uniforme sur la peau s\u00e8che.<\/p>\n<div class=\"how-to-step\">\n<p>\u00c9tape 2.<\/p>\n<p class=\"accordion__custom-desc\">Laissez-le reposer pendant 10 \u00e0 15 minutes.<\/p>\n<\/div>\n<div class=\"how-to-step\">\n<p>\u00c9tape 3.<\/p>\n<p class=\"accordion__custom-desc\">Rincer \u00e0 l\u2019eau ti\u00e8de.<\/p>\n<h5>ingr\u00e9dients:<\/h5>\n<p>Eau, Butyl\u00e8ne Glycol, Gluconolactone (10%), Glyc\u00e9rine, Trom\u00e9thamine, 1,2-Hexanediol, Gomme de Scl\u00e9rotium, Copolym\u00e8re d\u2019Acide Acrylique\/MA, Gomme Xanthane, Ethylhexylglyc\u00e9rine, Disodium EDTA, Caprylyl Glycol, Extrait de Fleur de Camellia Japonica, Extrait de Fruit de Carica Papaya (Papaye), Extrait de Fruit de Pyrus Malus (Pomme), Extrait de Fruit de Vitis Vinifera (Raisin), Extrait de Fruit de Prunus Mume, Extrait de Fruit de Cucumis Sativus (Concombre), Extrait de Centella Asiatica, Tocoph\u00e9rol<\/p>\n<\/div>\n<\/div>\n","protected":false},"excerpt":{"rendered":"<p>Description Un peeling \u00e0 l\u2019eau gel \u00e0 10 % de PHA qui exfolie doucement la peau et d\u00e9gage les pores pour r\u00e9v\u00e9ler une peau rajeunie. Avec les extraits de 5 fruits et l\u00e9gumes diff\u00e9rents, cette \u00e9corce apaise et d\u00e9gage la peau d\u00e8s la premi\u00e8re utilisation. Les extraits de concombre, de papaye et de Centella Asiatica [&hellip;]<\/p>\n","protected":false},"featured_media":4639,"comment_status":"open","ping_status":"closed","template":"","meta":{"content-type":"","_uag_custom_page_level_css":""},"pwb-brand":[],"product_brand":[],"product_cat":[363,334,338],"product_tag":[],"class_list":{"0":"post-4640","1":"product","2":"type-product","3":"status-publish","4":"has-post-thumbnail","6":"product_cat-axis-y","7":"product_cat-produits-coreens","8":"product_cat-serum-ampoule","10":"first","11":"instock","12":"sale","13":"shipping-taxable","14":"purchasable","15":"product-type-simple"},"aioseo_notices":[],"uagb_featured_image_src":{"full":["https:\/\/wavexia.com\/wp-content\/uploads\/2025\/10\/axis-y-pha-resurfacing-glow-peel-eclat-resurfacant-50ml.webp",1000,1000,false],"thumbnail":["https:\/\/wavexia.com\/wp-content\/uploads\/2025\/10\/axis-y-pha-resurfacing-glow-peel-eclat-resurfacant-50ml-150x150.webp",150,150,true],"medium":["https:\/\/wavexia.com\/wp-content\/uploads\/2025\/10\/axis-y-pha-resurfacing-glow-peel-eclat-resurfacant-50ml-300x300.webp",300,300,true],"medium_large":["https:\/\/wavexia.com\/wp-content\/uploads\/2025\/10\/axis-y-pha-resurfacing-glow-peel-eclat-resurfacant-50ml-768x768.webp",768,768,true],"large":["https:\/\/wavexia.com\/wp-content\/uploads\/2025\/10\/axis-y-pha-resurfacing-glow-peel-eclat-resurfacant-50ml.webp",1000,1000,false],"1536x1536":["https:\/\/wavexia.com\/wp-content\/uploads\/2025\/10\/axis-y-pha-resurfacing-glow-peel-eclat-resurfacant-50ml.webp",1000,1000,false],"2048x2048":["https:\/\/wavexia.com\/wp-content\/uploads\/2025\/10\/axis-y-pha-resurfacing-glow-peel-eclat-resurfacant-50ml.webp",1000,1000,false],"woocommerce_archive_thumbnail":["https:\/\/wavexia.com\/wp-content\/uploads\/2025\/10\/axis-y-pha-resurfacing-glow-peel-eclat-resurfacant-50ml-300x300.webp",300,300,true],"woocommerce_thumbnail":["https:\/\/wavexia.com\/wp-content\/uploads\/2025\/10\/axis-y-pha-resurfacing-glow-peel-eclat-resurfacant-50ml-300x300.webp",300,300,true],"woocommerce_single":["https:\/\/wavexia.com\/wp-content\/uploads\/2025\/10\/axis-y-pha-resurfacing-glow-peel-eclat-resurfacant-50ml-600x600.webp",600,600,true],"woocommerce_gallery_thumbnail":["https:\/\/wavexia.com\/wp-content\/uploads\/2025\/10\/axis-y-pha-resurfacing-glow-peel-eclat-resurfacant-50ml-100x100.webp",100,100,true]},"uagb_author_info":{"display_name":"zineddine.ayoub98@gmail.com","author_link":"https:\/\/wavexia.com\/?author=0"},"uagb_comment_info":0,"uagb_excerpt":"Description Un peeling \u00e0 l\u2019eau gel \u00e0 10 % de PHA qui exfolie doucement la peau et d\u00e9gage les pores pour r\u00e9v\u00e9ler une peau rajeunie. Avec les extraits de 5 fruits et l\u00e9gumes diff\u00e9rents, cette \u00e9corce apaise et d\u00e9gage la peau d\u00e8s la premi\u00e8re utilisation. Les extraits de concombre, de papaye et de Centella Asiatica&hellip;","brands":[],"_links":{"self":[{"href":"https:\/\/wavexia.com\/index.php?rest_route=\/wp\/v2\/product\/4640","targetHints":{"allow":["GET"]}}],"collection":[{"href":"https:\/\/wavexia.com\/index.php?rest_route=\/wp\/v2\/product"}],"about":[{"href":"https:\/\/wavexia.com\/index.php?rest_route=\/wp\/v2\/types\/product"}],"replies":[{"embeddable":true,"href":"https:\/\/wavexia.com\/index.php?rest_route=%2Fwp%2Fv2%2Fcomments&post=4640"}],"wp:featuredmedia":[{"embeddable":true,"href":"https:\/\/wavexia.com\/index.php?rest_route=\/wp\/v2\/media\/4639"}],"wp:attachment":[{"href":"https:\/\/wavexia.com\/index.php?rest_route=%2Fwp%2Fv2%2Fmedia&parent=4640"}],"wp:term":[{"taxonomy":"pwb-brand","embeddable":true,"href":"https:\/\/wavexia.com\/index.php?rest_route=%2Fwp%2Fv2%2Fpwb-brand&post=4640"},{"taxonomy":"product_brand","embeddable":true,"href":"https:\/\/wavexia.com\/index.php?rest_route=%2Fwp%2Fv2%2Fproduct_brand&post=4640"},{"taxonomy":"product_cat","embeddable":true,"href":"https:\/\/wavexia.com\/index.php?rest_route=%2Fwp%2Fv2%2Fproduct_cat&post=4640"},{"taxonomy":"product_tag","embeddable":true,"href":"https:\/\/wavexia.com\/index.php?rest_route=%2Fwp%2Fv2%2Fproduct_tag&post=4640"}],"curies":[{"name":"wp","href":"https:\/\/api.w.org\/{rel}","templated":true}]}}