{"id":4635,"date":"2025-10-19T09:09:14","date_gmt":"2025-10-19T09:09:14","guid":{"rendered":"https:\/\/wavexia.com\/product\/skin1004-madagascar-centella-tea-trica-soothing-sun-milk-spf50\/"},"modified":"2026-03-10T07:31:04","modified_gmt":"2026-03-10T07:31:04","slug":"skin1004-madagascar-centella-tea-trica-soothing-sun-milk-spf50","status":"publish","type":"product","link":"https:\/\/wavexia.com\/?product=skin1004-madagascar-centella-tea-trica-soothing-sun-milk-spf50","title":{"rendered":"SKIN1004 Madagascar Centella Tea-Trica Soothing Sun Milk SPF50+"},"content":{"rendered":"<h2>Description<\/h2>\n<p>Avec un haut SPF50+ offre cette zone une barri\u00e8re entre les zones UVA et UVB-strales, ce qui est n\u00e9cessaire pour qu\u2019il soit \u00e0 la hauteur d\u2019une zone, qui traverse la maison. La formule unique de trekt snel in, zonder een plakkerig of vet gevoel achter te laten, waardoor the perfect is for dagelijks gebruik. Bien qu\u2019il y ait un jour pour que vous ayez une routine quotidienne, ce lait solaire s\u2019allume en m\u00eame temps que j\u2019ai un h\u00f4tel et je suis hydrat\u00e9.<\/p>\n<p>Il s\u2019agit principalement du lait solaire Tea-Trica, un m\u00e9lange puissant d\u2019extraits de lames qui contient des antioxydants propres. Cela ne vous aide pas \u00e0 vous d\u00e9barrasser de votre maison, mais peut \u00e9galement vous irriter.<\/p>\n<p>Met de Madagascar Centella Tea-Trica Lait Solaire Apaisant SPF50+ offre une combinaison parfaite de soin, d\u2019hydratation et de calcination !<\/p>\n<p><strong>Ce lait solaire :<\/strong><\/p>\n<ul>\n<li>formule avec Centella Asiatica<\/li>\n<li>kracht kalmerende<\/li>\n<li>prot\u00e9ger efficacement la zone<\/li>\n<li>boost d\u00e9vastateur<\/li>\n<li>Prendre en compte les rayons UVA et UVB<\/li>\n<li>formule avec Tea-Trica<\/li>\n<li>extraits de lames cruelles<\/li>\n<li>vermindert roodheid et irritatie<\/li>\n<li>formule l\u00e9g\u00e8re<\/li>\n<li>randonn\u00e9e rapide en<\/li>\n<li>laat geen plakkerig gevoel achter<\/li>\n<li>utilisation quotidienne<\/li>\n<li>parfumvrai<\/li>\n<li>v\u00e9g\u00e9talien<\/li>\n<li>sans cruaut\u00e9<\/li>\n<\/ul>\n<p><strong>Mode d\u2019emploi :<\/strong><\/p>\n<ul>\n<li>Nous vous proposons \u00e9galement de compl\u00e9ter votre routine de soins de la peau.<\/li>\n<li>Herhaal gedurende de dag wanneer dit nodig is.<\/li>\n<\/ul>\n<p><strong>Ingr\u00e9dients :<br \/><\/strong><span data-sheets-textstyleruns=\"{&quot;1&quot;:0}\uee10{&quot;1&quot;:12,&quot;2&quot;:{&quot;5&quot;:0}}\uee10{&quot;1&quot;:130}\uee10{&quot;1&quot;:149,&quot;2&quot;:{&quot;5&quot;:0}}\uee10{&quot;1&quot;:193}\uee10{&quot;1&quot;:207,&quot;2&quot;:{&quot;5&quot;:0}}\uee10{&quot;1&quot;:320}\uee10{&quot;1&quot;:339,&quot;2&quot;:{&quot;5&quot;:0}}\uee10{&quot;1&quot;:1541}\" data-sheets-userformat=\"{&quot;2&quot;:21185,&quot;3&quot;:{&quot;1&quot;:0},&quot;9&quot;:0,&quot;10&quot;:1,&quot;12&quot;:0,&quot;15&quot;:&quot;Arial&quot;,&quot;17&quot;:1}\" data-sheets-value=\"{&quot;1&quot;:2,&quot;2&quot;:&quot;WHAT IT IS:n- This unscented sunscreen is super lightweight and hydrating, and quickly absorbing with a non greasy and dewy finishnnKEY INGREDIENTS:nMelaleuca Alternifolia (Tea Tree) Leaf WaternnHOW TO USE:nAt the last step of basic skincare, evenly apply on areas exposed to UV rays such as face, neck, arms, and legs.nnFULL INGREDIENTS:nWater, Butyloctyl Salicylate, Dibutyl Adipate, Propanediol, Ethylhexyl Triazone, Terephthalylidene Dicamphor Sulfonic Acid, Bis-Ethylhexyloxyphenol Methoxyphenyl Triazine, Polyglyceryl-3 Distearate, Niacinamide, Tromethamine, 1,2-Hexanediol, Diethylamino Hydroxybenzoyl Hexyl Benzoate, Caprylyl Methicone, Pentylene Glycol, Polymethylsilsesquioxane, Polysilicone-15, Centella Asiatica Extract, Ficus Carica (Fig) Fruit Extract, Oenothera Biennis (Evening Primrose) Flower Extract, Ulmus Davidiana Root Extract, Pinus Palustris Leaf Extract, Pueraria Lobata Root Extract, Chamaecyparis Obtusa Water, Melaleuca Alternifolia (Tea Tree) Leaf Water, Hydrogenated Lecithin, Glyceryl Stearate, Cetearyl Alcohol, Sorbitan Laurate, Sodium Stearoyl Glutamate, Carbomer, Ammonium Acryloyldimethyltaurate\/VP Copolymer, Glyceryl Stearate Citrate, Acrylates\/C10-30 Alkyl Acrylate Crosspolymer, Ethylhexylglycerin, Polyglyceryl-4 Laurate, Adenosine, Butylene Glycol, Tocopherol, Glycerin, Zinc Oxide, Ethoxydiglycol, Caprylic\/Capric Triglyceride, Octyldodecanol, Asiaticoside, Glycolipids, Madecassic Acid, Asiatic Acid, Polyhydroxystearic Acid, C12-13 Alketh-9, Triethoxycaprylylsilane, Ceramide NP, Dilauryl Citraten&quot;}\" data-sheets-root=\"1\">eau, salicylate de butyloctyle, adipate de dibutyle, propanediol, \u00e9thylhexyl triazone, acide t\u00e9r\u00e9phtalylid\u00e8ne dicamphor sulfonique, bis-\u00e9thylhexyloxyph\u00e9nol m\u00e9thoxyph\u00e9nyl triazine, polyglyc\u00e9ryl-3 dist\u00e9arate, niacinamide, trom\u00e9thamine, 1,2-hexanediol, di\u00e9thylamino hydroxybenzoyl hexyl benzoate, caprylyl m\u00e9thicone, pentyl\u00e8ne glycol, polym\u00e9thylsilsesquioxane, polysilicone-15, extrait de Centella Asiatica, extrait de fruit de Ficus Carica (figue), extrait de fleur d\u2019Oenothera Biennis (onagre), extrait de racine d\u2019Ulmus Davidiana, extrait de feuille de Pinus Palustris, extrait de racine de Pueraria Lobata, eau de Chamaecyparis Obtusa, eau de feuille de Melaleuca Alternifolia (arbre \u00e0 th\u00e9), l\u00e9cithine hydrog\u00e9n\u00e9e, St\u00e9arate de glyc\u00e9ryle, alcool c\u00e9t\u00e9arylique, laurate de sorbitane, st\u00e9aroyl glutamate de sodium, carbom\u00e8re, copolym\u00e8re d\u2019acryloyldim\u00e9thyltaurate d\u2019ammonium\/VP, citrate de st\u00e9arate de glyc\u00e9ryle, acrylates\/polym\u00e8re crois\u00e9 d\u2019acrylate d\u2019alkyle en C10-30, \u00e9thylhexylglyc\u00e9rine, laurate de polyglyc\u00e9ryle-4, ad\u00e9nosine, butyl\u00e8ne glycol, tocoph\u00e9rol, glyc\u00e9rine, oxyde de zinc, \u00e9thoxydiglycol, triglyc\u00e9ride caprylique\/caprique, octyldod\u00e9canol, asiaticoside, glycolipides, acide mad\u00e9cassique, acide asiatique, acide polyhydroxyst\u00e9arique, alc\u00e9th-9 en C12-13, tri\u00e9thoxycaprylylsilane, c\u00e9ramide NP, citrate de dilauryle<\/span><\/p>\n<p>&nbsp;<\/p>\n","protected":false},"excerpt":{"rendered":"<p>Description Avec un haut SPF50+ offre cette zone une barri\u00e8re entre les zones UVA et UVB-strales, ce qui est n\u00e9cessaire pour qu\u2019il soit \u00e0 la hauteur d\u2019une zone, qui traverse la maison. La formule unique de trekt snel in, zonder een plakkerig of vet gevoel achter te laten, waardoor the perfect is for dagelijks gebruik. [&hellip;]<\/p>\n","protected":false},"featured_media":4634,"comment_status":"open","ping_status":"closed","template":"","meta":{"content-type":"","_uag_custom_page_level_css":""},"pwb-brand":[],"product_brand":[],"product_cat":[334,340,350],"product_tag":[],"class_list":{"0":"post-4635","1":"product","2":"type-product","3":"status-publish","4":"has-post-thumbnail","6":"product_cat-produits-coreens","7":"product_cat-protection-solaire","8":"product_cat-skin1004","10":"first","11":"instock","12":"sale","13":"shipping-taxable","14":"purchasable","15":"product-type-simple"},"aioseo_notices":[],"uagb_featured_image_src":{"full":["https:\/\/wavexia.com\/wp-content\/uploads\/2025\/10\/1000956745.webp",800,800,false],"thumbnail":["https:\/\/wavexia.com\/wp-content\/uploads\/2025\/10\/1000956745-150x150.webp",150,150,true],"medium":["https:\/\/wavexia.com\/wp-content\/uploads\/2025\/10\/1000956745-300x300.webp",300,300,true],"medium_large":["https:\/\/wavexia.com\/wp-content\/uploads\/2025\/10\/1000956745-768x768.webp",768,768,true],"large":["https:\/\/wavexia.com\/wp-content\/uploads\/2025\/10\/1000956745.webp",800,800,false],"1536x1536":["https:\/\/wavexia.com\/wp-content\/uploads\/2025\/10\/1000956745.webp",800,800,false],"2048x2048":["https:\/\/wavexia.com\/wp-content\/uploads\/2025\/10\/1000956745.webp",800,800,false],"woocommerce_archive_thumbnail":["https:\/\/wavexia.com\/wp-content\/uploads\/2025\/10\/1000956745-300x300.webp",300,300,true],"woocommerce_thumbnail":["https:\/\/wavexia.com\/wp-content\/uploads\/2025\/10\/1000956745-300x300.webp",300,300,true],"woocommerce_single":["https:\/\/wavexia.com\/wp-content\/uploads\/2025\/10\/1000956745-600x600.webp",600,600,true],"woocommerce_gallery_thumbnail":["https:\/\/wavexia.com\/wp-content\/uploads\/2025\/10\/1000956745-100x100.webp",100,100,true]},"uagb_author_info":{"display_name":"zineddine.ayoub98@gmail.com","author_link":"https:\/\/wavexia.com\/?author=0"},"uagb_comment_info":0,"uagb_excerpt":"Description Avec un haut SPF50+ offre cette zone une barri\u00e8re entre les zones UVA et UVB-strales, ce qui est n\u00e9cessaire pour qu\u2019il soit \u00e0 la hauteur d\u2019une zone, qui traverse la maison. La formule unique de trekt snel in, zonder een plakkerig of vet gevoel achter te laten, waardoor the perfect is for dagelijks gebruik.&hellip;","brands":[],"_links":{"self":[{"href":"https:\/\/wavexia.com\/index.php?rest_route=\/wp\/v2\/product\/4635","targetHints":{"allow":["GET"]}}],"collection":[{"href":"https:\/\/wavexia.com\/index.php?rest_route=\/wp\/v2\/product"}],"about":[{"href":"https:\/\/wavexia.com\/index.php?rest_route=\/wp\/v2\/types\/product"}],"replies":[{"embeddable":true,"href":"https:\/\/wavexia.com\/index.php?rest_route=%2Fwp%2Fv2%2Fcomments&post=4635"}],"wp:featuredmedia":[{"embeddable":true,"href":"https:\/\/wavexia.com\/index.php?rest_route=\/wp\/v2\/media\/4634"}],"wp:attachment":[{"href":"https:\/\/wavexia.com\/index.php?rest_route=%2Fwp%2Fv2%2Fmedia&parent=4635"}],"wp:term":[{"taxonomy":"pwb-brand","embeddable":true,"href":"https:\/\/wavexia.com\/index.php?rest_route=%2Fwp%2Fv2%2Fpwb-brand&post=4635"},{"taxonomy":"product_brand","embeddable":true,"href":"https:\/\/wavexia.com\/index.php?rest_route=%2Fwp%2Fv2%2Fproduct_brand&post=4635"},{"taxonomy":"product_cat","embeddable":true,"href":"https:\/\/wavexia.com\/index.php?rest_route=%2Fwp%2Fv2%2Fproduct_cat&post=4635"},{"taxonomy":"product_tag","embeddable":true,"href":"https:\/\/wavexia.com\/index.php?rest_route=%2Fwp%2Fv2%2Fproduct_tag&post=4635"}],"curies":[{"name":"wp","href":"https:\/\/api.w.org\/{rel}","templated":true}]}}