{"id":4629,"date":"2025-10-19T09:09:10","date_gmt":"2025-10-19T09:09:10","guid":{"rendered":"https:\/\/wavexia.com\/product\/beauty-of-joseon-green-plum-refreshing-toner-aha-bha-150ml\/"},"modified":"2026-03-10T07:31:04","modified_gmt":"2026-03-10T07:31:04","slug":"beauty-of-joseon-green-plum-refreshing-toner-aha-bha-150ml","status":"publish","type":"product","link":"https:\/\/wavexia.com\/?product=beauty-of-joseon-green-plum-refreshing-toner-aha-bha-150ml","title":{"rendered":"Beauty of Joseon \u2013 Green Plum Refreshing Toner : AHA + BHA 150ml"},"content":{"rendered":"<h2>Description<\/h2>\n<p>La beaut\u00e9 du toner rafra\u00eechissant Joseon Green Plum : AHA + BHA est un toner exfoliant pour un usage quotidien. Ce toner convient \u00e0 tous les types de peau, mais il est pr\u00e9f\u00e9rable de faire d\u2019abord un test cutan\u00e9 si vous avez la peau tr\u00e8s sensible.<\/p>\n<p>Ce toner regorge d\u2019ingr\u00e9dients actifs tels que l\u2019eau de prune verte (30 %) et l\u2019extrait de haricot mungo (2 %). Ces ingr\u00e9dients rendent votre peau plus lisse et hydratent en profondeur. L\u2019acide glycolique \u00e0 2 % et l\u2019acide salicylique \u00e0 0,5 % \u00e9liminent en douceur les cellules mortes de la peau sans irriter votre peau.<\/p>\n<p>Un toner super doux pour une peau propre et \u00e9clatante !<\/p>\n<p><strong>Ce tonique&nbsp;:<\/strong><\/p>\n<ul>\n<li>tonique exfoliant pour un usage quotidien<\/li>\n<li>convient \u00e0 tous les types de peau<\/li>\n<li>bourr\u00e9 d\u2019ingr\u00e9dients actifs<\/li>\n<li>contient 30 % d\u2019eau de prune et 2 % d\u2019extrait de haricot mungo<\/li>\n<li>rend votre peau plus lisse et hydrat\u00e9e<\/li>\n<li>exfoliation douce avec 2% d\u2019acide glycolique et 0,5% d\u2019acide salicylique<\/li>\n<li>pour une peau \u00e9clatante<\/li>\n<li>sans cruaut\u00e9<\/li>\n<\/ul>\n<p><strong>Comment utiliser:<\/strong><\/p>\n<ul>\n<li>Appliquer sur une peau propre et s\u00e8che.<\/li>\n<li>Appliquez le toner avec un coton ou avec vos doigts.<\/li>\n<li>Suivez le matin avec un SPF.<\/li>\n<li>Peut \u00eatre utilis\u00e9 le matin et\/ou le soir.<\/li>\n<\/ul>\n<p><strong>Ingr\u00e9dients:<br \/><\/strong>Water, Prunus Mume Fruit Water, Dipropylene Glycol, 1,2-Hexanediol, Tromethamine, Glycolic Acid, Phaseolus Radiatus Seed Extract, Panax Ginseng Root Extract, Oryza Sativa (Rice) Bran Water, Portulaca Oleracea Extract, Butylene Glycol, Glycerin, Salicylic Acid, Melia Azadirachta Leaf Extract, Melia Azadirachta Flower Extract, Fructose, Tocopherol, Glucose, Sodium PCA, Triethylhexanoin, Diphenyl Dimethicone, C12-14, Pareth-12, Ethylhexylglycerin, Hydrogenated Lecithin, Polyglyceryl-10 Oleate, Tetrasodium EDTA.<\/p>\n","protected":false},"excerpt":{"rendered":"<p>Description La beaut\u00e9 du toner rafra\u00eechissant Joseon Green Plum : AHA + BHA est un toner exfoliant pour un usage quotidien. Ce toner convient \u00e0 tous les types de peau, mais il est pr\u00e9f\u00e9rable de faire d\u2019abord un test cutan\u00e9 si vous avez la peau tr\u00e8s sensible. Ce toner regorge d\u2019ingr\u00e9dients actifs tels que l\u2019eau [&hellip;]<\/p>\n","protected":false},"featured_media":4628,"comment_status":"open","ping_status":"closed","template":"","meta":{"content-type":"","_uag_custom_page_level_css":""},"pwb-brand":[],"product_brand":[],"product_cat":[354,334,323,345],"product_tag":[],"class_list":{"0":"post-4629","1":"product","2":"type-product","3":"status-publish","4":"has-post-thumbnail","6":"product_cat-beauty-of-joseon","7":"product_cat-produits-coreens","8":"product_cat-skincare","9":"product_cat-toner-pads","11":"first","12":"instock","13":"sale","14":"shipping-taxable","15":"purchasable","16":"product-type-simple"},"aioseo_notices":[],"uagb_featured_image_src":{"full":["https:\/\/wavexia.com\/wp-content\/uploads\/2025\/10\/800_1d1a12e0-19d9-43c2-8619-958533502dac.webp",800,800,false],"thumbnail":["https:\/\/wavexia.com\/wp-content\/uploads\/2025\/10\/800_1d1a12e0-19d9-43c2-8619-958533502dac-150x150.webp",150,150,true],"medium":["https:\/\/wavexia.com\/wp-content\/uploads\/2025\/10\/800_1d1a12e0-19d9-43c2-8619-958533502dac-300x300.webp",300,300,true],"medium_large":["https:\/\/wavexia.com\/wp-content\/uploads\/2025\/10\/800_1d1a12e0-19d9-43c2-8619-958533502dac-768x768.webp",768,768,true],"large":["https:\/\/wavexia.com\/wp-content\/uploads\/2025\/10\/800_1d1a12e0-19d9-43c2-8619-958533502dac.webp",800,800,false],"1536x1536":["https:\/\/wavexia.com\/wp-content\/uploads\/2025\/10\/800_1d1a12e0-19d9-43c2-8619-958533502dac.webp",800,800,false],"2048x2048":["https:\/\/wavexia.com\/wp-content\/uploads\/2025\/10\/800_1d1a12e0-19d9-43c2-8619-958533502dac.webp",800,800,false],"woocommerce_archive_thumbnail":["https:\/\/wavexia.com\/wp-content\/uploads\/2025\/10\/800_1d1a12e0-19d9-43c2-8619-958533502dac-300x300.webp",300,300,true],"woocommerce_thumbnail":["https:\/\/wavexia.com\/wp-content\/uploads\/2025\/10\/800_1d1a12e0-19d9-43c2-8619-958533502dac-300x300.webp",300,300,true],"woocommerce_single":["https:\/\/wavexia.com\/wp-content\/uploads\/2025\/10\/800_1d1a12e0-19d9-43c2-8619-958533502dac-600x600.webp",600,600,true],"woocommerce_gallery_thumbnail":["https:\/\/wavexia.com\/wp-content\/uploads\/2025\/10\/800_1d1a12e0-19d9-43c2-8619-958533502dac-100x100.webp",100,100,true]},"uagb_author_info":{"display_name":"zineddine.ayoub98@gmail.com","author_link":"https:\/\/wavexia.com\/?author=0"},"uagb_comment_info":0,"uagb_excerpt":"Description La beaut\u00e9 du toner rafra\u00eechissant Joseon Green Plum : AHA + BHA est un toner exfoliant pour un usage quotidien. Ce toner convient \u00e0 tous les types de peau, mais il est pr\u00e9f\u00e9rable de faire d\u2019abord un test cutan\u00e9 si vous avez la peau tr\u00e8s sensible. Ce toner regorge d\u2019ingr\u00e9dients actifs tels que l\u2019eau&hellip;","brands":[],"_links":{"self":[{"href":"https:\/\/wavexia.com\/index.php?rest_route=\/wp\/v2\/product\/4629","targetHints":{"allow":["GET"]}}],"collection":[{"href":"https:\/\/wavexia.com\/index.php?rest_route=\/wp\/v2\/product"}],"about":[{"href":"https:\/\/wavexia.com\/index.php?rest_route=\/wp\/v2\/types\/product"}],"replies":[{"embeddable":true,"href":"https:\/\/wavexia.com\/index.php?rest_route=%2Fwp%2Fv2%2Fcomments&post=4629"}],"wp:featuredmedia":[{"embeddable":true,"href":"https:\/\/wavexia.com\/index.php?rest_route=\/wp\/v2\/media\/4628"}],"wp:attachment":[{"href":"https:\/\/wavexia.com\/index.php?rest_route=%2Fwp%2Fv2%2Fmedia&parent=4629"}],"wp:term":[{"taxonomy":"pwb-brand","embeddable":true,"href":"https:\/\/wavexia.com\/index.php?rest_route=%2Fwp%2Fv2%2Fpwb-brand&post=4629"},{"taxonomy":"product_brand","embeddable":true,"href":"https:\/\/wavexia.com\/index.php?rest_route=%2Fwp%2Fv2%2Fproduct_brand&post=4629"},{"taxonomy":"product_cat","embeddable":true,"href":"https:\/\/wavexia.com\/index.php?rest_route=%2Fwp%2Fv2%2Fproduct_cat&post=4629"},{"taxonomy":"product_tag","embeddable":true,"href":"https:\/\/wavexia.com\/index.php?rest_route=%2Fwp%2Fv2%2Fproduct_tag&post=4629"}],"curies":[{"name":"wp","href":"https:\/\/api.w.org\/{rel}","templated":true}]}}