{"id":4626,"date":"2025-10-19T09:09:08","date_gmt":"2025-10-19T09:09:08","guid":{"rendered":"https:\/\/wavexia.com\/product\/charlotte-tilbury-airbrush-bronzer-ref-3-tan-16g\/"},"modified":"2026-03-10T07:31:04","modified_gmt":"2026-03-10T07:31:04","slug":"charlotte-tilbury-airbrush-bronzer-ref-3-tan-16g","status":"publish","type":"product","link":"https:\/\/wavexia.com\/?product=charlotte-tilbury-airbrush-bronzer-ref-3-tan-16g","title":{"rendered":"CHARLOTTE TILBURY -Airbrush Bronzer \u2013 Ref 3 Tan 16g"},"content":{"rendered":"<h2>Description<\/h2>\n<p>Un bronzer mat naturel \u00e0 couvrance moyenne gorg\u00e9 d\u2019acide hyaluronique tel un filtre h\u00e2l\u00e9 sublimateur pour le visage et le corps. Le bronzer nouvelle g\u00e9n\u00e9ration de Charlotte est dot\u00e9 de la technologie z\u00e9ro d\u00e9faut inspir\u00e9e de la gamme de produits iconiques Airbrush ultra-l\u00e9gers et ultra-doux pour un r\u00e9sultat<\/p>\n","protected":false},"excerpt":{"rendered":"<p>Description Un bronzer mat naturel \u00e0 couvrance moyenne gorg\u00e9 d\u2019acide hyaluronique tel un filtre h\u00e2l\u00e9 sublimateur pour le visage et le corps. Le bronzer nouvelle g\u00e9n\u00e9ration de Charlotte est dot\u00e9 de la technologie z\u00e9ro d\u00e9faut inspir\u00e9e de la gamme de produits iconiques Airbrush ultra-l\u00e9gers et ultra-doux pour un r\u00e9sultat<\/p>\n","protected":false},"featured_media":4625,"comment_status":"open","ping_status":"closed","template":"","meta":{"content-type":"","_uag_custom_page_level_css":""},"pwb-brand":[],"product_brand":[],"product_cat":[425,360],"product_tag":[],"class_list":{"0":"post-4626","1":"product","2":"type-product","3":"status-publish","4":"has-post-thumbnail","6":"product_cat-charlotte-tilbury","7":"product_cat-maquillage","9":"first","10":"instock","11":"sale","12":"shipping-taxable","13":"purchasable","14":"product-type-simple"},"aioseo_notices":[],"uagb_featured_image_src":{"full":["https:\/\/wavexia.com\/wp-content\/uploads\/2025\/10\/IMG-6661.webp",585,585,false],"thumbnail":["https:\/\/wavexia.com\/wp-content\/uploads\/2025\/10\/IMG-6661-150x150.webp",150,150,true],"medium":["https:\/\/wavexia.com\/wp-content\/uploads\/2025\/10\/IMG-6661-300x300.webp",300,300,true],"medium_large":["https:\/\/wavexia.com\/wp-content\/uploads\/2025\/10\/IMG-6661.webp",585,585,false],"large":["https:\/\/wavexia.com\/wp-content\/uploads\/2025\/10\/IMG-6661.webp",585,585,false],"1536x1536":["https:\/\/wavexia.com\/wp-content\/uploads\/2025\/10\/IMG-6661.webp",585,585,false],"2048x2048":["https:\/\/wavexia.com\/wp-content\/uploads\/2025\/10\/IMG-6661.webp",585,585,false],"woocommerce_archive_thumbnail":["https:\/\/wavexia.com\/wp-content\/uploads\/2025\/10\/IMG-6661-300x300.webp",300,300,true],"woocommerce_thumbnail":["https:\/\/wavexia.com\/wp-content\/uploads\/2025\/10\/IMG-6661-300x300.webp",300,300,true],"woocommerce_single":["https:\/\/wavexia.com\/wp-content\/uploads\/2025\/10\/IMG-6661.webp",585,585,false],"woocommerce_gallery_thumbnail":["https:\/\/wavexia.com\/wp-content\/uploads\/2025\/10\/IMG-6661-100x100.webp",100,100,true]},"uagb_author_info":{"display_name":"zineddine.ayoub98@gmail.com","author_link":"https:\/\/wavexia.com\/?author=0"},"uagb_comment_info":0,"uagb_excerpt":"Description Un bronzer mat naturel \u00e0 couvrance moyenne gorg\u00e9 d\u2019acide hyaluronique tel un filtre h\u00e2l\u00e9 sublimateur pour le visage et le corps. Le bronzer nouvelle g\u00e9n\u00e9ration de Charlotte est dot\u00e9 de la technologie z\u00e9ro d\u00e9faut inspir\u00e9e de la gamme de produits iconiques Airbrush ultra-l\u00e9gers et ultra-doux pour un r\u00e9sultat","brands":[],"_links":{"self":[{"href":"https:\/\/wavexia.com\/index.php?rest_route=\/wp\/v2\/product\/4626","targetHints":{"allow":["GET"]}}],"collection":[{"href":"https:\/\/wavexia.com\/index.php?rest_route=\/wp\/v2\/product"}],"about":[{"href":"https:\/\/wavexia.com\/index.php?rest_route=\/wp\/v2\/types\/product"}],"replies":[{"embeddable":true,"href":"https:\/\/wavexia.com\/index.php?rest_route=%2Fwp%2Fv2%2Fcomments&post=4626"}],"wp:featuredmedia":[{"embeddable":true,"href":"https:\/\/wavexia.com\/index.php?rest_route=\/wp\/v2\/media\/4625"}],"wp:attachment":[{"href":"https:\/\/wavexia.com\/index.php?rest_route=%2Fwp%2Fv2%2Fmedia&parent=4626"}],"wp:term":[{"taxonomy":"pwb-brand","embeddable":true,"href":"https:\/\/wavexia.com\/index.php?rest_route=%2Fwp%2Fv2%2Fpwb-brand&post=4626"},{"taxonomy":"product_brand","embeddable":true,"href":"https:\/\/wavexia.com\/index.php?rest_route=%2Fwp%2Fv2%2Fproduct_brand&post=4626"},{"taxonomy":"product_cat","embeddable":true,"href":"https:\/\/wavexia.com\/index.php?rest_route=%2Fwp%2Fv2%2Fproduct_cat&post=4626"},{"taxonomy":"product_tag","embeddable":true,"href":"https:\/\/wavexia.com\/index.php?rest_route=%2Fwp%2Fv2%2Fproduct_tag&post=4626"}],"curies":[{"name":"wp","href":"https:\/\/api.w.org\/{rel}","templated":true}]}}