{"id":4624,"date":"2025-10-19T09:09:06","date_gmt":"2025-10-19T09:09:06","guid":{"rendered":"https:\/\/wavexia.com\/product\/now-foods-alpha-lipoic-acid-250-mg-60-veg-capsules\/"},"modified":"2026-03-10T07:31:04","modified_gmt":"2026-03-10T07:31:04","slug":"now-foods-alpha-lipoic-acid-250-mg-60-veg-capsules","status":"publish","type":"product","link":"https:\/\/wavexia.com\/?product=now-foods-alpha-lipoic-acid-250-mg-60-veg-capsules","title":{"rendered":"NOW FOODS Alpha Lipoic Acid 250 mg 60 Veg Capsules"},"content":{"rendered":"<h2>Description<\/h2>\n<p>L\u2019acide alpha-lipo\u00efque (ALA) est naturellement produit dans le corps humain en tr\u00e8s petites quantit\u00e9s, mais il est \u00e9galement disponible par le biais de sources alimentaires. L\u2019ALA est un antioxydant m\u00e9tabolique hydrosoluble et liposoluble polyvalent. C\u2019est un puissant d\u00e9salt\u00e9rant contre les radicaux libres et aide les autres vitamines dans leurs activit\u00e9s antioxydantes. L\u2019ALA peut recycler les vitamines C et E antioxydantes, prolongeant ainsi leurs activit\u00e9s.<\/p>\n<h5>conseils d\u2019utilisation:<\/h5>\n<p>Prendre 1 g\u00e9lule par jour.<\/p>\n","protected":false},"excerpt":{"rendered":"<p>Description L\u2019acide alpha-lipo\u00efque (ALA) est naturellement produit dans le corps humain en tr\u00e8s petites quantit\u00e9s, mais il est \u00e9galement disponible par le biais de sources alimentaires. L\u2019ALA est un antioxydant m\u00e9tabolique hydrosoluble et liposoluble polyvalent. C\u2019est un puissant d\u00e9salt\u00e9rant contre les radicaux libres et aide les autres vitamines dans leurs activit\u00e9s antioxydantes. L\u2019ALA peut recycler [&hellip;]<\/p>\n","protected":false},"featured_media":4623,"comment_status":"open","ping_status":"closed","template":"","meta":{"content-type":"","_uag_custom_page_level_css":""},"pwb-brand":[],"product_brand":[],"product_cat":[330,329],"product_tag":[],"class_list":{"0":"post-4624","1":"product","2":"type-product","3":"status-publish","4":"has-post-thumbnail","6":"product_cat-complements-alimentaires","7":"product_cat-produits-americains","9":"first","10":"instock","11":"sale","12":"shipping-taxable","13":"purchasable","14":"product-type-simple"},"aioseo_notices":[],"uagb_featured_image_src":{"full":["https:\/\/wavexia.com\/wp-content\/uploads\/2025\/10\/71SQGAZ3MyL._UF10001000_QL80_.jpg",1000,1000,false],"thumbnail":["https:\/\/wavexia.com\/wp-content\/uploads\/2025\/10\/71SQGAZ3MyL._UF10001000_QL80_-150x150.jpg",150,150,true],"medium":["https:\/\/wavexia.com\/wp-content\/uploads\/2025\/10\/71SQGAZ3MyL._UF10001000_QL80_-300x300.jpg",300,300,true],"medium_large":["https:\/\/wavexia.com\/wp-content\/uploads\/2025\/10\/71SQGAZ3MyL._UF10001000_QL80_-768x768.jpg",768,768,true],"large":["https:\/\/wavexia.com\/wp-content\/uploads\/2025\/10\/71SQGAZ3MyL._UF10001000_QL80_.jpg",1000,1000,false],"1536x1536":["https:\/\/wavexia.com\/wp-content\/uploads\/2025\/10\/71SQGAZ3MyL._UF10001000_QL80_.jpg",1000,1000,false],"2048x2048":["https:\/\/wavexia.com\/wp-content\/uploads\/2025\/10\/71SQGAZ3MyL._UF10001000_QL80_.jpg",1000,1000,false],"woocommerce_archive_thumbnail":["https:\/\/wavexia.com\/wp-content\/uploads\/2025\/10\/71SQGAZ3MyL._UF10001000_QL80_-300x300.jpg",300,300,true],"woocommerce_thumbnail":["https:\/\/wavexia.com\/wp-content\/uploads\/2025\/10\/71SQGAZ3MyL._UF10001000_QL80_-300x300.jpg",300,300,true],"woocommerce_single":["https:\/\/wavexia.com\/wp-content\/uploads\/2025\/10\/71SQGAZ3MyL._UF10001000_QL80_-600x600.jpg",600,600,true],"woocommerce_gallery_thumbnail":["https:\/\/wavexia.com\/wp-content\/uploads\/2025\/10\/71SQGAZ3MyL._UF10001000_QL80_-100x100.jpg",100,100,true]},"uagb_author_info":{"display_name":"zineddine.ayoub98@gmail.com","author_link":"https:\/\/wavexia.com\/?author=0"},"uagb_comment_info":0,"uagb_excerpt":"Description L\u2019acide alpha-lipo\u00efque (ALA) est naturellement produit dans le corps humain en tr\u00e8s petites quantit\u00e9s, mais il est \u00e9galement disponible par le biais de sources alimentaires. L\u2019ALA est un antioxydant m\u00e9tabolique hydrosoluble et liposoluble polyvalent. C\u2019est un puissant d\u00e9salt\u00e9rant contre les radicaux libres et aide les autres vitamines dans leurs activit\u00e9s antioxydantes. L\u2019ALA peut recycler&hellip;","brands":[],"_links":{"self":[{"href":"https:\/\/wavexia.com\/index.php?rest_route=\/wp\/v2\/product\/4624","targetHints":{"allow":["GET"]}}],"collection":[{"href":"https:\/\/wavexia.com\/index.php?rest_route=\/wp\/v2\/product"}],"about":[{"href":"https:\/\/wavexia.com\/index.php?rest_route=\/wp\/v2\/types\/product"}],"replies":[{"embeddable":true,"href":"https:\/\/wavexia.com\/index.php?rest_route=%2Fwp%2Fv2%2Fcomments&post=4624"}],"wp:featuredmedia":[{"embeddable":true,"href":"https:\/\/wavexia.com\/index.php?rest_route=\/wp\/v2\/media\/4623"}],"wp:attachment":[{"href":"https:\/\/wavexia.com\/index.php?rest_route=%2Fwp%2Fv2%2Fmedia&parent=4624"}],"wp:term":[{"taxonomy":"pwb-brand","embeddable":true,"href":"https:\/\/wavexia.com\/index.php?rest_route=%2Fwp%2Fv2%2Fpwb-brand&post=4624"},{"taxonomy":"product_brand","embeddable":true,"href":"https:\/\/wavexia.com\/index.php?rest_route=%2Fwp%2Fv2%2Fproduct_brand&post=4624"},{"taxonomy":"product_cat","embeddable":true,"href":"https:\/\/wavexia.com\/index.php?rest_route=%2Fwp%2Fv2%2Fproduct_cat&post=4624"},{"taxonomy":"product_tag","embeddable":true,"href":"https:\/\/wavexia.com\/index.php?rest_route=%2Fwp%2Fv2%2Fproduct_tag&post=4624"}],"curies":[{"name":"wp","href":"https:\/\/api.w.org\/{rel}","templated":true}]}}