{"id":4622,"date":"2025-10-19T09:09:05","date_gmt":"2025-10-19T09:09:05","guid":{"rendered":"https:\/\/wavexia.com\/product\/probiotic-10-25-billion-50-veg-capsules\/"},"modified":"2026-03-10T07:31:04","modified_gmt":"2026-03-10T07:31:04","slug":"probiotic-10-25-billion-50-veg-capsules","status":"publish","type":"product","link":"https:\/\/wavexia.com\/?product=probiotic-10-25-billion-50-veg-capsules","title":{"rendered":"Probiotic-10 ,25 Billion 50 Veg Capsules"},"content":{"rendered":"<h2>Description<\/h2>\n<p>NOW Probiotic-10\u2122 offre un spectre \u00e9quilibr\u00e9 d\u2019organismes vivants compos\u00e9s de souches bact\u00e9riennes probiotiques r\u00e9sistantes aux acides qui sont connues pour coloniser naturellement le tractus gastro-intestinal humain.* Les bact\u00e9ries probiotiques sont essentielles \u00e0 une digestion saine.* Elles aident \u00e0 maintenir l\u2019int\u00e9grit\u00e9 de la muqueuse intestinale, favorisent une bonne motilit\u00e9 intestinale et participent au processus de d\u00e9toxification.* Probiotic-10\u2122 utilise des souches bact\u00e9riennes qui ont \u00e9t\u00e9 cliniquement valid\u00e9es pour leur soutien d\u2019un syst\u00e8me immunitaire sain fonction.*<sup>\u00ae<\/sup><\/p>\n<p>Ce produit est formul\u00e9 pour fournir une puissance de 25 milliards d\u2019UFC jusqu\u2019\u00e0 la date de p\u00e9remption.<\/p>\n<h5>conseils d\u2019utilisation:<\/h5>\n<p>Prenez 1&nbsp;capsule 1 \u00e0 2&nbsp;fois par jour entre les repas ou \u00e0 jeun.<\/p>\n<p>R\u00e9frig\u00e9rer apr\u00e8s ouverture pour que le produit conserve son efficacit\u00e9.<\/p>\n","protected":false},"excerpt":{"rendered":"<p>Description NOW Probiotic-10\u2122 offre un spectre \u00e9quilibr\u00e9 d\u2019organismes vivants compos\u00e9s de souches bact\u00e9riennes probiotiques r\u00e9sistantes aux acides qui sont connues pour coloniser naturellement le tractus gastro-intestinal humain.* Les bact\u00e9ries probiotiques sont essentielles \u00e0 une digestion saine.* Elles aident \u00e0 maintenir l\u2019int\u00e9grit\u00e9 de la muqueuse intestinale, favorisent une bonne motilit\u00e9 intestinale et participent au processus de [&hellip;]<\/p>\n","protected":false},"featured_media":4621,"comment_status":"open","ping_status":"closed","template":"","meta":{"content-type":"","_uag_custom_page_level_css":""},"pwb-brand":[],"product_brand":[],"product_cat":[330,329],"product_tag":[],"class_list":{"0":"post-4622","1":"product","2":"type-product","3":"status-publish","4":"has-post-thumbnail","6":"product_cat-complements-alimentaires","7":"product_cat-produits-americains","9":"first","10":"instock","11":"sale","12":"shipping-taxable","13":"purchasable","14":"product-type-simple"},"aioseo_notices":[],"uagb_featured_image_src":{"full":["https:\/\/wavexia.com\/wp-content\/uploads\/2025\/10\/2928_v9.webp",700,700,false],"thumbnail":["https:\/\/wavexia.com\/wp-content\/uploads\/2025\/10\/2928_v9-150x150.webp",150,150,true],"medium":["https:\/\/wavexia.com\/wp-content\/uploads\/2025\/10\/2928_v9-300x300.webp",300,300,true],"medium_large":["https:\/\/wavexia.com\/wp-content\/uploads\/2025\/10\/2928_v9.webp",700,700,false],"large":["https:\/\/wavexia.com\/wp-content\/uploads\/2025\/10\/2928_v9.webp",700,700,false],"1536x1536":["https:\/\/wavexia.com\/wp-content\/uploads\/2025\/10\/2928_v9.webp",700,700,false],"2048x2048":["https:\/\/wavexia.com\/wp-content\/uploads\/2025\/10\/2928_v9.webp",700,700,false],"woocommerce_archive_thumbnail":["https:\/\/wavexia.com\/wp-content\/uploads\/2025\/10\/2928_v9-300x300.webp",300,300,true],"woocommerce_thumbnail":["https:\/\/wavexia.com\/wp-content\/uploads\/2025\/10\/2928_v9-300x300.webp",300,300,true],"woocommerce_single":["https:\/\/wavexia.com\/wp-content\/uploads\/2025\/10\/2928_v9-600x600.webp",600,600,true],"woocommerce_gallery_thumbnail":["https:\/\/wavexia.com\/wp-content\/uploads\/2025\/10\/2928_v9-100x100.webp",100,100,true]},"uagb_author_info":{"display_name":"zineddine.ayoub98@gmail.com","author_link":"https:\/\/wavexia.com\/?author=0"},"uagb_comment_info":0,"uagb_excerpt":"Description NOW Probiotic-10\u2122 offre un spectre \u00e9quilibr\u00e9 d\u2019organismes vivants compos\u00e9s de souches bact\u00e9riennes probiotiques r\u00e9sistantes aux acides qui sont connues pour coloniser naturellement le tractus gastro-intestinal humain.* Les bact\u00e9ries probiotiques sont essentielles \u00e0 une digestion saine.* Elles aident \u00e0 maintenir l\u2019int\u00e9grit\u00e9 de la muqueuse intestinale, favorisent une bonne motilit\u00e9 intestinale et participent au processus de&hellip;","brands":[],"_links":{"self":[{"href":"https:\/\/wavexia.com\/index.php?rest_route=\/wp\/v2\/product\/4622","targetHints":{"allow":["GET"]}}],"collection":[{"href":"https:\/\/wavexia.com\/index.php?rest_route=\/wp\/v2\/product"}],"about":[{"href":"https:\/\/wavexia.com\/index.php?rest_route=\/wp\/v2\/types\/product"}],"replies":[{"embeddable":true,"href":"https:\/\/wavexia.com\/index.php?rest_route=%2Fwp%2Fv2%2Fcomments&post=4622"}],"wp:featuredmedia":[{"embeddable":true,"href":"https:\/\/wavexia.com\/index.php?rest_route=\/wp\/v2\/media\/4621"}],"wp:attachment":[{"href":"https:\/\/wavexia.com\/index.php?rest_route=%2Fwp%2Fv2%2Fmedia&parent=4622"}],"wp:term":[{"taxonomy":"pwb-brand","embeddable":true,"href":"https:\/\/wavexia.com\/index.php?rest_route=%2Fwp%2Fv2%2Fpwb-brand&post=4622"},{"taxonomy":"product_brand","embeddable":true,"href":"https:\/\/wavexia.com\/index.php?rest_route=%2Fwp%2Fv2%2Fproduct_brand&post=4622"},{"taxonomy":"product_cat","embeddable":true,"href":"https:\/\/wavexia.com\/index.php?rest_route=%2Fwp%2Fv2%2Fproduct_cat&post=4622"},{"taxonomy":"product_tag","embeddable":true,"href":"https:\/\/wavexia.com\/index.php?rest_route=%2Fwp%2Fv2%2Fproduct_tag&post=4622"}],"curies":[{"name":"wp","href":"https:\/\/api.w.org\/{rel}","templated":true}]}}