{"id":4617,"date":"2025-10-19T09:09:02","date_gmt":"2025-10-19T09:09:02","guid":{"rendered":"https:\/\/wavexia.com\/product\/haruharu-wonder-black-rice-night-knight-retinol-serum-20ml\/"},"modified":"2026-03-10T07:31:04","modified_gmt":"2026-03-10T07:31:04","slug":"haruharu-wonder-black-rice-night-knight-retinol-serum-20ml","status":"publish","type":"product","link":"https:\/\/wavexia.com\/?product=haruharu-wonder-black-rice-night-knight-retinol-serum-20ml","title":{"rendered":"Haruharu WONDER Black Rice Night Knight Retinol Serum 20ml"},"content":{"rendered":"<h2>Description<\/h2>\n<p>Le Black Rice Night Knight Retinol Serum Haruharu WONDER est un soin anti-\u00e2ge puissant mais doux. Formul\u00e9 \u00e0 base de r\u00e9tinol encapsul\u00e9 et de bakuchiol naturel, ce s\u00e9rum agit pendant la nuit pour affiner le grain de peau, r\u00e9duire l\u2019apparence des ridules et redonner \u00e0 la peau son \u00e9clat de jeunesse.<\/p>\n<p>Enrichi en c\u00e9ramide NP et en extrait de riz noir riche en nutriments, il hydrate en profondeur et renforce la barri\u00e8re cutan\u00e9e pour un teint repulp\u00e9 et r\u00e9sistant. Sa formule vegan est non irritante et convient \u00e0 tous les types de peaux, y compris les peaux sensibles.<\/p>\n<p><strong>Recommand\u00e9 pour :<\/strong>&nbsp;Tous types de peaux.<\/p>\n<h5>conseils d\u2019utilisation:<\/h5>\n<ul>\n<li>Le soir, applique une noisette de produit sur peau nettoy\u00e9e et tonifi\u00e9e, en \u00e9vitant le contour des yeux et des l\u00e8vres.<\/li>\n<li>Utilise un \u00e9cran solaire pendant la journ\u00e9e lorsque tu utilises ce produit, car le r\u00e9tinol peut augmenter la sensibilit\u00e9 au soleil.<\/li>\n<li>Commence par appliquer 1 \u00e0 2 fois par semaine, puis augmente progressivement la fr\u00e9quence jusqu\u2019\u00e0 une utilisation quotidienne, si ta peau le tol\u00e8re.<\/li>\n<\/ul>\n<h5>ingr\u00e9dients:<\/h5>\n<p>Water, Triglyc\u00e9rides Caprylique\/Caprique, Hydrogenated Polyisobutene, Glyc\u00e9rine, Water, Glyc\u00e9rine, Triglyc\u00e9rides Caprylique\/Caprique, Water, R\u00e9tinol, Polyglyceryl-10 Stearate, Hydrogenated Lecithin, Glyceryl Stearate, Polyglyceryl-2 Stearate, Dipropylene Glycol, St\u00e9aryl Alcohol, Hydroxyacetophenone, Caprylyl Glycol, Helianthus Annuus Sunflower Seed, 1,2-Hexanediol, C14-22 Alcohols, C12-20 Alkyl Glucoside, Glucose, Water, Water, Oryza Sativa Rice Extract, Aspergillus Ferment, Panax Ginseng Root Extract, Butylene Glycol, 1,2-Hexanediol, Cyclodextrin, Bakuchiol, Potassium Cetyl Phosphate, Water, Phyllostachys Pubescens Shoot Bark Extract, Aspergillus Ferment, 1,2-Hexanediol, Arginine, Acrylates\/C10-30 Alkyl Acrylate Crosspolymer, Disodium EDTA, Water, Ethylhexylglycerin, Xanthan Gum, Ad\u00e9nosine, C\u00e9ramide NP<\/p>\n","protected":false},"excerpt":{"rendered":"<p>Description Le Black Rice Night Knight Retinol Serum Haruharu WONDER est un soin anti-\u00e2ge puissant mais doux. Formul\u00e9 \u00e0 base de r\u00e9tinol encapsul\u00e9 et de bakuchiol naturel, ce s\u00e9rum agit pendant la nuit pour affiner le grain de peau, r\u00e9duire l\u2019apparence des ridules et redonner \u00e0 la peau son \u00e9clat de jeunesse. Enrichi en c\u00e9ramide [&hellip;]<\/p>\n","protected":false},"featured_media":4616,"comment_status":"open","ping_status":"closed","template":"","meta":{"content-type":"","_uag_custom_page_level_css":""},"pwb-brand":[],"product_brand":[],"product_cat":[372,328,334,338],"product_tag":[],"class_list":{"0":"post-4617","1":"product","2":"type-product","3":"status-publish","4":"has-post-thumbnail","6":"product_cat-haruharu-wonder","7":"product_cat-nouveautes","8":"product_cat-produits-coreens","9":"product_cat-serum-ampoule","11":"first","12":"instock","13":"sale","14":"shipping-taxable","15":"purchasable","16":"product-type-simple"},"aioseo_notices":[],"uagb_featured_image_src":{"full":["https:\/\/wavexia.com\/wp-content\/uploads\/2025\/10\/HaruharuWonder_BlackRiceNightKnightRetinolSerum20ml.webp",1500,1500,false],"thumbnail":["https:\/\/wavexia.com\/wp-content\/uploads\/2025\/10\/HaruharuWonder_BlackRiceNightKnightRetinolSerum20ml-150x150.webp",150,150,true],"medium":["https:\/\/wavexia.com\/wp-content\/uploads\/2025\/10\/HaruharuWonder_BlackRiceNightKnightRetinolSerum20ml-300x300.webp",300,300,true],"medium_large":["https:\/\/wavexia.com\/wp-content\/uploads\/2025\/10\/HaruharuWonder_BlackRiceNightKnightRetinolSerum20ml-768x768.webp",768,768,true],"large":["https:\/\/wavexia.com\/wp-content\/uploads\/2025\/10\/HaruharuWonder_BlackRiceNightKnightRetinolSerum20ml-1024x1024.webp",1024,1024,true],"1536x1536":["https:\/\/wavexia.com\/wp-content\/uploads\/2025\/10\/HaruharuWonder_BlackRiceNightKnightRetinolSerum20ml.webp",1500,1500,false],"2048x2048":["https:\/\/wavexia.com\/wp-content\/uploads\/2025\/10\/HaruharuWonder_BlackRiceNightKnightRetinolSerum20ml.webp",1500,1500,false],"woocommerce_archive_thumbnail":["https:\/\/wavexia.com\/wp-content\/uploads\/2025\/10\/HaruharuWonder_BlackRiceNightKnightRetinolSerum20ml-300x300.webp",300,300,true],"woocommerce_thumbnail":["https:\/\/wavexia.com\/wp-content\/uploads\/2025\/10\/HaruharuWonder_BlackRiceNightKnightRetinolSerum20ml-300x300.webp",300,300,true],"woocommerce_single":["https:\/\/wavexia.com\/wp-content\/uploads\/2025\/10\/HaruharuWonder_BlackRiceNightKnightRetinolSerum20ml-600x600.webp",600,600,true],"woocommerce_gallery_thumbnail":["https:\/\/wavexia.com\/wp-content\/uploads\/2025\/10\/HaruharuWonder_BlackRiceNightKnightRetinolSerum20ml-100x100.webp",100,100,true]},"uagb_author_info":{"display_name":"zineddine.ayoub98@gmail.com","author_link":"https:\/\/wavexia.com\/?author=0"},"uagb_comment_info":0,"uagb_excerpt":"Description Le Black Rice Night Knight Retinol Serum Haruharu WONDER est un soin anti-\u00e2ge puissant mais doux. Formul\u00e9 \u00e0 base de r\u00e9tinol encapsul\u00e9 et de bakuchiol naturel, ce s\u00e9rum agit pendant la nuit pour affiner le grain de peau, r\u00e9duire l\u2019apparence des ridules et redonner \u00e0 la peau son \u00e9clat de jeunesse. Enrichi en c\u00e9ramide&hellip;","brands":[],"_links":{"self":[{"href":"https:\/\/wavexia.com\/index.php?rest_route=\/wp\/v2\/product\/4617","targetHints":{"allow":["GET"]}}],"collection":[{"href":"https:\/\/wavexia.com\/index.php?rest_route=\/wp\/v2\/product"}],"about":[{"href":"https:\/\/wavexia.com\/index.php?rest_route=\/wp\/v2\/types\/product"}],"replies":[{"embeddable":true,"href":"https:\/\/wavexia.com\/index.php?rest_route=%2Fwp%2Fv2%2Fcomments&post=4617"}],"wp:featuredmedia":[{"embeddable":true,"href":"https:\/\/wavexia.com\/index.php?rest_route=\/wp\/v2\/media\/4616"}],"wp:attachment":[{"href":"https:\/\/wavexia.com\/index.php?rest_route=%2Fwp%2Fv2%2Fmedia&parent=4617"}],"wp:term":[{"taxonomy":"pwb-brand","embeddable":true,"href":"https:\/\/wavexia.com\/index.php?rest_route=%2Fwp%2Fv2%2Fpwb-brand&post=4617"},{"taxonomy":"product_brand","embeddable":true,"href":"https:\/\/wavexia.com\/index.php?rest_route=%2Fwp%2Fv2%2Fproduct_brand&post=4617"},{"taxonomy":"product_cat","embeddable":true,"href":"https:\/\/wavexia.com\/index.php?rest_route=%2Fwp%2Fv2%2Fproduct_cat&post=4617"},{"taxonomy":"product_tag","embeddable":true,"href":"https:\/\/wavexia.com\/index.php?rest_route=%2Fwp%2Fv2%2Fproduct_tag&post=4617"}],"curies":[{"name":"wp","href":"https:\/\/api.w.org\/{rel}","templated":true}]}}