{"id":4611,"date":"2025-10-19T09:08:57","date_gmt":"2025-10-19T09:08:57","guid":{"rendered":"https:\/\/wavexia.com\/product\/vt-cosmetics-reedle-shot-synergy-repair-cream-100-50ml\/"},"modified":"2026-03-10T07:31:03","modified_gmt":"2026-03-10T07:31:03","slug":"vt-cosmetics-reedle-shot-synergy-repair-cream-100-50ml","status":"publish","type":"product","link":"https:\/\/wavexia.com\/?product=vt-cosmetics-reedle-shot-synergy-repair-cream-100-50ml","title":{"rendered":"VT COSMETICS Reedle Shot Synergy Repair Cream 100 50ml"},"content":{"rendered":"<h2>Description<\/h2>\n<p><span>La cr\u00e8me r\u00e9paratrice VT Cosmetics Reedle Shot Synergy 100 est une cr\u00e8me r\u00e9paratrice adapt\u00e9e aux d\u00e9butants, con\u00e7ue pour tous les types de peau, aidant \u00e0 l\u2019\u00e9quilibre de la peau et parfaite pour les cr\u00e8mes r\u00e9paratrices. Formul\u00e9 avec un syst\u00e8me de r\u00e9paration CICA REEDLE Synergy en 3 \u00e9tapes (avec du Cica Reedle\u2122, de l\u2019EGF, du 9GF, de l\u2019azul\u00e8ne, du panth\u00e9nol et des ingr\u00e9dients similaires aux lipides de la peau) pour am\u00e9liorer la texture de la peau, donner de la fermet\u00e9 \u00e0 la peau, puis fournir des soins intensifs pour la peau fluctuante. \u00c9galement infus\u00e9 de CICA HYALON pour aider \u00e0 l\u2019\u00e9tat de la peau, hydrater la peau et pr\u00e9venir la peau rugueuse. Cette cr\u00e8me hydrate en profondeur avec une texture riche pour pr\u00e9venir le dess\u00e8chement, cr\u00e9ant un m\u00e9lange naturel qui reste l\u00e9ger m\u00eame avec plusieurs couches.<\/span><\/p>\n<p>Convient \u00e0 tous les types de peau. Il est recommand\u00e9 de l\u2019utiliser apr\u00e8s votre Reedle Shot.<\/p>\n<p>Pour usage externe uniquement \u25aa\u00c9viter le contact avec les yeux \u25aaNe pas appliquer sur une peau \u25aa\u00e9rafl\u00e9e ou enflamm\u00e9e Tenir hors de port\u00e9e des enfants \u25aaUtiliser avec soin pour les peaux facilement irrit\u00e9es, en testant sur de petites surfaces recommand\u00e9es \u25aaCesser l\u2019utilisation si des signes d\u2019irritation apparaissent \u25aaConserver dans des endroits frais et secs, \u00e0 l\u2019abri de la lumi\u00e8re directe du soleil<\/p>\n<h5>avantages:<\/h5>\n<ul>\n<li>Cette cr\u00e8me r\u00e9paratrice adapt\u00e9e aux d\u00e9butants est destin\u00e9e \u00e0 tous les types de peau, aide \u00e0 l\u2019\u00e9quilibre de la peau et est parfaite pour les cr\u00e8mes r\u00e9paratrices.<\/li>\n<li>Formul\u00e9 avec un syst\u00e8me de r\u00e9paration CICA REEDLE Synergy en 3 \u00e9tapes pour am\u00e9liorer la texture de la peau, donner de la fermet\u00e9 \u00e0 la peau, puis fournir un soin intensif pour les peaux fluctuantes.<\/li>\n<li>Infus\u00e9 de CICA HYALON pour aider \u00e0 l\u2019\u00e9tat de la peau, hydrater la peau et pr\u00e9venir la peau rugueuse.<\/li>\n<li>Hyrdate profond\u00e9ment avec une texture riche pour pr\u00e9venir le dess\u00e8chement, cr\u00e9ant un m\u00e9lange naturel qui reste l\u00e9ger m\u00eame avec plusieurs couches.<\/li>\n<\/ul>\n<h5>mode d\u2019emploi:<\/h5>\n<p>Dans la derni\u00e8re \u00e9tape des soins de la peau, pr\u00e9levez une quantit\u00e9 appropri\u00e9e et appliquez-la doucement le long de la texture naturelle de la peau de l\u2019int\u00e9rieur vers le visage vers l\u2019ext\u00e9rieur, en tapotant l\u00e9g\u00e8rement jusqu\u2019\u00e0 ce qu\u2019il soit compl\u00e8tement absorb\u00e9.<\/p>\n<h5>ingr\u00e9dients:<\/h5>\n<p>Eau, glyc\u00e9rine, acide palmitique, benzoate d\u2019alkyle en C12-15, acide myristique, huile v\u00e9g\u00e9tale hydrog\u00e9n\u00e9e, dicaprylate\/dicaprate de propyl\u00e8ne glycol, 1,2-hexanediol, niacinamide, alcool c\u00e9tylique, citrate de st\u00e9arate de glyc\u00e9ryle, alcool c\u00e9t\u00e9arylique, copolym\u00e8re d\u2019acrylate d\u2019hydroxy\u00e9thyle\/acryloyldim\u00e9thyl taurate de sodium, polym\u00e8re crois\u00e9 de m\u00e9thacrylate de m\u00e9thyle, glucoside de c\u00e9t\u00e9aryle, beurre de graines de Mangifera Indica (mangue), ad\u00e9nosine, isost\u00e9arate de sorbitan, EDTA disodique, sulfonate de guaiazul\u00e8ne de sodium, panth\u00e9nol, graine de macadamia ternifolia Huile, Triglyc\u00e9ride caprylique\/caprique, St\u00e9rols de Brassica Campestris (colza), Cholest\u00e9rol, Phytost\u00e9rol\/B\u00e9h\u00e9nyl\/Octyldod\u00e9cyl Lauroyl Glutamate, Ethylhexylglyc\u00e9rine, TBHQ, Ol\u00e9ate de polyglyc\u00e9ryl-10, L\u00e9cithine hydrog\u00e9n\u00e9e, C\u00e9ramide NP, rh-Oligopeptide-1, Phosphate de c\u00e9tyle de potassium, C\u00e9ramide NS, Silice, Butyl\u00e8ne glycol, Extrait de Centella Asiatica, C\u00e9ramide EOP, sh-Oligopeptide-1, sh-Oligopeptide-2, sh-Polypeptide-1, sh-Polypeptide-11, sh-Polypeptide-16, sh-Polypeptide-22, sh-Polypeptide-3, sh-Polypeptide-62, sh-Polypeptide-9, Hyaluronate de sodium, Extrait de propolis, Asiaticoside, Madecassoside, Acide mad\u00e9cassique, Acide asiatique.<\/p>\n","protected":false},"excerpt":{"rendered":"<p>Description La cr\u00e8me r\u00e9paratrice VT Cosmetics Reedle Shot Synergy 100 est une cr\u00e8me r\u00e9paratrice adapt\u00e9e aux d\u00e9butants, con\u00e7ue pour tous les types de peau, aidant \u00e0 l\u2019\u00e9quilibre de la peau et parfaite pour les cr\u00e8mes r\u00e9paratrices. Formul\u00e9 avec un syst\u00e8me de r\u00e9paration CICA REEDLE Synergy en 3 \u00e9tapes (avec du Cica Reedle\u2122, de l\u2019EGF, du [&hellip;]<\/p>\n","protected":false},"featured_media":4610,"comment_status":"open","ping_status":"closed","template":"","meta":{"content-type":"","_uag_custom_page_level_css":""},"pwb-brand":[],"product_brand":[],"product_cat":[324,328,334,355],"product_tag":[],"class_list":{"0":"post-4611","1":"product","2":"type-product","3":"status-publish","4":"has-post-thumbnail","6":"product_cat-creme","7":"product_cat-nouveautes","8":"product_cat-produits-coreens","9":"product_cat-vt-cosmetics","11":"first","12":"instock","13":"sale","14":"shipping-taxable","15":"purchasable","16":"product-type-simple"},"aioseo_notices":[],"uagb_featured_image_src":{"full":["https:\/\/wavexia.com\/wp-content\/uploads\/2025\/10\/VT-Cosmetics-Reedle-Shot-Synergy-Repair-Cream-100-Nudie-Glow-Australia_1024x1024.webp",1024,1024,false],"thumbnail":["https:\/\/wavexia.com\/wp-content\/uploads\/2025\/10\/VT-Cosmetics-Reedle-Shot-Synergy-Repair-Cream-100-Nudie-Glow-Australia_1024x1024-150x150.webp",150,150,true],"medium":["https:\/\/wavexia.com\/wp-content\/uploads\/2025\/10\/VT-Cosmetics-Reedle-Shot-Synergy-Repair-Cream-100-Nudie-Glow-Australia_1024x1024-300x300.webp",300,300,true],"medium_large":["https:\/\/wavexia.com\/wp-content\/uploads\/2025\/10\/VT-Cosmetics-Reedle-Shot-Synergy-Repair-Cream-100-Nudie-Glow-Australia_1024x1024-768x768.webp",768,768,true],"large":["https:\/\/wavexia.com\/wp-content\/uploads\/2025\/10\/VT-Cosmetics-Reedle-Shot-Synergy-Repair-Cream-100-Nudie-Glow-Australia_1024x1024.webp",1024,1024,false],"1536x1536":["https:\/\/wavexia.com\/wp-content\/uploads\/2025\/10\/VT-Cosmetics-Reedle-Shot-Synergy-Repair-Cream-100-Nudie-Glow-Australia_1024x1024.webp",1024,1024,false],"2048x2048":["https:\/\/wavexia.com\/wp-content\/uploads\/2025\/10\/VT-Cosmetics-Reedle-Shot-Synergy-Repair-Cream-100-Nudie-Glow-Australia_1024x1024.webp",1024,1024,false],"woocommerce_archive_thumbnail":["https:\/\/wavexia.com\/wp-content\/uploads\/2025\/10\/VT-Cosmetics-Reedle-Shot-Synergy-Repair-Cream-100-Nudie-Glow-Australia_1024x1024-300x300.webp",300,300,true],"woocommerce_thumbnail":["https:\/\/wavexia.com\/wp-content\/uploads\/2025\/10\/VT-Cosmetics-Reedle-Shot-Synergy-Repair-Cream-100-Nudie-Glow-Australia_1024x1024-300x300.webp",300,300,true],"woocommerce_single":["https:\/\/wavexia.com\/wp-content\/uploads\/2025\/10\/VT-Cosmetics-Reedle-Shot-Synergy-Repair-Cream-100-Nudie-Glow-Australia_1024x1024-600x600.webp",600,600,true],"woocommerce_gallery_thumbnail":["https:\/\/wavexia.com\/wp-content\/uploads\/2025\/10\/VT-Cosmetics-Reedle-Shot-Synergy-Repair-Cream-100-Nudie-Glow-Australia_1024x1024-100x100.webp",100,100,true]},"uagb_author_info":{"display_name":"zineddine.ayoub98@gmail.com","author_link":"https:\/\/wavexia.com\/?author=0"},"uagb_comment_info":0,"uagb_excerpt":"Description La cr\u00e8me r\u00e9paratrice VT Cosmetics Reedle Shot Synergy 100 est une cr\u00e8me r\u00e9paratrice adapt\u00e9e aux d\u00e9butants, con\u00e7ue pour tous les types de peau, aidant \u00e0 l\u2019\u00e9quilibre de la peau et parfaite pour les cr\u00e8mes r\u00e9paratrices. Formul\u00e9 avec un syst\u00e8me de r\u00e9paration CICA REEDLE Synergy en 3 \u00e9tapes (avec du Cica Reedle\u2122, de l\u2019EGF, du&hellip;","brands":[],"_links":{"self":[{"href":"https:\/\/wavexia.com\/index.php?rest_route=\/wp\/v2\/product\/4611","targetHints":{"allow":["GET"]}}],"collection":[{"href":"https:\/\/wavexia.com\/index.php?rest_route=\/wp\/v2\/product"}],"about":[{"href":"https:\/\/wavexia.com\/index.php?rest_route=\/wp\/v2\/types\/product"}],"replies":[{"embeddable":true,"href":"https:\/\/wavexia.com\/index.php?rest_route=%2Fwp%2Fv2%2Fcomments&post=4611"}],"wp:featuredmedia":[{"embeddable":true,"href":"https:\/\/wavexia.com\/index.php?rest_route=\/wp\/v2\/media\/4610"}],"wp:attachment":[{"href":"https:\/\/wavexia.com\/index.php?rest_route=%2Fwp%2Fv2%2Fmedia&parent=4611"}],"wp:term":[{"taxonomy":"pwb-brand","embeddable":true,"href":"https:\/\/wavexia.com\/index.php?rest_route=%2Fwp%2Fv2%2Fpwb-brand&post=4611"},{"taxonomy":"product_brand","embeddable":true,"href":"https:\/\/wavexia.com\/index.php?rest_route=%2Fwp%2Fv2%2Fproduct_brand&post=4611"},{"taxonomy":"product_cat","embeddable":true,"href":"https:\/\/wavexia.com\/index.php?rest_route=%2Fwp%2Fv2%2Fproduct_cat&post=4611"},{"taxonomy":"product_tag","embeddable":true,"href":"https:\/\/wavexia.com\/index.php?rest_route=%2Fwp%2Fv2%2Fproduct_tag&post=4611"}],"curies":[{"name":"wp","href":"https:\/\/api.w.org\/{rel}","templated":true}]}}