{"id":4607,"date":"2025-10-19T09:08:52","date_gmt":"2025-10-19T09:08:52","guid":{"rendered":"https:\/\/wavexia.com\/product\/paulas-choiceskin-perfecting-8-aha-gel-exfoliant-100ml\/"},"modified":"2026-03-10T07:31:03","modified_gmt":"2026-03-10T07:31:03","slug":"paulas-choiceskin-perfecting-8-aha-gel-exfoliant-100ml","status":"publish","type":"product","link":"https:\/\/wavexia.com\/?product=paulas-choiceskin-perfecting-8-aha-gel-exfoliant-100ml","title":{"rendered":"Paula\u2019s ChoiceSkin Perfecting 8% AHA Gel Exfoliant 100ml"},"content":{"rendered":"<h2>Description<\/h2>\n<p>Lorsque vous utilisez un exfoliant AHA pour la premi\u00e8re fois, introduisez-le lentement dans votre routine. Commencez par utiliser votre exfoliant une fois tous les deux jours, puis augmentez l\u2019utilisation \u00e0 une ou deux fois par jour en fonction de la r\u00e9ponse de votre peau.<\/p>\n<p>Appliquer une \u00e0 deux fois par jour apr\u00e8s le nettoyage et la tonification. Appliquez une quantit\u00e9 de la taille d\u2019une pi\u00e8ce de monnaie sur l\u2019ensemble du visage, y compris le contour des yeux (\u00e9vitez la ligne des cils inf\u00e9rieurs et les paupi\u00e8res). Ne pas rincer. Pour la journ\u00e9e, appliquez toujours une cr\u00e8me hydratante contenant un \u00e9cran solaire \u00e0 large spectre avec un FPS de 30 ou plus.<\/p>\n<p>Ce produit contient un acide alpha-hydroxyl\u00e9 (AHA) qui peut augmenter la sensibilit\u00e9 de votre peau au soleil et en particulier la possibilit\u00e9 de coups de soleil. Utilisez un \u00e9cran solaire, portez des v\u00eatements de protection et limitez l\u2019exposition au soleil pendant l\u2019utilisation de ce produit et pendant la semaine qui suit. Comme pour tous les cosm\u00e9tiques, \u00e9vitez le contact direct avec les yeux.<\/p>\n<h5>ingr\u00e9dients:<\/h5>\n<p>Aqua, Acide glycolique (acide alpha-hydroxy, exfoliant), hydroxyde de sodium (ajusteur de pH), extrait de fleur de Camomilla Recutita (matricaire) (camomille\/apaisant pour la peau), jus de feuille d\u2019Aloe Barbadensis (hydratation), extrait de feuille de Camellia Oleifera (th\u00e9 vert) (antioxydant\/apaisant pour la peau),&nbsp;etanorulayH muidoS&nbsp;(r\u00e9g\u00e9n\u00e9rant la peau), panth\u00e9nol (hydratation), sodium PCA (r\u00e9g\u00e9n\u00e9rant la peau), propyl\u00e8ne glycol (hydratation), butyl\u00e8ne glycol (hydratation), hydroxy\u00e9thylcellulose (am\u00e9liorant la texture), polyquaternium-10 (am\u00e9liorant la texture), Ph\u00e9noxy\u00e9thanol (conservateur), Benzoate de sodium (conservateur).<\/p>\n","protected":false},"excerpt":{"rendered":"<p>Description Lorsque vous utilisez un exfoliant AHA pour la premi\u00e8re fois, introduisez-le lentement dans votre routine. Commencez par utiliser votre exfoliant une fois tous les deux jours, puis augmentez l\u2019utilisation \u00e0 une ou deux fois par jour en fonction de la r\u00e9ponse de votre peau. Appliquer une \u00e0 deux fois par jour apr\u00e8s le nettoyage [&hellip;]<\/p>\n","protected":false},"featured_media":4606,"comment_status":"open","ping_status":"closed","template":"","meta":{"content-type":"","_uag_custom_page_level_css":""},"pwb-brand":[],"product_brand":[],"product_cat":[327,328,358,329,338],"product_tag":[],"class_list":{"0":"post-4607","1":"product","2":"type-product","3":"status-publish","4":"has-post-thumbnail","6":"product_cat-hmizat","7":"product_cat-nouveautes","8":"product_cat-paulas-choice","9":"product_cat-produits-americains","10":"product_cat-serum-ampoule","12":"first","13":"instock","14":"sale","15":"shipping-taxable","16":"purchasable","17":"product-type-simple"},"aioseo_notices":[],"uagb_featured_image_src":{"full":["https:\/\/wavexia.com\/wp-content\/uploads\/2025\/10\/61VcrhyFKYL._UF10001000_QL80_.jpg",1000,1000,false],"thumbnail":["https:\/\/wavexia.com\/wp-content\/uploads\/2025\/10\/61VcrhyFKYL._UF10001000_QL80_-150x150.jpg",150,150,true],"medium":["https:\/\/wavexia.com\/wp-content\/uploads\/2025\/10\/61VcrhyFKYL._UF10001000_QL80_-300x300.jpg",300,300,true],"medium_large":["https:\/\/wavexia.com\/wp-content\/uploads\/2025\/10\/61VcrhyFKYL._UF10001000_QL80_-768x768.jpg",768,768,true],"large":["https:\/\/wavexia.com\/wp-content\/uploads\/2025\/10\/61VcrhyFKYL._UF10001000_QL80_.jpg",1000,1000,false],"1536x1536":["https:\/\/wavexia.com\/wp-content\/uploads\/2025\/10\/61VcrhyFKYL._UF10001000_QL80_.jpg",1000,1000,false],"2048x2048":["https:\/\/wavexia.com\/wp-content\/uploads\/2025\/10\/61VcrhyFKYL._UF10001000_QL80_.jpg",1000,1000,false],"woocommerce_archive_thumbnail":["https:\/\/wavexia.com\/wp-content\/uploads\/2025\/10\/61VcrhyFKYL._UF10001000_QL80_-300x300.jpg",300,300,true],"woocommerce_thumbnail":["https:\/\/wavexia.com\/wp-content\/uploads\/2025\/10\/61VcrhyFKYL._UF10001000_QL80_-300x300.jpg",300,300,true],"woocommerce_single":["https:\/\/wavexia.com\/wp-content\/uploads\/2025\/10\/61VcrhyFKYL._UF10001000_QL80_-600x600.jpg",600,600,true],"woocommerce_gallery_thumbnail":["https:\/\/wavexia.com\/wp-content\/uploads\/2025\/10\/61VcrhyFKYL._UF10001000_QL80_-100x100.jpg",100,100,true]},"uagb_author_info":{"display_name":"zineddine.ayoub98@gmail.com","author_link":"https:\/\/wavexia.com\/?author=0"},"uagb_comment_info":0,"uagb_excerpt":"Description Lorsque vous utilisez un exfoliant AHA pour la premi\u00e8re fois, introduisez-le lentement dans votre routine. Commencez par utiliser votre exfoliant une fois tous les deux jours, puis augmentez l\u2019utilisation \u00e0 une ou deux fois par jour en fonction de la r\u00e9ponse de votre peau. Appliquer une \u00e0 deux fois par jour apr\u00e8s le nettoyage&hellip;","brands":[],"_links":{"self":[{"href":"https:\/\/wavexia.com\/index.php?rest_route=\/wp\/v2\/product\/4607","targetHints":{"allow":["GET"]}}],"collection":[{"href":"https:\/\/wavexia.com\/index.php?rest_route=\/wp\/v2\/product"}],"about":[{"href":"https:\/\/wavexia.com\/index.php?rest_route=\/wp\/v2\/types\/product"}],"replies":[{"embeddable":true,"href":"https:\/\/wavexia.com\/index.php?rest_route=%2Fwp%2Fv2%2Fcomments&post=4607"}],"wp:featuredmedia":[{"embeddable":true,"href":"https:\/\/wavexia.com\/index.php?rest_route=\/wp\/v2\/media\/4606"}],"wp:attachment":[{"href":"https:\/\/wavexia.com\/index.php?rest_route=%2Fwp%2Fv2%2Fmedia&parent=4607"}],"wp:term":[{"taxonomy":"pwb-brand","embeddable":true,"href":"https:\/\/wavexia.com\/index.php?rest_route=%2Fwp%2Fv2%2Fpwb-brand&post=4607"},{"taxonomy":"product_brand","embeddable":true,"href":"https:\/\/wavexia.com\/index.php?rest_route=%2Fwp%2Fv2%2Fproduct_brand&post=4607"},{"taxonomy":"product_cat","embeddable":true,"href":"https:\/\/wavexia.com\/index.php?rest_route=%2Fwp%2Fv2%2Fproduct_cat&post=4607"},{"taxonomy":"product_tag","embeddable":true,"href":"https:\/\/wavexia.com\/index.php?rest_route=%2Fwp%2Fv2%2Fproduct_tag&post=4607"}],"curies":[{"name":"wp","href":"https:\/\/api.w.org\/{rel}","templated":true}]}}