{"id":4605,"date":"2025-10-19T09:08:51","date_gmt":"2025-10-19T09:08:51","guid":{"rendered":"https:\/\/wavexia.com\/product\/hair-science-balancing-scalp-treatment-niacinamid-150ml\/"},"modified":"2026-03-10T07:31:03","modified_gmt":"2026-03-10T07:31:03","slug":"hair-science-balancing-scalp-treatment-niacinamid-150ml","status":"publish","type":"product","link":"https:\/\/wavexia.com\/?product=hair-science-balancing-scalp-treatment-niacinamid-150ml","title":{"rendered":"Hair Science Balancing Scalp Treatment Niacinamid 150ml"},"content":{"rendered":"<h2>Description<\/h2>\n<ul>\n<li>S\u00e9rum l\u00e9ger : aide \u00e0 apaiser le cuir chevelu irrit\u00e9<\/li>\n<li>R\u00e9duit les rougeurs et aide \u00e0 \u00e9liminer les pellicules<\/li>\n<li>R\u00e9duit l\u2019exc\u00e8s d\u2019huile<\/li>\n<\/ul>\n<div class=\"mt-4\">Le s\u00e9rum v\u00e9g\u00e9talien pour cuir chevelu de Hair Science donne \u00e0 votre cuir chevelu une dose suppl\u00e9mentaire d\u2019amour et de soin.<\/p>\n<h5>ingr\u00e9dients:<\/h5>\n<p>AQUA, GLYC\u00c9RINE, NIACINAMIDE, PROPANEDIOL, ALLANTO\u00cfNE, SOIDUM, BENZOATE, GOMME BIOACCHARIDE-1, POLYSORBATE 20, GOMME XANTHANE, PANTH\u00c9NOL, PARFUM, ACIDE LACTIQUE, EXTRAIT DE FEUILLE D\u2019URITCA DIOICA, LIMON\u00c8NE, LINALOL, HEXYL CINNAML, PANTOLACTONE, L\u00c9VULINATE DE SODIUM, CAPRYLATE DE GLYC\u00c9RYLE, SORBATE DE POTASSIUM, ANISATE DE SODIUM.<\/p>\n<\/div>\n","protected":false},"excerpt":{"rendered":"<p>Description S\u00e9rum l\u00e9ger : aide \u00e0 apaiser le cuir chevelu irrit\u00e9 R\u00e9duit les rougeurs et aide \u00e0 \u00e9liminer les pellicules R\u00e9duit l\u2019exc\u00e8s d\u2019huile Le s\u00e9rum v\u00e9g\u00e9talien pour cuir chevelu de Hair Science donne \u00e0 votre cuir chevelu une dose suppl\u00e9mentaire d\u2019amour et de soin. ingr\u00e9dients: AQUA, GLYC\u00c9RINE, NIACINAMIDE, PROPANEDIOL, ALLANTO\u00cfNE, SOIDUM, BENZOATE, GOMME BIOACCHARIDE-1, POLYSORBATE [&hellip;]<\/p>\n","protected":false},"featured_media":4604,"comment_status":"open","ping_status":"closed","template":"","meta":{"content-type":"","_uag_custom_page_level_css":""},"pwb-brand":[],"product_brand":[],"product_cat":[377,328],"product_tag":[],"class_list":{"0":"post-4605","1":"product","2":"type-product","3":"status-publish","4":"has-post-thumbnail","6":"product_cat-cheveux","7":"product_cat-nouveautes","9":"first","10":"instock","11":"sale","12":"shipping-taxable","13":"purchasable","14":"product-type-simple"},"aioseo_notices":[],"uagb_featured_image_src":{"full":["https:\/\/wavexia.com\/wp-content\/uploads\/2025\/10\/Unbenannt-2.png",755,755,false],"thumbnail":["https:\/\/wavexia.com\/wp-content\/uploads\/2025\/10\/Unbenannt-2-150x150.png",150,150,true],"medium":["https:\/\/wavexia.com\/wp-content\/uploads\/2025\/10\/Unbenannt-2-300x300.png",300,300,true],"medium_large":["https:\/\/wavexia.com\/wp-content\/uploads\/2025\/10\/Unbenannt-2.png",755,755,false],"large":["https:\/\/wavexia.com\/wp-content\/uploads\/2025\/10\/Unbenannt-2.png",755,755,false],"1536x1536":["https:\/\/wavexia.com\/wp-content\/uploads\/2025\/10\/Unbenannt-2.png",755,755,false],"2048x2048":["https:\/\/wavexia.com\/wp-content\/uploads\/2025\/10\/Unbenannt-2.png",755,755,false],"woocommerce_archive_thumbnail":["https:\/\/wavexia.com\/wp-content\/uploads\/2025\/10\/Unbenannt-2-300x300.png",300,300,true],"woocommerce_thumbnail":["https:\/\/wavexia.com\/wp-content\/uploads\/2025\/10\/Unbenannt-2-300x300.png",300,300,true],"woocommerce_single":["https:\/\/wavexia.com\/wp-content\/uploads\/2025\/10\/Unbenannt-2-600x600.png",600,600,true],"woocommerce_gallery_thumbnail":["https:\/\/wavexia.com\/wp-content\/uploads\/2025\/10\/Unbenannt-2-100x100.png",100,100,true]},"uagb_author_info":{"display_name":"zineddine.ayoub98@gmail.com","author_link":"https:\/\/wavexia.com\/?author=0"},"uagb_comment_info":0,"uagb_excerpt":"Description S\u00e9rum l\u00e9ger : aide \u00e0 apaiser le cuir chevelu irrit\u00e9 R\u00e9duit les rougeurs et aide \u00e0 \u00e9liminer les pellicules R\u00e9duit l\u2019exc\u00e8s d\u2019huile Le s\u00e9rum v\u00e9g\u00e9talien pour cuir chevelu de Hair Science donne \u00e0 votre cuir chevelu une dose suppl\u00e9mentaire d\u2019amour et de soin. ingr\u00e9dients: AQUA, GLYC\u00c9RINE, NIACINAMIDE, PROPANEDIOL, ALLANTO\u00cfNE, SOIDUM, BENZOATE, GOMME BIOACCHARIDE-1, POLYSORBATE&hellip;","brands":[],"_links":{"self":[{"href":"https:\/\/wavexia.com\/index.php?rest_route=\/wp\/v2\/product\/4605","targetHints":{"allow":["GET"]}}],"collection":[{"href":"https:\/\/wavexia.com\/index.php?rest_route=\/wp\/v2\/product"}],"about":[{"href":"https:\/\/wavexia.com\/index.php?rest_route=\/wp\/v2\/types\/product"}],"replies":[{"embeddable":true,"href":"https:\/\/wavexia.com\/index.php?rest_route=%2Fwp%2Fv2%2Fcomments&post=4605"}],"wp:featuredmedia":[{"embeddable":true,"href":"https:\/\/wavexia.com\/index.php?rest_route=\/wp\/v2\/media\/4604"}],"wp:attachment":[{"href":"https:\/\/wavexia.com\/index.php?rest_route=%2Fwp%2Fv2%2Fmedia&parent=4605"}],"wp:term":[{"taxonomy":"pwb-brand","embeddable":true,"href":"https:\/\/wavexia.com\/index.php?rest_route=%2Fwp%2Fv2%2Fpwb-brand&post=4605"},{"taxonomy":"product_brand","embeddable":true,"href":"https:\/\/wavexia.com\/index.php?rest_route=%2Fwp%2Fv2%2Fproduct_brand&post=4605"},{"taxonomy":"product_cat","embeddable":true,"href":"https:\/\/wavexia.com\/index.php?rest_route=%2Fwp%2Fv2%2Fproduct_cat&post=4605"},{"taxonomy":"product_tag","embeddable":true,"href":"https:\/\/wavexia.com\/index.php?rest_route=%2Fwp%2Fv2%2Fproduct_tag&post=4605"}],"curies":[{"name":"wp","href":"https:\/\/api.w.org\/{rel}","templated":true}]}}