{"id":4603,"date":"2025-10-19T09:08:49","date_gmt":"2025-10-19T09:08:49","guid":{"rendered":"https:\/\/wavexia.com\/product\/now-foods-evening-primrose-oil-1000-mg-90-veggie-softgels\/"},"modified":"2026-03-10T07:31:03","modified_gmt":"2026-03-10T07:31:03","slug":"now-foods-evening-primrose-oil-1000-mg-90-veggie-softgels","status":"publish","type":"product","link":"https:\/\/wavexia.com\/?product=now-foods-evening-primrose-oil-1000-mg-90-veggie-softgels","title":{"rendered":"Now Foods Evening Primrose Oil, 1000 mg, 90 Veggie Softgels"},"content":{"rendered":"<h2>Description<\/h2>\n<ul>\n<li>Sant\u00e9 des femmes<\/li>\n<li>Peau saine<\/li>\n<li>R\u00e9ponse immunitaire \u00e9quilibr\u00e9e<\/li>\n<li>Sans OGM<\/li>\n<li>Un compl\u00e9ment alimentaire<\/li>\n<li>Sans hexane<\/li>\n<li>Casher \u2013 Contient de la g\u00e9latine<\/li>\n<li>Huiles nutritionnelles<\/li>\n<li>Entreprise familiale depuis 1968<\/li>\n<li>Qualit\u00e9 GMP assur\u00e9e<\/li>\n<\/ul>\n<p>L\u2019huile d\u2019onagre NOW(R) contient naturellement de l\u2019acide gamma-linol\u00e9nique (GLA), un acide gras om\u00e9ga-6 que l\u2019on trouve \u00e9galement dans les huiles de graines de bourrache et de cassis. Bien que le corps puisse synth\u00e9tiser l\u2019AGL \u00e0 partir d\u2019autres graisses alimentaires, il peut \u00eatre utilis\u00e9 plus efficacement pour les fonctions corporelles lorsqu\u2019il est consomm\u00e9 dans son \u00e9tat pr\u00e9form\u00e9. En soutenant les r\u00e9ponses saines du syst\u00e8me immunitaire de l\u2019organisme, l\u2019AGL peut aider \u00e0 maintenir une fonction normale de la barri\u00e8re cutan\u00e9e, ainsi qu\u2019un syst\u00e8me vasculaire sain.<\/p>\n<h5>mode d\u2019emploi:<\/h5>\n<p>Prendre 3 g\u00e9lules par jour avec de la nourriture.<\/p>\n","protected":false},"excerpt":{"rendered":"<p>Description Sant\u00e9 des femmes Peau saine R\u00e9ponse immunitaire \u00e9quilibr\u00e9e Sans OGM Un compl\u00e9ment alimentaire Sans hexane Casher \u2013 Contient de la g\u00e9latine Huiles nutritionnelles Entreprise familiale depuis 1968 Qualit\u00e9 GMP assur\u00e9e L\u2019huile d\u2019onagre NOW(R) contient naturellement de l\u2019acide gamma-linol\u00e9nique (GLA), un acide gras om\u00e9ga-6 que l\u2019on trouve \u00e9galement dans les huiles de graines de bourrache [&hellip;]<\/p>\n","protected":false},"featured_media":4602,"comment_status":"open","ping_status":"closed","template":"","meta":{"content-type":"","_uag_custom_page_level_css":""},"pwb-brand":[],"product_brand":[],"product_cat":[329],"product_tag":[],"class_list":{"0":"post-4603","1":"product","2":"type-product","3":"status-publish","4":"has-post-thumbnail","6":"product_cat-produits-americains","8":"first","9":"instock","10":"sale","11":"shipping-taxable","12":"purchasable","13":"product-type-simple"},"aioseo_notices":[],"uagb_featured_image_src":{"full":["https:\/\/wavexia.com\/wp-content\/uploads\/2025\/10\/71u019XQAEL._UF8941000_QL80_.jpg",894,894,false],"thumbnail":["https:\/\/wavexia.com\/wp-content\/uploads\/2025\/10\/71u019XQAEL._UF8941000_QL80_-150x150.jpg",150,150,true],"medium":["https:\/\/wavexia.com\/wp-content\/uploads\/2025\/10\/71u019XQAEL._UF8941000_QL80_-300x300.jpg",300,300,true],"medium_large":["https:\/\/wavexia.com\/wp-content\/uploads\/2025\/10\/71u019XQAEL._UF8941000_QL80_-768x768.jpg",768,768,true],"large":["https:\/\/wavexia.com\/wp-content\/uploads\/2025\/10\/71u019XQAEL._UF8941000_QL80_.jpg",894,894,false],"1536x1536":["https:\/\/wavexia.com\/wp-content\/uploads\/2025\/10\/71u019XQAEL._UF8941000_QL80_.jpg",894,894,false],"2048x2048":["https:\/\/wavexia.com\/wp-content\/uploads\/2025\/10\/71u019XQAEL._UF8941000_QL80_.jpg",894,894,false],"woocommerce_archive_thumbnail":["https:\/\/wavexia.com\/wp-content\/uploads\/2025\/10\/71u019XQAEL._UF8941000_QL80_-300x300.jpg",300,300,true],"woocommerce_thumbnail":["https:\/\/wavexia.com\/wp-content\/uploads\/2025\/10\/71u019XQAEL._UF8941000_QL80_-300x300.jpg",300,300,true],"woocommerce_single":["https:\/\/wavexia.com\/wp-content\/uploads\/2025\/10\/71u019XQAEL._UF8941000_QL80_-600x600.jpg",600,600,true],"woocommerce_gallery_thumbnail":["https:\/\/wavexia.com\/wp-content\/uploads\/2025\/10\/71u019XQAEL._UF8941000_QL80_-100x100.jpg",100,100,true]},"uagb_author_info":{"display_name":"zineddine.ayoub98@gmail.com","author_link":"https:\/\/wavexia.com\/?author=0"},"uagb_comment_info":0,"uagb_excerpt":"Description Sant\u00e9 des femmes Peau saine R\u00e9ponse immunitaire \u00e9quilibr\u00e9e Sans OGM Un compl\u00e9ment alimentaire Sans hexane Casher \u2013 Contient de la g\u00e9latine Huiles nutritionnelles Entreprise familiale depuis 1968 Qualit\u00e9 GMP assur\u00e9e L\u2019huile d\u2019onagre NOW(R) contient naturellement de l\u2019acide gamma-linol\u00e9nique (GLA), un acide gras om\u00e9ga-6 que l\u2019on trouve \u00e9galement dans les huiles de graines de bourrache&hellip;","brands":[],"_links":{"self":[{"href":"https:\/\/wavexia.com\/index.php?rest_route=\/wp\/v2\/product\/4603","targetHints":{"allow":["GET"]}}],"collection":[{"href":"https:\/\/wavexia.com\/index.php?rest_route=\/wp\/v2\/product"}],"about":[{"href":"https:\/\/wavexia.com\/index.php?rest_route=\/wp\/v2\/types\/product"}],"replies":[{"embeddable":true,"href":"https:\/\/wavexia.com\/index.php?rest_route=%2Fwp%2Fv2%2Fcomments&post=4603"}],"wp:featuredmedia":[{"embeddable":true,"href":"https:\/\/wavexia.com\/index.php?rest_route=\/wp\/v2\/media\/4602"}],"wp:attachment":[{"href":"https:\/\/wavexia.com\/index.php?rest_route=%2Fwp%2Fv2%2Fmedia&parent=4603"}],"wp:term":[{"taxonomy":"pwb-brand","embeddable":true,"href":"https:\/\/wavexia.com\/index.php?rest_route=%2Fwp%2Fv2%2Fpwb-brand&post=4603"},{"taxonomy":"product_brand","embeddable":true,"href":"https:\/\/wavexia.com\/index.php?rest_route=%2Fwp%2Fv2%2Fproduct_brand&post=4603"},{"taxonomy":"product_cat","embeddable":true,"href":"https:\/\/wavexia.com\/index.php?rest_route=%2Fwp%2Fv2%2Fproduct_cat&post=4603"},{"taxonomy":"product_tag","embeddable":true,"href":"https:\/\/wavexia.com\/index.php?rest_route=%2Fwp%2Fv2%2Fproduct_tag&post=4603"}],"curies":[{"name":"wp","href":"https:\/\/api.w.org\/{rel}","templated":true}]}}