{"id":4599,"date":"2025-10-19T09:08:47","date_gmt":"2025-10-19T09:08:47","guid":{"rendered":"https:\/\/wavexia.com\/product\/axis-y-biome-ultimate-indulging-cream-55ml\/"},"modified":"2026-03-10T07:31:03","modified_gmt":"2026-03-10T07:31:03","slug":"axis-y-biome-ultimate-indulging-cream-55ml","status":"publish","type":"product","link":"https:\/\/wavexia.com\/?product=axis-y-biome-ultimate-indulging-cream-55ml","title":{"rendered":"AXIS-Y Biome Ultimate Indulging Cream 55ml"},"content":{"rendered":"<h2>Description<\/h2>\n<p>La Biome Ultimate Indulging Cream AXIS-Y est une luxueuse cr\u00e8me de soin anti-rides vegan con\u00e7ue pour am\u00e9liorer la texture, l\u2019\u00e9lasticit\u00e9 et l\u2019\u00e9clat de la peau. Formul\u00e9e avec une Satin Barrier qui emprisonne l\u2019hydratation, cette cr\u00e8me procure un \u00e9clat doux et sain de l\u2019int\u00e9rieur.<\/p>\n<p>Son Special Biome Blend unique, compos\u00e9 de cinq pr\u00e9biotiques et probiotiques puissants, am\u00e9liore la sant\u00e9 de la peau, \u00e9claircit le teint et r\u00e9duit les imperfections. Enrichie en c\u00e9ramides, en cholest\u00e9rol et en acides gras, elle renforce la barri\u00e8re cutan\u00e9e tandis que l\u2019ad\u00e9nosine cible les rides et les ridules. Id\u00e9ale pour ceux qui recherchent une hydratation profonde, une am\u00e9lioration de l\u2019\u00e9lasticit\u00e9 de la peau et un \u00e9clat de jeunesse.<\/p>\n<p><strong>Recommand\u00e9 pour :<\/strong>&nbsp;Peaux sensibles, peaux s\u00e8ches, tous types de peaux.<\/p>\n<p><strong>Conseils d\u2019utilisation :<\/strong><\/p>\n<ul>\n<li>Pr\u00e9l\u00e8ve une quantit\u00e9 appropri\u00e9e de cr\u00e8me, \u00e9tale-la uniform\u00e9ment sur ta peau en couches tout en \u00e9vitant le contour des yeux et de la bouche.<\/li>\n<li>Laisse-la p\u00e9n\u00e9trer suffisamment, en la r\u00e9chauffant dans tes paumes.<\/li>\n<\/ul>\n<p><strong>Ingr\u00e9dients :<\/strong><\/p>\n<p>Eau, Glyc\u00e9rol, B\u00e9ta\u00efne, Glycol M\u00e9thylpropanediol, Cyclohexasiloxane, Distearate de Penta\u00e9rythritol, Squalane, \u00c9ther Dicaprylyle, Triglyc\u00e9ride Caprylique\/Caprique, Alcool C\u00e9tylique, Glucoside C\u00e9tylique, Allanto\u00efne, Ad\u00e9nosine, C\u00e9ramide, C\u00e9ramide, L\u00e9cithine Hydrog\u00e9n\u00e9e, Glycosphingolipides, T\u00e9trac\u00e9tate de Phytosphingosine, Acide St\u00e9arique, Cholest\u00e9rol, Beurre de Graine de Mangifera Indica, Beurre de Butyrospermum Parkii, B\u00eata-Glucane, Acide Hyaluronique Hydrolys\u00e9, Hyaluronate de Sodium, Glycol Butylique, Ferment de Lactobacillus, Filtrat de Ferment de Saccharomyces, Filtrat de Ferment de Galactomyces, Ferment de Saccharomyces\/Xylinum\/Th\u00e9 Noir, 1,2-Hexanediol, Extrait de Graine de Theobroma Cacao, Lysat de Ferment de Bifida, Extrait de Feuille d\u2019Artemisia Princeps, Extrait de Centella Asiatica, Extrait de Laminaria Japonica, Extrait de Feuille d\u2019Eclipta Prostrata, Fructooligosaccharides, Polyacrylate de Sodium, Glutamate de Sodium St\u00e9aryle, Glycol Dipropyl\u00e8ne, Hydroxyac\u00e9tylph\u00e9none, Disodium EDTA, Dextrine, St\u00e9arate de Glyc\u00e9ryle, Glycol Pentyl\u00e8ne, Glyc\u00e9rine \u00c9thylhexyle, Tocoph\u00e9rol, Glycol Caprylyle, Gomme Xanthane, TBHQ, Huile de Juniperus Virginiana, Huile d\u2019\u00c9corce de Cedrus Atlantica, Huile d\u2019\u00c9corce d\u2019Amyris Balsamifera, R\u00e9sine de Copaifera Officinalis, Huile de Pogostemon Cablin.<\/p>\n","protected":false},"excerpt":{"rendered":"<p>Description La Biome Ultimate Indulging Cream AXIS-Y est une luxueuse cr\u00e8me de soin anti-rides vegan con\u00e7ue pour am\u00e9liorer la texture, l\u2019\u00e9lasticit\u00e9 et l\u2019\u00e9clat de la peau. Formul\u00e9e avec une Satin Barrier qui emprisonne l\u2019hydratation, cette cr\u00e8me procure un \u00e9clat doux et sain de l\u2019int\u00e9rieur. Son Special Biome Blend unique, compos\u00e9 de cinq pr\u00e9biotiques et probiotiques [&hellip;]<\/p>\n","protected":false},"featured_media":4598,"comment_status":"open","ping_status":"closed","template":"","meta":{"content-type":"","_uag_custom_page_level_css":""},"pwb-brand":[],"product_brand":[],"product_cat":[363,324,327,328,334],"product_tag":[],"class_list":{"0":"post-4599","1":"product","2":"type-product","3":"status-publish","4":"has-post-thumbnail","6":"product_cat-axis-y","7":"product_cat-creme","8":"product_cat-hmizat","9":"product_cat-nouveautes","10":"product_cat-produits-coreens","12":"first","13":"instock","14":"sale","15":"shipping-taxable","16":"purchasable","17":"product-type-simple"},"aioseo_notices":[],"uagb_featured_image_src":{"full":["https:\/\/wavexia.com\/wp-content\/uploads\/2025\/10\/Axis-Y-Biome-Ultimate-Indulging-Cream-sentisenti.webp",1200,1200,false],"thumbnail":["https:\/\/wavexia.com\/wp-content\/uploads\/2025\/10\/Axis-Y-Biome-Ultimate-Indulging-Cream-sentisenti-150x150.webp",150,150,true],"medium":["https:\/\/wavexia.com\/wp-content\/uploads\/2025\/10\/Axis-Y-Biome-Ultimate-Indulging-Cream-sentisenti-300x300.webp",300,300,true],"medium_large":["https:\/\/wavexia.com\/wp-content\/uploads\/2025\/10\/Axis-Y-Biome-Ultimate-Indulging-Cream-sentisenti-768x768.webp",768,768,true],"large":["https:\/\/wavexia.com\/wp-content\/uploads\/2025\/10\/Axis-Y-Biome-Ultimate-Indulging-Cream-sentisenti-1024x1024.webp",1024,1024,true],"1536x1536":["https:\/\/wavexia.com\/wp-content\/uploads\/2025\/10\/Axis-Y-Biome-Ultimate-Indulging-Cream-sentisenti.webp",1200,1200,false],"2048x2048":["https:\/\/wavexia.com\/wp-content\/uploads\/2025\/10\/Axis-Y-Biome-Ultimate-Indulging-Cream-sentisenti.webp",1200,1200,false],"woocommerce_archive_thumbnail":["https:\/\/wavexia.com\/wp-content\/uploads\/2025\/10\/Axis-Y-Biome-Ultimate-Indulging-Cream-sentisenti-300x300.webp",300,300,true],"woocommerce_thumbnail":["https:\/\/wavexia.com\/wp-content\/uploads\/2025\/10\/Axis-Y-Biome-Ultimate-Indulging-Cream-sentisenti-300x300.webp",300,300,true],"woocommerce_single":["https:\/\/wavexia.com\/wp-content\/uploads\/2025\/10\/Axis-Y-Biome-Ultimate-Indulging-Cream-sentisenti-600x600.webp",600,600,true],"woocommerce_gallery_thumbnail":["https:\/\/wavexia.com\/wp-content\/uploads\/2025\/10\/Axis-Y-Biome-Ultimate-Indulging-Cream-sentisenti-100x100.webp",100,100,true]},"uagb_author_info":{"display_name":"zineddine.ayoub98@gmail.com","author_link":"https:\/\/wavexia.com\/?author=0"},"uagb_comment_info":0,"uagb_excerpt":"Description La Biome Ultimate Indulging Cream AXIS-Y est une luxueuse cr\u00e8me de soin anti-rides vegan con\u00e7ue pour am\u00e9liorer la texture, l\u2019\u00e9lasticit\u00e9 et l\u2019\u00e9clat de la peau. Formul\u00e9e avec une Satin Barrier qui emprisonne l\u2019hydratation, cette cr\u00e8me procure un \u00e9clat doux et sain de l\u2019int\u00e9rieur. Son Special Biome Blend unique, compos\u00e9 de cinq pr\u00e9biotiques et probiotiques&hellip;","brands":[],"_links":{"self":[{"href":"https:\/\/wavexia.com\/index.php?rest_route=\/wp\/v2\/product\/4599","targetHints":{"allow":["GET"]}}],"collection":[{"href":"https:\/\/wavexia.com\/index.php?rest_route=\/wp\/v2\/product"}],"about":[{"href":"https:\/\/wavexia.com\/index.php?rest_route=\/wp\/v2\/types\/product"}],"replies":[{"embeddable":true,"href":"https:\/\/wavexia.com\/index.php?rest_route=%2Fwp%2Fv2%2Fcomments&post=4599"}],"wp:featuredmedia":[{"embeddable":true,"href":"https:\/\/wavexia.com\/index.php?rest_route=\/wp\/v2\/media\/4598"}],"wp:attachment":[{"href":"https:\/\/wavexia.com\/index.php?rest_route=%2Fwp%2Fv2%2Fmedia&parent=4599"}],"wp:term":[{"taxonomy":"pwb-brand","embeddable":true,"href":"https:\/\/wavexia.com\/index.php?rest_route=%2Fwp%2Fv2%2Fpwb-brand&post=4599"},{"taxonomy":"product_brand","embeddable":true,"href":"https:\/\/wavexia.com\/index.php?rest_route=%2Fwp%2Fv2%2Fproduct_brand&post=4599"},{"taxonomy":"product_cat","embeddable":true,"href":"https:\/\/wavexia.com\/index.php?rest_route=%2Fwp%2Fv2%2Fproduct_cat&post=4599"},{"taxonomy":"product_tag","embeddable":true,"href":"https:\/\/wavexia.com\/index.php?rest_route=%2Fwp%2Fv2%2Fproduct_tag&post=4599"}],"curies":[{"name":"wp","href":"https:\/\/api.w.org\/{rel}","templated":true}]}}