{"id":4588,"date":"2025-10-19T09:08:39","date_gmt":"2025-10-19T09:08:39","guid":{"rendered":"https:\/\/wavexia.com\/product\/mary-may-niacinamide-vitamin-c-brightening-mask\/"},"modified":"2026-03-10T07:31:03","modified_gmt":"2026-03-10T07:31:03","slug":"mary-may-niacinamide-vitamin-c-brightening-mask","status":"publish","type":"product","link":"https:\/\/wavexia.com\/?product=mary-may-niacinamide-vitamin-c-brightening-mask","title":{"rendered":"Mary &#038; May Niacinamide Vitamin C Brightening Mask"},"content":{"rendered":"<h2>Description<\/h2>\n<p>Le masque \u00e9claircissant \u00e0 la vitamine C et \u00e0 la niacinamide est un masque en tissu \u00e0 usage unique con\u00e7u pour un soin \u00e9claircissant concentr\u00e9. Ce masque combine 2 % de niacinamide, qui bloque les voies de la m\u00e9lanine, avec 1 000 ppm de vitamine C puissante pour \u00e9claircir et clarifier efficacement la peau, aidant \u00e0 estomper les taches brunes et les imperfections. Il dispose \u00e9galement d\u2019un syst\u00e8me de soin hydratant intensif avec six poids mol\u00e9culaires diff\u00e9rents d\u2019acide hyaluronique, qui p\u00e9n\u00e8trent profond\u00e9ment pour fournir une hydratation intense, laissant la peau<\/p>\n<p>Le Niacinamide Vitamin C Brightening Mask MARY &amp; MAY est compos\u00e9 de 30 masques tissus dans une bo\u00eete grand format. Il te suffit de retirer un masque chaque jour de la bo\u00eete, une solution pratique, facile \u00e0 utiliser et qui prot\u00e8ge l\u2019environnement en r\u00e9duisant les d\u00e9chets inutiles. Le Niacinamide Vitamin C Brightening Mask MARY &amp; MAY est id\u00e9al pour ceux qui veulent estomper les cicatrices d\u2019acn\u00e9 et \u00e9claircir leur peau avec l\u2019aide de la niacinamide et de la vitamine C.<\/p>\n<p>Utilisation<\/p>\n<div id=\"description-1\" class=\"accordion__body\" data-accordion-body=\"\">\n<p><span class=\"metafield-multi_line_text_field\">1. Apr\u00e8s le nettoyage, fixez le visage avec le toner<br \/>2. Ouvrez le couvercle, ouvrez le capuchon de protection et sortez une feuille avec la mini pince \u00e0 \u00e9piler.<br \/>3. Apr\u00e8s 10 \u00e0 15 minutes d\u2019absorption de l\u2019essence par la peau, massez l\u00e9g\u00e8rement l\u2019essence restante sur l\u2019ensemble du visage, \u00e0 l\u2019exception du contour des yeux et des l\u00e8vres.<\/span><\/p>\n<p><button class=\"accordion__title accordion-is-open\" data-accordion-trigger=\"description-3\" aria-controls=\"description-3\" aria-haspopup=\"true\" aria-expanded=\"false\"><span>Ingr\u00e9dients<\/span><\/button><\/p>\n<div id=\"description-3\" class=\"accordion__body\" data-accordion-body=\"\">\n<p><span class=\"metafield-multi_line_text_field\">Eau, glyc\u00e9rine, niacinamide (2&nbsp;%), dipropyl\u00e8ne glycol, hydroxyac\u00e9toph\u00e9none, arginine, carbom\u00e8re, phosphate d\u2019ascorbyle de sodium (1 000 ppm), polyglyc\u00e9ryl-10 Laurate, polyglyc\u00e9ryl-4 Laurate, allanto\u00efne, hydroxy\u00e9thylcellulose, caprylyl\/capryl glucoside, butyl\u00e8ne glycol, caprylyl glycol, EDTA disodique, parfum, 1,2-hexanediol, hyaluronate de sodium<\/span><\/p>\n<\/div>\n<\/div>\n","protected":false},"excerpt":{"rendered":"<p>Description Le masque \u00e9claircissant \u00e0 la vitamine C et \u00e0 la niacinamide est un masque en tissu \u00e0 usage unique con\u00e7u pour un soin \u00e9claircissant concentr\u00e9. Ce masque combine 2 % de niacinamide, qui bloque les voies de la m\u00e9lanine, avec 1 000 ppm de vitamine C puissante pour \u00e9claircir et clarifier efficacement la peau, [&hellip;]<\/p>\n","protected":false},"featured_media":4587,"comment_status":"open","ping_status":"closed","template":"","meta":{"content-type":"","_uag_custom_page_level_css":""},"pwb-brand":[],"product_brand":[],"product_cat":[351,328,334,345],"product_tag":[],"class_list":{"0":"post-4588","1":"product","2":"type-product","3":"status-publish","4":"has-post-thumbnail","6":"product_cat-mary-may","7":"product_cat-nouveautes","8":"product_cat-produits-coreens","9":"product_cat-toner-pads","11":"first","12":"instock","13":"sale","14":"shipping-taxable","15":"purchasable","16":"product-type-simple"},"aioseo_notices":[],"uagb_featured_image_src":{"full":["https:\/\/wavexia.com\/wp-content\/uploads\/2025\/10\/MARY_MAY_Niacinamide_Vitamin_C_Brightening_Mask.webp",1000,1000,false],"thumbnail":["https:\/\/wavexia.com\/wp-content\/uploads\/2025\/10\/MARY_MAY_Niacinamide_Vitamin_C_Brightening_Mask-150x150.webp",150,150,true],"medium":["https:\/\/wavexia.com\/wp-content\/uploads\/2025\/10\/MARY_MAY_Niacinamide_Vitamin_C_Brightening_Mask-300x300.webp",300,300,true],"medium_large":["https:\/\/wavexia.com\/wp-content\/uploads\/2025\/10\/MARY_MAY_Niacinamide_Vitamin_C_Brightening_Mask-768x768.webp",768,768,true],"large":["https:\/\/wavexia.com\/wp-content\/uploads\/2025\/10\/MARY_MAY_Niacinamide_Vitamin_C_Brightening_Mask.webp",1000,1000,false],"1536x1536":["https:\/\/wavexia.com\/wp-content\/uploads\/2025\/10\/MARY_MAY_Niacinamide_Vitamin_C_Brightening_Mask.webp",1000,1000,false],"2048x2048":["https:\/\/wavexia.com\/wp-content\/uploads\/2025\/10\/MARY_MAY_Niacinamide_Vitamin_C_Brightening_Mask.webp",1000,1000,false],"woocommerce_archive_thumbnail":["https:\/\/wavexia.com\/wp-content\/uploads\/2025\/10\/MARY_MAY_Niacinamide_Vitamin_C_Brightening_Mask-300x300.webp",300,300,true],"woocommerce_thumbnail":["https:\/\/wavexia.com\/wp-content\/uploads\/2025\/10\/MARY_MAY_Niacinamide_Vitamin_C_Brightening_Mask-300x300.webp",300,300,true],"woocommerce_single":["https:\/\/wavexia.com\/wp-content\/uploads\/2025\/10\/MARY_MAY_Niacinamide_Vitamin_C_Brightening_Mask-600x600.webp",600,600,true],"woocommerce_gallery_thumbnail":["https:\/\/wavexia.com\/wp-content\/uploads\/2025\/10\/MARY_MAY_Niacinamide_Vitamin_C_Brightening_Mask-100x100.webp",100,100,true]},"uagb_author_info":{"display_name":"zineddine.ayoub98@gmail.com","author_link":"https:\/\/wavexia.com\/?author=0"},"uagb_comment_info":0,"uagb_excerpt":"Description Le masque \u00e9claircissant \u00e0 la vitamine C et \u00e0 la niacinamide est un masque en tissu \u00e0 usage unique con\u00e7u pour un soin \u00e9claircissant concentr\u00e9. Ce masque combine 2 % de niacinamide, qui bloque les voies de la m\u00e9lanine, avec 1 000 ppm de vitamine C puissante pour \u00e9claircir et clarifier efficacement la peau,&hellip;","brands":[],"_links":{"self":[{"href":"https:\/\/wavexia.com\/index.php?rest_route=\/wp\/v2\/product\/4588","targetHints":{"allow":["GET"]}}],"collection":[{"href":"https:\/\/wavexia.com\/index.php?rest_route=\/wp\/v2\/product"}],"about":[{"href":"https:\/\/wavexia.com\/index.php?rest_route=\/wp\/v2\/types\/product"}],"replies":[{"embeddable":true,"href":"https:\/\/wavexia.com\/index.php?rest_route=%2Fwp%2Fv2%2Fcomments&post=4588"}],"wp:featuredmedia":[{"embeddable":true,"href":"https:\/\/wavexia.com\/index.php?rest_route=\/wp\/v2\/media\/4587"}],"wp:attachment":[{"href":"https:\/\/wavexia.com\/index.php?rest_route=%2Fwp%2Fv2%2Fmedia&parent=4588"}],"wp:term":[{"taxonomy":"pwb-brand","embeddable":true,"href":"https:\/\/wavexia.com\/index.php?rest_route=%2Fwp%2Fv2%2Fpwb-brand&post=4588"},{"taxonomy":"product_brand","embeddable":true,"href":"https:\/\/wavexia.com\/index.php?rest_route=%2Fwp%2Fv2%2Fproduct_brand&post=4588"},{"taxonomy":"product_cat","embeddable":true,"href":"https:\/\/wavexia.com\/index.php?rest_route=%2Fwp%2Fv2%2Fproduct_cat&post=4588"},{"taxonomy":"product_tag","embeddable":true,"href":"https:\/\/wavexia.com\/index.php?rest_route=%2Fwp%2Fv2%2Fproduct_tag&post=4588"}],"curies":[{"name":"wp","href":"https:\/\/api.w.org\/{rel}","templated":true}]}}