{"id":4578,"date":"2025-10-19T09:08:29","date_gmt":"2025-10-19T09:08:29","guid":{"rendered":"https:\/\/wavexia.com\/product\/huda-beauty-on-the-go-must-haves\/"},"modified":"2026-03-10T07:31:03","modified_gmt":"2026-03-10T07:31:03","slug":"huda-beauty-on-the-go-must-haves","status":"publish","type":"product","link":"https:\/\/wavexia.com\/?product=huda-beauty-on-the-go-must-haves","title":{"rendered":"Huda Beauty On-The-Go Must Haves"},"content":{"rendered":"<h2>Description<\/h2>\n<p>Huda Beauty On-The-Go Must Haves est un&nbsp;ensemble de trois produits de beaut\u00e9 qui donnent de l\u2019\u00e9clat,&nbsp;dont les trois incontournables de Huda pour une peau super lisse et un look radieux en \u00e9t\u00e9. Pr\u00e9parez votre peau avec le lait exfoliant avant d\u2019appliquer la poudre bronzante pour obtenir un teint d\u00e9licieusement dor\u00e9 comme si vous veniez de quitter la plage, puis le mascara, pour des cils fournis et d\u00e9ploy\u00e9s. Ce set se compose d\u2019un gommage aux enzymes Yo Glow Wishful, un&nbsp;exfoliant&nbsp;doux trois en un physique, chimique et enzymatique \u00e0 base de AHA et BHA qui lisse, illumine et unifie le teint en douceur. Au revoir les peaux mortes et place \u00e0 l\u2019\u00e9clat. Un mini mascara deux en un, Legit Lashes Huda Beauty noir mat \u00e0 double extr\u00e9mit\u00e9&nbsp;pour une longue tenue. Il offre un volume extr\u00eame, un galbe spectaculaire et une longueur remarquable sans alourdir&nbsp;les cils. Gr\u00e2ce \u00e0 ses deux formules et \u00e0 ses brosses grand format, il contient plus de produit que la plupart des mascaras&nbsp;minis. Une&nbsp;poudre bronzante \u00e0 \u00e9clat doux GloWish par Huda Beauty, une superbe poudre bronzante enrichie de soins pour la peau, facilement modulable,&nbsp;qui offre chaleur et \u00e9clat \u00e0&nbsp;au teint.<\/p>\n<p>Ce coffret contient :<br \/>1 x Gommage aux enzymes Yo Glow WISHFUL 40 ml \u2013 format voyage<br \/>Un exfoliant doux 3 en 1 physique, chimique et enzymatique \u00e0 base de AHA et BHA qui lisse, illumine et unifie le teint en douceur. Bye-bye les peaux mortes ! Place \u00e0 l\u2019\u00e9clat !<br \/>Convient \u00e0 tous les types de peau et \u00e0 un usage quotidien.<br \/>1 x Mini mascara 2 en 1 Legit Lashes Huda Beauty 2 x 3,5 ml<br \/>Un mini mascara noir mat \u00e0 double extr\u00e9mit\u00e9 et longue tenue. Il offre un volume extr\u00eame, un galbe spectaculaire et une longueur remarquable sans alourdir vos cils !<br \/>Bonus : gr\u00e2ce \u00e0 ses deux formules et \u00e0 ses brosses grand format, il contient plus de produit que la plupart des mascaras miniatures !<br \/>1 x Poudre bronzante \u00e0 \u00e9clat doux GloWish par Huda Beauty \u2013 format voyage<br \/>Une superbe poudre bronzante enrichie de soins pour la peau. Facilement modulable, elle offre chaleur et \u00e9clat \u00e0 votre teint !<br \/>Un ensemble de produits de beaut\u00e9 qui donnent de l\u2019\u00e9clat, avec 3 cosm\u00e9tiques de Huda pour une peau super lisse et un look radieux en \u00e9t\u00e9 ! Pr\u00e9parez votre peau avec le lait exfoliant avant d\u2019appliquer la poudre bronzante pour obtenir un teint d\u00e9licieusement dor\u00e9 comme si vous veniez de quitter la plage, puis le mascara, pour des cils fournis et d\u00e9ploy\u00e9s<\/p>\n","protected":false},"excerpt":{"rendered":"<p>Description Huda Beauty On-The-Go Must Haves est un&nbsp;ensemble de trois produits de beaut\u00e9 qui donnent de l\u2019\u00e9clat,&nbsp;dont les trois incontournables de Huda pour une peau super lisse et un look radieux en \u00e9t\u00e9. Pr\u00e9parez votre peau avec le lait exfoliant avant d\u2019appliquer la poudre bronzante pour obtenir un teint d\u00e9licieusement dor\u00e9 comme si vous veniez [&hellip;]<\/p>\n","protected":false},"featured_media":4577,"comment_status":"open","ping_status":"closed","template":"","meta":{"content-type":"","_uag_custom_page_level_css":""},"pwb-brand":[],"product_brand":[],"product_cat":[359,331,360],"product_tag":[],"class_list":{"0":"post-4578","1":"product","2":"type-product","3":"status-publish","4":"has-post-thumbnail","6":"product_cat-huda-beauty","7":"product_cat-idees-cadeaux","8":"product_cat-maquillage","10":"first","11":"instock","12":"sale","13":"shipping-taxable","14":"purchasable","15":"product-type-simple"},"aioseo_notices":[],"uagb_featured_image_src":{"full":["https:\/\/wavexia.com\/wp-content\/uploads\/2025\/10\/huda-beauty-on-the-go-must-haves.jpg",1600,1600,false],"thumbnail":["https:\/\/wavexia.com\/wp-content\/uploads\/2025\/10\/huda-beauty-on-the-go-must-haves-150x150.jpg",150,150,true],"medium":["https:\/\/wavexia.com\/wp-content\/uploads\/2025\/10\/huda-beauty-on-the-go-must-haves-300x300.jpg",300,300,true],"medium_large":["https:\/\/wavexia.com\/wp-content\/uploads\/2025\/10\/huda-beauty-on-the-go-must-haves-768x768.jpg",768,768,true],"large":["https:\/\/wavexia.com\/wp-content\/uploads\/2025\/10\/huda-beauty-on-the-go-must-haves-1024x1024.jpg",1024,1024,true],"1536x1536":["https:\/\/wavexia.com\/wp-content\/uploads\/2025\/10\/huda-beauty-on-the-go-must-haves-1536x1536.jpg",1536,1536,true],"2048x2048":["https:\/\/wavexia.com\/wp-content\/uploads\/2025\/10\/huda-beauty-on-the-go-must-haves.jpg",1600,1600,false],"woocommerce_archive_thumbnail":["https:\/\/wavexia.com\/wp-content\/uploads\/2025\/10\/huda-beauty-on-the-go-must-haves-300x300.jpg",300,300,true],"woocommerce_thumbnail":["https:\/\/wavexia.com\/wp-content\/uploads\/2025\/10\/huda-beauty-on-the-go-must-haves-300x300.jpg",300,300,true],"woocommerce_single":["https:\/\/wavexia.com\/wp-content\/uploads\/2025\/10\/huda-beauty-on-the-go-must-haves-600x600.jpg",600,600,true],"woocommerce_gallery_thumbnail":["https:\/\/wavexia.com\/wp-content\/uploads\/2025\/10\/huda-beauty-on-the-go-must-haves-100x100.jpg",100,100,true]},"uagb_author_info":{"display_name":"zineddine.ayoub98@gmail.com","author_link":"https:\/\/wavexia.com\/?author=0"},"uagb_comment_info":0,"uagb_excerpt":"Description Huda Beauty On-The-Go Must Haves est un&nbsp;ensemble de trois produits de beaut\u00e9 qui donnent de l\u2019\u00e9clat,&nbsp;dont les trois incontournables de Huda pour une peau super lisse et un look radieux en \u00e9t\u00e9. Pr\u00e9parez votre peau avec le lait exfoliant avant d\u2019appliquer la poudre bronzante pour obtenir un teint d\u00e9licieusement dor\u00e9 comme si vous veniez&hellip;","brands":[],"_links":{"self":[{"href":"https:\/\/wavexia.com\/index.php?rest_route=\/wp\/v2\/product\/4578","targetHints":{"allow":["GET"]}}],"collection":[{"href":"https:\/\/wavexia.com\/index.php?rest_route=\/wp\/v2\/product"}],"about":[{"href":"https:\/\/wavexia.com\/index.php?rest_route=\/wp\/v2\/types\/product"}],"replies":[{"embeddable":true,"href":"https:\/\/wavexia.com\/index.php?rest_route=%2Fwp%2Fv2%2Fcomments&post=4578"}],"wp:featuredmedia":[{"embeddable":true,"href":"https:\/\/wavexia.com\/index.php?rest_route=\/wp\/v2\/media\/4577"}],"wp:attachment":[{"href":"https:\/\/wavexia.com\/index.php?rest_route=%2Fwp%2Fv2%2Fmedia&parent=4578"}],"wp:term":[{"taxonomy":"pwb-brand","embeddable":true,"href":"https:\/\/wavexia.com\/index.php?rest_route=%2Fwp%2Fv2%2Fpwb-brand&post=4578"},{"taxonomy":"product_brand","embeddable":true,"href":"https:\/\/wavexia.com\/index.php?rest_route=%2Fwp%2Fv2%2Fproduct_brand&post=4578"},{"taxonomy":"product_cat","embeddable":true,"href":"https:\/\/wavexia.com\/index.php?rest_route=%2Fwp%2Fv2%2Fproduct_cat&post=4578"},{"taxonomy":"product_tag","embeddable":true,"href":"https:\/\/wavexia.com\/index.php?rest_route=%2Fwp%2Fv2%2Fproduct_tag&post=4578"}],"curies":[{"name":"wp","href":"https:\/\/api.w.org\/{rel}","templated":true}]}}