{"id":4566,"date":"2025-10-19T09:08:18","date_gmt":"2025-10-19T09:08:18","guid":{"rendered":"https:\/\/wavexia.com\/product\/nyx-eyeliner-feutre-epic-ink-liner-waterproof\/"},"modified":"2026-03-10T07:31:03","modified_gmt":"2026-03-10T07:31:03","slug":"nyx-eyeliner-feutre-epic-ink-liner-waterproof","status":"publish","type":"product","link":"https:\/\/wavexia.com\/?product=nyx-eyeliner-feutre-epic-ink-liner-waterproof","title":{"rendered":"NYX \u2013 Eyeliner Feutre Epic Ink Liner \u2013 Waterproof"},"content":{"rendered":"<h2>Description<\/h2>\n<ul>\n<li><strong>Doublure d\u2019encre NYX Epic<\/strong>&nbsp;Dot\u00e9 d\u2019une pointe pinceau fine et souple, ce stylo eyeliner waterproof intens\u00e9ment pigment\u00e9 est parfait pour dessiner des lignes pr\u00e9cises et sans couture.<\/li>\n<li>Cet eye-liner v\u00e9g\u00e9talien cr\u00e9e un trait liquide parfaitement pr\u00e9cis et sans couture.<\/li>\n<li>Peut \u00eatre<strong>&nbsp;nyx epic<\/strong>&nbsp;utilis\u00e9 pour cr\u00e9er des lignes fines ou \u00e9paisses.<\/li>\n<\/ul>\n<p><strong>Comment utiliser le&nbsp;<span style=\"font-size: 12px; color: #000000; text-decoration: none; font-family: 'Arial'; font-style: normal; text-decoration-skip-ink: none;\">liner d\u2019encre nyx epic ?<\/span><\/strong><\/p>\n<p>1. Utilisez des traits courts pour d\u00e9finir le sourcil et remplissez les zones clairsem\u00e9es.<\/p>\n<p>2. Adoucissez les bords \u00e0 l\u2019aide de l\u2019extr\u00e9mit\u00e9 de la bobine.<\/p>\n<p>3. Le spray fixera ensuite votre maquillage r\u00e9sistant \u00e0 la d\u00e9coloration ind\u00e9sirable.<\/p>\n<p>&nbsp;<\/p>\n<p><strong>Ingr\u00e9dients :<br \/><\/strong>Eau, Adipate de dibutyle, Benzoate de di\u00e9thylaminohydroxybenzoyle hexyle, Bis-\u00e9thylhexyloxyph\u00e9nol m\u00e9thoxyph\u00e9nyltriazine, Alcool, Niacinamide, Benzoate d\u2019alkyle en C12-15, Triazone d\u2019\u00e9thylhexyle, Benzoate de ph\u00e9n\u00e9thyle, Silice, Huile de fruit de Citrus Aurantium Bergamia (Bergamote), Hyaluronate de sodium, Extrait de Cynanchum Atratum, Extrait de fleur d\u2019Althaea Rosea, Acide hyaluronique hydrolys\u00e9, Extrait de fruit de Citrus Aurantifolia (Lime), Extrait d\u2019\u00e9corce de Citrus Unshiu, Extrait d\u2019\u00e9corce de Citrus Junos, Extrait de fruit de Terminalia Ferdinandiana, Extrait de fruit de Fragaria Chiloensis (fraise), Extrait de fruit d\u2019Hippophae Rhamnoides, Lysat de ferment de lactobacille, Extrait de fruit de Rubus idaeus (framboise), Extrait de fruit de Vaccinium macrocarpon (canneberge), Extrait de fruit de Citrus Limon (citron), Extrait de fruit de Citrus Paradisi (pamplemousse), Extrait de Pancratium Maritimum, Acide hyaluronique, Isoamyl P-m\u00e9thoxycinnamate, M\u00e9thylpropanediol, Polysilicone-15, 1,2-hexanediol, Pentyl\u00e8ne glycol, Alkyldim\u00e9thylsilyle C30-45 Polypropylsilsesquioxane, dibutyl \u00e9thylhexanoyl glutamide, dibutyl lauroyl glutamide, acrylates de sodium crosspolymer-2, polyacryloyldim\u00e9thyl taurate de sodium, copolym\u00e8re d\u2019acryloyldim\u00e9thyltaurate d\u2019ammonium, hydroxyac\u00e9toph\u00e9none, butyl\u00e8ne glycol, glyc\u00e9rine, tocoph\u00e9rol, ac\u00e9tyl glucosamine, \u00e9thylhexylglyc\u00e9rine, hyaluronate de sodium Crosspolymer, caprylyl glycol, isom\u00e9rate de saccharide, acide linol\u00e9nique, acide citrique, citrate de sodium, acide ascorbique, biotine, cyanocobalamine, acide folique, acide pantoth\u00e9nique, pyridoxine, riboflavine, thiamine hcl, bioflavono\u00efdes, glutathion, acide linol\u00e9ique, m\u00e9nadione, r\u00e9tinol, gomme xanthane, edta disodique, limon\u00e8ne, linalol<\/p>\n","protected":false},"excerpt":{"rendered":"<p>Description Doublure d\u2019encre NYX Epic&nbsp;Dot\u00e9 d\u2019une pointe pinceau fine et souple, ce stylo eyeliner waterproof intens\u00e9ment pigment\u00e9 est parfait pour dessiner des lignes pr\u00e9cises et sans couture. Cet eye-liner v\u00e9g\u00e9talien cr\u00e9e un trait liquide parfaitement pr\u00e9cis et sans couture. Peut \u00eatre&nbsp;nyx epic&nbsp;utilis\u00e9 pour cr\u00e9er des lignes fines ou \u00e9paisses. Comment utiliser le&nbsp;liner d\u2019encre nyx epic [&hellip;]<\/p>\n","protected":false},"featured_media":4565,"comment_status":"open","ping_status":"closed","template":"","meta":{"content-type":"","_uag_custom_page_level_css":""},"pwb-brand":[],"product_brand":[],"product_cat":[382,360,365],"product_tag":[],"class_list":{"0":"post-4566","1":"product","2":"type-product","3":"status-publish","4":"has-post-thumbnail","6":"product_cat-derniere-chance","7":"product_cat-maquillage","8":"product_cat-nyx","10":"first","11":"instock","12":"sale","13":"shipping-taxable","14":"purchasable","15":"product-type-simple"},"aioseo_notices":[],"uagb_featured_image_src":{"full":["https:\/\/wavexia.com\/wp-content\/uploads\/2025\/10\/NYX-Epic-Ink-Liner-XOXO-Beauty-Cosmetics-1.webp",1080,1080,false],"thumbnail":["https:\/\/wavexia.com\/wp-content\/uploads\/2025\/10\/NYX-Epic-Ink-Liner-XOXO-Beauty-Cosmetics-1-150x150.webp",150,150,true],"medium":["https:\/\/wavexia.com\/wp-content\/uploads\/2025\/10\/NYX-Epic-Ink-Liner-XOXO-Beauty-Cosmetics-1-300x300.webp",300,300,true],"medium_large":["https:\/\/wavexia.com\/wp-content\/uploads\/2025\/10\/NYX-Epic-Ink-Liner-XOXO-Beauty-Cosmetics-1-768x768.webp",768,768,true],"large":["https:\/\/wavexia.com\/wp-content\/uploads\/2025\/10\/NYX-Epic-Ink-Liner-XOXO-Beauty-Cosmetics-1-1024x1024.webp",1024,1024,true],"1536x1536":["https:\/\/wavexia.com\/wp-content\/uploads\/2025\/10\/NYX-Epic-Ink-Liner-XOXO-Beauty-Cosmetics-1.webp",1080,1080,false],"2048x2048":["https:\/\/wavexia.com\/wp-content\/uploads\/2025\/10\/NYX-Epic-Ink-Liner-XOXO-Beauty-Cosmetics-1.webp",1080,1080,false],"woocommerce_archive_thumbnail":["https:\/\/wavexia.com\/wp-content\/uploads\/2025\/10\/NYX-Epic-Ink-Liner-XOXO-Beauty-Cosmetics-1-300x300.webp",300,300,true],"woocommerce_thumbnail":["https:\/\/wavexia.com\/wp-content\/uploads\/2025\/10\/NYX-Epic-Ink-Liner-XOXO-Beauty-Cosmetics-1-300x300.webp",300,300,true],"woocommerce_single":["https:\/\/wavexia.com\/wp-content\/uploads\/2025\/10\/NYX-Epic-Ink-Liner-XOXO-Beauty-Cosmetics-1-600x600.webp",600,600,true],"woocommerce_gallery_thumbnail":["https:\/\/wavexia.com\/wp-content\/uploads\/2025\/10\/NYX-Epic-Ink-Liner-XOXO-Beauty-Cosmetics-1-100x100.webp",100,100,true]},"uagb_author_info":{"display_name":"zineddine.ayoub98@gmail.com","author_link":"https:\/\/wavexia.com\/?author=0"},"uagb_comment_info":0,"uagb_excerpt":"Description Doublure d\u2019encre NYX Epic&nbsp;Dot\u00e9 d\u2019une pointe pinceau fine et souple, ce stylo eyeliner waterproof intens\u00e9ment pigment\u00e9 est parfait pour dessiner des lignes pr\u00e9cises et sans couture. Cet eye-liner v\u00e9g\u00e9talien cr\u00e9e un trait liquide parfaitement pr\u00e9cis et sans couture. Peut \u00eatre&nbsp;nyx epic&nbsp;utilis\u00e9 pour cr\u00e9er des lignes fines ou \u00e9paisses. Comment utiliser le&nbsp;liner d\u2019encre nyx epic&hellip;","brands":[],"_links":{"self":[{"href":"https:\/\/wavexia.com\/index.php?rest_route=\/wp\/v2\/product\/4566","targetHints":{"allow":["GET"]}}],"collection":[{"href":"https:\/\/wavexia.com\/index.php?rest_route=\/wp\/v2\/product"}],"about":[{"href":"https:\/\/wavexia.com\/index.php?rest_route=\/wp\/v2\/types\/product"}],"replies":[{"embeddable":true,"href":"https:\/\/wavexia.com\/index.php?rest_route=%2Fwp%2Fv2%2Fcomments&post=4566"}],"wp:featuredmedia":[{"embeddable":true,"href":"https:\/\/wavexia.com\/index.php?rest_route=\/wp\/v2\/media\/4565"}],"wp:attachment":[{"href":"https:\/\/wavexia.com\/index.php?rest_route=%2Fwp%2Fv2%2Fmedia&parent=4566"}],"wp:term":[{"taxonomy":"pwb-brand","embeddable":true,"href":"https:\/\/wavexia.com\/index.php?rest_route=%2Fwp%2Fv2%2Fpwb-brand&post=4566"},{"taxonomy":"product_brand","embeddable":true,"href":"https:\/\/wavexia.com\/index.php?rest_route=%2Fwp%2Fv2%2Fproduct_brand&post=4566"},{"taxonomy":"product_cat","embeddable":true,"href":"https:\/\/wavexia.com\/index.php?rest_route=%2Fwp%2Fv2%2Fproduct_cat&post=4566"},{"taxonomy":"product_tag","embeddable":true,"href":"https:\/\/wavexia.com\/index.php?rest_route=%2Fwp%2Fv2%2Fproduct_tag&post=4566"}],"curies":[{"name":"wp","href":"https:\/\/api.w.org\/{rel}","templated":true}]}}