{"id":4557,"date":"2025-10-19T09:08:13","date_gmt":"2025-10-19T09:08:13","guid":{"rendered":"https:\/\/wavexia.com\/product\/make-up-forever-hd-skin-face-essentials-palette-teint-medium\/"},"modified":"2026-03-10T07:31:03","modified_gmt":"2026-03-10T07:31:03","slug":"make-up-forever-hd-skin-face-essentials-palette-teint-medium","status":"publish","type":"product","link":"https:\/\/wavexia.com\/?product=make-up-forever-hd-skin-face-essentials-palette-teint-medium","title":{"rendered":"MAKE UP FOREVER HD Skin Face Essentials \u2013 Palette teint medium"},"content":{"rendered":"<h2>Description<\/h2>\n<p class=\"longdescription-subtitle\" role=\"heading\" aria-level=\"3\">La palette embl\u00e9matique de Make Up For Ever est de retour !<br \/>Cette palette r\u00e9unis tous vos essentiels teint avec 6 fonds de teint cr\u00e8me et 6 fards \u00e0 joues cr\u00e8me qui vous permettront d\u2019unifier, de sculpter et de colorer votre teint.<\/p>\n<p>DE LA PALETTE UHD FACE ESSENTIALS \u00c0 LA PALETTE HD SKIN FACE ESSENTIALS<br \/>Notre Pro collectif a remasteris\u00e9 la palette iconique UHD Face Essentials pour en faire la nouvelle palette HD SKIN Face Essentials.<br \/>Nos 12 teintes sont modulables, l\u00e9g\u00e8res et se fondent parfaitement entre elles pour un effet seconde peau ultra naturel.<\/p>\n<p role=\"heading\" aria-level=\"3\">VOS ESSENTIALS TEINT ET JOUES EN UNE PALETTE<br \/>La palette HD SKIN Face Essentials contient tout ce qu\u2019il y a de mieux pour votre visage et vos joues. Avec cette palette, vous pouvez unifier et sculpter votre teint, mais aussi mettre en valeur et r\u00e9chauffer vos joues !<br \/>Le format compact de cette palette la rend compl\u00e8te et facile \u00e0 transporter o\u00f9 que vous allez.<\/p>\n<p>12 TEINTES COMPL\u00c9MENTAIRES<br \/>Dans cette palette pour le visage, vous trouverez : 6 teintes teint pour unifier et 6 teintes de fards \u00e0 joues pour colorer. Gr\u00e2ce \u00e0 ses textures cr\u00e8me au fini ultra-naturel, elle est tr\u00e8s facile \u00e0 utiliser.<\/p>\n<p role=\"heading\" aria-level=\"3\">CONSEILS DE PRO<br \/>Soyez cr\u00e9atif et n\u2019h\u00e9sitez pas \u00e0 m\u00e9langer les couleurs pour cr\u00e9er de nouvelles nuances !<br \/>Les 12 teintes sont longue-tenues, r\u00e9sistantes \u00e0 l\u2019eau, \u00e0 la transpiration et aux bavures.<\/p>\n","protected":false},"excerpt":{"rendered":"<p>Description La palette embl\u00e9matique de Make Up For Ever est de retour !Cette palette r\u00e9unis tous vos essentiels teint avec 6 fonds de teint cr\u00e8me et 6 fards \u00e0 joues cr\u00e8me qui vous permettront d\u2019unifier, de sculpter et de colorer votre teint. DE LA PALETTE UHD FACE ESSENTIALS \u00c0 LA PALETTE HD SKIN FACE ESSENTIALSNotre [&hellip;]<\/p>\n","protected":false},"featured_media":4556,"comment_status":"open","ping_status":"closed","template":"","meta":{"content-type":"","_uag_custom_page_level_css":""},"pwb-brand":[],"product_brand":[],"product_cat":[435,360],"product_tag":[],"class_list":{"0":"post-4557","1":"product","2":"type-product","3":"status-publish","4":"has-post-thumbnail","6":"product_cat-make-up-forever","7":"product_cat-maquillage","9":"first","10":"instock","11":"sale","12":"shipping-taxable","13":"purchasable","14":"product-type-simple"},"aioseo_notices":[],"uagb_featured_image_src":{"full":["https:\/\/wavexia.com\/wp-content\/uploads\/2025\/10\/mu-00006123-2.webp",1200,1200,false],"thumbnail":["https:\/\/wavexia.com\/wp-content\/uploads\/2025\/10\/mu-00006123-2-150x150.webp",150,150,true],"medium":["https:\/\/wavexia.com\/wp-content\/uploads\/2025\/10\/mu-00006123-2-300x300.webp",300,300,true],"medium_large":["https:\/\/wavexia.com\/wp-content\/uploads\/2025\/10\/mu-00006123-2-768x768.webp",768,768,true],"large":["https:\/\/wavexia.com\/wp-content\/uploads\/2025\/10\/mu-00006123-2-1024x1024.webp",1024,1024,true],"1536x1536":["https:\/\/wavexia.com\/wp-content\/uploads\/2025\/10\/mu-00006123-2.webp",1200,1200,false],"2048x2048":["https:\/\/wavexia.com\/wp-content\/uploads\/2025\/10\/mu-00006123-2.webp",1200,1200,false],"woocommerce_archive_thumbnail":["https:\/\/wavexia.com\/wp-content\/uploads\/2025\/10\/mu-00006123-2-300x300.webp",300,300,true],"woocommerce_thumbnail":["https:\/\/wavexia.com\/wp-content\/uploads\/2025\/10\/mu-00006123-2-300x300.webp",300,300,true],"woocommerce_single":["https:\/\/wavexia.com\/wp-content\/uploads\/2025\/10\/mu-00006123-2-600x600.webp",600,600,true],"woocommerce_gallery_thumbnail":["https:\/\/wavexia.com\/wp-content\/uploads\/2025\/10\/mu-00006123-2-100x100.webp",100,100,true]},"uagb_author_info":{"display_name":"zineddine.ayoub98@gmail.com","author_link":"https:\/\/wavexia.com\/?author=0"},"uagb_comment_info":0,"uagb_excerpt":"Description La palette embl\u00e9matique de Make Up For Ever est de retour !Cette palette r\u00e9unis tous vos essentiels teint avec 6 fonds de teint cr\u00e8me et 6 fards \u00e0 joues cr\u00e8me qui vous permettront d\u2019unifier, de sculpter et de colorer votre teint. DE LA PALETTE UHD FACE ESSENTIALS \u00c0 LA PALETTE HD SKIN FACE ESSENTIALSNotre&hellip;","brands":[],"_links":{"self":[{"href":"https:\/\/wavexia.com\/index.php?rest_route=\/wp\/v2\/product\/4557","targetHints":{"allow":["GET"]}}],"collection":[{"href":"https:\/\/wavexia.com\/index.php?rest_route=\/wp\/v2\/product"}],"about":[{"href":"https:\/\/wavexia.com\/index.php?rest_route=\/wp\/v2\/types\/product"}],"replies":[{"embeddable":true,"href":"https:\/\/wavexia.com\/index.php?rest_route=%2Fwp%2Fv2%2Fcomments&post=4557"}],"wp:featuredmedia":[{"embeddable":true,"href":"https:\/\/wavexia.com\/index.php?rest_route=\/wp\/v2\/media\/4556"}],"wp:attachment":[{"href":"https:\/\/wavexia.com\/index.php?rest_route=%2Fwp%2Fv2%2Fmedia&parent=4557"}],"wp:term":[{"taxonomy":"pwb-brand","embeddable":true,"href":"https:\/\/wavexia.com\/index.php?rest_route=%2Fwp%2Fv2%2Fpwb-brand&post=4557"},{"taxonomy":"product_brand","embeddable":true,"href":"https:\/\/wavexia.com\/index.php?rest_route=%2Fwp%2Fv2%2Fproduct_brand&post=4557"},{"taxonomy":"product_cat","embeddable":true,"href":"https:\/\/wavexia.com\/index.php?rest_route=%2Fwp%2Fv2%2Fproduct_cat&post=4557"},{"taxonomy":"product_tag","embeddable":true,"href":"https:\/\/wavexia.com\/index.php?rest_route=%2Fwp%2Fv2%2Fproduct_tag&post=4557"}],"curies":[{"name":"wp","href":"https:\/\/api.w.org\/{rel}","templated":true}]}}