{"id":4550,"date":"2025-10-19T09:08:00","date_gmt":"2025-10-19T09:08:00","guid":{"rendered":"https:\/\/wavexia.com\/product\/the-ritual-of-ayurveda-body-cream-70ml\/"},"modified":"2026-03-10T07:31:03","modified_gmt":"2026-03-10T07:31:03","slug":"the-ritual-of-ayurveda-body-cream-70ml","status":"publish","type":"product","link":"https:\/\/wavexia.com\/?product=the-ritual-of-ayurveda-body-cream-70ml","title":{"rendered":"The Ritual of Ayurveda Body Cream 70ml"},"content":{"rendered":"<h2>Description<\/h2>\n<p>Harmonisez le corps, l\u2019esprit et l\u2019\u00e2me avec cette cr\u00e8me pour le corps luxueusement riche de The Ritual of Ayurveda. Avec l\u2019ar\u00f4me d\u00e9licatement sucr\u00e9 de la rose indienne et les effets apaisants de l\u2019huile d\u2019amande douce, cette cr\u00e8me riche nourrit intens\u00e9ment la peau et la laisse magnifiquement douce. Cette cr\u00e8me nourrissante pour le corps avec 91&nbsp;% d\u2019ingr\u00e9dients d\u2019origine naturelle est soigneusement s\u00e9lectionn\u00e9e pour profiter au mieux \u00e0 votre peau. Les 9 % restants sont des ingr\u00e9dients propres et conscients fabriqu\u00e9s en laboratoire qui soutiennent l\u2019int\u00e9grit\u00e9 et la s\u00e9curit\u00e9 de nos formulations.<\/p>\n<h5>mode d\u2019emploi:<\/h5>\n<p>Appliquez quotidiennement cette cr\u00e8me riche sur la peau et utilisez-la pour masser tout le corps. \u00c0 utiliser en combinaison avec les produits de bain ou de douche The Ritual of Ayurveda pour une exp\u00e9rience parfum\u00e9e accrue.<\/p>\n<h5>ingr\u00e9dients:<\/h5>\n<section id=\"detailsTabsNew\" class=\"product_tabs js-smooth-scroll-pdp-tabs\">\n<div class=\"container\">\n<div class=\"row\">\n<div class=\"col-md-12\">\n<div id=\"accordion\" class=\"tab-content\" role=\"tablist\">\n<div id=\"pane-Ingredients\" class=\"card tab-pane fade active show showFullContent\" role=\"tabpanel\" aria-labelledby=\"tab-C\">\n<div id=\"collapse-C\" class=\"collapse\" role=\"tabpanel\" data-parent=\"#accordion\" aria-labelledby=\"heading-C\">\n<div class=\"card-body\">\n<p>Aqua\/eau, alcool c\u00e9t\u00e9arylique, glyc\u00e9rine, triglyc\u00e9ride caprylique\/caprique, caprylate de propylheptyle, und\u00e9cane, huile hybride d\u2019Helianthus Annuus (tournesol), parfum\/fragrance, huile de Prunus Amygdalus Dulcis (amande douce), huile de fleur de Rosa Damascena, ac\u00e9tate de tocoph\u00e9ryle, allanto\u00efne, tocoph\u00e9rol, ubiquinone, trid\u00e9cane, isohexad\u00e9cane, palmitate de c\u00e9tyle, Ceteareth-20, st\u00e9arate de glyc\u00e9ryle, propyl\u00e8ne glycol, carbom\u00e8re, polyacrylate de sodium, Ceteareth-12, huile de ricin hydrog\u00e9n\u00e9e PEG-40, ph\u00e9noxy\u00e9thanol, caprylyl glycol, Sorbate de potassium, alcool benzylique, benzoate de sodium, linalol, cinnamal hexylique, limon\u00e8ne, coumarine, citronellol, benzoate de benzyle, g\u00e9raniol, alcool cinnamylique, citral, hydroxyde de sodium, acide citrique.<\/p>\n<div class=\"showmore_btn\"><\/div>\n<\/div>\n<\/div>\n<\/div>\n<\/div>\n<\/div>\n<\/div>\n<\/section>\n<div class=\"review-rating-pdp-rituals\"><\/div>\n<div id=\"cq_recomm_slot-bb823b8a10c88cfd39abea6258\">\n<section class=\"filter_tabs ayurveda-bg-full-color\">\n<div class=\"container\">\n<div class=\"row\">\n<div class=\"col-md-12\">\n<div class=\"filter_tabs_top\"><\/div>\n<\/div>\n<\/div>\n<\/div>\n<\/section>\n<\/div>\n<\/div>\n","protected":false},"excerpt":{"rendered":"<p>Description Harmonisez le corps, l\u2019esprit et l\u2019\u00e2me avec cette cr\u00e8me pour le corps luxueusement riche de The Ritual of Ayurveda. Avec l\u2019ar\u00f4me d\u00e9licatement sucr\u00e9 de la rose indienne et les effets apaisants de l\u2019huile d\u2019amande douce, cette cr\u00e8me riche nourrit intens\u00e9ment la peau et la laisse magnifiquement douce. Cette cr\u00e8me nourrissante pour le corps avec [&hellip;]<\/p>\n","protected":false},"featured_media":4549,"comment_status":"open","ping_status":"closed","template":"","meta":{"content-type":"","_uag_custom_page_level_css":""},"pwb-brand":[],"product_brand":[],"product_cat":[322,328,332],"product_tag":[],"class_list":{"0":"post-4550","1":"product","2":"type-product","3":"status-publish","4":"has-post-thumbnail","6":"product_cat-corps-bain","7":"product_cat-nouveautes","8":"product_cat-rituals","10":"first","11":"instock","12":"sale","13":"shipping-taxable","14":"purchasable","15":"product-type-simple"},"aioseo_notices":[],"uagb_featured_image_src":{"full":["https:\/\/wavexia.com\/wp-content\/uploads\/2025\/10\/1116079-bodycream-70ml.webp",1000,1000,false],"thumbnail":["https:\/\/wavexia.com\/wp-content\/uploads\/2025\/10\/1116079-bodycream-70ml-150x150.webp",150,150,true],"medium":["https:\/\/wavexia.com\/wp-content\/uploads\/2025\/10\/1116079-bodycream-70ml-300x300.webp",300,300,true],"medium_large":["https:\/\/wavexia.com\/wp-content\/uploads\/2025\/10\/1116079-bodycream-70ml-768x768.webp",768,768,true],"large":["https:\/\/wavexia.com\/wp-content\/uploads\/2025\/10\/1116079-bodycream-70ml.webp",1000,1000,false],"1536x1536":["https:\/\/wavexia.com\/wp-content\/uploads\/2025\/10\/1116079-bodycream-70ml.webp",1000,1000,false],"2048x2048":["https:\/\/wavexia.com\/wp-content\/uploads\/2025\/10\/1116079-bodycream-70ml.webp",1000,1000,false],"woocommerce_archive_thumbnail":["https:\/\/wavexia.com\/wp-content\/uploads\/2025\/10\/1116079-bodycream-70ml-300x300.webp",300,300,true],"woocommerce_thumbnail":["https:\/\/wavexia.com\/wp-content\/uploads\/2025\/10\/1116079-bodycream-70ml-300x300.webp",300,300,true],"woocommerce_single":["https:\/\/wavexia.com\/wp-content\/uploads\/2025\/10\/1116079-bodycream-70ml-600x600.webp",600,600,true],"woocommerce_gallery_thumbnail":["https:\/\/wavexia.com\/wp-content\/uploads\/2025\/10\/1116079-bodycream-70ml-100x100.webp",100,100,true]},"uagb_author_info":{"display_name":"zineddine.ayoub98@gmail.com","author_link":"https:\/\/wavexia.com\/?author=0"},"uagb_comment_info":0,"uagb_excerpt":"Description Harmonisez le corps, l\u2019esprit et l\u2019\u00e2me avec cette cr\u00e8me pour le corps luxueusement riche de The Ritual of Ayurveda. Avec l\u2019ar\u00f4me d\u00e9licatement sucr\u00e9 de la rose indienne et les effets apaisants de l\u2019huile d\u2019amande douce, cette cr\u00e8me riche nourrit intens\u00e9ment la peau et la laisse magnifiquement douce. Cette cr\u00e8me nourrissante pour le corps avec&hellip;","brands":[],"_links":{"self":[{"href":"https:\/\/wavexia.com\/index.php?rest_route=\/wp\/v2\/product\/4550","targetHints":{"allow":["GET"]}}],"collection":[{"href":"https:\/\/wavexia.com\/index.php?rest_route=\/wp\/v2\/product"}],"about":[{"href":"https:\/\/wavexia.com\/index.php?rest_route=\/wp\/v2\/types\/product"}],"replies":[{"embeddable":true,"href":"https:\/\/wavexia.com\/index.php?rest_route=%2Fwp%2Fv2%2Fcomments&post=4550"}],"wp:featuredmedia":[{"embeddable":true,"href":"https:\/\/wavexia.com\/index.php?rest_route=\/wp\/v2\/media\/4549"}],"wp:attachment":[{"href":"https:\/\/wavexia.com\/index.php?rest_route=%2Fwp%2Fv2%2Fmedia&parent=4550"}],"wp:term":[{"taxonomy":"pwb-brand","embeddable":true,"href":"https:\/\/wavexia.com\/index.php?rest_route=%2Fwp%2Fv2%2Fpwb-brand&post=4550"},{"taxonomy":"product_brand","embeddable":true,"href":"https:\/\/wavexia.com\/index.php?rest_route=%2Fwp%2Fv2%2Fproduct_brand&post=4550"},{"taxonomy":"product_cat","embeddable":true,"href":"https:\/\/wavexia.com\/index.php?rest_route=%2Fwp%2Fv2%2Fproduct_cat&post=4550"},{"taxonomy":"product_tag","embeddable":true,"href":"https:\/\/wavexia.com\/index.php?rest_route=%2Fwp%2Fv2%2Fproduct_tag&post=4550"}],"curies":[{"name":"wp","href":"https:\/\/api.w.org\/{rel}","templated":true}]}}