{"id":4545,"date":"2025-10-19T09:07:57","date_gmt":"2025-10-19T09:07:57","guid":{"rendered":"https:\/\/wavexia.com\/product\/make-up-forever-hd-skin-face-essentials-palette-harmonie-3\/"},"modified":"2026-03-10T07:31:03","modified_gmt":"2026-03-10T07:31:03","slug":"make-up-forever-hd-skin-face-essentials-palette-harmonie-3","status":"publish","type":"product","link":"https:\/\/wavexia.com\/?product=make-up-forever-hd-skin-face-essentials-palette-harmonie-3","title":{"rendered":"MAKE UP FOREVER HD SKIN FACE ESSENTIALS PALETTE HARMONIE 3"},"content":{"rendered":"<h2>Description<\/h2>\n<p class=\"longdescription-subtitle\" role=\"heading\" aria-level=\"3\">DE LA PALETTE UHD FACE ESSENTIALS \u00c0 LA PALETTE HD SKIN FACE ESSENTIALS<\/p>\n<p class=\"longdescription-subdescription\">Notre \u00e9quipe de maquilleurs a remasteris\u00e9 la palette embl\u00e9matique UHD Face Essentials pour cr\u00e9er la nouvelle palette HD SKIN Face Essentials.<br \/>Nos 12 teintes sont modulables, l\u00e9g\u00e8res et se m\u00e9langent tr\u00e8s bien ensemble, elles ne sont pas du tout p\u00e2teuses.<\/p>\n<p class=\"longdescription-subtitle\" role=\"heading\" aria-level=\"3\">ROUTINE TEINT COMPLET DANS UNE SEULE PALETTE<\/p>\n<p class=\"longdescription-subdescription\">La palette HD SKIN Face Essentials vous offre tout ce qu\u2019il y a de mieux pour votre visage et vos joues. Elle est id\u00e9ale pour les voyages.<br \/>Avec cette palette, vous pourrez unifier et sculpter votre teint tout en r\u00e9chauffant vos joues !<\/p>\n<p class=\"longdescription-subtitle\" role=\"heading\" aria-level=\"3\">12 TEINTES COMPL\u00c9MENTAIRES<\/p>\n<p class=\"longdescription-subdescription\">Qu\u2019est-ce qui diff\u00e9rencie l\u2019ancienne palette UHD Face Essentials et de notre palette HD SKIN Face Essentials ?<br \/>Vous retrouverez dans ces nouvelles HD SKIN Face Essentials 6 fonds de teint cr\u00e8me, toujours 4 blushs ultra-naturels et nous avons ajout\u00e9 pour les amatrices de glow, 2 nouvelles teintes d\u2019highlighters. C\u2019est si simple \u00e0 utiliser !<br \/>Soyez cr\u00e9atif : estompez les couleurs pour cr\u00e9er de nouvelles nuances !<br \/>Les 12 teintes sont durables, imperm\u00e9ables, r\u00e9sistantes \u00e0 la transpiration et aux t\u00e2ches.<\/p>\n<p>L\u2019harmonie 3 est destin\u00e9e aux peaux bronz\u00e9es \u00e0 fonc\u00e9es :<br \/>Avec les teintes 2R38, 2N34, 4N62, 3R50, 4N80, 4R72 unifiez et modelez votre teint.<br \/>Avec les teintes 106 et 108 : mettez en valeur vos pommettes.<br \/>Avec les teintes 214, 312, 216 et 218 : r\u00e9chauffez vos joues.<\/p>\n","protected":false},"excerpt":{"rendered":"<p>Description DE LA PALETTE UHD FACE ESSENTIALS \u00c0 LA PALETTE HD SKIN FACE ESSENTIALS Notre \u00e9quipe de maquilleurs a remasteris\u00e9 la palette embl\u00e9matique UHD Face Essentials pour cr\u00e9er la nouvelle palette HD SKIN Face Essentials.Nos 12 teintes sont modulables, l\u00e9g\u00e8res et se m\u00e9langent tr\u00e8s bien ensemble, elles ne sont pas du tout p\u00e2teuses. ROUTINE TEINT [&hellip;]<\/p>\n","protected":false},"featured_media":4544,"comment_status":"open","ping_status":"closed","template":"","meta":{"content-type":"","_uag_custom_page_level_css":""},"pwb-brand":[],"product_brand":[],"product_cat":[331,435,360],"product_tag":[],"class_list":{"0":"post-4545","1":"product","2":"type-product","3":"status-publish","4":"has-post-thumbnail","6":"product_cat-idees-cadeaux","7":"product_cat-make-up-forever","8":"product_cat-maquillage","10":"first","11":"instock","12":"sale","13":"shipping-taxable","14":"purchasable","15":"product-type-simple"},"aioseo_notices":[],"uagb_featured_image_src":{"full":["https:\/\/wavexia.com\/wp-content\/uploads\/2025\/10\/PACKSHOT_HDSKINFACEESSENTIALSPALETTE24_HALFOPEN_H3_SHADOW.png",800,800,false],"thumbnail":["https:\/\/wavexia.com\/wp-content\/uploads\/2025\/10\/PACKSHOT_HDSKINFACEESSENTIALSPALETTE24_HALFOPEN_H3_SHADOW-150x150.png",150,150,true],"medium":["https:\/\/wavexia.com\/wp-content\/uploads\/2025\/10\/PACKSHOT_HDSKINFACEESSENTIALSPALETTE24_HALFOPEN_H3_SHADOW-300x300.png",300,300,true],"medium_large":["https:\/\/wavexia.com\/wp-content\/uploads\/2025\/10\/PACKSHOT_HDSKINFACEESSENTIALSPALETTE24_HALFOPEN_H3_SHADOW-768x768.png",768,768,true],"large":["https:\/\/wavexia.com\/wp-content\/uploads\/2025\/10\/PACKSHOT_HDSKINFACEESSENTIALSPALETTE24_HALFOPEN_H3_SHADOW.png",800,800,false],"1536x1536":["https:\/\/wavexia.com\/wp-content\/uploads\/2025\/10\/PACKSHOT_HDSKINFACEESSENTIALSPALETTE24_HALFOPEN_H3_SHADOW.png",800,800,false],"2048x2048":["https:\/\/wavexia.com\/wp-content\/uploads\/2025\/10\/PACKSHOT_HDSKINFACEESSENTIALSPALETTE24_HALFOPEN_H3_SHADOW.png",800,800,false],"woocommerce_archive_thumbnail":["https:\/\/wavexia.com\/wp-content\/uploads\/2025\/10\/PACKSHOT_HDSKINFACEESSENTIALSPALETTE24_HALFOPEN_H3_SHADOW-300x300.png",300,300,true],"woocommerce_thumbnail":["https:\/\/wavexia.com\/wp-content\/uploads\/2025\/10\/PACKSHOT_HDSKINFACEESSENTIALSPALETTE24_HALFOPEN_H3_SHADOW-300x300.png",300,300,true],"woocommerce_single":["https:\/\/wavexia.com\/wp-content\/uploads\/2025\/10\/PACKSHOT_HDSKINFACEESSENTIALSPALETTE24_HALFOPEN_H3_SHADOW-600x600.png",600,600,true],"woocommerce_gallery_thumbnail":["https:\/\/wavexia.com\/wp-content\/uploads\/2025\/10\/PACKSHOT_HDSKINFACEESSENTIALSPALETTE24_HALFOPEN_H3_SHADOW-100x100.png",100,100,true]},"uagb_author_info":{"display_name":"zineddine.ayoub98@gmail.com","author_link":"https:\/\/wavexia.com\/?author=0"},"uagb_comment_info":0,"uagb_excerpt":"Description DE LA PALETTE UHD FACE ESSENTIALS \u00c0 LA PALETTE HD SKIN FACE ESSENTIALS Notre \u00e9quipe de maquilleurs a remasteris\u00e9 la palette embl\u00e9matique UHD Face Essentials pour cr\u00e9er la nouvelle palette HD SKIN Face Essentials.Nos 12 teintes sont modulables, l\u00e9g\u00e8res et se m\u00e9langent tr\u00e8s bien ensemble, elles ne sont pas du tout p\u00e2teuses. ROUTINE TEINT&hellip;","brands":[],"_links":{"self":[{"href":"https:\/\/wavexia.com\/index.php?rest_route=\/wp\/v2\/product\/4545","targetHints":{"allow":["GET"]}}],"collection":[{"href":"https:\/\/wavexia.com\/index.php?rest_route=\/wp\/v2\/product"}],"about":[{"href":"https:\/\/wavexia.com\/index.php?rest_route=\/wp\/v2\/types\/product"}],"replies":[{"embeddable":true,"href":"https:\/\/wavexia.com\/index.php?rest_route=%2Fwp%2Fv2%2Fcomments&post=4545"}],"wp:featuredmedia":[{"embeddable":true,"href":"https:\/\/wavexia.com\/index.php?rest_route=\/wp\/v2\/media\/4544"}],"wp:attachment":[{"href":"https:\/\/wavexia.com\/index.php?rest_route=%2Fwp%2Fv2%2Fmedia&parent=4545"}],"wp:term":[{"taxonomy":"pwb-brand","embeddable":true,"href":"https:\/\/wavexia.com\/index.php?rest_route=%2Fwp%2Fv2%2Fpwb-brand&post=4545"},{"taxonomy":"product_brand","embeddable":true,"href":"https:\/\/wavexia.com\/index.php?rest_route=%2Fwp%2Fv2%2Fproduct_brand&post=4545"},{"taxonomy":"product_cat","embeddable":true,"href":"https:\/\/wavexia.com\/index.php?rest_route=%2Fwp%2Fv2%2Fproduct_cat&post=4545"},{"taxonomy":"product_tag","embeddable":true,"href":"https:\/\/wavexia.com\/index.php?rest_route=%2Fwp%2Fv2%2Fproduct_tag&post=4545"}],"curies":[{"name":"wp","href":"https:\/\/api.w.org\/{rel}","templated":true}]}}