{"id":4531,"date":"2025-10-19T09:07:39","date_gmt":"2025-10-19T09:07:39","guid":{"rendered":"https:\/\/wavexia.com\/product\/revlon-brosse-coiffante-revlon-multistyler-one-step-5-en-1\/"},"modified":"2026-03-10T07:31:03","modified_gmt":"2026-03-10T07:31:03","slug":"revlon-brosse-coiffante-revlon-multistyler-one-step-5-en-1","status":"publish","type":"product","link":"https:\/\/wavexia.com\/?product=revlon-brosse-coiffante-revlon-multistyler-one-step-5-en-1","title":{"rendered":"REVLON Brosse coiffante Revlon Multistyler One-Step 5-EN-1"},"content":{"rendered":"<h2>Description<\/h2>\n<p>S\u00e9chez, bouclez, lissez, donnez du volume et obtenez des styles de salon illimit\u00e9s sans ab\u00eemer vos cheveux.<\/p>\n<p>Obtenez des r\u00e9sultats professionnels gr\u00e2ce \u00e0 5 t\u00eates diff\u00e9rentes :<\/p>\n<ul>\n<li>Fer \u00e0 friser ventil\u00e9 360\u00b0 32 mm pour des boucles souples et brillantes<\/li>\n<li>Brosse Volumisante Ovale Originale 70mm pour un brushing volumineux<\/li>\n<li>Concentrateur de s\u00e9chage des racines pour pr\u00e9parer vos cheveux \u00e0 des r\u00e9sultats durables<\/li>\n<li>Brosse ronde de 38 mm pour du volume aux racines, des boucles douces et des ondulations<\/li>\n<li>Pinceau plat pour des looks \u00e9l\u00e9gants et doux.<\/li>\n<\/ul>\n<p>Polyvalence maximale pour tous les types de cheveux.<\/p>\n<p>S\u00e9chez, bouclez, lissez, fa\u00e7onnez et donnez du volume avec 5 accessoires de coiffage \u00e0 air comprim\u00e9 pour des styles de salon illimit\u00e9s<\/p>\n","protected":false},"excerpt":{"rendered":"<p>Description S\u00e9chez, bouclez, lissez, donnez du volume et obtenez des styles de salon illimit\u00e9s sans ab\u00eemer vos cheveux. Obtenez des r\u00e9sultats professionnels gr\u00e2ce \u00e0 5 t\u00eates diff\u00e9rentes : Fer \u00e0 friser ventil\u00e9 360\u00b0 32 mm pour des boucles souples et brillantes Brosse Volumisante Ovale Originale 70mm pour un brushing volumineux Concentrateur de s\u00e9chage des racines [&hellip;]<\/p>\n","protected":false},"featured_media":4530,"comment_status":"open","ping_status":"closed","template":"","meta":{"content-type":"","_uag_custom_page_level_css":""},"pwb-brand":[],"product_brand":[],"product_cat":[377,331,328,403],"product_tag":[],"class_list":{"0":"post-4531","1":"product","2":"type-product","3":"status-publish","4":"has-post-thumbnail","6":"product_cat-cheveux","7":"product_cat-idees-cadeaux","8":"product_cat-nouveautes","9":"product_cat-revlon","11":"first","12":"instock","13":"sale","14":"shipping-taxable","15":"purchasable","16":"product-type-simple"},"aioseo_notices":[],"uagb_featured_image_src":{"full":["https:\/\/wavexia.com\/wp-content\/uploads\/2025\/10\/rn-image_picker_lib_temp_103934a0-5b09-47a7-937c-46258fb4ec3b.webp",985,1000,false],"thumbnail":["https:\/\/wavexia.com\/wp-content\/uploads\/2025\/10\/rn-image_picker_lib_temp_103934a0-5b09-47a7-937c-46258fb4ec3b-150x150.webp",150,150,true],"medium":["https:\/\/wavexia.com\/wp-content\/uploads\/2025\/10\/rn-image_picker_lib_temp_103934a0-5b09-47a7-937c-46258fb4ec3b-296x300.webp",296,300,true],"medium_large":["https:\/\/wavexia.com\/wp-content\/uploads\/2025\/10\/rn-image_picker_lib_temp_103934a0-5b09-47a7-937c-46258fb4ec3b-768x780.webp",768,780,true],"large":["https:\/\/wavexia.com\/wp-content\/uploads\/2025\/10\/rn-image_picker_lib_temp_103934a0-5b09-47a7-937c-46258fb4ec3b.webp",985,1000,false],"1536x1536":["https:\/\/wavexia.com\/wp-content\/uploads\/2025\/10\/rn-image_picker_lib_temp_103934a0-5b09-47a7-937c-46258fb4ec3b.webp",985,1000,false],"2048x2048":["https:\/\/wavexia.com\/wp-content\/uploads\/2025\/10\/rn-image_picker_lib_temp_103934a0-5b09-47a7-937c-46258fb4ec3b.webp",985,1000,false],"woocommerce_archive_thumbnail":["https:\/\/wavexia.com\/wp-content\/uploads\/2025\/10\/rn-image_picker_lib_temp_103934a0-5b09-47a7-937c-46258fb4ec3b-300x305.webp",300,305,true],"woocommerce_thumbnail":["https:\/\/wavexia.com\/wp-content\/uploads\/2025\/10\/rn-image_picker_lib_temp_103934a0-5b09-47a7-937c-46258fb4ec3b-300x300.webp",300,300,true],"woocommerce_single":["https:\/\/wavexia.com\/wp-content\/uploads\/2025\/10\/rn-image_picker_lib_temp_103934a0-5b09-47a7-937c-46258fb4ec3b-600x609.webp",600,609,true],"woocommerce_gallery_thumbnail":["https:\/\/wavexia.com\/wp-content\/uploads\/2025\/10\/rn-image_picker_lib_temp_103934a0-5b09-47a7-937c-46258fb4ec3b-100x100.webp",100,100,true]},"uagb_author_info":{"display_name":"zineddine.ayoub98@gmail.com","author_link":"https:\/\/wavexia.com\/?author=0"},"uagb_comment_info":0,"uagb_excerpt":"Description S\u00e9chez, bouclez, lissez, donnez du volume et obtenez des styles de salon illimit\u00e9s sans ab\u00eemer vos cheveux. Obtenez des r\u00e9sultats professionnels gr\u00e2ce \u00e0 5 t\u00eates diff\u00e9rentes : Fer \u00e0 friser ventil\u00e9 360\u00b0 32 mm pour des boucles souples et brillantes Brosse Volumisante Ovale Originale 70mm pour un brushing volumineux Concentrateur de s\u00e9chage des racines&hellip;","brands":[],"_links":{"self":[{"href":"https:\/\/wavexia.com\/index.php?rest_route=\/wp\/v2\/product\/4531","targetHints":{"allow":["GET"]}}],"collection":[{"href":"https:\/\/wavexia.com\/index.php?rest_route=\/wp\/v2\/product"}],"about":[{"href":"https:\/\/wavexia.com\/index.php?rest_route=\/wp\/v2\/types\/product"}],"replies":[{"embeddable":true,"href":"https:\/\/wavexia.com\/index.php?rest_route=%2Fwp%2Fv2%2Fcomments&post=4531"}],"wp:featuredmedia":[{"embeddable":true,"href":"https:\/\/wavexia.com\/index.php?rest_route=\/wp\/v2\/media\/4530"}],"wp:attachment":[{"href":"https:\/\/wavexia.com\/index.php?rest_route=%2Fwp%2Fv2%2Fmedia&parent=4531"}],"wp:term":[{"taxonomy":"pwb-brand","embeddable":true,"href":"https:\/\/wavexia.com\/index.php?rest_route=%2Fwp%2Fv2%2Fpwb-brand&post=4531"},{"taxonomy":"product_brand","embeddable":true,"href":"https:\/\/wavexia.com\/index.php?rest_route=%2Fwp%2Fv2%2Fproduct_brand&post=4531"},{"taxonomy":"product_cat","embeddable":true,"href":"https:\/\/wavexia.com\/index.php?rest_route=%2Fwp%2Fv2%2Fproduct_cat&post=4531"},{"taxonomy":"product_tag","embeddable":true,"href":"https:\/\/wavexia.com\/index.php?rest_route=%2Fwp%2Fv2%2Fproduct_tag&post=4531"}],"curies":[{"name":"wp","href":"https:\/\/api.w.org\/{rel}","templated":true}]}}