{"id":4528,"date":"2025-10-19T09:07:37","date_gmt":"2025-10-19T09:07:37","guid":{"rendered":"https:\/\/wavexia.com\/product\/elie-saab-le-parfum-coffret-50-ml-75-ml\/"},"modified":"2026-03-10T07:31:03","modified_gmt":"2026-03-10T07:31:03","slug":"elie-saab-le-parfum-coffret-50-ml-75-ml","status":"publish","type":"product","link":"https:\/\/wavexia.com\/?product=elie-saab-le-parfum-coffret-50-ml-75-ml","title":{"rendered":"ELIE SAAB LE PARFUM COFFRET 50 ML + 75 ML"},"content":{"rendered":"<h2>Description<\/h2>\n<h5 class=\"prodf-titre\">ELIE SAAB Coffret Le Parfum : Eau de parfum 50 ml + Cr\u00e8me mains 75 ml<\/h5>\n<p>D\u00e9couvrez le monde extraordinaire d\u2019ELIE SAAB, accompagn\u00e9 d\u2019un cadeau Le Parfum orn\u00e9 d\u2019un monogramme en ton sur ton et inspir\u00e9 par la lumi\u00e8re des cr\u00e9ations Elie Saab. Id\u00e9e cadeau aussi g\u00e9n\u00e9reuse que raffin\u00e9e, cet \u00e9crin renferme la signature iconique ELIE SAAB Le Parfum, un bouquet floral contrast\u00e9 par des bois ambr\u00e9s et lumineux. Fragrance iconique de la Maison, ELIE SAAB Le Parfum est une invitation \u00e0 la f\u00e9minit\u00e9 et au r\u00eave.<\/p>\n<p>Un floral chypr\u00e9 solaire qui ouvre les portes de l\u2019univers du couturier libanais et propose une nouvelle mani\u00e8re de porter l\u2019exceptionnel. Famille olfactive : Floral chypr\u00e9 Notes de t\u00eate : Fleurs d\u2019oranger Notes de c\u0153ur : Absolu de Jasmin associ\u00e9 au Miel de Rose Notes de fond&nbsp; Accord Bois de C\u00e8dre entrem\u00eal\u00e9 au C\u0153ur de Patchouli<\/p>\n","protected":false},"excerpt":{"rendered":"<p>Description ELIE SAAB Coffret Le Parfum : Eau de parfum 50 ml + Cr\u00e8me mains 75 ml D\u00e9couvrez le monde extraordinaire d\u2019ELIE SAAB, accompagn\u00e9 d\u2019un cadeau Le Parfum orn\u00e9 d\u2019un monogramme en ton sur ton et inspir\u00e9 par la lumi\u00e8re des cr\u00e9ations Elie Saab. Id\u00e9e cadeau aussi g\u00e9n\u00e9reuse que raffin\u00e9e, cet \u00e9crin renferme la signature [&hellip;]<\/p>\n","protected":false},"featured_media":4527,"comment_status":"open","ping_status":"closed","template":"","meta":{"content-type":"","_uag_custom_page_level_css":""},"pwb-brand":[],"product_brand":[],"product_cat":[331,328,397],"product_tag":[],"class_list":{"0":"post-4528","1":"product","2":"type-product","3":"status-publish","4":"has-post-thumbnail","6":"product_cat-idees-cadeaux","7":"product_cat-nouveautes","8":"product_cat-parfums","10":"first","11":"instock","12":"shipping-taxable","13":"purchasable","14":"product-type-simple"},"aioseo_notices":[],"uagb_featured_image_src":{"full":["https:\/\/wavexia.com\/wp-content\/uploads\/2025\/10\/elie-saab-coffret-le-parfum-eau-de-parfum-50-ml-creme-mains-75-ml-1705922990_0x350.webp",485,350,false],"thumbnail":["https:\/\/wavexia.com\/wp-content\/uploads\/2025\/10\/elie-saab-coffret-le-parfum-eau-de-parfum-50-ml-creme-mains-75-ml-1705922990_0x350-150x150.webp",150,150,true],"medium":["https:\/\/wavexia.com\/wp-content\/uploads\/2025\/10\/elie-saab-coffret-le-parfum-eau-de-parfum-50-ml-creme-mains-75-ml-1705922990_0x350-300x216.webp",300,216,true],"medium_large":["https:\/\/wavexia.com\/wp-content\/uploads\/2025\/10\/elie-saab-coffret-le-parfum-eau-de-parfum-50-ml-creme-mains-75-ml-1705922990_0x350.webp",485,350,false],"large":["https:\/\/wavexia.com\/wp-content\/uploads\/2025\/10\/elie-saab-coffret-le-parfum-eau-de-parfum-50-ml-creme-mains-75-ml-1705922990_0x350.webp",485,350,false],"1536x1536":["https:\/\/wavexia.com\/wp-content\/uploads\/2025\/10\/elie-saab-coffret-le-parfum-eau-de-parfum-50-ml-creme-mains-75-ml-1705922990_0x350.webp",485,350,false],"2048x2048":["https:\/\/wavexia.com\/wp-content\/uploads\/2025\/10\/elie-saab-coffret-le-parfum-eau-de-parfum-50-ml-creme-mains-75-ml-1705922990_0x350.webp",485,350,false],"woocommerce_archive_thumbnail":["https:\/\/wavexia.com\/wp-content\/uploads\/2025\/10\/elie-saab-coffret-le-parfum-eau-de-parfum-50-ml-creme-mains-75-ml-1705922990_0x350-300x216.webp",300,216,true],"woocommerce_thumbnail":["https:\/\/wavexia.com\/wp-content\/uploads\/2025\/10\/elie-saab-coffret-le-parfum-eau-de-parfum-50-ml-creme-mains-75-ml-1705922990_0x350-300x300.webp",300,300,true],"woocommerce_single":["https:\/\/wavexia.com\/wp-content\/uploads\/2025\/10\/elie-saab-coffret-le-parfum-eau-de-parfum-50-ml-creme-mains-75-ml-1705922990_0x350.webp",485,350,false],"woocommerce_gallery_thumbnail":["https:\/\/wavexia.com\/wp-content\/uploads\/2025\/10\/elie-saab-coffret-le-parfum-eau-de-parfum-50-ml-creme-mains-75-ml-1705922990_0x350-100x100.webp",100,100,true]},"uagb_author_info":{"display_name":"zineddine.ayoub98@gmail.com","author_link":"https:\/\/wavexia.com\/?author=0"},"uagb_comment_info":0,"uagb_excerpt":"Description ELIE SAAB Coffret Le Parfum : Eau de parfum 50 ml + Cr\u00e8me mains 75 ml D\u00e9couvrez le monde extraordinaire d\u2019ELIE SAAB, accompagn\u00e9 d\u2019un cadeau Le Parfum orn\u00e9 d\u2019un monogramme en ton sur ton et inspir\u00e9 par la lumi\u00e8re des cr\u00e9ations Elie Saab. Id\u00e9e cadeau aussi g\u00e9n\u00e9reuse que raffin\u00e9e, cet \u00e9crin renferme la signature&hellip;","brands":[],"_links":{"self":[{"href":"https:\/\/wavexia.com\/index.php?rest_route=\/wp\/v2\/product\/4528","targetHints":{"allow":["GET"]}}],"collection":[{"href":"https:\/\/wavexia.com\/index.php?rest_route=\/wp\/v2\/product"}],"about":[{"href":"https:\/\/wavexia.com\/index.php?rest_route=\/wp\/v2\/types\/product"}],"replies":[{"embeddable":true,"href":"https:\/\/wavexia.com\/index.php?rest_route=%2Fwp%2Fv2%2Fcomments&post=4528"}],"wp:featuredmedia":[{"embeddable":true,"href":"https:\/\/wavexia.com\/index.php?rest_route=\/wp\/v2\/media\/4527"}],"wp:attachment":[{"href":"https:\/\/wavexia.com\/index.php?rest_route=%2Fwp%2Fv2%2Fmedia&parent=4528"}],"wp:term":[{"taxonomy":"pwb-brand","embeddable":true,"href":"https:\/\/wavexia.com\/index.php?rest_route=%2Fwp%2Fv2%2Fpwb-brand&post=4528"},{"taxonomy":"product_brand","embeddable":true,"href":"https:\/\/wavexia.com\/index.php?rest_route=%2Fwp%2Fv2%2Fproduct_brand&post=4528"},{"taxonomy":"product_cat","embeddable":true,"href":"https:\/\/wavexia.com\/index.php?rest_route=%2Fwp%2Fv2%2Fproduct_cat&post=4528"},{"taxonomy":"product_tag","embeddable":true,"href":"https:\/\/wavexia.com\/index.php?rest_route=%2Fwp%2Fv2%2Fproduct_tag&post=4528"}],"curies":[{"name":"wp","href":"https:\/\/api.w.org\/{rel}","templated":true}]}}