{"id":4525,"date":"2025-10-19T09:07:35","date_gmt":"2025-10-19T09:07:35","guid":{"rendered":"https:\/\/wavexia.com\/product\/rituals-the-ritual-of-karma-coffret-voyage\/"},"modified":"2026-03-10T07:31:03","modified_gmt":"2026-03-10T07:31:03","slug":"rituals-the-ritual-of-karma-coffret-voyage","status":"publish","type":"product","link":"https:\/\/wavexia.com\/?product=rituals-the-ritual-of-karma-coffret-voyage","title":{"rendered":"RITUALS The ritual of Karma \u2013 Coffret voyage"},"content":{"rendered":"<h2>Description<\/h2>\n<div>\n<div class=\"fp-avis-style\">\n<div id=\"fp-avis-style-accordion\" class=\"accordion fp-avis-style-accordion\">\n<div class=\"accordion-item\">\n<div id=\"fp-avis-style-body\" class=\"accordion-collapse collapse show\" aria-labelledby=\"avis-style\" data-bs-toggle=\"true\" data-bs-parent=\"#fp-avis-style-accordion\">\n<div class=\"accordion-body\">\n<p class=\"init-size-md small-size-3\">Sign\u00e9 Rituals, le coffret de voyage The ritual of Karma sera le cadeau pour un proche ou pour vous. Il contient une mousse de douche, un gommage pour le corps et une cr\u00e8me pour le corps, \u00e0 la senteur douce de th\u00e9 blanc et de fleur de lotus. Pratique \u00e0 ranger dans tous vos sacs ou valises.<\/p>\n<p>&nbsp;<\/p>\n<\/div>\n<\/div>\n<\/div>\n<\/div>\n<\/div>\n<div>\n<div class=\"fp-details\">\n<div id=\"fp-details-accordion-0\" class=\"accordion fp-details-accordion\">\n<div class=\"accordion-item active\">\n<div class=\"accordion-header\"><button class=\"accordion-button init-size large-size-lg-2 large-size-xl-4\" type=\"button\" data-bs-toggle=\"collapse\" data-bs-target=\"#fp-details-body-item_le_plus\" aria-controls=\"fp-details-body-item_le_plus\" aria-expanded=\"true\">CONSEILS D\u2019UTILISATION<\/button><\/div>\n<div id=\"fp-details-body-item_le_plus\" class=\"accordion-collapse collapse show\" aria-labelledby=\"fp-details\" data-bs-toggle=\"true\" data-bs-parent=\"#fp-details-accordion-item_le_plus\">\n<div class=\"accordion-body\">\n<ul class=\"card-body fp-details--card-body small-size-3 init-size-md\">\n<li class=\"item_le_plus\">Appliquez le gommage sur la peau humide et exercez des mouvements de massage circulaires sur tout le corps. Utilisez une noisette de gel et laissez-la se transformer au contact de l\u2019eau en une mousse onctueuse et apaisante qui nettoie votre peau. Appliquez quotidiennement la cr\u00e8me pour le corps sur la peau en massant tout votre corps.<\/li>\n<\/ul>\n<\/div>\n<\/div>\n<\/div>\n<\/div>\n<\/div>\n<\/div>\n<\/div>\n","protected":false},"excerpt":{"rendered":"<p>Description Sign\u00e9 Rituals, le coffret de voyage The ritual of Karma sera le cadeau pour un proche ou pour vous. Il contient une mousse de douche, un gommage pour le corps et une cr\u00e8me pour le corps, \u00e0 la senteur douce de th\u00e9 blanc et de fleur de lotus. Pratique \u00e0 ranger dans tous vos [&hellip;]<\/p>\n","protected":false},"featured_media":4524,"comment_status":"open","ping_status":"closed","template":"","meta":{"content-type":"","_uag_custom_page_level_css":""},"pwb-brand":[],"product_brand":[],"product_cat":[322,331,332],"product_tag":[],"class_list":{"0":"post-4525","1":"product","2":"type-product","3":"status-publish","4":"has-post-thumbnail","6":"product_cat-corps-bain","7":"product_cat-idees-cadeaux","8":"product_cat-rituals","10":"first","11":"instock","12":"shipping-taxable","13":"purchasable","14":"product-type-simple"},"aioseo_notices":[],"uagb_featured_image_src":{"full":["https:\/\/wavexia.com\/wp-content\/uploads\/2025\/10\/IMG_1759.jpeg",571,782,false],"thumbnail":["https:\/\/wavexia.com\/wp-content\/uploads\/2025\/10\/IMG_1759-150x150.jpeg",150,150,true],"medium":["https:\/\/wavexia.com\/wp-content\/uploads\/2025\/10\/IMG_1759-219x300.jpeg",219,300,true],"medium_large":["https:\/\/wavexia.com\/wp-content\/uploads\/2025\/10\/IMG_1759.jpeg",571,782,false],"large":["https:\/\/wavexia.com\/wp-content\/uploads\/2025\/10\/IMG_1759.jpeg",571,782,false],"1536x1536":["https:\/\/wavexia.com\/wp-content\/uploads\/2025\/10\/IMG_1759.jpeg",571,782,false],"2048x2048":["https:\/\/wavexia.com\/wp-content\/uploads\/2025\/10\/IMG_1759.jpeg",571,782,false],"woocommerce_archive_thumbnail":["https:\/\/wavexia.com\/wp-content\/uploads\/2025\/10\/IMG_1759-300x411.jpeg",300,411,true],"woocommerce_thumbnail":["https:\/\/wavexia.com\/wp-content\/uploads\/2025\/10\/IMG_1759-300x300.jpeg",300,300,true],"woocommerce_single":["https:\/\/wavexia.com\/wp-content\/uploads\/2025\/10\/IMG_1759.jpeg",571,782,false],"woocommerce_gallery_thumbnail":["https:\/\/wavexia.com\/wp-content\/uploads\/2025\/10\/IMG_1759-100x100.jpeg",100,100,true]},"uagb_author_info":{"display_name":"zineddine.ayoub98@gmail.com","author_link":"https:\/\/wavexia.com\/?author=0"},"uagb_comment_info":0,"uagb_excerpt":"Description Sign\u00e9 Rituals, le coffret de voyage The ritual of Karma sera le cadeau pour un proche ou pour vous. Il contient une mousse de douche, un gommage pour le corps et une cr\u00e8me pour le corps, \u00e0 la senteur douce de th\u00e9 blanc et de fleur de lotus. Pratique \u00e0 ranger dans tous vos&hellip;","brands":[],"_links":{"self":[{"href":"https:\/\/wavexia.com\/index.php?rest_route=\/wp\/v2\/product\/4525","targetHints":{"allow":["GET"]}}],"collection":[{"href":"https:\/\/wavexia.com\/index.php?rest_route=\/wp\/v2\/product"}],"about":[{"href":"https:\/\/wavexia.com\/index.php?rest_route=\/wp\/v2\/types\/product"}],"replies":[{"embeddable":true,"href":"https:\/\/wavexia.com\/index.php?rest_route=%2Fwp%2Fv2%2Fcomments&post=4525"}],"wp:featuredmedia":[{"embeddable":true,"href":"https:\/\/wavexia.com\/index.php?rest_route=\/wp\/v2\/media\/4524"}],"wp:attachment":[{"href":"https:\/\/wavexia.com\/index.php?rest_route=%2Fwp%2Fv2%2Fmedia&parent=4525"}],"wp:term":[{"taxonomy":"pwb-brand","embeddable":true,"href":"https:\/\/wavexia.com\/index.php?rest_route=%2Fwp%2Fv2%2Fpwb-brand&post=4525"},{"taxonomy":"product_brand","embeddable":true,"href":"https:\/\/wavexia.com\/index.php?rest_route=%2Fwp%2Fv2%2Fproduct_brand&post=4525"},{"taxonomy":"product_cat","embeddable":true,"href":"https:\/\/wavexia.com\/index.php?rest_route=%2Fwp%2Fv2%2Fproduct_cat&post=4525"},{"taxonomy":"product_tag","embeddable":true,"href":"https:\/\/wavexia.com\/index.php?rest_route=%2Fwp%2Fv2%2Fproduct_tag&post=4525"}],"curies":[{"name":"wp","href":"https:\/\/api.w.org\/{rel}","templated":true}]}}