{"id":4521,"date":"2025-10-19T09:07:33","date_gmt":"2025-10-19T09:07:33","guid":{"rendered":"https:\/\/wavexia.com\/product\/skin1004-madagascar-centella-probio-cica-essence-toner-210ml\/"},"modified":"2026-03-10T07:31:03","modified_gmt":"2026-03-10T07:31:03","slug":"skin1004-madagascar-centella-probio-cica-essence-toner-210ml","status":"publish","type":"product","link":"https:\/\/wavexia.com\/?product=skin1004-madagascar-centella-probio-cica-essence-toner-210ml","title":{"rendered":"SKIN1004 Madagascar Centella Probio-Cica Essence Toner 210ml"},"content":{"rendered":"<h2>Description<\/h2>\n<p>Le SKIN1004 Madagascar Centella Probio-Cica Essence Toner est un tonique doux qui adoucit et hydrate la peau. Gr\u00e2ce \u00e0 des ingr\u00e9dients soigneusement s\u00e9lectionn\u00e9s, tels que l\u2019extrait cicatrisant de centella asiatica et le cica probiotique v\u00e9g\u00e9talien, non seulement une couche protectrice est form\u00e9e, mais votre barri\u00e8re cutan\u00e9e est \u00e9galement restaur\u00e9e et la perte d\u2019humidit\u00e9 est \u00e9vit\u00e9e.<\/p>\n<p>Cette essence tonique est infus\u00e9e d\u2019amour et exempte de parfums et de colorants artificiels, ce qui la rend adapt\u00e9e \u00e0 tous les types de peau, y compris les peaux les plus sensibles. Laissez votre peau profiter des bienfaits de la centella asiatica, qui est non seulement anti-inflammatoire mais stimule \u00e9galement la production naturelle d\u2019acide hyaluronique et agit comme un puissant antioxydant.<\/p>\n<p>Ajoutez du panth\u00e9nol, une provitamine aux propri\u00e9t\u00e9s hydratantes et hydratantes, qui a \u00e9galement un effet anti-inflammatoire et protecteur pour pr\u00e9venir les irritations. Et n\u2019oublions pas l\u2019acide mad\u00e9cassique, composant essentiel de la centella asiatica aux propri\u00e9t\u00e9s cicatrisantes, apaisantes et antioxydantes.<\/p>\n<p>Vous ne pouvez vraiment pas manquer cette essence tonique dans votre routine de soins car avec les bons soins, chaque jour est une f\u00eate pour votre peau.<\/p>\n<p><strong>Ce tonique essence :<\/strong><\/p>\n<ul>\n<li>formule douce<\/li>\n<li>adoucit et hydrate<\/li>\n<li>r\u00e9pare et prot\u00e8ge la peau<\/li>\n<li>emp\u00eache la perte d\u2019humidit\u00e9<\/li>\n<li>convient \u00e9galement aux peaux les plus sensibles<\/li>\n<li>stimule la production d\u2019acide hyaluronique<\/li>\n<li>propri\u00e9t\u00e9s anti-inflammatoires<\/li>\n<li>doit avoir<\/li>\n<li>sans parfum<\/li>\n<\/ul>\n<p><strong>Comment utiliser:<\/strong><\/p>\n<ul>\n<li>Assurez-vous que votre peau est propre et s\u00e8che.<\/li>\n<li>Appliquez une quantit\u00e9 g\u00e9n\u00e9reuse du bout des doigts.<\/li>\n<li>R\u00e9partir uniform\u00e9ment sur le visage jusqu\u2019\u00e0 absorption compl\u00e8te.<\/li>\n<\/ul>\n<p><strong>Ingr\u00e9dients:<\/strong><br \/>Centella Asiatica Extract, Water, Butylene Glycol, Glycerin, Polypropanediol, Lactobacillus\/Centella Asiatica Extract Ferment Filtrate, Polyglyceryl-10 Laurate, Potassium Acrylates\/C10-30 Alkyl Acrylate Crosspolymer, Trehalose, Panthenol, Ethylhexylglycerin, Sodium Citrate, Xanthan Gum, Tromethamine, Dipotassium Glycyrrhizate, Caprylic\/Capric Triglyceride, Sodium Phytate, Citric Acid, Hydrogenated Lecithin, Polyglyceryl-10 Myristate, Ceramide NP, Sodium Hyaluronate Crosspolymer, Sucrose Distearate, Madecassic Acid, Asiaticoside, Hydrolyzed Glycosaminoglycans, Lauric Acid, Asiatic Acid, Phytosterols, Sodium Hyaluronate , Betaine, Hydroxystearic Acid, Benzyl Glycol, Hydrolyzed Hyaluronic Acid, Macadamia Ternifolia Seed Oil, Hyaluronic Acid, Raspberry Ketone, Phytosphingosine<\/p>\n<p><strong>Contenu :<\/strong>&nbsp;210 ml.<\/p>\n","protected":false},"excerpt":{"rendered":"<p>Description Le SKIN1004 Madagascar Centella Probio-Cica Essence Toner est un tonique doux qui adoucit et hydrate la peau. Gr\u00e2ce \u00e0 des ingr\u00e9dients soigneusement s\u00e9lectionn\u00e9s, tels que l\u2019extrait cicatrisant de centella asiatica et le cica probiotique v\u00e9g\u00e9talien, non seulement une couche protectrice est form\u00e9e, mais votre barri\u00e8re cutan\u00e9e est \u00e9galement restaur\u00e9e et la perte d\u2019humidit\u00e9 est [&hellip;]<\/p>\n","protected":false},"featured_media":4520,"comment_status":"open","ping_status":"closed","template":"","meta":{"content-type":"","_uag_custom_page_level_css":""},"pwb-brand":[],"product_brand":[],"product_cat":[334,350,345],"product_tag":[],"class_list":{"0":"post-4521","1":"product","2":"type-product","3":"status-publish","4":"has-post-thumbnail","6":"product_cat-produits-coreens","7":"product_cat-skin1004","8":"product_cat-toner-pads","10":"first","11":"instock","12":"sale","13":"shipping-taxable","14":"purchasable","15":"product-type-simple"},"aioseo_notices":[],"uagb_featured_image_src":{"full":["https:\/\/wavexia.com\/wp-content\/uploads\/2025\/10\/Product-page-sizes_1a077846-7eed-4aed-9bbc-399fec9f923f.webp",800,800,false],"thumbnail":["https:\/\/wavexia.com\/wp-content\/uploads\/2025\/10\/Product-page-sizes_1a077846-7eed-4aed-9bbc-399fec9f923f-150x150.webp",150,150,true],"medium":["https:\/\/wavexia.com\/wp-content\/uploads\/2025\/10\/Product-page-sizes_1a077846-7eed-4aed-9bbc-399fec9f923f-300x300.webp",300,300,true],"medium_large":["https:\/\/wavexia.com\/wp-content\/uploads\/2025\/10\/Product-page-sizes_1a077846-7eed-4aed-9bbc-399fec9f923f-768x768.webp",768,768,true],"large":["https:\/\/wavexia.com\/wp-content\/uploads\/2025\/10\/Product-page-sizes_1a077846-7eed-4aed-9bbc-399fec9f923f.webp",800,800,false],"1536x1536":["https:\/\/wavexia.com\/wp-content\/uploads\/2025\/10\/Product-page-sizes_1a077846-7eed-4aed-9bbc-399fec9f923f.webp",800,800,false],"2048x2048":["https:\/\/wavexia.com\/wp-content\/uploads\/2025\/10\/Product-page-sizes_1a077846-7eed-4aed-9bbc-399fec9f923f.webp",800,800,false],"woocommerce_archive_thumbnail":["https:\/\/wavexia.com\/wp-content\/uploads\/2025\/10\/Product-page-sizes_1a077846-7eed-4aed-9bbc-399fec9f923f-300x300.webp",300,300,true],"woocommerce_thumbnail":["https:\/\/wavexia.com\/wp-content\/uploads\/2025\/10\/Product-page-sizes_1a077846-7eed-4aed-9bbc-399fec9f923f-300x300.webp",300,300,true],"woocommerce_single":["https:\/\/wavexia.com\/wp-content\/uploads\/2025\/10\/Product-page-sizes_1a077846-7eed-4aed-9bbc-399fec9f923f-600x600.webp",600,600,true],"woocommerce_gallery_thumbnail":["https:\/\/wavexia.com\/wp-content\/uploads\/2025\/10\/Product-page-sizes_1a077846-7eed-4aed-9bbc-399fec9f923f-100x100.webp",100,100,true]},"uagb_author_info":{"display_name":"zineddine.ayoub98@gmail.com","author_link":"https:\/\/wavexia.com\/?author=0"},"uagb_comment_info":0,"uagb_excerpt":"Description Le SKIN1004 Madagascar Centella Probio-Cica Essence Toner est un tonique doux qui adoucit et hydrate la peau. Gr\u00e2ce \u00e0 des ingr\u00e9dients soigneusement s\u00e9lectionn\u00e9s, tels que l\u2019extrait cicatrisant de centella asiatica et le cica probiotique v\u00e9g\u00e9talien, non seulement une couche protectrice est form\u00e9e, mais votre barri\u00e8re cutan\u00e9e est \u00e9galement restaur\u00e9e et la perte d\u2019humidit\u00e9 est&hellip;","brands":[],"_links":{"self":[{"href":"https:\/\/wavexia.com\/index.php?rest_route=\/wp\/v2\/product\/4521","targetHints":{"allow":["GET"]}}],"collection":[{"href":"https:\/\/wavexia.com\/index.php?rest_route=\/wp\/v2\/product"}],"about":[{"href":"https:\/\/wavexia.com\/index.php?rest_route=\/wp\/v2\/types\/product"}],"replies":[{"embeddable":true,"href":"https:\/\/wavexia.com\/index.php?rest_route=%2Fwp%2Fv2%2Fcomments&post=4521"}],"wp:featuredmedia":[{"embeddable":true,"href":"https:\/\/wavexia.com\/index.php?rest_route=\/wp\/v2\/media\/4520"}],"wp:attachment":[{"href":"https:\/\/wavexia.com\/index.php?rest_route=%2Fwp%2Fv2%2Fmedia&parent=4521"}],"wp:term":[{"taxonomy":"pwb-brand","embeddable":true,"href":"https:\/\/wavexia.com\/index.php?rest_route=%2Fwp%2Fv2%2Fpwb-brand&post=4521"},{"taxonomy":"product_brand","embeddable":true,"href":"https:\/\/wavexia.com\/index.php?rest_route=%2Fwp%2Fv2%2Fproduct_brand&post=4521"},{"taxonomy":"product_cat","embeddable":true,"href":"https:\/\/wavexia.com\/index.php?rest_route=%2Fwp%2Fv2%2Fproduct_cat&post=4521"},{"taxonomy":"product_tag","embeddable":true,"href":"https:\/\/wavexia.com\/index.php?rest_route=%2Fwp%2Fv2%2Fproduct_tag&post=4521"}],"curies":[{"name":"wp","href":"https:\/\/api.w.org\/{rel}","templated":true}]}}